{"id":4175,"date":"2023-12-05T15:36:38","date_gmt":"2023-12-05T15:36:38","guid":{"rendered":"https:\/\/comprehensiveliquor.com\/?post_type=product&#038;p=4175"},"modified":"2023-12-05T15:36:38","modified_gmt":"2023-12-05T15:36:38","slug":"jim-beam-vanilla-kentucky-straight-bourbon-whisky","status":"publish","type":"product","link":"https:\/\/comprehensiveliquor.com\/hu\/product\/jim-beam-vanilla-kentucky-straight-bourbon-whisky\/","title":{"rendered":"Jim Beam Vanilla Kentucky Straight Bourbon Whisky"},"content":{"rendered":"<h2>Jim Beam Vanilla Kentucky Straight Bourbon Whiskey<\/h2>\n<p>A Jim Beam leg\u00fajabb \u00edzeinek egyike, a Jim Beam Vanilla a Madagaszk\u00e1ri Bourbon Vanilla Bean term\u00e9szetes \u00edz\u00e9t \u00f6tv\u00f6zi az eredeti Kentucky Straight Bourbon Whiskey-vel. Az eredm\u00e9ny a gazdag, testes van\u00edlia \u00e9s a finom t\u00f6lgyes jegyek t\u00f6k\u00e9letes egyens\u00falya, mindezt a bourbon m\u00e9ly, karamell\u00e1s jegyei eg\u00e9sz\u00edtik ki.<\/p>\n<p>&nbsp;<\/p>\n<h2 style=\"color: #252525;\">K\u00f3stol\u00f3 jegyzetek<\/h2>\n<p style=\"color: #252525;\">Illat: \u00e9des van\u00edlia, enyhe bourbon be\u00fct\u00e9ssel.<\/p>\n<p style=\"color: #252525;\">\u00cdz: gazdag bourbon, majd kr\u00e9mes, term\u00e9szetes van\u00edlia \u00e9s finom t\u00f6lgyes jegyek.<\/p>\n<p style=\"color: #252525;\">Lecseng\u00e9s: Nagyon sima \u00e9s kellemes.<\/p>\n<p>&nbsp;<\/p>\n<h4>Attrib\u00fatumok<\/h4>\n<table>\n<tbody>\n<tr>\n<td><strong>Kateg\u00f3ria<\/strong><\/td>\n<td><a href=\"https:\/\/comprehensiveliquor.com\/hu\/product-category\/bourbon-whiskey\/\">Bourbon Whiskey<\/a><\/td>\n<\/tr>\n<tr>\n<td><strong>M\u00e1rka<\/strong><\/td>\n<td><a title=\"jimbeam\" href=\"https:\/\/www.jimbeam.com\/en\" target=\"_blank\" rel=\"noopener\"><span class=\"selectable-text copyable-text\">Jim Beam<\/span><\/a><\/td>\n<\/tr>\n<tr>\n<td><strong>Country<\/strong><\/td>\n<td>America<\/td>\n<\/tr>\n<tr>\n<td><strong>ABV<\/strong><\/td>\n<td><span class=\"selectable-text copyable-text\">32.5%<\/span><\/td>\n<\/tr>\n<\/tbody>\n<\/table>","protected":false},"excerpt":{"rendered":"<p>Jim Beam Vanilla Kentucky Straight Bourbon Whiskey Part of Jim Beam\u2019s newest flavors, Jim Beam Vanilla combines the natural flavor of Madagascar Bourbon Vanilla Bean with the original Kentucky Straight Bourbon Whiskey. The result is the perfect balance of rich, full-bodied vanilla with subtle hints of oak, all complemented by the deep, caramel notes of [&hellip;]<\/p>\n","protected":false},"featured_media":4176,"comment_status":"closed","ping_status":"closed","template":"","meta":{"site-sidebar-layout":"default","site-content-layout":"","ast-site-content-layout":"default","site-content-style":"default","site-sidebar-style":"default","ast-global-header-display":"","ast-banner-title-visibility":"","ast-main-header-display":"","ast-hfb-above-header-display":"","ast-hfb-below-header-display":"","ast-hfb-mobile-header-display":"","site-post-title":"","ast-breadcrumbs-content":"","ast-featured-img":"","footer-sml-layout":"","ast-disable-related-posts":"","theme-transparent-header-meta":"default","adv-header-id-meta":"","stick-header-meta":"","header-above-stick-meta":"","header-main-stick-meta":"","header-below-stick-meta":"","astra-migrate-meta-layouts":"set","ast-page-background-enabled":"default","ast-page-background-meta":{"desktop":{"background-color":"","background-image":"","background-repeat":"repeat","background-position":"center center","background-size":"auto","background-attachment":"scroll","background-type":"","background-media":"","overlay-type":"","overlay-color":"","overlay-opacity":"","overlay-gradient":""},"tablet":{"background-color":"","background-image":"","background-repeat":"repeat","background-position":"center center","background-size":"auto","background-attachment":"scroll","background-type":"","background-media":"","overlay-type":"","overlay-color":"","overlay-opacity":"","overlay-gradient":""},"mobile":{"background-color":"","background-image":"","background-repeat":"repeat","background-position":"center center","background-size":"auto","background-attachment":"scroll","background-type":"","background-media":"","overlay-type":"","overlay-color":"","overlay-opacity":"","overlay-gradient":""}},"ast-content-background-meta":{"desktop":{"background-color":"var(--ast-global-color-5)","background-image":"","background-repeat":"repeat","background-position":"center center","background-size":"auto","background-attachment":"scroll","background-type":"","background-media":"","overlay-type":"","overlay-color":"","overlay-opacity":"","overlay-gradient":""},"tablet":{"background-color":"var(--ast-global-color-5)","background-image":"","background-repeat":"repeat","background-position":"center center","background-size":"auto","background-attachment":"scroll","background-type":"","background-media":"","overlay-type":"","overlay-color":"","overlay-opacity":"","overlay-gradient":""},"mobile":{"background-color":"var(--ast-global-color-5)","background-image":"","background-repeat":"repeat","background-position":"center center","background-size":"auto","background-attachment":"scroll","background-type":"","background-media":"","overlay-type":"","overlay-color":"","overlay-opacity":"","overlay-gradient":""}}},"product_brand":[],"product_cat":[63],"product_tag":[],"class_list":{"0":"post-4175","1":"product","2":"type-product","3":"status-publish","4":"has-post-thumbnail","6":"product_cat-bourbon-whiskey","7":"desktop-align-center","8":"tablet-align-left","9":"mobile-align-left","11":"first","12":"instock","13":"shipping-taxable","14":"purchasable","15":"product-type-simple"},"yoast_head":"<!-- This site is optimized with the Yoast SEO Premium plugin v24.7 (Yoast SEO v27.4) - https:\/\/yoast.com\/product\/yoast-seo-premium-wordpress\/ -->\n<title>Jim Beam Vanilla Kentucky Straight Bourbon Whisky<\/title>\n<meta name=\"description\" content=\"Jim Beam Vanilla Kentucky Straight Bourbon Whiskey Part of Jim Beam\u2019s newest flavors, Jim Beam Vanilla combines the natural flavor of Madagascar Bourbon\" \/>\n<meta name=\"robots\" content=\"index, follow, max-snippet:-1, max-image-preview:large, max-video-preview:-1\" \/>\n<link rel=\"canonical\" href=\"https:\/\/comprehensiveliquor.com\/hu\/product\/jim-beam-vanilla-kentucky-straight-bourbon-whisky\/\" \/>\n<meta property=\"og:locale\" content=\"hu_HU\" \/>\n<meta property=\"og:type\" content=\"article\" \/>\n<meta property=\"og:title\" content=\"Jim Beam Vanilla Kentucky Straight Bourbon Whisky\" \/>\n<meta property=\"og:description\" content=\"Jim Beam Vanilla Kentucky Straight Bourbon Whiskey Part of Jim Beam\u2019s newest flavors, Jim Beam Vanilla combines the natural flavor of Madagascar Bourbon\" \/>\n<meta property=\"og:url\" content=\"https:\/\/comprehensiveliquor.com\/hu\/product\/jim-beam-vanilla-kentucky-straight-bourbon-whisky\/\" \/>\n<meta property=\"og:site_name\" content=\"Comprehensive Liquor\" \/>\n<meta property=\"og:image\" content=\"https:\/\/comprehensiveliquor.com\/wp-content\/uploads\/2023\/12\/image_2023-12-05_161932412-e1701789632609.png\" \/>\n\t<meta property=\"og:image:width\" content=\"474\" \/>\n\t<meta property=\"og:image:height\" content=\"700\" \/>\n\t<meta property=\"og:image:type\" content=\"image\/png\" \/>\n<meta name=\"twitter:card\" content=\"summary_large_image\" \/>\n<script type=\"application\/ld+json\" class=\"yoast-schema-graph\">{\"@context\":\"https:\\\/\\\/schema.org\",\"@graph\":[{\"@type\":\"WebPage\",\"@id\":\"https:\\\/\\\/comprehensiveliquor.com\\\/product\\\/jim-beam-vanilla-kentucky-straight-bourbon-whisky\\\/\",\"url\":\"https:\\\/\\\/comprehensiveliquor.com\\\/product\\\/jim-beam-vanilla-kentucky-straight-bourbon-whisky\\\/\",\"name\":\"Jim Beam Vanilla Kentucky Straight Bourbon Whisky\",\"isPartOf\":{\"@id\":\"https:\\\/\\\/comprehensiveliquor.com\\\/#website\"},\"primaryImageOfPage\":{\"@id\":\"https:\\\/\\\/comprehensiveliquor.com\\\/product\\\/jim-beam-vanilla-kentucky-straight-bourbon-whisky\\\/#primaryimage\"},\"image\":{\"@id\":\"https:\\\/\\\/comprehensiveliquor.com\\\/product\\\/jim-beam-vanilla-kentucky-straight-bourbon-whisky\\\/#primaryimage\"},\"thumbnailUrl\":\"https:\\\/\\\/comprehensiveliquor.com\\\/wp-content\\\/uploads\\\/2023\\\/12\\\/image_2023-12-05_161932412-e1701789632609.png\",\"datePublished\":\"2023-12-05T15:36:38+00:00\",\"description\":\"Jim Beam Vanilla Kentucky Straight Bourbon Whiskey Part of Jim Beam\u2019s newest flavors, Jim Beam Vanilla combines the natural flavor of Madagascar Bourbon\",\"breadcrumb\":{\"@id\":\"https:\\\/\\\/comprehensiveliquor.com\\\/product\\\/jim-beam-vanilla-kentucky-straight-bourbon-whisky\\\/#breadcrumb\"},\"inLanguage\":\"hu\",\"potentialAction\":[{\"@type\":\"ReadAction\",\"target\":[\"https:\\\/\\\/comprehensiveliquor.com\\\/product\\\/jim-beam-vanilla-kentucky-straight-bourbon-whisky\\\/\"]}]},{\"@type\":\"ImageObject\",\"inLanguage\":\"hu\",\"@id\":\"https:\\\/\\\/comprehensiveliquor.com\\\/product\\\/jim-beam-vanilla-kentucky-straight-bourbon-whisky\\\/#primaryimage\",\"url\":\"https:\\\/\\\/comprehensiveliquor.com\\\/wp-content\\\/uploads\\\/2023\\\/12\\\/image_2023-12-05_161932412-e1701789632609.png\",\"contentUrl\":\"https:\\\/\\\/comprehensiveliquor.com\\\/wp-content\\\/uploads\\\/2023\\\/12\\\/image_2023-12-05_161932412-e1701789632609.png\",\"width\":474,\"height\":700,\"caption\":\"#image_title\"},{\"@type\":\"BreadcrumbList\",\"@id\":\"https:\\\/\\\/comprehensiveliquor.com\\\/product\\\/jim-beam-vanilla-kentucky-straight-bourbon-whisky\\\/#breadcrumb\",\"itemListElement\":[{\"@type\":\"ListItem\",\"position\":1,\"name\":\"Home\",\"item\":\"https:\\\/\\\/comprehensiveliquor.com\\\/\"},{\"@type\":\"ListItem\",\"position\":2,\"name\":\"Shop\",\"item\":\"https:\\\/\\\/comprehensiveliquor.com\\\/shop\\\/\"},{\"@type\":\"ListItem\",\"position\":3,\"name\":\"Jim Beam Vanilla Kentucky Straight Bourbon Whisky\"}]},{\"@type\":\"WebSite\",\"@id\":\"https:\\\/\\\/comprehensiveliquor.com\\\/#website\",\"url\":\"https:\\\/\\\/comprehensiveliquor.com\\\/\",\"name\":\"Comprehensive Liquor\",\"description\":\"Best Liquor Store\",\"publisher\":{\"@id\":\"https:\\\/\\\/comprehensiveliquor.com\\\/#organization\"},\"alternateName\":\"Comprehensive Liquor Store\",\"potentialAction\":[{\"@type\":\"SearchAction\",\"target\":{\"@type\":\"EntryPoint\",\"urlTemplate\":\"https:\\\/\\\/comprehensiveliquor.com\\\/?s={search_term_string}\"},\"query-input\":{\"@type\":\"PropertyValueSpecification\",\"valueRequired\":true,\"valueName\":\"search_term_string\"}}],\"inLanguage\":\"hu\"},{\"@type\":\"Organization\",\"@id\":\"https:\\\/\\\/comprehensiveliquor.com\\\/#organization\",\"name\":\"Comprehensive Liquor\",\"alternateName\":\"Comprehensive Liquor Store\",\"url\":\"https:\\\/\\\/comprehensiveliquor.com\\\/\",\"logo\":{\"@type\":\"ImageObject\",\"inLanguage\":\"hu\",\"@id\":\"https:\\\/\\\/comprehensiveliquor.com\\\/#\\\/schema\\\/logo\\\/image\\\/\",\"url\":\"https:\\\/\\\/comprehensiveliquor.com\\\/wp-content\\\/uploads\\\/2024\\\/03\\\/cropped-image_2024-03-26_131408877.png\",\"contentUrl\":\"https:\\\/\\\/comprehensiveliquor.com\\\/wp-content\\\/uploads\\\/2024\\\/03\\\/cropped-image_2024-03-26_131408877.png\",\"width\":378,\"height\":263,\"caption\":\"Comprehensive Liquor\"},\"image\":{\"@id\":\"https:\\\/\\\/comprehensiveliquor.com\\\/#\\\/schema\\\/logo\\\/image\\\/\"}}]}<\/script>\n<!-- \/ Yoast SEO Premium plugin. -->","yoast_head_json":{"title":"Jim Beam Vanilla Kentucky Straight Bourbon Whisky","description":"Jim Beam Vanilla Kentucky Straight Bourbon Whiskey A Jim Beam leg\u00fajabb \u00edzeinek egyike, a Jim Beam Vanilla a madagaszk\u00e1ri bourbon term\u00e9szetes \u00edz\u00e9t \u00f6tv\u00f6zi.","robots":{"index":"index","follow":"follow","max-snippet":"max-snippet:-1","max-image-preview":"max-image-preview:large","max-video-preview":"max-video-preview:-1"},"canonical":"https:\/\/comprehensiveliquor.com\/hu\/product\/jim-beam-vanilla-kentucky-straight-bourbon-whisky\/","og_locale":"hu_HU","og_type":"article","og_title":"Jim Beam Vanilla Kentucky Straight Bourbon Whisky","og_description":"Jim Beam Vanilla Kentucky Straight Bourbon Whiskey Part of Jim Beam\u2019s newest flavors, Jim Beam Vanilla combines the natural flavor of Madagascar Bourbon","og_url":"https:\/\/comprehensiveliquor.com\/hu\/product\/jim-beam-vanilla-kentucky-straight-bourbon-whisky\/","og_site_name":"Comprehensive Liquor","og_image":[{"width":474,"height":700,"url":"https:\/\/comprehensiveliquor.com\/wp-content\/uploads\/2023\/12\/image_2023-12-05_161932412-e1701789632609.png","type":"image\/png"}],"twitter_card":"summary_large_image","schema":{"@context":"https:\/\/schema.org","@graph":[{"@type":"WebPage","@id":"https:\/\/comprehensiveliquor.com\/product\/jim-beam-vanilla-kentucky-straight-bourbon-whisky\/","url":"https:\/\/comprehensiveliquor.com\/product\/jim-beam-vanilla-kentucky-straight-bourbon-whisky\/","name":"Jim Beam Vanilla Kentucky Straight Bourbon Whisky","isPartOf":{"@id":"https:\/\/comprehensiveliquor.com\/#website"},"primaryImageOfPage":{"@id":"https:\/\/comprehensiveliquor.com\/product\/jim-beam-vanilla-kentucky-straight-bourbon-whisky\/#primaryimage"},"image":{"@id":"https:\/\/comprehensiveliquor.com\/product\/jim-beam-vanilla-kentucky-straight-bourbon-whisky\/#primaryimage"},"thumbnailUrl":"https:\/\/comprehensiveliquor.com\/wp-content\/uploads\/2023\/12\/image_2023-12-05_161932412-e1701789632609.png","datePublished":"2023-12-05T15:36:38+00:00","description":"Jim Beam Vanilla Kentucky Straight Bourbon Whiskey A Jim Beam leg\u00fajabb \u00edzeinek egyike, a Jim Beam Vanilla a madagaszk\u00e1ri bourbon term\u00e9szetes \u00edz\u00e9t \u00f6tv\u00f6zi.","breadcrumb":{"@id":"https:\/\/comprehensiveliquor.com\/product\/jim-beam-vanilla-kentucky-straight-bourbon-whisky\/#breadcrumb"},"inLanguage":"hu","potentialAction":[{"@type":"ReadAction","target":["https:\/\/comprehensiveliquor.com\/product\/jim-beam-vanilla-kentucky-straight-bourbon-whisky\/"]}]},{"@type":"ImageObject","inLanguage":"hu","@id":"https:\/\/comprehensiveliquor.com\/product\/jim-beam-vanilla-kentucky-straight-bourbon-whisky\/#primaryimage","url":"https:\/\/comprehensiveliquor.com\/wp-content\/uploads\/2023\/12\/image_2023-12-05_161932412-e1701789632609.png","contentUrl":"https:\/\/comprehensiveliquor.com\/wp-content\/uploads\/2023\/12\/image_2023-12-05_161932412-e1701789632609.png","width":474,"height":700,"caption":"#image_title"},{"@type":"BreadcrumbList","@id":"https:\/\/comprehensiveliquor.com\/product\/jim-beam-vanilla-kentucky-straight-bourbon-whisky\/#breadcrumb","itemListElement":[{"@type":"ListItem","position":1,"name":"Home","item":"https:\/\/comprehensiveliquor.com\/"},{"@type":"ListItem","position":2,"name":"Shop","item":"https:\/\/comprehensiveliquor.com\/shop\/"},{"@type":"ListItem","position":3,"name":"Jim Beam Vanilla Kentucky Straight Bourbon Whisky"}]},{"@type":"WebSite","@id":"https:\/\/comprehensiveliquor.com\/#website","url":"https:\/\/comprehensiveliquor.com\/","name":"\u00c1tfog\u00f3 ital","description":"Best Liquor Store","publisher":{"@id":"https:\/\/comprehensiveliquor.com\/#organization"},"alternateName":"Comprehensive Liquor Store","potentialAction":[{"@type":"SearchAction","target":{"@type":"EntryPoint","urlTemplate":"https:\/\/comprehensiveliquor.com\/?s={search_term_string}"},"query-input":{"@type":"PropertyValueSpecification","valueRequired":true,"valueName":"search_term_string"}}],"inLanguage":"hu"},{"@type":"Organization","@id":"https:\/\/comprehensiveliquor.com\/#organization","name":"\u00c1tfog\u00f3 ital","alternateName":"Comprehensive Liquor Store","url":"https:\/\/comprehensiveliquor.com\/","logo":{"@type":"ImageObject","inLanguage":"hu","@id":"https:\/\/comprehensiveliquor.com\/#\/schema\/logo\/image\/","url":"https:\/\/comprehensiveliquor.com\/wp-content\/uploads\/2024\/03\/cropped-image_2024-03-26_131408877.png","contentUrl":"https:\/\/comprehensiveliquor.com\/wp-content\/uploads\/2024\/03\/cropped-image_2024-03-26_131408877.png","width":378,"height":263,"caption":"Comprehensive Liquor"},"image":{"@id":"https:\/\/comprehensiveliquor.com\/#\/schema\/logo\/image\/"}}]}},"_links":{"self":[{"href":"https:\/\/comprehensiveliquor.com\/hu\/wp-json\/wp\/v2\/product\/4175","targetHints":{"allow":["GET"]}}],"collection":[{"href":"https:\/\/comprehensiveliquor.com\/hu\/wp-json\/wp\/v2\/product"}],"about":[{"href":"https:\/\/comprehensiveliquor.com\/hu\/wp-json\/wp\/v2\/types\/product"}],"replies":[{"embeddable":true,"href":"https:\/\/comprehensiveliquor.com\/hu\/wp-json\/wp\/v2\/comments?post=4175"}],"wp:featuredmedia":[{"embeddable":true,"href":"https:\/\/comprehensiveliquor.com\/hu\/wp-json\/wp\/v2\/media\/4176"}],"wp:attachment":[{"href":"https:\/\/comprehensiveliquor.com\/hu\/wp-json\/wp\/v2\/media?parent=4175"}],"wp:term":[{"taxonomy":"product_brand","embeddable":true,"href":"https:\/\/comprehensiveliquor.com\/hu\/wp-json\/wp\/v2\/product_brand?post=4175"},{"taxonomy":"product_cat","embeddable":true,"href":"https:\/\/comprehensiveliquor.com\/hu\/wp-json\/wp\/v2\/product_cat?post=4175"},{"taxonomy":"product_tag","embeddable":true,"href":"https:\/\/comprehensiveliquor.com\/hu\/wp-json\/wp\/v2\/product_tag?post=4175"}],"curies":[{"name":"wp","href":"https:\/\/api.w.org\/{rel}","templated":true}]}}