{"id":4185,"date":"2023-12-05T16:21:10","date_gmt":"2023-12-05T16:21:10","guid":{"rendered":"https:\/\/comprehensiveliquor.com\/?post_type=product&#038;p=4185"},"modified":"2025-11-13T14:32:00","modified_gmt":"2025-11-13T14:32:00","slug":"kilchoman-land-rover-european-turne-2023-single-malt-whisky","status":"publish","type":"product","link":"https:\/\/comprehensiveliquor.com\/hu\/product\/kilchoman-land-rover-european-turne-2023-single-malt-whisky\/","title":{"rendered":"Kilchoman Land Rover Eur\u00f3pai Turn\u00e9 2023 Single Malt Whisky"},"content":{"rendered":"<h2>Kilchoman Land Rover Eur\u00f3pai Turn\u00e9 2023 Single Malt Whisky<\/h2>\n<p>Ezt a limit\u00e1lt kiad\u00e1s\u00fa bort az Islay sziget\u00e9n tal\u00e1lhat\u00f3 Kilchoman lep\u00e1rl\u00f3ban desztill\u00e1lt\u00e1k, \u00e9s a 2023-as eur\u00f3pai Land Rover turn\u00e9jukra palackozt\u00e1k. Palackok csak a turn\u00e9 \u00e1llom\u00e1sain v\u00e1s\u00e1rolhat\u00f3k meg. Bourbon \u00e9s port\u00f3i hord\u00f3k kombin\u00e1ci\u00f3j\u00e1ban \u00e9rlelt\u00e9k, majd hord\u00f3s er\u0151ss\u00e9gben palackozt\u00e1k.<br \/>\nOnly 3,325 bottles were released.<\/p>\n<p>&nbsp;<\/p>\n<p><strong>Nose<\/strong>L\u00e1gy tengeri permet \u00e9s szardella jegyei finom di\u00f3val, egy csipetnyi aranysziruppal \u00e9s mazsol\u00e1val, majd egy leheletnyi zabk\u00e1sa, dinnye \u00e9s tengerparti t\u0151zeg. V\u00e9g\u00fcl n\u00e9h\u00e1ny \u00e9l\u00e9nk citrusos \u00e9rint\u00e9s.<\/p>\n<p><strong>Taste<\/strong>\u00cdz: meglehet\u0151sen selymes vagy kr\u00e9mes korty\u00e9rzet. \u00c9rkez\u00e9skor kiss\u00e9 f\u0171szeres. Szegf\u0171szeg, szerecsendi\u00f3, bors, rengeteg f\u00f6ldes t\u0151zeg, fekete olajbogy\u00f3, tengerv\u00edz \u00e9s m\u00e9zs\u00f6r. Egy csipetnyi di\u00f3s \u00e9s pir\u00edtott citrom.<\/p>\n<p><strong>Befejez\u00e9s<\/strong>Hossz\u00fa \u00e9s s\u00f3s, gy\u00f3gyhat\u00e1s\u00fa t\u0151zeggel, savany\u00fa k\u00e1poszt\u00e1val \u00e9s n\u00e9mi finom csonth\u00e9jas gy\u00fcm\u00f6lccsel.<\/p>\n<p>&nbsp;<\/p>\n<h5>Attrib\u00fatumok<\/h5>\n<table>\n<tbody>\n<tr>\n<td><strong>Distillery<\/strong><\/td>\n<td><a title=\"Kilchoman Distillery\" href=\"https:\/\/www.kilchomandistillery.com\" target=\"_blank\" rel=\"noopener\">Kilchoman Distillery<\/a><\/td>\n<\/tr>\n<tr>\n<td><strong>M\u00e1rka<\/strong><\/td>\n<td><a href=\"https:\/\/comprehensiveliquor.com\/hu\/product-tag\/kilchoman\/\">Kilchoman<\/a><\/td>\n<\/tr>\n<tr>\n<td><strong>ABV<\/strong><\/td>\n<td>58.5%<\/td>\n<\/tr>\n<tr>\n<td><strong>Age<\/strong><\/td>\n<td>NAS<\/td>\n<\/tr>\n<tr>\n<td><strong>Region<\/strong><\/td>\n<td><span class=\"selectable-text copyable-text\">Islay<\/span><\/td>\n<\/tr>\n<\/tbody>\n<\/table>","protected":false},"excerpt":{"rendered":"<p>Kilchoman Land Rover European Tour 2023 Single Malt Whisky This limited edition release was distilled at the Kilchoman distillery on Islay and bottled for their 2023 European Land Rover Tour. Bottles are only available for purchase at tour stops. It was matured in a combination of bourbon and port casks, then bottled at cask strength. [&hellip;]<\/p>\n","protected":false},"featured_media":4186,"comment_status":"closed","ping_status":"closed","template":"","meta":{"site-sidebar-layout":"default","site-content-layout":"","ast-site-content-layout":"default","site-content-style":"default","site-sidebar-style":"default","ast-global-header-display":"","ast-banner-title-visibility":"","ast-main-header-display":"","ast-hfb-above-header-display":"","ast-hfb-below-header-display":"","ast-hfb-mobile-header-display":"","site-post-title":"","ast-breadcrumbs-content":"","ast-featured-img":"","footer-sml-layout":"","ast-disable-related-posts":"","theme-transparent-header-meta":"default","adv-header-id-meta":"","stick-header-meta":"","header-above-stick-meta":"","header-main-stick-meta":"","header-below-stick-meta":"","astra-migrate-meta-layouts":"set","ast-page-background-enabled":"default","ast-page-background-meta":{"desktop":{"background-color":"","background-image":"","background-repeat":"repeat","background-position":"center center","background-size":"auto","background-attachment":"scroll","background-type":"","background-media":"","overlay-type":"","overlay-color":"","overlay-opacity":"","overlay-gradient":""},"tablet":{"background-color":"","background-image":"","background-repeat":"repeat","background-position":"center center","background-size":"auto","background-attachment":"scroll","background-type":"","background-media":"","overlay-type":"","overlay-color":"","overlay-opacity":"","overlay-gradient":""},"mobile":{"background-color":"","background-image":"","background-repeat":"repeat","background-position":"center center","background-size":"auto","background-attachment":"scroll","background-type":"","background-media":"","overlay-type":"","overlay-color":"","overlay-opacity":"","overlay-gradient":""}},"ast-content-background-meta":{"desktop":{"background-color":"var(--ast-global-color-5)","background-image":"","background-repeat":"repeat","background-position":"center center","background-size":"auto","background-attachment":"scroll","background-type":"","background-media":"","overlay-type":"","overlay-color":"","overlay-opacity":"","overlay-gradient":""},"tablet":{"background-color":"var(--ast-global-color-5)","background-image":"","background-repeat":"repeat","background-position":"center center","background-size":"auto","background-attachment":"scroll","background-type":"","background-media":"","overlay-type":"","overlay-color":"","overlay-opacity":"","overlay-gradient":""},"mobile":{"background-color":"var(--ast-global-color-5)","background-image":"","background-repeat":"repeat","background-position":"center center","background-size":"auto","background-attachment":"scroll","background-type":"","background-media":"","overlay-type":"","overlay-color":"","overlay-opacity":"","overlay-gradient":""}}},"product_brand":[],"product_cat":[33,39],"product_tag":[112],"class_list":{"0":"post-4185","1":"product","2":"type-product","3":"status-publish","4":"has-post-thumbnail","6":"product_cat-islay-whisky","7":"product_cat-scotch-whisky","8":"product_tag-kilchoman","9":"desktop-align-center","10":"tablet-align-left","11":"mobile-align-left","13":"first","14":"instock","15":"shipping-taxable","16":"purchasable","17":"product-type-simple"},"yoast_head":"<!-- This site is optimized with the Yoast SEO Premium plugin v24.7 (Yoast SEO v27.5) - https:\/\/yoast.com\/product\/yoast-seo-premium-wordpress\/ -->\n<title>Kilchoman Land Rover Tour 2023 | Islay Whisky | Buy Online<\/title>\n<meta name=\"description\" content=\"Buy Kilchoman Land Rover European Tour 2023 Single Malt. Limited edition Islay whisky. Rare collaboration bottle. Peated Scotch. Order\" \/>\n<meta name=\"robots\" content=\"index, follow, max-snippet:-1, max-image-preview:large, max-video-preview:-1\" \/>\n<link rel=\"canonical\" href=\"https:\/\/comprehensiveliquor.com\/hu\/product\/kilchoman-land-rover-european-turne-2023-single-malt-whisky\/\" \/>\n<meta property=\"og:locale\" content=\"hu_HU\" \/>\n<meta property=\"og:type\" content=\"article\" \/>\n<meta property=\"og:title\" content=\"Kilchoman Land Rover European Tour 2023 Single Malt Whisky\" \/>\n<meta property=\"og:description\" content=\"Buy Kilchoman Land Rover European Tour 2023 Single Malt. Limited edition Islay whisky. Rare collaboration bottle. Peated Scotch. Order\" \/>\n<meta property=\"og:url\" content=\"https:\/\/comprehensiveliquor.com\/hu\/product\/kilchoman-land-rover-european-turne-2023-single-malt-whisky\/\" \/>\n<meta property=\"og:site_name\" content=\"Comprehensive Liquor\" \/>\n<meta property=\"article:modified_time\" content=\"2025-11-13T14:32:00+00:00\" \/>\n<meta property=\"og:image\" content=\"https:\/\/comprehensiveliquor.com\/wp-content\/uploads\/2023\/12\/image_2023-12-05_171525940.png\" \/>\n\t<meta property=\"og:image:width\" content=\"792\" \/>\n\t<meta property=\"og:image:height\" content=\"792\" \/>\n\t<meta property=\"og:image:type\" content=\"image\/png\" \/>\n<meta name=\"twitter:card\" content=\"summary_large_image\" \/>\n<meta name=\"twitter:label1\" content=\"Becs\u00fclt olvas\u00e1si id\u0151\" \/>\n\t<meta name=\"twitter:data1\" content=\"1 perc\" \/>\n<script type=\"application\/ld+json\" class=\"yoast-schema-graph\">{\"@context\":\"https:\\\/\\\/schema.org\",\"@graph\":[{\"@type\":\"WebPage\",\"@id\":\"https:\\\/\\\/comprehensiveliquor.com\\\/product\\\/kilchoman-land-rover-european-tour-2023-single-malt-whisky\\\/\",\"url\":\"https:\\\/\\\/comprehensiveliquor.com\\\/product\\\/kilchoman-land-rover-european-tour-2023-single-malt-whisky\\\/\",\"name\":\"Kilchoman Land Rover Tour 2023 | Islay Whisky | Buy Online\",\"isPartOf\":{\"@id\":\"https:\\\/\\\/comprehensiveliquor.com\\\/#website\"},\"primaryImageOfPage\":{\"@id\":\"https:\\\/\\\/comprehensiveliquor.com\\\/product\\\/kilchoman-land-rover-european-tour-2023-single-malt-whisky\\\/#primaryimage\"},\"image\":{\"@id\":\"https:\\\/\\\/comprehensiveliquor.com\\\/product\\\/kilchoman-land-rover-european-tour-2023-single-malt-whisky\\\/#primaryimage\"},\"thumbnailUrl\":\"https:\\\/\\\/comprehensiveliquor.com\\\/wp-content\\\/uploads\\\/2023\\\/12\\\/image_2023-12-05_171525940.png\",\"datePublished\":\"2023-12-05T16:21:10+00:00\",\"dateModified\":\"2025-11-13T14:32:00+00:00\",\"description\":\"Buy Kilchoman Land Rover European Tour 2023 Single Malt. Limited edition Islay whisky. Rare collaboration bottle. Peated Scotch. Order\",\"breadcrumb\":{\"@id\":\"https:\\\/\\\/comprehensiveliquor.com\\\/product\\\/kilchoman-land-rover-european-tour-2023-single-malt-whisky\\\/#breadcrumb\"},\"inLanguage\":\"hu\",\"potentialAction\":[{\"@type\":\"ReadAction\",\"target\":[\"https:\\\/\\\/comprehensiveliquor.com\\\/product\\\/kilchoman-land-rover-european-tour-2023-single-malt-whisky\\\/\"]}]},{\"@type\":\"ImageObject\",\"inLanguage\":\"hu\",\"@id\":\"https:\\\/\\\/comprehensiveliquor.com\\\/product\\\/kilchoman-land-rover-european-tour-2023-single-malt-whisky\\\/#primaryimage\",\"url\":\"https:\\\/\\\/comprehensiveliquor.com\\\/wp-content\\\/uploads\\\/2023\\\/12\\\/image_2023-12-05_171525940.png\",\"contentUrl\":\"https:\\\/\\\/comprehensiveliquor.com\\\/wp-content\\\/uploads\\\/2023\\\/12\\\/image_2023-12-05_171525940.png\",\"width\":792,\"height\":792,\"caption\":\"#image_title\"},{\"@type\":\"BreadcrumbList\",\"@id\":\"https:\\\/\\\/comprehensiveliquor.com\\\/product\\\/kilchoman-land-rover-european-tour-2023-single-malt-whisky\\\/#breadcrumb\",\"itemListElement\":[{\"@type\":\"ListItem\",\"position\":1,\"name\":\"Home\",\"item\":\"https:\\\/\\\/comprehensiveliquor.com\\\/\"},{\"@type\":\"ListItem\",\"position\":2,\"name\":\"Shop\",\"item\":\"https:\\\/\\\/comprehensiveliquor.com\\\/shop\\\/\"},{\"@type\":\"ListItem\",\"position\":3,\"name\":\"Kilchoman Land Rover European Tour 2023 Single Malt Whisky\"}]},{\"@type\":\"WebSite\",\"@id\":\"https:\\\/\\\/comprehensiveliquor.com\\\/#website\",\"url\":\"https:\\\/\\\/comprehensiveliquor.com\\\/\",\"name\":\"Comprehensive Liquor\",\"description\":\"Best Liquor Store\",\"publisher\":{\"@id\":\"https:\\\/\\\/comprehensiveliquor.com\\\/#organization\"},\"alternateName\":\"Comprehensive Liquor Store\",\"potentialAction\":[{\"@type\":\"SearchAction\",\"target\":{\"@type\":\"EntryPoint\",\"urlTemplate\":\"https:\\\/\\\/comprehensiveliquor.com\\\/?s={search_term_string}\"},\"query-input\":{\"@type\":\"PropertyValueSpecification\",\"valueRequired\":true,\"valueName\":\"search_term_string\"}}],\"inLanguage\":\"hu\"},{\"@type\":\"Organization\",\"@id\":\"https:\\\/\\\/comprehensiveliquor.com\\\/#organization\",\"name\":\"Comprehensive Liquor\",\"alternateName\":\"Comprehensive Liquor Store\",\"url\":\"https:\\\/\\\/comprehensiveliquor.com\\\/\",\"logo\":{\"@type\":\"ImageObject\",\"inLanguage\":\"hu\",\"@id\":\"https:\\\/\\\/comprehensiveliquor.com\\\/#\\\/schema\\\/logo\\\/image\\\/\",\"url\":\"https:\\\/\\\/comprehensiveliquor.com\\\/wp-content\\\/uploads\\\/2024\\\/03\\\/cropped-image_2024-03-26_131408877.png\",\"contentUrl\":\"https:\\\/\\\/comprehensiveliquor.com\\\/wp-content\\\/uploads\\\/2024\\\/03\\\/cropped-image_2024-03-26_131408877.png\",\"width\":378,\"height\":263,\"caption\":\"Comprehensive Liquor\"},\"image\":{\"@id\":\"https:\\\/\\\/comprehensiveliquor.com\\\/#\\\/schema\\\/logo\\\/image\\\/\"}}]}<\/script>\n<!-- \/ Yoast SEO Premium plugin. -->","yoast_head_json":{"title":"Kilchoman Land Rover T\u00fara 2023 | Islay Whisky | Online v\u00e1s\u00e1rl\u00e1s","description":"Kilchoman Land Rover European Tour 2023 Single Malt whisky. Limit\u00e1lt kiad\u00e1s\u00fa Islay whisky. Ritka egy\u00fcttm\u0171k\u00f6d\u00e9si palack. T\u0151zeges sk\u00f3t whisky. Rendel\u00e9s","robots":{"index":"index","follow":"follow","max-snippet":"max-snippet:-1","max-image-preview":"max-image-preview:large","max-video-preview":"max-video-preview:-1"},"canonical":"https:\/\/comprehensiveliquor.com\/hu\/product\/kilchoman-land-rover-european-turne-2023-single-malt-whisky\/","og_locale":"hu_HU","og_type":"article","og_title":"Kilchoman Land Rover European Tour 2023 Single Malt Whisky","og_description":"Buy Kilchoman Land Rover European Tour 2023 Single Malt. Limited edition Islay whisky. Rare collaboration bottle. Peated Scotch. Order","og_url":"https:\/\/comprehensiveliquor.com\/hu\/product\/kilchoman-land-rover-european-turne-2023-single-malt-whisky\/","og_site_name":"Comprehensive Liquor","article_modified_time":"2025-11-13T14:32:00+00:00","og_image":[{"width":792,"height":792,"url":"https:\/\/comprehensiveliquor.com\/wp-content\/uploads\/2023\/12\/image_2023-12-05_171525940.png","type":"image\/png"}],"twitter_card":"summary_large_image","twitter_misc":{"Becs\u00fclt olvas\u00e1si id\u0151":"1 perc"},"schema":{"@context":"https:\/\/schema.org","@graph":[{"@type":"WebPage","@id":"https:\/\/comprehensiveliquor.com\/product\/kilchoman-land-rover-european-tour-2023-single-malt-whisky\/","url":"https:\/\/comprehensiveliquor.com\/product\/kilchoman-land-rover-european-tour-2023-single-malt-whisky\/","name":"Kilchoman Land Rover T\u00fara 2023 | Islay Whisky | Online v\u00e1s\u00e1rl\u00e1s","isPartOf":{"@id":"https:\/\/comprehensiveliquor.com\/#website"},"primaryImageOfPage":{"@id":"https:\/\/comprehensiveliquor.com\/product\/kilchoman-land-rover-european-tour-2023-single-malt-whisky\/#primaryimage"},"image":{"@id":"https:\/\/comprehensiveliquor.com\/product\/kilchoman-land-rover-european-tour-2023-single-malt-whisky\/#primaryimage"},"thumbnailUrl":"https:\/\/comprehensiveliquor.com\/wp-content\/uploads\/2023\/12\/image_2023-12-05_171525940.png","datePublished":"2023-12-05T16:21:10+00:00","dateModified":"2025-11-13T14:32:00+00:00","description":"Kilchoman Land Rover European Tour 2023 Single Malt whisky. Limit\u00e1lt kiad\u00e1s\u00fa Islay whisky. Ritka egy\u00fcttm\u0171k\u00f6d\u00e9si palack. T\u0151zeges sk\u00f3t whisky. Rendel\u00e9s","breadcrumb":{"@id":"https:\/\/comprehensiveliquor.com\/product\/kilchoman-land-rover-european-tour-2023-single-malt-whisky\/#breadcrumb"},"inLanguage":"hu","potentialAction":[{"@type":"ReadAction","target":["https:\/\/comprehensiveliquor.com\/product\/kilchoman-land-rover-european-tour-2023-single-malt-whisky\/"]}]},{"@type":"ImageObject","inLanguage":"hu","@id":"https:\/\/comprehensiveliquor.com\/product\/kilchoman-land-rover-european-tour-2023-single-malt-whisky\/#primaryimage","url":"https:\/\/comprehensiveliquor.com\/wp-content\/uploads\/2023\/12\/image_2023-12-05_171525940.png","contentUrl":"https:\/\/comprehensiveliquor.com\/wp-content\/uploads\/2023\/12\/image_2023-12-05_171525940.png","width":792,"height":792,"caption":"#image_title"},{"@type":"BreadcrumbList","@id":"https:\/\/comprehensiveliquor.com\/product\/kilchoman-land-rover-european-tour-2023-single-malt-whisky\/#breadcrumb","itemListElement":[{"@type":"ListItem","position":1,"name":"Home","item":"https:\/\/comprehensiveliquor.com\/"},{"@type":"ListItem","position":2,"name":"Shop","item":"https:\/\/comprehensiveliquor.com\/shop\/"},{"@type":"ListItem","position":3,"name":"Kilchoman Land Rover European Tour 2023 Single Malt Whisky"}]},{"@type":"WebSite","@id":"https:\/\/comprehensiveliquor.com\/#website","url":"https:\/\/comprehensiveliquor.com\/","name":"\u00c1tfog\u00f3 ital","description":"Best Liquor Store","publisher":{"@id":"https:\/\/comprehensiveliquor.com\/#organization"},"alternateName":"Comprehensive Liquor Store","potentialAction":[{"@type":"SearchAction","target":{"@type":"EntryPoint","urlTemplate":"https:\/\/comprehensiveliquor.com\/?s={search_term_string}"},"query-input":{"@type":"PropertyValueSpecification","valueRequired":true,"valueName":"search_term_string"}}],"inLanguage":"hu"},{"@type":"Organization","@id":"https:\/\/comprehensiveliquor.com\/#organization","name":"\u00c1tfog\u00f3 ital","alternateName":"Comprehensive Liquor Store","url":"https:\/\/comprehensiveliquor.com\/","logo":{"@type":"ImageObject","inLanguage":"hu","@id":"https:\/\/comprehensiveliquor.com\/#\/schema\/logo\/image\/","url":"https:\/\/comprehensiveliquor.com\/wp-content\/uploads\/2024\/03\/cropped-image_2024-03-26_131408877.png","contentUrl":"https:\/\/comprehensiveliquor.com\/wp-content\/uploads\/2024\/03\/cropped-image_2024-03-26_131408877.png","width":378,"height":263,"caption":"Comprehensive Liquor"},"image":{"@id":"https:\/\/comprehensiveliquor.com\/#\/schema\/logo\/image\/"}}]}},"_links":{"self":[{"href":"https:\/\/comprehensiveliquor.com\/hu\/wp-json\/wp\/v2\/product\/4185","targetHints":{"allow":["GET"]}}],"collection":[{"href":"https:\/\/comprehensiveliquor.com\/hu\/wp-json\/wp\/v2\/product"}],"about":[{"href":"https:\/\/comprehensiveliquor.com\/hu\/wp-json\/wp\/v2\/types\/product"}],"replies":[{"embeddable":true,"href":"https:\/\/comprehensiveliquor.com\/hu\/wp-json\/wp\/v2\/comments?post=4185"}],"wp:featuredmedia":[{"embeddable":true,"href":"https:\/\/comprehensiveliquor.com\/hu\/wp-json\/wp\/v2\/media\/4186"}],"wp:attachment":[{"href":"https:\/\/comprehensiveliquor.com\/hu\/wp-json\/wp\/v2\/media?parent=4185"}],"wp:term":[{"taxonomy":"product_brand","embeddable":true,"href":"https:\/\/comprehensiveliquor.com\/hu\/wp-json\/wp\/v2\/product_brand?post=4185"},{"taxonomy":"product_cat","embeddable":true,"href":"https:\/\/comprehensiveliquor.com\/hu\/wp-json\/wp\/v2\/product_cat?post=4185"},{"taxonomy":"product_tag","embeddable":true,"href":"https:\/\/comprehensiveliquor.com\/hu\/wp-json\/wp\/v2\/product_tag?post=4185"}],"curies":[{"name":"wp","href":"https:\/\/api.w.org\/{rel}","templated":true}]}}