{"id":4219,"date":"2023-12-06T12:28:11","date_gmt":"2023-12-06T12:28:11","guid":{"rendered":"https:\/\/comprehensiveliquor.com\/?post_type=product&#038;p=4219"},"modified":"2023-12-06T12:34:24","modified_gmt":"2023-12-06T12:34:24","slug":"springbank-2011-local-barley-11-year-old-2023-release","status":"publish","type":"product","link":"https:\/\/comprehensiveliquor.com\/hu\/product\/springbank-2011-local-barley-11-year-old-2023-release\/","title":{"rendered":"Springbank 2011 Helyi \u00c1rpa 11 \u00c9ves 2023 Kiad\u00e1s"},"content":{"rendered":"<h2>Springbank 2011 Helyi \u00c1rpa 11 \u00c9ves 2023 Kiad\u00e1s<\/h2>\n<p>A Springbank lep\u00e1rl\u00f3 Campbeltownban tal\u00e1lhat\u00f3, egy fest\u0151i sk\u00f3t v\u00e1rosban, a Kintyre-f\u00e9lsziget d\u00e9li v\u00e9g\u00e9n, a dics\u0151s\u00e9ges nyugati parton.<br \/>\nA campbeltowni whiskyre vonatkoz\u00f3 els\u0151 \u00edr\u00e1sos eml\u00edt\u00e9s 1591-b\u0151l sz\u00e1rmazik. A Springbank 1828-ban alakult Archibald Mitchell illeg\u00e1lis lep\u00e1rl\u00f3j\u00e1nak hely\u00e9n, \u00e9s ez lett Campbeltown 14. enged\u00e9llyel rendelkez\u0151 lep\u00e1rl\u00f3ja. Ma a Springbank egyike a campbeltowni ter\u00fcleten m\u0171k\u00f6d\u0151 mind\u00f6ssze h\u00e1rom lep\u00e1rl\u00f3nak, \u00e9s Sk\u00f3cia legr\u00e9gebbi f\u00fcggetlen, csal\u00e1di tulajdonban l\u00e9v\u0151 lep\u00e1rl\u00f3ja.<\/p>\n<p>A Local Barley egy \u00e9venk\u00e9nti kiad\u00e1s, amelyet Campbeltownban vagy k\u00f6rny\u00e9k\u00e9n termesztett \u00e1rp\u00e1b\u00f3l k\u00e9sz\u00edtenek. Minden \u00e9vben megb\u00edznak egy helyi gazd\u00e1t, hogy a nev\u00e9ben \u00e1rp\u00e1t termesztsen, \u00e9s folytathassa ennek a limit\u00e1lt kiad\u00e1snak az el\u0151\u00e1ll\u00edt\u00e1s\u00e1t. A k\u00fcl\u00f6nb\u00f6z\u0151 gazdas\u00e1gok, \u00e1rpafajt\u00e1k, hord\u00f3s \u00e9rlel\u00e9si id\u0151k \u00e9s a whisky hord\u00f3kban t\u00f6lt\u00f6tt id\u0151tartama egyik t\u00e9telr\u0151l a m\u00e1sikra minden alkalommal egyedi \u00edz\u00e9lm\u00e9nyt biztos\u00edt.<\/p>\n<p>Ezt a Springbank-i erjesztett bort 2011 m\u00e1jus\u00e1ban desztill\u00e1lt\u00e1k le a Glencraigs Farmon termesztett Belgravia \u00e1rp\u00e1b\u00f3l, majd 11 \u00e9vig \u00e9rlelt\u00e9k ex-bourbon, ex-sherry \u00e9s ex-rum hord\u00f3kban, miel\u0151tt 2022 december\u00e9ben palackozt\u00e1k volna.<\/p>\n<p>&nbsp;<\/p>\n<p>&nbsp;<\/p>\n<p><strong>Nose<\/strong>\u00c9des, sok s\u00e1rga gy\u00fcm\u00f6lcs, f\u0151k\u00e9nt k\u00f6rte, van\u00edlia, \u00e1sv\u00e1nyi arom\u00e1k, tengeri s\u00f3, fa, karamell, motorolaj \u00e9s kosz.<\/p>\n<p><strong>Taste<\/strong>A csom\u00f3pont szerint sok s\u00e1rga gy\u00fcm\u00f6lcs, k\u00f6rte, szilva, s\u00e1rgabarack, van\u00edlia, t\u00f6lgyf\u0171szer, egy kis chili \u00e9s s\u00f3s karamell is tal\u00e1lhat\u00f3 benne.<\/p>\n<p><strong>Befejez\u00e9s<\/strong>K\u00f6zepesen cs\u00edp\u0151s, meglehet\u0151sen f\u0171szeres, chilivel, t\u0171zif\u00e1val, karamellel \u00e9s van\u00edli\u00e1val.<\/p>\n<p>&nbsp;<\/p>\n<h5>Attrib\u00fatumok<\/h5>\n<table>\n<tbody>\n<tr>\n<td><b>M\u00e1rka<\/b><\/td>\n<td><a href=\"https:\/\/comprehensiveliquor.com\/hu\/product-tag\/springbank\/\">Springbank<\/a><\/td>\n<\/tr>\n<tr>\n<td><strong>Distellery<\/strong><\/td>\n<td><a title=\"Springbank Distillery\" href=\"https:\/\/www.whisky.com\/whisky-database\/distilleries\/details\/springbank.html\" target=\"_blank\" rel=\"noopener\">Springbank<\/a><\/td>\n<\/tr>\n<tr>\n<td><strong>Region<\/strong><\/td>\n<td><span class=\"selectable-text copyable-text\">Campbeltown<\/span><\/td>\n<\/tr>\n<tr>\n<td><strong>Size<\/strong><\/td>\n<td>750ml<\/td>\n<\/tr>\n<tr>\n<td><strong>Bottled Strength<\/strong><\/td>\n<td>55.1%<\/td>\n<\/tr>\n<\/tbody>\n<\/table>","protected":false},"excerpt":{"rendered":"<p>Springbank 2011 Local Barley 11 Year Old 2023 Release Springbank distillery is located in Campbeltown, a picturesque Scottish town situated at the southern end of the Kintyre Peninsula on the glorious west coast. The first reference to Campbeltown whisky was recorded in writing in 1591. Springbank was established in 1828 on the site of Archibald [&hellip;]<\/p>\n","protected":false},"featured_media":4220,"comment_status":"closed","ping_status":"closed","template":"","meta":{"site-sidebar-layout":"default","site-content-layout":"","ast-site-content-layout":"default","site-content-style":"default","site-sidebar-style":"default","ast-global-header-display":"","ast-banner-title-visibility":"","ast-main-header-display":"","ast-hfb-above-header-display":"","ast-hfb-below-header-display":"","ast-hfb-mobile-header-display":"","site-post-title":"","ast-breadcrumbs-content":"","ast-featured-img":"","footer-sml-layout":"","ast-disable-related-posts":"","theme-transparent-header-meta":"default","adv-header-id-meta":"","stick-header-meta":"","header-above-stick-meta":"","header-main-stick-meta":"","header-below-stick-meta":"","astra-migrate-meta-layouts":"set","ast-page-background-enabled":"default","ast-page-background-meta":{"desktop":{"background-color":"","background-image":"","background-repeat":"repeat","background-position":"center center","background-size":"auto","background-attachment":"scroll","background-type":"","background-media":"","overlay-type":"","overlay-color":"","overlay-opacity":"","overlay-gradient":""},"tablet":{"background-color":"","background-image":"","background-repeat":"repeat","background-position":"center center","background-size":"auto","background-attachment":"scroll","background-type":"","background-media":"","overlay-type":"","overlay-color":"","overlay-opacity":"","overlay-gradient":""},"mobile":{"background-color":"","background-image":"","background-repeat":"repeat","background-position":"center center","background-size":"auto","background-attachment":"scroll","background-type":"","background-media":"","overlay-type":"","overlay-color":"","overlay-opacity":"","overlay-gradient":""}},"ast-content-background-meta":{"desktop":{"background-color":"var(--ast-global-color-5)","background-image":"","background-repeat":"repeat","background-position":"center center","background-size":"auto","background-attachment":"scroll","background-type":"","background-media":"","overlay-type":"","overlay-color":"","overlay-opacity":"","overlay-gradient":""},"tablet":{"background-color":"var(--ast-global-color-5)","background-image":"","background-repeat":"repeat","background-position":"center center","background-size":"auto","background-attachment":"scroll","background-type":"","background-media":"","overlay-type":"","overlay-color":"","overlay-opacity":"","overlay-gradient":""},"mobile":{"background-color":"var(--ast-global-color-5)","background-image":"","background-repeat":"repeat","background-position":"center center","background-size":"auto","background-attachment":"scroll","background-type":"","background-media":"","overlay-type":"","overlay-color":"","overlay-opacity":"","overlay-gradient":""}}},"product_brand":[],"product_cat":[39],"product_tag":[113],"class_list":{"0":"post-4219","1":"product","2":"type-product","3":"status-publish","4":"has-post-thumbnail","6":"product_cat-scotch-whisky","7":"product_tag-springbank","8":"desktop-align-center","9":"tablet-align-left","10":"mobile-align-left","12":"first","13":"instock","14":"shipping-taxable","15":"purchasable","16":"product-type-simple"},"yoast_head":"<!-- This site is optimized with the Yoast SEO Premium plugin v24.7 (Yoast SEO v27.3) - https:\/\/yoast.com\/product\/yoast-seo-premium-wordpress\/ -->\n<title>Springbank 2011 Local Barley 11 Year Old 2023 Release<\/title>\n<meta name=\"description\" content=\"Springbank 2011 Local Barley 11 Year Old 2023 Release Springbank distillery is located in Campbeltown, a picturesque Scottish town situated at the\" \/>\n<meta name=\"robots\" content=\"index, follow, max-snippet:-1, max-image-preview:large, max-video-preview:-1\" \/>\n<link rel=\"canonical\" href=\"https:\/\/comprehensiveliquor.com\/hu\/product\/springbank-2011-local-barley-11-year-old-2023-release\/\" \/>\n<meta property=\"og:locale\" content=\"hu_HU\" \/>\n<meta property=\"og:type\" content=\"article\" \/>\n<meta property=\"og:title\" content=\"Springbank 2011 Local Barley 11 Year Old 2023 Release\" \/>\n<meta property=\"og:description\" content=\"Springbank 2011 Local Barley 11 Year Old 2023 Release Springbank distillery is located in Campbeltown, a picturesque Scottish town situated at the\" \/>\n<meta property=\"og:url\" content=\"https:\/\/comprehensiveliquor.com\/hu\/product\/springbank-2011-local-barley-11-year-old-2023-release\/\" \/>\n<meta property=\"og:site_name\" content=\"Comprehensive Liquor\" \/>\n<meta property=\"article:modified_time\" content=\"2023-12-06T12:34:24+00:00\" \/>\n<meta property=\"og:image\" content=\"https:\/\/comprehensiveliquor.com\/wp-content\/uploads\/2023\/12\/image_2023-12-06_131917145-e1701865230646.png\" \/>\n\t<meta property=\"og:image:width\" content=\"651\" \/>\n\t<meta property=\"og:image:height\" content=\"700\" \/>\n\t<meta property=\"og:image:type\" content=\"image\/png\" \/>\n<meta name=\"twitter:card\" content=\"summary_large_image\" \/>\n<meta name=\"twitter:label1\" content=\"Becs\u00fclt olvas\u00e1si id\u0151\" \/>\n\t<meta name=\"twitter:data1\" content=\"1 perc\" \/>\n<script type=\"application\/ld+json\" class=\"yoast-schema-graph\">{\"@context\":\"https:\\\/\\\/schema.org\",\"@graph\":[{\"@type\":\"WebPage\",\"@id\":\"https:\\\/\\\/comprehensiveliquor.com\\\/product\\\/springbank-2011-local-barley-11-year-old-2023-release\\\/\",\"url\":\"https:\\\/\\\/comprehensiveliquor.com\\\/product\\\/springbank-2011-local-barley-11-year-old-2023-release\\\/\",\"name\":\"Springbank 2011 Local Barley 11 Year Old 2023 Release\",\"isPartOf\":{\"@id\":\"https:\\\/\\\/comprehensiveliquor.com\\\/#website\"},\"primaryImageOfPage\":{\"@id\":\"https:\\\/\\\/comprehensiveliquor.com\\\/product\\\/springbank-2011-local-barley-11-year-old-2023-release\\\/#primaryimage\"},\"image\":{\"@id\":\"https:\\\/\\\/comprehensiveliquor.com\\\/product\\\/springbank-2011-local-barley-11-year-old-2023-release\\\/#primaryimage\"},\"thumbnailUrl\":\"https:\\\/\\\/comprehensiveliquor.com\\\/wp-content\\\/uploads\\\/2023\\\/12\\\/image_2023-12-06_131917145-e1701865230646.png\",\"datePublished\":\"2023-12-06T12:28:11+00:00\",\"dateModified\":\"2023-12-06T12:34:24+00:00\",\"description\":\"Springbank 2011 Local Barley 11 Year Old 2023 Release Springbank distillery is located in Campbeltown, a picturesque Scottish town situated at the\",\"breadcrumb\":{\"@id\":\"https:\\\/\\\/comprehensiveliquor.com\\\/product\\\/springbank-2011-local-barley-11-year-old-2023-release\\\/#breadcrumb\"},\"inLanguage\":\"hu\",\"potentialAction\":[{\"@type\":\"ReadAction\",\"target\":[\"https:\\\/\\\/comprehensiveliquor.com\\\/product\\\/springbank-2011-local-barley-11-year-old-2023-release\\\/\"]}]},{\"@type\":\"ImageObject\",\"inLanguage\":\"hu\",\"@id\":\"https:\\\/\\\/comprehensiveliquor.com\\\/product\\\/springbank-2011-local-barley-11-year-old-2023-release\\\/#primaryimage\",\"url\":\"https:\\\/\\\/comprehensiveliquor.com\\\/wp-content\\\/uploads\\\/2023\\\/12\\\/image_2023-12-06_131917145-e1701865230646.png\",\"contentUrl\":\"https:\\\/\\\/comprehensiveliquor.com\\\/wp-content\\\/uploads\\\/2023\\\/12\\\/image_2023-12-06_131917145-e1701865230646.png\",\"width\":651,\"height\":700,\"caption\":\"#image_title\"},{\"@type\":\"BreadcrumbList\",\"@id\":\"https:\\\/\\\/comprehensiveliquor.com\\\/product\\\/springbank-2011-local-barley-11-year-old-2023-release\\\/#breadcrumb\",\"itemListElement\":[{\"@type\":\"ListItem\",\"position\":1,\"name\":\"Home\",\"item\":\"https:\\\/\\\/comprehensiveliquor.com\\\/\"},{\"@type\":\"ListItem\",\"position\":2,\"name\":\"Shop\",\"item\":\"https:\\\/\\\/comprehensiveliquor.com\\\/shop\\\/\"},{\"@type\":\"ListItem\",\"position\":3,\"name\":\"Springbank 2011 Local Barley 11 Year Old 2023 Release\"}]},{\"@type\":\"WebSite\",\"@id\":\"https:\\\/\\\/comprehensiveliquor.com\\\/#website\",\"url\":\"https:\\\/\\\/comprehensiveliquor.com\\\/\",\"name\":\"Comprehensive Liquor\",\"description\":\"Best Liquor Store\",\"publisher\":{\"@id\":\"https:\\\/\\\/comprehensiveliquor.com\\\/#organization\"},\"alternateName\":\"Comprehensive Liquor Store\",\"potentialAction\":[{\"@type\":\"SearchAction\",\"target\":{\"@type\":\"EntryPoint\",\"urlTemplate\":\"https:\\\/\\\/comprehensiveliquor.com\\\/?s={search_term_string}\"},\"query-input\":{\"@type\":\"PropertyValueSpecification\",\"valueRequired\":true,\"valueName\":\"search_term_string\"}}],\"inLanguage\":\"hu\"},{\"@type\":\"Organization\",\"@id\":\"https:\\\/\\\/comprehensiveliquor.com\\\/#organization\",\"name\":\"Comprehensive Liquor\",\"alternateName\":\"Comprehensive Liquor Store\",\"url\":\"https:\\\/\\\/comprehensiveliquor.com\\\/\",\"logo\":{\"@type\":\"ImageObject\",\"inLanguage\":\"hu\",\"@id\":\"https:\\\/\\\/comprehensiveliquor.com\\\/#\\\/schema\\\/logo\\\/image\\\/\",\"url\":\"https:\\\/\\\/comprehensiveliquor.com\\\/wp-content\\\/uploads\\\/2024\\\/03\\\/cropped-image_2024-03-26_131408877.png\",\"contentUrl\":\"https:\\\/\\\/comprehensiveliquor.com\\\/wp-content\\\/uploads\\\/2024\\\/03\\\/cropped-image_2024-03-26_131408877.png\",\"width\":378,\"height\":263,\"caption\":\"Comprehensive Liquor\"},\"image\":{\"@id\":\"https:\\\/\\\/comprehensiveliquor.com\\\/#\\\/schema\\\/logo\\\/image\\\/\"}}]}<\/script>\n<!-- \/ Yoast SEO Premium plugin. -->","yoast_head_json":{"title":"Springbank 2011 Helyi \u00c1rpa 11 \u00c9ves 2023 Kiad\u00e1s","description":"Springbank 2011 Helyi \u00c1rpa 11 \u00c9ves 2023 Kiad\u00e1s A Springbank lep\u00e1rl\u00f3 Campbeltownban tal\u00e1lhat\u00f3, egy fest\u0151i sk\u00f3t v\u00e1rosban, a ...","robots":{"index":"index","follow":"follow","max-snippet":"max-snippet:-1","max-image-preview":"max-image-preview:large","max-video-preview":"max-video-preview:-1"},"canonical":"https:\/\/comprehensiveliquor.com\/hu\/product\/springbank-2011-local-barley-11-year-old-2023-release\/","og_locale":"hu_HU","og_type":"article","og_title":"Springbank 2011 Local Barley 11 Year Old 2023 Release","og_description":"Springbank 2011 Local Barley 11 Year Old 2023 Release Springbank distillery is located in Campbeltown, a picturesque Scottish town situated at the","og_url":"https:\/\/comprehensiveliquor.com\/hu\/product\/springbank-2011-local-barley-11-year-old-2023-release\/","og_site_name":"Comprehensive Liquor","article_modified_time":"2023-12-06T12:34:24+00:00","og_image":[{"width":651,"height":700,"url":"https:\/\/comprehensiveliquor.com\/wp-content\/uploads\/2023\/12\/image_2023-12-06_131917145-e1701865230646.png","type":"image\/png"}],"twitter_card":"summary_large_image","twitter_misc":{"Becs\u00fclt olvas\u00e1si id\u0151":"1 perc"},"schema":{"@context":"https:\/\/schema.org","@graph":[{"@type":"WebPage","@id":"https:\/\/comprehensiveliquor.com\/product\/springbank-2011-local-barley-11-year-old-2023-release\/","url":"https:\/\/comprehensiveliquor.com\/product\/springbank-2011-local-barley-11-year-old-2023-release\/","name":"Springbank 2011 Helyi \u00c1rpa 11 \u00c9ves 2023 Kiad\u00e1s","isPartOf":{"@id":"https:\/\/comprehensiveliquor.com\/#website"},"primaryImageOfPage":{"@id":"https:\/\/comprehensiveliquor.com\/product\/springbank-2011-local-barley-11-year-old-2023-release\/#primaryimage"},"image":{"@id":"https:\/\/comprehensiveliquor.com\/product\/springbank-2011-local-barley-11-year-old-2023-release\/#primaryimage"},"thumbnailUrl":"https:\/\/comprehensiveliquor.com\/wp-content\/uploads\/2023\/12\/image_2023-12-06_131917145-e1701865230646.png","datePublished":"2023-12-06T12:28:11+00:00","dateModified":"2023-12-06T12:34:24+00:00","description":"Springbank 2011 Helyi \u00c1rpa 11 \u00c9ves 2023 Kiad\u00e1s A Springbank lep\u00e1rl\u00f3 Campbeltownban tal\u00e1lhat\u00f3, egy fest\u0151i sk\u00f3t v\u00e1rosban, a ...","breadcrumb":{"@id":"https:\/\/comprehensiveliquor.com\/product\/springbank-2011-local-barley-11-year-old-2023-release\/#breadcrumb"},"inLanguage":"hu","potentialAction":[{"@type":"ReadAction","target":["https:\/\/comprehensiveliquor.com\/product\/springbank-2011-local-barley-11-year-old-2023-release\/"]}]},{"@type":"ImageObject","inLanguage":"hu","@id":"https:\/\/comprehensiveliquor.com\/product\/springbank-2011-local-barley-11-year-old-2023-release\/#primaryimage","url":"https:\/\/comprehensiveliquor.com\/wp-content\/uploads\/2023\/12\/image_2023-12-06_131917145-e1701865230646.png","contentUrl":"https:\/\/comprehensiveliquor.com\/wp-content\/uploads\/2023\/12\/image_2023-12-06_131917145-e1701865230646.png","width":651,"height":700,"caption":"#image_title"},{"@type":"BreadcrumbList","@id":"https:\/\/comprehensiveliquor.com\/product\/springbank-2011-local-barley-11-year-old-2023-release\/#breadcrumb","itemListElement":[{"@type":"ListItem","position":1,"name":"Home","item":"https:\/\/comprehensiveliquor.com\/"},{"@type":"ListItem","position":2,"name":"Shop","item":"https:\/\/comprehensiveliquor.com\/shop\/"},{"@type":"ListItem","position":3,"name":"Springbank 2011 Local Barley 11 Year Old 2023 Release"}]},{"@type":"WebSite","@id":"https:\/\/comprehensiveliquor.com\/#website","url":"https:\/\/comprehensiveliquor.com\/","name":"\u00c1tfog\u00f3 ital","description":"Best Liquor Store","publisher":{"@id":"https:\/\/comprehensiveliquor.com\/#organization"},"alternateName":"Comprehensive Liquor Store","potentialAction":[{"@type":"SearchAction","target":{"@type":"EntryPoint","urlTemplate":"https:\/\/comprehensiveliquor.com\/?s={search_term_string}"},"query-input":{"@type":"PropertyValueSpecification","valueRequired":true,"valueName":"search_term_string"}}],"inLanguage":"hu"},{"@type":"Organization","@id":"https:\/\/comprehensiveliquor.com\/#organization","name":"\u00c1tfog\u00f3 ital","alternateName":"Comprehensive Liquor Store","url":"https:\/\/comprehensiveliquor.com\/","logo":{"@type":"ImageObject","inLanguage":"hu","@id":"https:\/\/comprehensiveliquor.com\/#\/schema\/logo\/image\/","url":"https:\/\/comprehensiveliquor.com\/wp-content\/uploads\/2024\/03\/cropped-image_2024-03-26_131408877.png","contentUrl":"https:\/\/comprehensiveliquor.com\/wp-content\/uploads\/2024\/03\/cropped-image_2024-03-26_131408877.png","width":378,"height":263,"caption":"Comprehensive Liquor"},"image":{"@id":"https:\/\/comprehensiveliquor.com\/#\/schema\/logo\/image\/"}}]}},"_links":{"self":[{"href":"https:\/\/comprehensiveliquor.com\/hu\/wp-json\/wp\/v2\/product\/4219","targetHints":{"allow":["GET"]}}],"collection":[{"href":"https:\/\/comprehensiveliquor.com\/hu\/wp-json\/wp\/v2\/product"}],"about":[{"href":"https:\/\/comprehensiveliquor.com\/hu\/wp-json\/wp\/v2\/types\/product"}],"replies":[{"embeddable":true,"href":"https:\/\/comprehensiveliquor.com\/hu\/wp-json\/wp\/v2\/comments?post=4219"}],"wp:featuredmedia":[{"embeddable":true,"href":"https:\/\/comprehensiveliquor.com\/hu\/wp-json\/wp\/v2\/media\/4220"}],"wp:attachment":[{"href":"https:\/\/comprehensiveliquor.com\/hu\/wp-json\/wp\/v2\/media?parent=4219"}],"wp:term":[{"taxonomy":"product_brand","embeddable":true,"href":"https:\/\/comprehensiveliquor.com\/hu\/wp-json\/wp\/v2\/product_brand?post=4219"},{"taxonomy":"product_cat","embeddable":true,"href":"https:\/\/comprehensiveliquor.com\/hu\/wp-json\/wp\/v2\/product_cat?post=4219"},{"taxonomy":"product_tag","embeddable":true,"href":"https:\/\/comprehensiveliquor.com\/hu\/wp-json\/wp\/v2\/product_tag?post=4219"}],"curies":[{"name":"wp","href":"https:\/\/api.w.org\/{rel}","templated":true}]}}