{"id":4278,"date":"2024-03-08T13:34:53","date_gmt":"2024-03-08T13:34:53","guid":{"rendered":"https:\/\/comprehensiveliquor.com\/?post_type=product&#038;p=4278"},"modified":"2026-01-05T10:32:53","modified_gmt":"2026-01-05T10:32:53","slug":"michters-shenks-homestead-sour-mash-2023-release","status":"publish","type":"product","link":"https:\/\/comprehensiveliquor.com\/hu\/product\/michters-shenks-homestead-sour-mash-2023-release\/","title":{"rendered":"Shenk&#8217;s Homestead Release 2023 Small Batch 45.6%"},"content":{"rendered":"<h2><strong>Michter\u2019s Shenk&#8217;s Homestead Sour Mash 2023 Release<\/strong><\/h2>\n<p data-start=\"572\" data-end=\"895\"><strong data-start=\"572\" data-end=\"626\">Shenk\u2019s Homestead Release 2023 Small Batch (45.6%)<\/strong> is a limited-edition Kentucky sour mash whiskey crafted in small batches and inspired by traditional distilling methods. This release delivers a refined balance of toasted oak, spice, caramel, and subtle herbal notes, offering a smooth yet complex drinking experience.<\/p>\n<p data-start=\"897\" data-end=\"1184\">Bottled at <strong data-start=\"908\" data-end=\"921\">45.6% ABV<\/strong>, Shenk\u2019s Homestead 2023 showcases depth and character, making it an excellent choice for collectors and whiskey enthusiasts seeking premium American whiskey. Each bottle reflects careful aging and thoughtful blending, resulting in a rich, well-structured finish.<\/p>\n<p data-start=\"1186\" data-end=\"1326\">Ideal for sipping neat or enjoying on special occasions, this small batch release stands out for its craftsmanship and limited availability.<\/p>\n<p>&nbsp;<\/p>\n<h3>K\u00f3stol\u00f3 megjegyz\u00e9sek<\/h3>\n<p><strong>Nose<\/strong>: Toffee with spice and vanilla.<\/p>\n<p><strong>Taste<\/strong>: A whiskey to savor, complimented by highlights of smooth spice, dried fruit, and honey.<\/p>\n<p><strong>Befejez\u00e9s<\/strong>:\u00a0\u00a0\u00a0Smooth and savoury.<\/p>\n<p>&nbsp;<\/p>\n<h4>Attrib\u00fatumok<\/h4>\n<table>\n<tbody>\n<tr>\n<td><strong>Kateg\u00f3ria<\/strong><\/td>\n<td><a title=\"Amerikai whisky\" href=\"https:\/\/comprehensiveliquor.com\/hu\/product-category\/american-whiskey\/\">Amerikai whisky<\/a><\/td>\n<\/tr>\n<tr>\n<td><strong>M\u00e1rka<\/strong><\/td>\n<td><a title=\"Michter's\" href=\"https:\/\/www.whisky.fr\/en\/brands\/michter-s.html\" target=\"_blank\" rel=\"noopener\">Michter\u2019s<\/a><\/td>\n<\/tr>\n<tr>\n<td><strong>Region<\/strong><\/td>\n<td>America<\/td>\n<\/tr>\n<tr>\n<td><strong>ABV<\/strong><\/td>\n<td>45.6%<\/td>\n<\/tr>\n<\/tbody>\n<\/table>","protected":false},"excerpt":{"rendered":"<p>Michter\u2019s Shenk&#8217;s Homestead Sour Mash 2023 Release Shenk\u2019s Homestead Release 2023 Small Batch (45.6%) is a limited-edition Kentucky sour mash whiskey crafted in small batches and inspired by traditional distilling methods. This release delivers a refined balance of toasted oak, spice, caramel, and subtle herbal notes, offering a smooth yet complex drinking experience. Bottled at [&hellip;]<\/p>\n","protected":false},"featured_media":4279,"comment_status":"closed","ping_status":"closed","template":"","meta":{"site-sidebar-layout":"default","site-content-layout":"","ast-site-content-layout":"default","site-content-style":"default","site-sidebar-style":"default","ast-global-header-display":"","ast-banner-title-visibility":"","ast-main-header-display":"","ast-hfb-above-header-display":"","ast-hfb-below-header-display":"","ast-hfb-mobile-header-display":"","site-post-title":"","ast-breadcrumbs-content":"","ast-featured-img":"","footer-sml-layout":"","ast-disable-related-posts":"","theme-transparent-header-meta":"default","adv-header-id-meta":"","stick-header-meta":"","header-above-stick-meta":"","header-main-stick-meta":"","header-below-stick-meta":"","astra-migrate-meta-layouts":"set","ast-page-background-enabled":"default","ast-page-background-meta":{"desktop":{"background-color":"","background-image":"","background-repeat":"repeat","background-position":"center center","background-size":"auto","background-attachment":"scroll","background-type":"","background-media":"","overlay-type":"","overlay-color":"","overlay-opacity":"","overlay-gradient":""},"tablet":{"background-color":"","background-image":"","background-repeat":"repeat","background-position":"center center","background-size":"auto","background-attachment":"scroll","background-type":"","background-media":"","overlay-type":"","overlay-color":"","overlay-opacity":"","overlay-gradient":""},"mobile":{"background-color":"","background-image":"","background-repeat":"repeat","background-position":"center center","background-size":"auto","background-attachment":"scroll","background-type":"","background-media":"","overlay-type":"","overlay-color":"","overlay-opacity":"","overlay-gradient":""}},"ast-content-background-meta":{"desktop":{"background-color":"var(--ast-global-color-5)","background-image":"","background-repeat":"repeat","background-position":"center center","background-size":"auto","background-attachment":"scroll","background-type":"","background-media":"","overlay-type":"","overlay-color":"","overlay-opacity":"","overlay-gradient":""},"tablet":{"background-color":"var(--ast-global-color-5)","background-image":"","background-repeat":"repeat","background-position":"center center","background-size":"auto","background-attachment":"scroll","background-type":"","background-media":"","overlay-type":"","overlay-color":"","overlay-opacity":"","overlay-gradient":""},"mobile":{"background-color":"var(--ast-global-color-5)","background-image":"","background-repeat":"repeat","background-position":"center center","background-size":"auto","background-attachment":"scroll","background-type":"","background-media":"","overlay-type":"","overlay-color":"","overlay-opacity":"","overlay-gradient":""}}},"product_brand":[],"product_cat":[17],"product_tag":[],"class_list":{"0":"post-4278","1":"product","2":"type-product","3":"status-publish","4":"has-post-thumbnail","6":"product_cat-american-whiskey","7":"desktop-align-center","8":"tablet-align-left","9":"mobile-align-left","11":"first","12":"instock","13":"sale","14":"shipping-taxable","15":"purchasable","16":"product-type-simple"},"yoast_head":"<!-- This site is optimized with the Yoast SEO Premium plugin v24.7 (Yoast SEO v27.4) - https:\/\/yoast.com\/product\/yoast-seo-premium-wordpress\/ -->\n<title>Shenk\u2019s Homestead Release 2023 Small Batch 45.6%<\/title>\n<meta name=\"description\" content=\"Buy Shenk\u2019s Homestead Release 2023 Small Batch 45.6%. A limited Kentucky sour mash whiskey with rich oak, spice, and depth.\" \/>\n<meta name=\"robots\" content=\"index, follow, max-snippet:-1, max-image-preview:large, max-video-preview:-1\" \/>\n<link rel=\"canonical\" href=\"https:\/\/comprehensiveliquor.com\/hu\/product\/michters-shenks-homestead-sour-mash-2023-release\/\" \/>\n<meta property=\"og:locale\" content=\"hu_HU\" \/>\n<meta property=\"og:type\" content=\"article\" \/>\n<meta property=\"og:title\" content=\"Shenk&#039;s Homestead Release 2023 Small Batch 45.6%\" \/>\n<meta property=\"og:description\" content=\"Buy Shenk\u2019s Homestead Release 2023 Small Batch 45.6%. A limited Kentucky sour mash whiskey with rich oak, spice, and depth.\" \/>\n<meta property=\"og:url\" content=\"https:\/\/comprehensiveliquor.com\/hu\/product\/michters-shenks-homestead-sour-mash-2023-release\/\" \/>\n<meta property=\"og:site_name\" content=\"Comprehensive Liquor\" \/>\n<meta property=\"article:modified_time\" content=\"2026-01-05T10:32:53+00:00\" \/>\n<meta property=\"og:image\" content=\"https:\/\/comprehensiveliquor.com\/wp-content\/uploads\/2024\/03\/image_2024-03-08_143026316.png\" \/>\n\t<meta property=\"og:image:width\" content=\"1100\" \/>\n\t<meta property=\"og:image:height\" content=\"1100\" \/>\n\t<meta property=\"og:image:type\" content=\"image\/png\" \/>\n<meta name=\"twitter:card\" content=\"summary_large_image\" \/>\n<meta name=\"twitter:label1\" content=\"Becs\u00fclt olvas\u00e1si id\u0151\" \/>\n\t<meta name=\"twitter:data1\" content=\"1 perc\" \/>\n<script type=\"application\/ld+json\" class=\"yoast-schema-graph\">{\"@context\":\"https:\\\/\\\/schema.org\",\"@graph\":[{\"@type\":\"WebPage\",\"@id\":\"https:\\\/\\\/comprehensiveliquor.com\\\/product\\\/michters-shenks-homestead-sour-mash-2023-release\\\/\",\"url\":\"https:\\\/\\\/comprehensiveliquor.com\\\/product\\\/michters-shenks-homestead-sour-mash-2023-release\\\/\",\"name\":\"Shenk\u2019s Homestead Release 2023 Small Batch 45.6%\",\"isPartOf\":{\"@id\":\"https:\\\/\\\/comprehensiveliquor.com\\\/#website\"},\"primaryImageOfPage\":{\"@id\":\"https:\\\/\\\/comprehensiveliquor.com\\\/product\\\/michters-shenks-homestead-sour-mash-2023-release\\\/#primaryimage\"},\"image\":{\"@id\":\"https:\\\/\\\/comprehensiveliquor.com\\\/product\\\/michters-shenks-homestead-sour-mash-2023-release\\\/#primaryimage\"},\"thumbnailUrl\":\"https:\\\/\\\/comprehensiveliquor.com\\\/wp-content\\\/uploads\\\/2024\\\/03\\\/image_2024-03-08_143026316.png\",\"datePublished\":\"2024-03-08T13:34:53+00:00\",\"dateModified\":\"2026-01-05T10:32:53+00:00\",\"description\":\"Buy Shenk\u2019s Homestead Release 2023 Small Batch 45.6%. A limited Kentucky sour mash whiskey with rich oak, spice, and depth.\",\"breadcrumb\":{\"@id\":\"https:\\\/\\\/comprehensiveliquor.com\\\/product\\\/michters-shenks-homestead-sour-mash-2023-release\\\/#breadcrumb\"},\"inLanguage\":\"hu\",\"potentialAction\":[{\"@type\":\"ReadAction\",\"target\":[\"https:\\\/\\\/comprehensiveliquor.com\\\/product\\\/michters-shenks-homestead-sour-mash-2023-release\\\/\"]}]},{\"@type\":\"ImageObject\",\"inLanguage\":\"hu\",\"@id\":\"https:\\\/\\\/comprehensiveliquor.com\\\/product\\\/michters-shenks-homestead-sour-mash-2023-release\\\/#primaryimage\",\"url\":\"https:\\\/\\\/comprehensiveliquor.com\\\/wp-content\\\/uploads\\\/2024\\\/03\\\/image_2024-03-08_143026316.png\",\"contentUrl\":\"https:\\\/\\\/comprehensiveliquor.com\\\/wp-content\\\/uploads\\\/2024\\\/03\\\/image_2024-03-08_143026316.png\",\"width\":1100,\"height\":1100,\"caption\":\"#image_title\"},{\"@type\":\"BreadcrumbList\",\"@id\":\"https:\\\/\\\/comprehensiveliquor.com\\\/product\\\/michters-shenks-homestead-sour-mash-2023-release\\\/#breadcrumb\",\"itemListElement\":[{\"@type\":\"ListItem\",\"position\":1,\"name\":\"Home\",\"item\":\"https:\\\/\\\/comprehensiveliquor.com\\\/\"},{\"@type\":\"ListItem\",\"position\":2,\"name\":\"Shop\",\"item\":\"https:\\\/\\\/comprehensiveliquor.com\\\/shop\\\/\"},{\"@type\":\"ListItem\",\"position\":3,\"name\":\"Shenk&#8217;s Homestead Release 2023 Small Batch 45.6%\"}]},{\"@type\":\"WebSite\",\"@id\":\"https:\\\/\\\/comprehensiveliquor.com\\\/#website\",\"url\":\"https:\\\/\\\/comprehensiveliquor.com\\\/\",\"name\":\"Comprehensive Liquor\",\"description\":\"Best Liquor Store\",\"publisher\":{\"@id\":\"https:\\\/\\\/comprehensiveliquor.com\\\/#organization\"},\"alternateName\":\"Comprehensive Liquor Store\",\"potentialAction\":[{\"@type\":\"SearchAction\",\"target\":{\"@type\":\"EntryPoint\",\"urlTemplate\":\"https:\\\/\\\/comprehensiveliquor.com\\\/?s={search_term_string}\"},\"query-input\":{\"@type\":\"PropertyValueSpecification\",\"valueRequired\":true,\"valueName\":\"search_term_string\"}}],\"inLanguage\":\"hu\"},{\"@type\":\"Organization\",\"@id\":\"https:\\\/\\\/comprehensiveliquor.com\\\/#organization\",\"name\":\"Comprehensive Liquor\",\"alternateName\":\"Comprehensive Liquor Store\",\"url\":\"https:\\\/\\\/comprehensiveliquor.com\\\/\",\"logo\":{\"@type\":\"ImageObject\",\"inLanguage\":\"hu\",\"@id\":\"https:\\\/\\\/comprehensiveliquor.com\\\/#\\\/schema\\\/logo\\\/image\\\/\",\"url\":\"https:\\\/\\\/comprehensiveliquor.com\\\/wp-content\\\/uploads\\\/2024\\\/03\\\/cropped-image_2024-03-26_131408877.png\",\"contentUrl\":\"https:\\\/\\\/comprehensiveliquor.com\\\/wp-content\\\/uploads\\\/2024\\\/03\\\/cropped-image_2024-03-26_131408877.png\",\"width\":378,\"height\":263,\"caption\":\"Comprehensive Liquor\"},\"image\":{\"@id\":\"https:\\\/\\\/comprehensiveliquor.com\\\/#\\\/schema\\\/logo\\\/image\\\/\"}}]}<\/script>\n<!-- \/ Yoast SEO Premium plugin. -->","yoast_head_json":{"title":"Shenk Homestead kiad\u00e1sa 2023 Kis t\u00e9tel 45,6%","description":"V\u00e1s\u00e1rold meg a Shenk\u2019s Homestead 2023-as kis t\u00e9tel\u0171, 45,6%-os whiskyj\u00e9t. Egy limit\u00e1lt kiad\u00e1s\u00fa Kentucky savany\u00fa cefre whisky gazdag t\u00f6lgyfa arom\u00e1val, f\u0171szerekkel \u00e9s m\u00e9lys\u00e9ggel.","robots":{"index":"index","follow":"follow","max-snippet":"max-snippet:-1","max-image-preview":"max-image-preview:large","max-video-preview":"max-video-preview:-1"},"canonical":"https:\/\/comprehensiveliquor.com\/hu\/product\/michters-shenks-homestead-sour-mash-2023-release\/","og_locale":"hu_HU","og_type":"article","og_title":"Shenk's Homestead Release 2023 Small Batch 45.6%","og_description":"Buy Shenk\u2019s Homestead Release 2023 Small Batch 45.6%. A limited Kentucky sour mash whiskey with rich oak, spice, and depth.","og_url":"https:\/\/comprehensiveliquor.com\/hu\/product\/michters-shenks-homestead-sour-mash-2023-release\/","og_site_name":"Comprehensive Liquor","article_modified_time":"2026-01-05T10:32:53+00:00","og_image":[{"width":1100,"height":1100,"url":"https:\/\/comprehensiveliquor.com\/wp-content\/uploads\/2024\/03\/image_2024-03-08_143026316.png","type":"image\/png"}],"twitter_card":"summary_large_image","twitter_misc":{"Becs\u00fclt olvas\u00e1si id\u0151":"1 perc"},"schema":{"@context":"https:\/\/schema.org","@graph":[{"@type":"WebPage","@id":"https:\/\/comprehensiveliquor.com\/product\/michters-shenks-homestead-sour-mash-2023-release\/","url":"https:\/\/comprehensiveliquor.com\/product\/michters-shenks-homestead-sour-mash-2023-release\/","name":"Shenk Homestead kiad\u00e1sa 2023 Kis t\u00e9tel 45,6%","isPartOf":{"@id":"https:\/\/comprehensiveliquor.com\/#website"},"primaryImageOfPage":{"@id":"https:\/\/comprehensiveliquor.com\/product\/michters-shenks-homestead-sour-mash-2023-release\/#primaryimage"},"image":{"@id":"https:\/\/comprehensiveliquor.com\/product\/michters-shenks-homestead-sour-mash-2023-release\/#primaryimage"},"thumbnailUrl":"https:\/\/comprehensiveliquor.com\/wp-content\/uploads\/2024\/03\/image_2024-03-08_143026316.png","datePublished":"2024-03-08T13:34:53+00:00","dateModified":"2026-01-05T10:32:53+00:00","description":"V\u00e1s\u00e1rold meg a Shenk\u2019s Homestead 2023-as kis t\u00e9tel\u0171, 45,6%-os whiskyj\u00e9t. Egy limit\u00e1lt kiad\u00e1s\u00fa Kentucky savany\u00fa cefre whisky gazdag t\u00f6lgyfa arom\u00e1val, f\u0171szerekkel \u00e9s m\u00e9lys\u00e9ggel.","breadcrumb":{"@id":"https:\/\/comprehensiveliquor.com\/product\/michters-shenks-homestead-sour-mash-2023-release\/#breadcrumb"},"inLanguage":"hu","potentialAction":[{"@type":"ReadAction","target":["https:\/\/comprehensiveliquor.com\/product\/michters-shenks-homestead-sour-mash-2023-release\/"]}]},{"@type":"ImageObject","inLanguage":"hu","@id":"https:\/\/comprehensiveliquor.com\/product\/michters-shenks-homestead-sour-mash-2023-release\/#primaryimage","url":"https:\/\/comprehensiveliquor.com\/wp-content\/uploads\/2024\/03\/image_2024-03-08_143026316.png","contentUrl":"https:\/\/comprehensiveliquor.com\/wp-content\/uploads\/2024\/03\/image_2024-03-08_143026316.png","width":1100,"height":1100,"caption":"#image_title"},{"@type":"BreadcrumbList","@id":"https:\/\/comprehensiveliquor.com\/product\/michters-shenks-homestead-sour-mash-2023-release\/#breadcrumb","itemListElement":[{"@type":"ListItem","position":1,"name":"Home","item":"https:\/\/comprehensiveliquor.com\/"},{"@type":"ListItem","position":2,"name":"Shop","item":"https:\/\/comprehensiveliquor.com\/shop\/"},{"@type":"ListItem","position":3,"name":"Shenk&#8217;s Homestead Release 2023 Small Batch 45.6%"}]},{"@type":"WebSite","@id":"https:\/\/comprehensiveliquor.com\/#website","url":"https:\/\/comprehensiveliquor.com\/","name":"\u00c1tfog\u00f3 ital","description":"Best Liquor Store","publisher":{"@id":"https:\/\/comprehensiveliquor.com\/#organization"},"alternateName":"Comprehensive Liquor Store","potentialAction":[{"@type":"SearchAction","target":{"@type":"EntryPoint","urlTemplate":"https:\/\/comprehensiveliquor.com\/?s={search_term_string}"},"query-input":{"@type":"PropertyValueSpecification","valueRequired":true,"valueName":"search_term_string"}}],"inLanguage":"hu"},{"@type":"Organization","@id":"https:\/\/comprehensiveliquor.com\/#organization","name":"\u00c1tfog\u00f3 ital","alternateName":"Comprehensive Liquor Store","url":"https:\/\/comprehensiveliquor.com\/","logo":{"@type":"ImageObject","inLanguage":"hu","@id":"https:\/\/comprehensiveliquor.com\/#\/schema\/logo\/image\/","url":"https:\/\/comprehensiveliquor.com\/wp-content\/uploads\/2024\/03\/cropped-image_2024-03-26_131408877.png","contentUrl":"https:\/\/comprehensiveliquor.com\/wp-content\/uploads\/2024\/03\/cropped-image_2024-03-26_131408877.png","width":378,"height":263,"caption":"Comprehensive Liquor"},"image":{"@id":"https:\/\/comprehensiveliquor.com\/#\/schema\/logo\/image\/"}}]}},"_links":{"self":[{"href":"https:\/\/comprehensiveliquor.com\/hu\/wp-json\/wp\/v2\/product\/4278","targetHints":{"allow":["GET"]}}],"collection":[{"href":"https:\/\/comprehensiveliquor.com\/hu\/wp-json\/wp\/v2\/product"}],"about":[{"href":"https:\/\/comprehensiveliquor.com\/hu\/wp-json\/wp\/v2\/types\/product"}],"replies":[{"embeddable":true,"href":"https:\/\/comprehensiveliquor.com\/hu\/wp-json\/wp\/v2\/comments?post=4278"}],"wp:featuredmedia":[{"embeddable":true,"href":"https:\/\/comprehensiveliquor.com\/hu\/wp-json\/wp\/v2\/media\/4279"}],"wp:attachment":[{"href":"https:\/\/comprehensiveliquor.com\/hu\/wp-json\/wp\/v2\/media?parent=4278"}],"wp:term":[{"taxonomy":"product_brand","embeddable":true,"href":"https:\/\/comprehensiveliquor.com\/hu\/wp-json\/wp\/v2\/product_brand?post=4278"},{"taxonomy":"product_cat","embeddable":true,"href":"https:\/\/comprehensiveliquor.com\/hu\/wp-json\/wp\/v2\/product_cat?post=4278"},{"taxonomy":"product_tag","embeddable":true,"href":"https:\/\/comprehensiveliquor.com\/hu\/wp-json\/wp\/v2\/product_tag?post=4278"}],"curies":[{"name":"wp","href":"https:\/\/api.w.org\/{rel}","templated":true}]}}