{"id":4730,"date":"2024-11-07T20:51:39","date_gmt":"2024-11-07T20:51:39","guid":{"rendered":"https:\/\/comprehensiveliquor.com\/?post_type=product&#038;p=4730"},"modified":"2024-11-07T20:51:39","modified_gmt":"2024-11-07T20:51:39","slug":"port-ellen-1978-44-year-old-gemini-set-original","status":"publish","type":"product","link":"https:\/\/comprehensiveliquor.com\/hu\/product\/port-ellen-1978-44-year-old-gemini-set-original\/","title":{"rendered":"Port Ellen 1978 44 \u00e9ves Gemini szett eredeti"},"content":{"rendered":"<h2>Port Ellen 1978 44 \u00e9ves Gemini k\u00e9szlet Eredeti \u00e9s Marad\u00e9khord\u00f3<\/h2>\n<p>T\u00f6bb mint 40 \u00e9vnyi hallgat\u00e1s ut\u00e1n a Port Ellen visszat\u00e9rt ezzel a leny\u0171g\u00f6z\u0151 \u00faj kiad\u00e1ssal. A Gemini k\u00e9t rendk\u00edv\u00fcli single malt whiskyb\u0151l \u00e1ll, amelyek mindegyike 44 \u00e9vig \u00e9rlel\u0151d\u00f6tt. Ezeket a whiskyket h\u00e1rom kiv\u00e1l\u00f3 eur\u00f3pai t\u00f6lgyfahord\u00f3b\u00f3l csapolt\u00e1k, amelyeket 1978-ban t\u00f6lt\u00f6ttek meg, majd k\u00e9t r\u00e9szre osztottak, \u00e9s az \u00e9vek sor\u00e1n elt\u00e9r\u0151 \u00e9rlel\u00e9si utakat j\u00e1rtak be.<\/p>\n<p>A Port Ellen Gemini Original egy leny\u0171g\u00f6z\u0151 single malt whisky, amelyet eur\u00f3pai t\u00f6lgyfahord\u00f3kban \u00e9rleltek hosszabb ideig, mint ennek az ikonikus lep\u00e1rl\u00f3nak a kor\u00e1bbi kiad\u00e1sait. H\u00edn\u00e1r \u00e9s s\u00fclt gy\u00fcm\u00f6lcs\u00f6s gy\u00fcm\u00f6lcs jegyeire sz\u00e1m\u00edthatunk, amelyeket m\u00e1glyaf\u00fcst \u00e9s j\u00f3d k\u00f6vet.<\/p>\n<p>Ezen whiskyk k\u00f6z\u00fcl a m\u00e1sodikat egy \u201emarad\u00e9khord\u00f3ban\u201d \u00e9rlelt\u00e9k, egy olyan tart\u00e1lyban, amely a t\u00f6lt\u00e9s sor\u00e1n feleslegben maradt szeszt m\u00e9ri. Ezt a Port Ellen-i marad\u00e9khord\u00f3t, amelyet egy Islay-i lep\u00e1rl\u00f3csoport mentett meg a Port Ellen 1983-as bez\u00e1r\u00e1sakor, n\u00e9gy \u00e9vtizeden \u00e1t \u0151rzik. A hord\u00f3 val\u00f3sz\u00edn\u0171leg meg\u00e9rintette a lep\u00e1rl\u00f3 n\u00e9h\u00e1ny legt\u00f6rt\u00e9nelmibb whiskyj\u00e9t, \u00e9s doh\u00e1ny, f\u0171r\u00e9szpor \u00e9s karamell jegyeket adott a single malt whisky gy\u00fcm\u00f6lcs\u00f6s \u00e9s f\u00fcst\u00f6s jelleg\u00e9hez.<\/p>\n<p>&nbsp;<\/p>\n<h4>Attrib\u00fatumok<\/h4>\n<table>\n<tbody>\n<tr>\n<td><strong>Kateg\u00f3ria<\/strong><\/td>\n<td><a title=\"Scotch Whiskey\" href=\"https:\/\/comprehensiveliquor.com\/hu\/product-category\/scotch-whisky\/\">Scotch Whiskey<\/a><\/td>\n<\/tr>\n<tr>\n<td><strong>M\u00e1rka<\/strong><\/td>\n<td><a class=\"odtLink__a37116a7 primaryLink__47b4ddc7\" href=\"https:\/\/www.totalwine.com\/spirits\/brand\/port-ellen\" rel=\"noopener noreferrer\">Port Ellen<\/a><\/td>\n<\/tr>\n<tr>\n<td><strong>State<\/strong><\/td>\n<td><a class=\"odtLink__a37116a7 primaryLink__47b4ddc7\" href=\"https:\/\/www.totalwine.com\/spirits\/islay-islands\/islay-islands\/c\/001127\" rel=\"noopener noreferrer\">Islay &amp; Islands<\/a><\/td>\n<\/tr>\n<tr>\n<td><strong>Spirits Type<\/strong><\/td>\n<td><a class=\"odtLink__a37116a7 primaryLink__47b4ddc7\" href=\"https:\/\/www.totalwine.com\/spirits\/scotch\/c\/000885\" rel=\"noopener noreferrer\">Scotch<\/a><\/td>\n<\/tr>\n<\/tbody>\n<\/table>","protected":false},"excerpt":{"rendered":"<p>Port Ellen 1978 44 Year Old Gemini Set Original Cask &amp; Remnant Cask After standing silent for more than 40 years, Port Ellen marked its return with this impressive new release. Gemini is a set of two extraordinary single malts, each matured for 44 years. These whiskies were drawn from three outstanding European Oak casks [&hellip;]<\/p>\n","protected":false},"featured_media":4731,"comment_status":"closed","ping_status":"closed","template":"","meta":{"site-sidebar-layout":"default","site-content-layout":"","ast-site-content-layout":"default","site-content-style":"default","site-sidebar-style":"default","ast-global-header-display":"","ast-banner-title-visibility":"","ast-main-header-display":"","ast-hfb-above-header-display":"","ast-hfb-below-header-display":"","ast-hfb-mobile-header-display":"","site-post-title":"","ast-breadcrumbs-content":"","ast-featured-img":"","footer-sml-layout":"","ast-disable-related-posts":"","theme-transparent-header-meta":"default","adv-header-id-meta":"","stick-header-meta":"","header-above-stick-meta":"","header-main-stick-meta":"","header-below-stick-meta":"","astra-migrate-meta-layouts":"set","ast-page-background-enabled":"default","ast-page-background-meta":{"desktop":{"background-color":"","background-image":"","background-repeat":"repeat","background-position":"center center","background-size":"auto","background-attachment":"scroll","background-type":"","background-media":"","overlay-type":"","overlay-color":"","overlay-opacity":"","overlay-gradient":""},"tablet":{"background-color":"","background-image":"","background-repeat":"repeat","background-position":"center center","background-size":"auto","background-attachment":"scroll","background-type":"","background-media":"","overlay-type":"","overlay-color":"","overlay-opacity":"","overlay-gradient":""},"mobile":{"background-color":"","background-image":"","background-repeat":"repeat","background-position":"center center","background-size":"auto","background-attachment":"scroll","background-type":"","background-media":"","overlay-type":"","overlay-color":"","overlay-opacity":"","overlay-gradient":""}},"ast-content-background-meta":{"desktop":{"background-color":"var(--ast-global-color-5)","background-image":"","background-repeat":"repeat","background-position":"center center","background-size":"auto","background-attachment":"scroll","background-type":"","background-media":"","overlay-type":"","overlay-color":"","overlay-opacity":"","overlay-gradient":""},"tablet":{"background-color":"var(--ast-global-color-5)","background-image":"","background-repeat":"repeat","background-position":"center center","background-size":"auto","background-attachment":"scroll","background-type":"","background-media":"","overlay-type":"","overlay-color":"","overlay-opacity":"","overlay-gradient":""},"mobile":{"background-color":"var(--ast-global-color-5)","background-image":"","background-repeat":"repeat","background-position":"center center","background-size":"auto","background-attachment":"scroll","background-type":"","background-media":"","overlay-type":"","overlay-color":"","overlay-opacity":"","overlay-gradient":""}}},"product_brand":[],"product_cat":[39],"product_tag":[],"class_list":{"0":"post-4730","1":"product","2":"type-product","3":"status-publish","4":"has-post-thumbnail","6":"product_cat-scotch-whisky","7":"desktop-align-center","8":"tablet-align-left","9":"mobile-align-left","11":"first","12":"instock","13":"shipping-taxable","14":"purchasable","15":"product-type-simple"},"yoast_head":"<!-- This site is optimized with the Yoast SEO Premium plugin v24.7 (Yoast SEO v27.4) - https:\/\/yoast.com\/product\/yoast-seo-premium-wordpress\/ -->\n<title>Port Ellen 1978 44 Year Old Gemini Set Original<\/title>\n<meta name=\"description\" content=\"Port Ellen 1978 44 Year Old Gemini Set Original Cask &amp; Remnant Cask After standing silent for more than 40 years, Port Ellen marked its return with\" \/>\n<meta name=\"robots\" content=\"index, follow, max-snippet:-1, max-image-preview:large, max-video-preview:-1\" \/>\n<link rel=\"canonical\" href=\"https:\/\/comprehensiveliquor.com\/hu\/product\/port-ellen-1978-44-year-old-gemini-set-original\/\" \/>\n<meta property=\"og:locale\" content=\"hu_HU\" \/>\n<meta property=\"og:type\" content=\"article\" \/>\n<meta property=\"og:title\" content=\"Port Ellen 1978 44 Year Old Gemini Set Original\" \/>\n<meta property=\"og:description\" content=\"Port Ellen 1978 44 Year Old Gemini Set Original Cask &amp; Remnant Cask After standing silent for more than 40 years, Port Ellen marked its return with\" \/>\n<meta property=\"og:url\" content=\"https:\/\/comprehensiveliquor.com\/hu\/product\/port-ellen-1978-44-year-old-gemini-set-original\/\" \/>\n<meta property=\"og:site_name\" content=\"Comprehensive Liquor\" \/>\n<meta property=\"og:image\" content=\"https:\/\/comprehensiveliquor.com\/wp-content\/uploads\/2024\/11\/image_2024-11-07_214353246.png\" \/>\n\t<meta property=\"og:image:width\" content=\"700\" \/>\n\t<meta property=\"og:image:height\" content=\"933\" \/>\n\t<meta property=\"og:image:type\" content=\"image\/png\" \/>\n<meta name=\"twitter:card\" content=\"summary_large_image\" \/>\n<meta name=\"twitter:label1\" content=\"Becs\u00fclt olvas\u00e1si id\u0151\" \/>\n\t<meta name=\"twitter:data1\" content=\"1 perc\" \/>\n<script type=\"application\/ld+json\" class=\"yoast-schema-graph\">{\"@context\":\"https:\\\/\\\/schema.org\",\"@graph\":[{\"@type\":\"WebPage\",\"@id\":\"https:\\\/\\\/comprehensiveliquor.com\\\/product\\\/port-ellen-1978-44-year-old-gemini-set-original\\\/\",\"url\":\"https:\\\/\\\/comprehensiveliquor.com\\\/product\\\/port-ellen-1978-44-year-old-gemini-set-original\\\/\",\"name\":\"Port Ellen 1978 44 Year Old Gemini Set Original\",\"isPartOf\":{\"@id\":\"https:\\\/\\\/comprehensiveliquor.com\\\/#website\"},\"primaryImageOfPage\":{\"@id\":\"https:\\\/\\\/comprehensiveliquor.com\\\/product\\\/port-ellen-1978-44-year-old-gemini-set-original\\\/#primaryimage\"},\"image\":{\"@id\":\"https:\\\/\\\/comprehensiveliquor.com\\\/product\\\/port-ellen-1978-44-year-old-gemini-set-original\\\/#primaryimage\"},\"thumbnailUrl\":\"https:\\\/\\\/comprehensiveliquor.com\\\/wp-content\\\/uploads\\\/2024\\\/11\\\/image_2024-11-07_214353246.png\",\"datePublished\":\"2024-11-07T20:51:39+00:00\",\"description\":\"Port Ellen 1978 44 Year Old Gemini Set Original Cask &amp; Remnant Cask After standing silent for more than 40 years, Port Ellen marked its return with\",\"breadcrumb\":{\"@id\":\"https:\\\/\\\/comprehensiveliquor.com\\\/product\\\/port-ellen-1978-44-year-old-gemini-set-original\\\/#breadcrumb\"},\"inLanguage\":\"hu\",\"potentialAction\":[{\"@type\":\"ReadAction\",\"target\":[\"https:\\\/\\\/comprehensiveliquor.com\\\/product\\\/port-ellen-1978-44-year-old-gemini-set-original\\\/\"]}]},{\"@type\":\"ImageObject\",\"inLanguage\":\"hu\",\"@id\":\"https:\\\/\\\/comprehensiveliquor.com\\\/product\\\/port-ellen-1978-44-year-old-gemini-set-original\\\/#primaryimage\",\"url\":\"https:\\\/\\\/comprehensiveliquor.com\\\/wp-content\\\/uploads\\\/2024\\\/11\\\/image_2024-11-07_214353246.png\",\"contentUrl\":\"https:\\\/\\\/comprehensiveliquor.com\\\/wp-content\\\/uploads\\\/2024\\\/11\\\/image_2024-11-07_214353246.png\",\"width\":700,\"height\":933},{\"@type\":\"BreadcrumbList\",\"@id\":\"https:\\\/\\\/comprehensiveliquor.com\\\/product\\\/port-ellen-1978-44-year-old-gemini-set-original\\\/#breadcrumb\",\"itemListElement\":[{\"@type\":\"ListItem\",\"position\":1,\"name\":\"Home\",\"item\":\"https:\\\/\\\/comprehensiveliquor.com\\\/\"},{\"@type\":\"ListItem\",\"position\":2,\"name\":\"Shop\",\"item\":\"https:\\\/\\\/comprehensiveliquor.com\\\/shop\\\/\"},{\"@type\":\"ListItem\",\"position\":3,\"name\":\"Port Ellen 1978 44 Year Old Gemini Set Original\"}]},{\"@type\":\"WebSite\",\"@id\":\"https:\\\/\\\/comprehensiveliquor.com\\\/#website\",\"url\":\"https:\\\/\\\/comprehensiveliquor.com\\\/\",\"name\":\"Comprehensive Liquor\",\"description\":\"Best Liquor Store\",\"publisher\":{\"@id\":\"https:\\\/\\\/comprehensiveliquor.com\\\/#organization\"},\"alternateName\":\"Comprehensive Liquor Store\",\"potentialAction\":[{\"@type\":\"SearchAction\",\"target\":{\"@type\":\"EntryPoint\",\"urlTemplate\":\"https:\\\/\\\/comprehensiveliquor.com\\\/?s={search_term_string}\"},\"query-input\":{\"@type\":\"PropertyValueSpecification\",\"valueRequired\":true,\"valueName\":\"search_term_string\"}}],\"inLanguage\":\"hu\"},{\"@type\":\"Organization\",\"@id\":\"https:\\\/\\\/comprehensiveliquor.com\\\/#organization\",\"name\":\"Comprehensive Liquor\",\"alternateName\":\"Comprehensive Liquor Store\",\"url\":\"https:\\\/\\\/comprehensiveliquor.com\\\/\",\"logo\":{\"@type\":\"ImageObject\",\"inLanguage\":\"hu\",\"@id\":\"https:\\\/\\\/comprehensiveliquor.com\\\/#\\\/schema\\\/logo\\\/image\\\/\",\"url\":\"https:\\\/\\\/comprehensiveliquor.com\\\/wp-content\\\/uploads\\\/2024\\\/03\\\/cropped-image_2024-03-26_131408877.png\",\"contentUrl\":\"https:\\\/\\\/comprehensiveliquor.com\\\/wp-content\\\/uploads\\\/2024\\\/03\\\/cropped-image_2024-03-26_131408877.png\",\"width\":378,\"height\":263,\"caption\":\"Comprehensive Liquor\"},\"image\":{\"@id\":\"https:\\\/\\\/comprehensiveliquor.com\\\/#\\\/schema\\\/logo\\\/image\\\/\"}}]}<\/script>\n<!-- \/ Yoast SEO Premium plugin. -->","yoast_head_json":{"title":"Port Ellen 1978 44 \u00e9ves Gemini szett eredeti","description":"Port Ellen 1978 44 Year Old Gemini Set Original Cask &amp; Remnant Cask After standing silent for more than 40 years, Port Ellen marked its return with","robots":{"index":"index","follow":"follow","max-snippet":"max-snippet:-1","max-image-preview":"max-image-preview:large","max-video-preview":"max-video-preview:-1"},"canonical":"https:\/\/comprehensiveliquor.com\/hu\/product\/port-ellen-1978-44-year-old-gemini-set-original\/","og_locale":"hu_HU","og_type":"article","og_title":"Port Ellen 1978 44 Year Old Gemini Set Original","og_description":"Port Ellen 1978 44 Year Old Gemini Set Original Cask &amp; Remnant Cask After standing silent for more than 40 years, Port Ellen marked its return with","og_url":"https:\/\/comprehensiveliquor.com\/hu\/product\/port-ellen-1978-44-year-old-gemini-set-original\/","og_site_name":"Comprehensive Liquor","og_image":[{"width":700,"height":933,"url":"https:\/\/comprehensiveliquor.com\/wp-content\/uploads\/2024\/11\/image_2024-11-07_214353246.png","type":"image\/png"}],"twitter_card":"summary_large_image","twitter_misc":{"Becs\u00fclt olvas\u00e1si id\u0151":"1 perc"},"schema":{"@context":"https:\/\/schema.org","@graph":[{"@type":"WebPage","@id":"https:\/\/comprehensiveliquor.com\/product\/port-ellen-1978-44-year-old-gemini-set-original\/","url":"https:\/\/comprehensiveliquor.com\/product\/port-ellen-1978-44-year-old-gemini-set-original\/","name":"Port Ellen 1978 44 \u00e9ves Gemini szett eredeti","isPartOf":{"@id":"https:\/\/comprehensiveliquor.com\/#website"},"primaryImageOfPage":{"@id":"https:\/\/comprehensiveliquor.com\/product\/port-ellen-1978-44-year-old-gemini-set-original\/#primaryimage"},"image":{"@id":"https:\/\/comprehensiveliquor.com\/product\/port-ellen-1978-44-year-old-gemini-set-original\/#primaryimage"},"thumbnailUrl":"https:\/\/comprehensiveliquor.com\/wp-content\/uploads\/2024\/11\/image_2024-11-07_214353246.png","datePublished":"2024-11-07T20:51:39+00:00","description":"Port Ellen 1978 44 Year Old Gemini Set Original Cask &amp; Remnant Cask After standing silent for more than 40 years, Port Ellen marked its return with","breadcrumb":{"@id":"https:\/\/comprehensiveliquor.com\/product\/port-ellen-1978-44-year-old-gemini-set-original\/#breadcrumb"},"inLanguage":"hu","potentialAction":[{"@type":"ReadAction","target":["https:\/\/comprehensiveliquor.com\/product\/port-ellen-1978-44-year-old-gemini-set-original\/"]}]},{"@type":"ImageObject","inLanguage":"hu","@id":"https:\/\/comprehensiveliquor.com\/product\/port-ellen-1978-44-year-old-gemini-set-original\/#primaryimage","url":"https:\/\/comprehensiveliquor.com\/wp-content\/uploads\/2024\/11\/image_2024-11-07_214353246.png","contentUrl":"https:\/\/comprehensiveliquor.com\/wp-content\/uploads\/2024\/11\/image_2024-11-07_214353246.png","width":700,"height":933},{"@type":"BreadcrumbList","@id":"https:\/\/comprehensiveliquor.com\/product\/port-ellen-1978-44-year-old-gemini-set-original\/#breadcrumb","itemListElement":[{"@type":"ListItem","position":1,"name":"Home","item":"https:\/\/comprehensiveliquor.com\/"},{"@type":"ListItem","position":2,"name":"Shop","item":"https:\/\/comprehensiveliquor.com\/shop\/"},{"@type":"ListItem","position":3,"name":"Port Ellen 1978 44 Year Old Gemini Set Original"}]},{"@type":"WebSite","@id":"https:\/\/comprehensiveliquor.com\/#website","url":"https:\/\/comprehensiveliquor.com\/","name":"\u00c1tfog\u00f3 ital","description":"Best Liquor Store","publisher":{"@id":"https:\/\/comprehensiveliquor.com\/#organization"},"alternateName":"Comprehensive Liquor Store","potentialAction":[{"@type":"SearchAction","target":{"@type":"EntryPoint","urlTemplate":"https:\/\/comprehensiveliquor.com\/?s={search_term_string}"},"query-input":{"@type":"PropertyValueSpecification","valueRequired":true,"valueName":"search_term_string"}}],"inLanguage":"hu"},{"@type":"Organization","@id":"https:\/\/comprehensiveliquor.com\/#organization","name":"\u00c1tfog\u00f3 ital","alternateName":"Comprehensive Liquor Store","url":"https:\/\/comprehensiveliquor.com\/","logo":{"@type":"ImageObject","inLanguage":"hu","@id":"https:\/\/comprehensiveliquor.com\/#\/schema\/logo\/image\/","url":"https:\/\/comprehensiveliquor.com\/wp-content\/uploads\/2024\/03\/cropped-image_2024-03-26_131408877.png","contentUrl":"https:\/\/comprehensiveliquor.com\/wp-content\/uploads\/2024\/03\/cropped-image_2024-03-26_131408877.png","width":378,"height":263,"caption":"Comprehensive Liquor"},"image":{"@id":"https:\/\/comprehensiveliquor.com\/#\/schema\/logo\/image\/"}}]}},"_links":{"self":[{"href":"https:\/\/comprehensiveliquor.com\/hu\/wp-json\/wp\/v2\/product\/4730","targetHints":{"allow":["GET"]}}],"collection":[{"href":"https:\/\/comprehensiveliquor.com\/hu\/wp-json\/wp\/v2\/product"}],"about":[{"href":"https:\/\/comprehensiveliquor.com\/hu\/wp-json\/wp\/v2\/types\/product"}],"replies":[{"embeddable":true,"href":"https:\/\/comprehensiveliquor.com\/hu\/wp-json\/wp\/v2\/comments?post=4730"}],"wp:featuredmedia":[{"embeddable":true,"href":"https:\/\/comprehensiveliquor.com\/hu\/wp-json\/wp\/v2\/media\/4731"}],"wp:attachment":[{"href":"https:\/\/comprehensiveliquor.com\/hu\/wp-json\/wp\/v2\/media?parent=4730"}],"wp:term":[{"taxonomy":"product_brand","embeddable":true,"href":"https:\/\/comprehensiveliquor.com\/hu\/wp-json\/wp\/v2\/product_brand?post=4730"},{"taxonomy":"product_cat","embeddable":true,"href":"https:\/\/comprehensiveliquor.com\/hu\/wp-json\/wp\/v2\/product_cat?post=4730"},{"taxonomy":"product_tag","embeddable":true,"href":"https:\/\/comprehensiveliquor.com\/hu\/wp-json\/wp\/v2\/product_tag?post=4730"}],"curies":[{"name":"wp","href":"https:\/\/api.w.org\/{rel}","templated":true}]}}