{"id":4887,"date":"2025-11-14T13:04:05","date_gmt":"2025-11-14T13:04:05","guid":{"rendered":"https:\/\/comprehensiveliquor.com\/?post_type=product&#038;p=4887"},"modified":"2026-02-05T21:51:38","modified_gmt":"2026-02-05T21:51:38","slug":"macallan-classic-cut-2025-edition","status":"publish","type":"product","link":"https:\/\/comprehensiveliquor.com\/hu\/product\/macallan-classic-cut-2025-edition\/","title":{"rendered":"Macallan Classic Cut 2025-\u00f6s kiad\u00e1s"},"content":{"rendered":"<h1>Macallan Classic Cut 2025-\u00f6s kiad\u00e1s \u2013 Limit\u00e1lt kiad\u00e1s\u00fa single malt sk\u00f3t whisky<\/h1>\n<div class=\"section-content\">\n<p>A Macallan Classic Cut 2025 Edition a kilencedik darab a limit\u00e1lt \u00e9ves sorozatban, folytatva a lep\u00e1rl\u00f3 folyamatos \u00edzkutat\u00e1s\u00e1t. Az \u00e9rlel\u00e9s cs\u00facs\u00e1n v\u00e1logatott hord\u00f3kb\u00f3l gondosan k\u00e9sz\u00edtett whisky sherryvel \u00edzes\u00edtett eur\u00f3pai \u00e9s amerikai t\u00f6lgyfahord\u00f3kat \u00f6tv\u00f6z ex-bourbon hord\u00f3kkal, \u00edgy egy figyelemre m\u00e9lt\u00f3 gazdags\u00e1g\u00fa \u00e9s \u00f6sszetetts\u00e9g\u0171 whiskyt hoz l\u00e9tre. 50,6% ABV-vel palackozva.<\/p>\n<p>Illat\u00e1ban narancsolaj, \u00e1rpacukor, kr\u00e9mes van\u00edlia \u00e9s frissen s\u00fclt almatorta jegyei fedezhet\u0151k fel, m\u00edg \u00edz\u00e9ben porcukor \u00e9dess\u00e9ge, mandarin, citrusos meringue \u00e9s karamelliz\u00e1lt jegyek r\u00e9tegez\u0151dnek. Hossz\u00fa \u00e9s eleg\u00e1ns lecseng\u00e9s, grapefruit, dinnye \u00e9s egy enyhe, meleg t\u00f6lgyf\u0171szeres jegyekkel, mindezt aranyl\u00f3 naplemente \u00e1rnyalat\u00e1ban.<\/p>\n<\/div>\n<p>&nbsp;<\/p>\n<h3>Attrib\u00fatumok<\/h3>\n<table>\n<tbody>\n<tr>\n<td><b>Kateg\u00f3ria<\/b><\/td>\n<td><a href=\"https:\/\/comprehensiveliquor.com\/hu\/product-category\/scotch-whisky\/\">Scotch Whiskey<\/a><\/td>\n<\/tr>\n<tr>\n<td><b>Distillery<\/b><\/td>\n<td>The Macallan<\/td>\n<\/tr>\n<tr>\n<td><strong>ABV<\/strong><\/td>\n<td>50.6%<\/td>\n<\/tr>\n<tr>\n<td><strong>Cask Type<\/strong><\/td>\n<td>Single Malt<\/td>\n<\/tr>\n<tr>\n<td><strong>Size<\/strong><\/td>\n<td>70cl<\/td>\n<\/tr>\n<tr>\n<td><strong>Limit\u00e1lt kiad\u00e1s<\/strong><\/td>\n<td>Yes<\/td>\n<\/tr>\n<\/tbody>\n<\/table>","protected":false},"excerpt":{"rendered":"<p>Macallan Classic Cut 2025 Edition \u2013 Limited Release Single Malt Scotch Whisky The Macallan Classic Cut 2025 Edition is the ninth release in the limited annual series, continuing the distillery\u2019s ongoing exploration of flavour. Carefully crafted from casks selected at the peak of their maturation, it combines sherry-seasoned European and American oak with ex-bourbon barrels [&hellip;]<\/p>\n","protected":false},"featured_media":4889,"comment_status":"closed","ping_status":"closed","template":"","meta":{"site-sidebar-layout":"default","site-content-layout":"","ast-site-content-layout":"default","site-content-style":"default","site-sidebar-style":"default","ast-global-header-display":"","ast-banner-title-visibility":"","ast-main-header-display":"","ast-hfb-above-header-display":"","ast-hfb-below-header-display":"","ast-hfb-mobile-header-display":"","site-post-title":"","ast-breadcrumbs-content":"","ast-featured-img":"","footer-sml-layout":"","ast-disable-related-posts":"","theme-transparent-header-meta":"default","adv-header-id-meta":"","stick-header-meta":"","header-above-stick-meta":"","header-main-stick-meta":"","header-below-stick-meta":"","astra-migrate-meta-layouts":"set","ast-page-background-enabled":"default","ast-page-background-meta":{"desktop":{"background-color":"","background-image":"","background-repeat":"repeat","background-position":"center center","background-size":"auto","background-attachment":"scroll","background-type":"","background-media":"","overlay-type":"","overlay-color":"","overlay-opacity":"","overlay-gradient":""},"tablet":{"background-color":"","background-image":"","background-repeat":"repeat","background-position":"center center","background-size":"auto","background-attachment":"scroll","background-type":"","background-media":"","overlay-type":"","overlay-color":"","overlay-opacity":"","overlay-gradient":""},"mobile":{"background-color":"","background-image":"","background-repeat":"repeat","background-position":"center center","background-size":"auto","background-attachment":"scroll","background-type":"","background-media":"","overlay-type":"","overlay-color":"","overlay-opacity":"","overlay-gradient":""}},"ast-content-background-meta":{"desktop":{"background-color":"var(--ast-global-color-5)","background-image":"","background-repeat":"repeat","background-position":"center center","background-size":"auto","background-attachment":"scroll","background-type":"","background-media":"","overlay-type":"","overlay-color":"","overlay-opacity":"","overlay-gradient":""},"tablet":{"background-color":"var(--ast-global-color-5)","background-image":"","background-repeat":"repeat","background-position":"center center","background-size":"auto","background-attachment":"scroll","background-type":"","background-media":"","overlay-type":"","overlay-color":"","overlay-opacity":"","overlay-gradient":""},"mobile":{"background-color":"var(--ast-global-color-5)","background-image":"","background-repeat":"repeat","background-position":"center center","background-size":"auto","background-attachment":"scroll","background-type":"","background-media":"","overlay-type":"","overlay-color":"","overlay-opacity":"","overlay-gradient":""}}},"product_brand":[],"product_cat":[39],"product_tag":[],"class_list":{"0":"post-4887","1":"product","2":"type-product","3":"status-publish","4":"has-post-thumbnail","6":"product_cat-scotch-whisky","7":"desktop-align-center","8":"tablet-align-left","9":"mobile-align-left","11":"first","12":"instock","13":"shipping-taxable","14":"purchasable","15":"product-type-simple"},"yoast_head":"<!-- This site is optimized with the Yoast SEO Premium plugin v24.7 (Yoast SEO v27.3) - https:\/\/yoast.com\/product\/yoast-seo-premium-wordpress\/ -->\n<title>Macallan Classic Cut 2025 Edition | Limited Whisky<\/title>\n<meta name=\"description\" content=\"Buy Macallan Classic Cut 2025 Edition, a limited release single malt Scotch whisky with bold flavor and high ABV. Authentic bottle, fast shipping available.\" \/>\n<meta name=\"robots\" content=\"index, follow, max-snippet:-1, max-image-preview:large, max-video-preview:-1\" \/>\n<link rel=\"canonical\" href=\"https:\/\/comprehensiveliquor.com\/hu\/product\/macallan-classic-cut-2025-edition\/\" \/>\n<meta property=\"og:locale\" content=\"hu_HU\" \/>\n<meta property=\"og:type\" content=\"article\" \/>\n<meta property=\"og:title\" content=\"Macallan Classic Cut 2025 Edition\" \/>\n<meta property=\"og:description\" content=\"Buy Macallan Classic Cut 2025 Edition, a limited release single malt Scotch whisky with bold flavor and high ABV. Authentic bottle, fast shipping available.\" \/>\n<meta property=\"og:url\" content=\"https:\/\/comprehensiveliquor.com\/hu\/product\/macallan-classic-cut-2025-edition\/\" \/>\n<meta property=\"og:site_name\" content=\"Comprehensive Liquor\" \/>\n<meta property=\"article:modified_time\" content=\"2026-02-05T21:51:38+00:00\" \/>\n<meta property=\"og:image\" content=\"https:\/\/comprehensiveliquor.com\/wp-content\/uploads\/2025\/11\/macallan_classic_cut_2025_ps-1.jpg\" \/>\n\t<meta property=\"og:image:width\" content=\"700\" \/>\n\t<meta property=\"og:image:height\" content=\"700\" \/>\n\t<meta property=\"og:image:type\" content=\"image\/jpeg\" \/>\n<meta name=\"twitter:card\" content=\"summary_large_image\" \/>\n<meta name=\"twitter:label1\" content=\"Becs\u00fclt olvas\u00e1si id\u0151\" \/>\n\t<meta name=\"twitter:data1\" content=\"1 perc\" \/>\n<script type=\"application\/ld+json\" class=\"yoast-schema-graph\">{\"@context\":\"https:\\\/\\\/schema.org\",\"@graph\":[{\"@type\":\"WebPage\",\"@id\":\"https:\\\/\\\/comprehensiveliquor.com\\\/product\\\/macallan-classic-cut-2025-edition\\\/\",\"url\":\"https:\\\/\\\/comprehensiveliquor.com\\\/product\\\/macallan-classic-cut-2025-edition\\\/\",\"name\":\"Macallan Classic Cut 2025 Edition | Limited Whisky\",\"isPartOf\":{\"@id\":\"https:\\\/\\\/comprehensiveliquor.com\\\/#website\"},\"primaryImageOfPage\":{\"@id\":\"https:\\\/\\\/comprehensiveliquor.com\\\/product\\\/macallan-classic-cut-2025-edition\\\/#primaryimage\"},\"image\":{\"@id\":\"https:\\\/\\\/comprehensiveliquor.com\\\/product\\\/macallan-classic-cut-2025-edition\\\/#primaryimage\"},\"thumbnailUrl\":\"https:\\\/\\\/comprehensiveliquor.com\\\/wp-content\\\/uploads\\\/2025\\\/11\\\/macallan_classic_cut_2025_ps-1.jpg\",\"datePublished\":\"2025-11-14T13:04:05+00:00\",\"dateModified\":\"2026-02-05T21:51:38+00:00\",\"description\":\"Buy Macallan Classic Cut 2025 Edition, a limited release single malt Scotch whisky with bold flavor and high ABV. Authentic bottle, fast shipping available.\",\"breadcrumb\":{\"@id\":\"https:\\\/\\\/comprehensiveliquor.com\\\/product\\\/macallan-classic-cut-2025-edition\\\/#breadcrumb\"},\"inLanguage\":\"hu\",\"potentialAction\":[{\"@type\":\"ReadAction\",\"target\":[\"https:\\\/\\\/comprehensiveliquor.com\\\/product\\\/macallan-classic-cut-2025-edition\\\/\"]}]},{\"@type\":\"ImageObject\",\"inLanguage\":\"hu\",\"@id\":\"https:\\\/\\\/comprehensiveliquor.com\\\/product\\\/macallan-classic-cut-2025-edition\\\/#primaryimage\",\"url\":\"https:\\\/\\\/comprehensiveliquor.com\\\/wp-content\\\/uploads\\\/2025\\\/11\\\/macallan_classic_cut_2025_ps-1.jpg\",\"contentUrl\":\"https:\\\/\\\/comprehensiveliquor.com\\\/wp-content\\\/uploads\\\/2025\\\/11\\\/macallan_classic_cut_2025_ps-1.jpg\",\"width\":700,\"height\":700,\"caption\":\"Macallan Classic Cut 2025 Edition Bottle\"},{\"@type\":\"BreadcrumbList\",\"@id\":\"https:\\\/\\\/comprehensiveliquor.com\\\/product\\\/macallan-classic-cut-2025-edition\\\/#breadcrumb\",\"itemListElement\":[{\"@type\":\"ListItem\",\"position\":1,\"name\":\"Home\",\"item\":\"https:\\\/\\\/comprehensiveliquor.com\\\/\"},{\"@type\":\"ListItem\",\"position\":2,\"name\":\"Shop\",\"item\":\"https:\\\/\\\/comprehensiveliquor.com\\\/shop\\\/\"},{\"@type\":\"ListItem\",\"position\":3,\"name\":\"Macallan Classic Cut 2025 Edition\"}]},{\"@type\":\"WebSite\",\"@id\":\"https:\\\/\\\/comprehensiveliquor.com\\\/#website\",\"url\":\"https:\\\/\\\/comprehensiveliquor.com\\\/\",\"name\":\"Comprehensive Liquor\",\"description\":\"Best Liquor Store\",\"publisher\":{\"@id\":\"https:\\\/\\\/comprehensiveliquor.com\\\/#organization\"},\"alternateName\":\"Comprehensive Liquor Store\",\"potentialAction\":[{\"@type\":\"SearchAction\",\"target\":{\"@type\":\"EntryPoint\",\"urlTemplate\":\"https:\\\/\\\/comprehensiveliquor.com\\\/?s={search_term_string}\"},\"query-input\":{\"@type\":\"PropertyValueSpecification\",\"valueRequired\":true,\"valueName\":\"search_term_string\"}}],\"inLanguage\":\"hu\"},{\"@type\":\"Organization\",\"@id\":\"https:\\\/\\\/comprehensiveliquor.com\\\/#organization\",\"name\":\"Comprehensive Liquor\",\"alternateName\":\"Comprehensive Liquor Store\",\"url\":\"https:\\\/\\\/comprehensiveliquor.com\\\/\",\"logo\":{\"@type\":\"ImageObject\",\"inLanguage\":\"hu\",\"@id\":\"https:\\\/\\\/comprehensiveliquor.com\\\/#\\\/schema\\\/logo\\\/image\\\/\",\"url\":\"https:\\\/\\\/comprehensiveliquor.com\\\/wp-content\\\/uploads\\\/2024\\\/03\\\/cropped-image_2024-03-26_131408877.png\",\"contentUrl\":\"https:\\\/\\\/comprehensiveliquor.com\\\/wp-content\\\/uploads\\\/2024\\\/03\\\/cropped-image_2024-03-26_131408877.png\",\"width\":378,\"height\":263,\"caption\":\"Comprehensive Liquor\"},\"image\":{\"@id\":\"https:\\\/\\\/comprehensiveliquor.com\\\/#\\\/schema\\\/logo\\\/image\\\/\"}}]}<\/script>\n<!-- \/ Yoast SEO Premium plugin. -->","yoast_head_json":{"title":"Macallan Classic Cut 2025-\u00f6s kiad\u00e1s | Limit\u00e1lt Whisky","description":"V\u00e1s\u00e1roljon Macallan Classic Cut 2025 Edition-t, egy limit\u00e1lt kiad\u00e1s\u00fa, single malt sk\u00f3t whiskyt er\u0151teljes \u00edzzel \u00e9s magas alkoholtartalommal. Eredeti palack, gyors sz\u00e1ll\u00edt\u00e1ssal.","robots":{"index":"index","follow":"follow","max-snippet":"max-snippet:-1","max-image-preview":"max-image-preview:large","max-video-preview":"max-video-preview:-1"},"canonical":"https:\/\/comprehensiveliquor.com\/hu\/product\/macallan-classic-cut-2025-edition\/","og_locale":"hu_HU","og_type":"article","og_title":"Macallan Classic Cut 2025 Edition","og_description":"Buy Macallan Classic Cut 2025 Edition, a limited release single malt Scotch whisky with bold flavor and high ABV. Authentic bottle, fast shipping available.","og_url":"https:\/\/comprehensiveliquor.com\/hu\/product\/macallan-classic-cut-2025-edition\/","og_site_name":"Comprehensive Liquor","article_modified_time":"2026-02-05T21:51:38+00:00","og_image":[{"width":700,"height":700,"url":"https:\/\/comprehensiveliquor.com\/wp-content\/uploads\/2025\/11\/macallan_classic_cut_2025_ps-1.jpg","type":"image\/jpeg"}],"twitter_card":"summary_large_image","twitter_misc":{"Becs\u00fclt olvas\u00e1si id\u0151":"1 perc"},"schema":{"@context":"https:\/\/schema.org","@graph":[{"@type":"WebPage","@id":"https:\/\/comprehensiveliquor.com\/product\/macallan-classic-cut-2025-edition\/","url":"https:\/\/comprehensiveliquor.com\/product\/macallan-classic-cut-2025-edition\/","name":"Macallan Classic Cut 2025-\u00f6s kiad\u00e1s | Limit\u00e1lt Whisky","isPartOf":{"@id":"https:\/\/comprehensiveliquor.com\/#website"},"primaryImageOfPage":{"@id":"https:\/\/comprehensiveliquor.com\/product\/macallan-classic-cut-2025-edition\/#primaryimage"},"image":{"@id":"https:\/\/comprehensiveliquor.com\/product\/macallan-classic-cut-2025-edition\/#primaryimage"},"thumbnailUrl":"https:\/\/comprehensiveliquor.com\/wp-content\/uploads\/2025\/11\/macallan_classic_cut_2025_ps-1.jpg","datePublished":"2025-11-14T13:04:05+00:00","dateModified":"2026-02-05T21:51:38+00:00","description":"V\u00e1s\u00e1roljon Macallan Classic Cut 2025 Edition-t, egy limit\u00e1lt kiad\u00e1s\u00fa, single malt sk\u00f3t whiskyt er\u0151teljes \u00edzzel \u00e9s magas alkoholtartalommal. Eredeti palack, gyors sz\u00e1ll\u00edt\u00e1ssal.","breadcrumb":{"@id":"https:\/\/comprehensiveliquor.com\/product\/macallan-classic-cut-2025-edition\/#breadcrumb"},"inLanguage":"hu","potentialAction":[{"@type":"ReadAction","target":["https:\/\/comprehensiveliquor.com\/product\/macallan-classic-cut-2025-edition\/"]}]},{"@type":"ImageObject","inLanguage":"hu","@id":"https:\/\/comprehensiveliquor.com\/product\/macallan-classic-cut-2025-edition\/#primaryimage","url":"https:\/\/comprehensiveliquor.com\/wp-content\/uploads\/2025\/11\/macallan_classic_cut_2025_ps-1.jpg","contentUrl":"https:\/\/comprehensiveliquor.com\/wp-content\/uploads\/2025\/11\/macallan_classic_cut_2025_ps-1.jpg","width":700,"height":700,"caption":"Macallan Classic Cut 2025 Edition Bottle"},{"@type":"BreadcrumbList","@id":"https:\/\/comprehensiveliquor.com\/product\/macallan-classic-cut-2025-edition\/#breadcrumb","itemListElement":[{"@type":"ListItem","position":1,"name":"Home","item":"https:\/\/comprehensiveliquor.com\/"},{"@type":"ListItem","position":2,"name":"Shop","item":"https:\/\/comprehensiveliquor.com\/shop\/"},{"@type":"ListItem","position":3,"name":"Macallan Classic Cut 2025 Edition"}]},{"@type":"WebSite","@id":"https:\/\/comprehensiveliquor.com\/#website","url":"https:\/\/comprehensiveliquor.com\/","name":"\u00c1tfog\u00f3 ital","description":"Best Liquor Store","publisher":{"@id":"https:\/\/comprehensiveliquor.com\/#organization"},"alternateName":"Comprehensive Liquor Store","potentialAction":[{"@type":"SearchAction","target":{"@type":"EntryPoint","urlTemplate":"https:\/\/comprehensiveliquor.com\/?s={search_term_string}"},"query-input":{"@type":"PropertyValueSpecification","valueRequired":true,"valueName":"search_term_string"}}],"inLanguage":"hu"},{"@type":"Organization","@id":"https:\/\/comprehensiveliquor.com\/#organization","name":"\u00c1tfog\u00f3 ital","alternateName":"Comprehensive Liquor Store","url":"https:\/\/comprehensiveliquor.com\/","logo":{"@type":"ImageObject","inLanguage":"hu","@id":"https:\/\/comprehensiveliquor.com\/#\/schema\/logo\/image\/","url":"https:\/\/comprehensiveliquor.com\/wp-content\/uploads\/2024\/03\/cropped-image_2024-03-26_131408877.png","contentUrl":"https:\/\/comprehensiveliquor.com\/wp-content\/uploads\/2024\/03\/cropped-image_2024-03-26_131408877.png","width":378,"height":263,"caption":"Comprehensive Liquor"},"image":{"@id":"https:\/\/comprehensiveliquor.com\/#\/schema\/logo\/image\/"}}]}},"_links":{"self":[{"href":"https:\/\/comprehensiveliquor.com\/hu\/wp-json\/wp\/v2\/product\/4887","targetHints":{"allow":["GET"]}}],"collection":[{"href":"https:\/\/comprehensiveliquor.com\/hu\/wp-json\/wp\/v2\/product"}],"about":[{"href":"https:\/\/comprehensiveliquor.com\/hu\/wp-json\/wp\/v2\/types\/product"}],"replies":[{"embeddable":true,"href":"https:\/\/comprehensiveliquor.com\/hu\/wp-json\/wp\/v2\/comments?post=4887"}],"wp:featuredmedia":[{"embeddable":true,"href":"https:\/\/comprehensiveliquor.com\/hu\/wp-json\/wp\/v2\/media\/4889"}],"wp:attachment":[{"href":"https:\/\/comprehensiveliquor.com\/hu\/wp-json\/wp\/v2\/media?parent=4887"}],"wp:term":[{"taxonomy":"product_brand","embeddable":true,"href":"https:\/\/comprehensiveliquor.com\/hu\/wp-json\/wp\/v2\/product_brand?post=4887"},{"taxonomy":"product_cat","embeddable":true,"href":"https:\/\/comprehensiveliquor.com\/hu\/wp-json\/wp\/v2\/product_cat?post=4887"},{"taxonomy":"product_tag","embeddable":true,"href":"https:\/\/comprehensiveliquor.com\/hu\/wp-json\/wp\/v2\/product_tag?post=4887"}],"curies":[{"name":"wp","href":"https:\/\/api.w.org\/{rel}","templated":true}]}}