{"id":87,"date":"2019-01-23T13:25:49","date_gmt":"2019-01-23T13:25:49","guid":{"rendered":"https:\/\/comprehensiveliquor.com\/index.php\/product\/money-plant\/"},"modified":"2023-09-28T08:13:28","modified_gmt":"2023-09-28T08:13:28","slug":"george-dickel-2011-2021-stateside-10-year-old-single-cask-35","status":"publish","type":"product","link":"https:\/\/comprehensiveliquor.com\/hu\/product\/george-dickel-2011-2021-stateside-10-year-old-single-cask-35\/","title":{"rendered":"George Dickel 2011-2021 | Stateside 10 Year Old Single Cask 35"},"content":{"rendered":"<h2><strong>Heroes &amp; Heretics 70cl\/50 Single Cask American Whiskey\u00a0<\/strong><\/h2>\n<p>Stateside whiskey, George Dickel is the other whiskey distillery in Tennessee, and many whiskey fans prefer its output to that of its more famous neighbor, Jack Daniels. This Heroes &amp; Heretics Stateside 10-year-old George Dickel 2011 was matured in a single bourbon barrel and yielded 233 bottles at 50%.<\/p>\n<p>&nbsp;<\/p>\n<h5 style=\"color: #252525;\"><strong style=\"color: #252525;\">Official Tasting Notes:<\/strong><\/h5>\n<p style=\"color: #252525;\">The nose is filled with the scent of apples, oranges, and roasted caramel. The lips are met with a sweet and piercing kiss of dried fruits and crushed pepper.<\/p>\n<p style=\"color: #252525;\">The warm aftertaste has bittersweet notes of vermouth that stay in the body for a long time. An explosive and warm-blooded whisky with a spicy aftertaste.<\/p>\n<p>&nbsp;<\/p>\n<h5>Attrib\u00fatumok<\/h5>\n<table>\n<tbody>\n<tr>\n<td><strong>Kateg\u00f3ria<\/strong><\/td>\n<td>\u00a0<a href=\"https:\/\/comprehensiveliquor.com\/hu\/product-category\/american-whiskey\/\">Amerikai whisky<\/a><\/td>\n<\/tr>\n<tr>\n<td><strong>Bottler<\/strong><\/td>\n<td>Heroes &amp; Heretics<\/td>\n<\/tr>\n<tr>\n<td><strong>Distillery<\/strong><\/td>\n<td><a title=\"George Dickel Distillery\" href=\"https:\/\/www.georgedickel.com\/visitus\" target=\"_blank\" rel=\"noopener\">George Dickel<\/a><\/td>\n<\/tr>\n<tr>\n<td><strong>Country<\/strong><\/td>\n<td>America<\/td>\n<\/tr>\n<tr>\n<td><strong>Distilled Year<\/strong><\/td>\n<td>2011<\/td>\n<\/tr>\n<tr>\n<td><strong>Bottling Year<\/strong><\/td>\n<td>2021<\/td>\n<\/tr>\n<tr>\n<td><strong>Age<\/strong><\/td>\n<td>10<\/td>\n<\/tr>\n<tr>\n<td><strong>Limit\u00e1lt kiad\u00e1s<\/strong><\/td>\n<td>Yes<\/td>\n<\/tr>\n<tr>\n<td><b>Bottles Produced<\/b><\/td>\n<td>233<\/td>\n<\/tr>\n<tr>\n<td><strong>Cask Number<\/strong><\/td>\n<td>35<\/td>\n<\/tr>\n<tr>\n<td><strong>Bottle Size<\/strong><\/td>\n<td>70cl<\/td>\n<\/tr>\n<tr>\n<td><strong>ABV<\/strong><\/td>\n<td>50%<\/p>\n<p>&nbsp;<\/td>\n<\/tr>\n<\/tbody>\n<\/table>","protected":false},"excerpt":{"rendered":"<p>A 10-year-old George Dickel 2011 American whiskey, bottled in 2021 by Heroes &amp; Heretics for their Stateside whiskey series.<\/p>","protected":false},"featured_media":1820,"comment_status":"open","ping_status":"closed","template":"","meta":{"site-sidebar-layout":"default","site-content-layout":"default","ast-site-content-layout":"default","site-content-style":"default","site-sidebar-style":"default","ast-global-header-display":"","ast-banner-title-visibility":"","ast-main-header-display":"","ast-hfb-above-header-display":"","ast-hfb-below-header-display":"","ast-hfb-mobile-header-display":"","site-post-title":"","ast-breadcrumbs-content":"","ast-featured-img":"","footer-sml-layout":"","ast-disable-related-posts":"","theme-transparent-header-meta":"default","adv-header-id-meta":"","stick-header-meta":"","header-above-stick-meta":"","header-main-stick-meta":"","header-below-stick-meta":"","astra-migrate-meta-layouts":"set","ast-page-background-enabled":"default","ast-page-background-meta":{"desktop":{"background-color":"","background-image":"","background-repeat":"repeat","background-position":"center center","background-size":"auto","background-attachment":"scroll","background-type":"","background-media":"","overlay-type":"","overlay-color":"","overlay-opacity":"","overlay-gradient":""},"tablet":{"background-color":"","background-image":"","background-repeat":"repeat","background-position":"center center","background-size":"auto","background-attachment":"scroll","background-type":"","background-media":"","overlay-type":"","overlay-color":"","overlay-opacity":"","overlay-gradient":""},"mobile":{"background-color":"","background-image":"","background-repeat":"repeat","background-position":"center center","background-size":"auto","background-attachment":"scroll","background-type":"","background-media":"","overlay-type":"","overlay-color":"","overlay-opacity":"","overlay-gradient":""}},"ast-content-background-meta":{"desktop":{"background-color":"var(--ast-global-color-5)","background-image":"","background-repeat":"repeat","background-position":"center center","background-size":"auto","background-attachment":"scroll","background-type":"","background-media":"","overlay-type":"","overlay-color":"","overlay-opacity":"","overlay-gradient":""},"tablet":{"background-color":"var(--ast-global-color-5)","background-image":"","background-repeat":"repeat","background-position":"center center","background-size":"auto","background-attachment":"scroll","background-type":"","background-media":"","overlay-type":"","overlay-color":"","overlay-opacity":"","overlay-gradient":""},"mobile":{"background-color":"var(--ast-global-color-5)","background-image":"","background-repeat":"repeat","background-position":"center center","background-size":"auto","background-attachment":"scroll","background-type":"","background-media":"","overlay-type":"","overlay-color":"","overlay-opacity":"","overlay-gradient":""}}},"product_brand":[],"product_cat":[17,58,24,27],"product_tag":[],"class_list":{"0":"post-87","1":"product","2":"type-product","3":"status-publish","4":"has-post-thumbnail","6":"product_cat-american-whiskey","7":"product_cat-limited-edition","8":"product_cat-new-arrivals","9":"product_cat-world-whisky","10":"desktop-align-center","11":"tablet-align-left","12":"mobile-align-left","14":"first","15":"instock","16":"featured","17":"shipping-taxable","18":"purchasable","19":"product-type-simple"},"yoast_head":"<!-- This site is optimized with the Yoast SEO Premium plugin v24.7 (Yoast SEO v27.3) - https:\/\/yoast.com\/product\/yoast-seo-premium-wordpress\/ -->\n<title>George Dickel 2011-2021 | Stateside 10 Year Old Single Cask 35<\/title>\n<meta name=\"description\" content=\"A 10-year-old George Dickel 2011 American whiskey, bottled in 2021 by Heroes &amp; Heretics for their Stateside whiskey series.\" \/>\n<meta name=\"robots\" content=\"index, follow, max-snippet:-1, max-image-preview:large, max-video-preview:-1\" \/>\n<link rel=\"canonical\" href=\"https:\/\/comprehensiveliquor.com\/hu\/product\/george-dickel-2011-2021-stateside-10-year-old-single-cask-35\/\" \/>\n<meta property=\"og:locale\" content=\"hu_HU\" \/>\n<meta property=\"og:type\" content=\"article\" \/>\n<meta property=\"og:title\" content=\"George Dickel 2011-2021 | Stateside 10 Year Old Single Cask 35\" \/>\n<meta property=\"og:description\" content=\"A 10-year-old George Dickel 2011 American whiskey, bottled in 2021 by Heroes &amp; Heretics for their Stateside whiskey series.\" \/>\n<meta property=\"og:url\" content=\"https:\/\/comprehensiveliquor.com\/hu\/product\/george-dickel-2011-2021-stateside-10-year-old-single-cask-35\/\" \/>\n<meta property=\"og:site_name\" content=\"Comprehensive Liquor\" \/>\n<meta property=\"article:modified_time\" content=\"2023-09-28T08:13:28+00:00\" \/>\n<meta property=\"og:image\" content=\"https:\/\/comprehensiveliquor.com\/wp-content\/uploads\/2019\/01\/image_2022-10-12_232537207.png\" \/>\n\t<meta property=\"og:image:width\" content=\"360\" \/>\n\t<meta property=\"og:image:height\" content=\"541\" \/>\n\t<meta property=\"og:image:type\" content=\"image\/png\" \/>\n<meta name=\"twitter:card\" content=\"summary_large_image\" \/>\n<meta name=\"twitter:label1\" content=\"Becs\u00fclt olvas\u00e1si id\u0151\" \/>\n\t<meta name=\"twitter:data1\" content=\"1 perc\" \/>\n<script type=\"application\/ld+json\" class=\"yoast-schema-graph\">{\"@context\":\"https:\\\/\\\/schema.org\",\"@graph\":[{\"@type\":\"WebPage\",\"@id\":\"https:\\\/\\\/comprehensiveliquor.com\\\/product\\\/george-dickel-2011-2021-stateside-10-year-old-single-cask-35\\\/\",\"url\":\"https:\\\/\\\/comprehensiveliquor.com\\\/product\\\/george-dickel-2011-2021-stateside-10-year-old-single-cask-35\\\/\",\"name\":\"George Dickel 2011-2021 | Stateside 10 Year Old Single Cask 35\",\"isPartOf\":{\"@id\":\"https:\\\/\\\/comprehensiveliquor.com\\\/#website\"},\"primaryImageOfPage\":{\"@id\":\"https:\\\/\\\/comprehensiveliquor.com\\\/product\\\/george-dickel-2011-2021-stateside-10-year-old-single-cask-35\\\/#primaryimage\"},\"image\":{\"@id\":\"https:\\\/\\\/comprehensiveliquor.com\\\/product\\\/george-dickel-2011-2021-stateside-10-year-old-single-cask-35\\\/#primaryimage\"},\"thumbnailUrl\":\"https:\\\/\\\/comprehensiveliquor.com\\\/wp-content\\\/uploads\\\/2019\\\/01\\\/image_2022-10-12_232537207.png\",\"datePublished\":\"2019-01-23T13:25:49+00:00\",\"dateModified\":\"2023-09-28T08:13:28+00:00\",\"description\":\"A 10-year-old George Dickel 2011 American whiskey, bottled in 2021 by Heroes &amp; Heretics for their Stateside whiskey series.\",\"breadcrumb\":{\"@id\":\"https:\\\/\\\/comprehensiveliquor.com\\\/product\\\/george-dickel-2011-2021-stateside-10-year-old-single-cask-35\\\/#breadcrumb\"},\"inLanguage\":\"hu\",\"potentialAction\":[{\"@type\":\"ReadAction\",\"target\":[\"https:\\\/\\\/comprehensiveliquor.com\\\/product\\\/george-dickel-2011-2021-stateside-10-year-old-single-cask-35\\\/\"]}]},{\"@type\":\"ImageObject\",\"inLanguage\":\"hu\",\"@id\":\"https:\\\/\\\/comprehensiveliquor.com\\\/product\\\/george-dickel-2011-2021-stateside-10-year-old-single-cask-35\\\/#primaryimage\",\"url\":\"https:\\\/\\\/comprehensiveliquor.com\\\/wp-content\\\/uploads\\\/2019\\\/01\\\/image_2022-10-12_232537207.png\",\"contentUrl\":\"https:\\\/\\\/comprehensiveliquor.com\\\/wp-content\\\/uploads\\\/2019\\\/01\\\/image_2022-10-12_232537207.png\",\"width\":360,\"height\":541,\"caption\":\"10-year-old George Dickel 2011\"},{\"@type\":\"BreadcrumbList\",\"@id\":\"https:\\\/\\\/comprehensiveliquor.com\\\/product\\\/george-dickel-2011-2021-stateside-10-year-old-single-cask-35\\\/#breadcrumb\",\"itemListElement\":[{\"@type\":\"ListItem\",\"position\":1,\"name\":\"Home\",\"item\":\"https:\\\/\\\/comprehensiveliquor.com\\\/\"},{\"@type\":\"ListItem\",\"position\":2,\"name\":\"Shop\",\"item\":\"https:\\\/\\\/comprehensiveliquor.com\\\/shop\\\/\"},{\"@type\":\"ListItem\",\"position\":3,\"name\":\"George Dickel 2011-2021 | Stateside 10 Year Old Single Cask 35\"}]},{\"@type\":\"WebSite\",\"@id\":\"https:\\\/\\\/comprehensiveliquor.com\\\/#website\",\"url\":\"https:\\\/\\\/comprehensiveliquor.com\\\/\",\"name\":\"Comprehensive Liquor\",\"description\":\"Best Liquor Store\",\"publisher\":{\"@id\":\"https:\\\/\\\/comprehensiveliquor.com\\\/#organization\"},\"alternateName\":\"Comprehensive Liquor Store\",\"potentialAction\":[{\"@type\":\"SearchAction\",\"target\":{\"@type\":\"EntryPoint\",\"urlTemplate\":\"https:\\\/\\\/comprehensiveliquor.com\\\/?s={search_term_string}\"},\"query-input\":{\"@type\":\"PropertyValueSpecification\",\"valueRequired\":true,\"valueName\":\"search_term_string\"}}],\"inLanguage\":\"hu\"},{\"@type\":\"Organization\",\"@id\":\"https:\\\/\\\/comprehensiveliquor.com\\\/#organization\",\"name\":\"Comprehensive Liquor\",\"alternateName\":\"Comprehensive Liquor Store\",\"url\":\"https:\\\/\\\/comprehensiveliquor.com\\\/\",\"logo\":{\"@type\":\"ImageObject\",\"inLanguage\":\"hu\",\"@id\":\"https:\\\/\\\/comprehensiveliquor.com\\\/#\\\/schema\\\/logo\\\/image\\\/\",\"url\":\"https:\\\/\\\/comprehensiveliquor.com\\\/wp-content\\\/uploads\\\/2024\\\/03\\\/cropped-image_2024-03-26_131408877.png\",\"contentUrl\":\"https:\\\/\\\/comprehensiveliquor.com\\\/wp-content\\\/uploads\\\/2024\\\/03\\\/cropped-image_2024-03-26_131408877.png\",\"width\":378,\"height\":263,\"caption\":\"Comprehensive Liquor\"},\"image\":{\"@id\":\"https:\\\/\\\/comprehensiveliquor.com\\\/#\\\/schema\\\/logo\\\/image\\\/\"}}]}<\/script>\n<!-- \/ Yoast SEO Premium plugin. -->","yoast_head_json":{"title":"George Dickel 2011-2021 | Stateside 10 Year Old Single Cask 35","description":"A 10-year-old George Dickel 2011 American whiskey, bottled in 2021 by Heroes &amp; Heretics for their Stateside whiskey series.","robots":{"index":"index","follow":"follow","max-snippet":"max-snippet:-1","max-image-preview":"max-image-preview:large","max-video-preview":"max-video-preview:-1"},"canonical":"https:\/\/comprehensiveliquor.com\/hu\/product\/george-dickel-2011-2021-stateside-10-year-old-single-cask-35\/","og_locale":"hu_HU","og_type":"article","og_title":"George Dickel 2011-2021 | Stateside 10 Year Old Single Cask 35","og_description":"A 10-year-old George Dickel 2011 American whiskey, bottled in 2021 by Heroes &amp; Heretics for their Stateside whiskey series.","og_url":"https:\/\/comprehensiveliquor.com\/hu\/product\/george-dickel-2011-2021-stateside-10-year-old-single-cask-35\/","og_site_name":"Comprehensive Liquor","article_modified_time":"2023-09-28T08:13:28+00:00","og_image":[{"width":360,"height":541,"url":"https:\/\/comprehensiveliquor.com\/wp-content\/uploads\/2019\/01\/image_2022-10-12_232537207.png","type":"image\/png"}],"twitter_card":"summary_large_image","twitter_misc":{"Becs\u00fclt olvas\u00e1si id\u0151":"1 perc"},"schema":{"@context":"https:\/\/schema.org","@graph":[{"@type":"WebPage","@id":"https:\/\/comprehensiveliquor.com\/product\/george-dickel-2011-2021-stateside-10-year-old-single-cask-35\/","url":"https:\/\/comprehensiveliquor.com\/product\/george-dickel-2011-2021-stateside-10-year-old-single-cask-35\/","name":"George Dickel 2011-2021 | Stateside 10 Year Old Single Cask 35","isPartOf":{"@id":"https:\/\/comprehensiveliquor.com\/#website"},"primaryImageOfPage":{"@id":"https:\/\/comprehensiveliquor.com\/product\/george-dickel-2011-2021-stateside-10-year-old-single-cask-35\/#primaryimage"},"image":{"@id":"https:\/\/comprehensiveliquor.com\/product\/george-dickel-2011-2021-stateside-10-year-old-single-cask-35\/#primaryimage"},"thumbnailUrl":"https:\/\/comprehensiveliquor.com\/wp-content\/uploads\/2019\/01\/image_2022-10-12_232537207.png","datePublished":"2019-01-23T13:25:49+00:00","dateModified":"2023-09-28T08:13:28+00:00","description":"A 10-year-old George Dickel 2011 American whiskey, bottled in 2021 by Heroes &amp; Heretics for their Stateside whiskey series.","breadcrumb":{"@id":"https:\/\/comprehensiveliquor.com\/product\/george-dickel-2011-2021-stateside-10-year-old-single-cask-35\/#breadcrumb"},"inLanguage":"hu","potentialAction":[{"@type":"ReadAction","target":["https:\/\/comprehensiveliquor.com\/product\/george-dickel-2011-2021-stateside-10-year-old-single-cask-35\/"]}]},{"@type":"ImageObject","inLanguage":"hu","@id":"https:\/\/comprehensiveliquor.com\/product\/george-dickel-2011-2021-stateside-10-year-old-single-cask-35\/#primaryimage","url":"https:\/\/comprehensiveliquor.com\/wp-content\/uploads\/2019\/01\/image_2022-10-12_232537207.png","contentUrl":"https:\/\/comprehensiveliquor.com\/wp-content\/uploads\/2019\/01\/image_2022-10-12_232537207.png","width":360,"height":541,"caption":"10-year-old George Dickel 2011"},{"@type":"BreadcrumbList","@id":"https:\/\/comprehensiveliquor.com\/product\/george-dickel-2011-2021-stateside-10-year-old-single-cask-35\/#breadcrumb","itemListElement":[{"@type":"ListItem","position":1,"name":"Home","item":"https:\/\/comprehensiveliquor.com\/"},{"@type":"ListItem","position":2,"name":"Shop","item":"https:\/\/comprehensiveliquor.com\/shop\/"},{"@type":"ListItem","position":3,"name":"George Dickel 2011-2021 | Stateside 10 Year Old Single Cask 35"}]},{"@type":"WebSite","@id":"https:\/\/comprehensiveliquor.com\/#website","url":"https:\/\/comprehensiveliquor.com\/","name":"\u00c1tfog\u00f3 ital","description":"Best Liquor Store","publisher":{"@id":"https:\/\/comprehensiveliquor.com\/#organization"},"alternateName":"Comprehensive Liquor Store","potentialAction":[{"@type":"SearchAction","target":{"@type":"EntryPoint","urlTemplate":"https:\/\/comprehensiveliquor.com\/?s={search_term_string}"},"query-input":{"@type":"PropertyValueSpecification","valueRequired":true,"valueName":"search_term_string"}}],"inLanguage":"hu"},{"@type":"Organization","@id":"https:\/\/comprehensiveliquor.com\/#organization","name":"\u00c1tfog\u00f3 ital","alternateName":"Comprehensive Liquor Store","url":"https:\/\/comprehensiveliquor.com\/","logo":{"@type":"ImageObject","inLanguage":"hu","@id":"https:\/\/comprehensiveliquor.com\/#\/schema\/logo\/image\/","url":"https:\/\/comprehensiveliquor.com\/wp-content\/uploads\/2024\/03\/cropped-image_2024-03-26_131408877.png","contentUrl":"https:\/\/comprehensiveliquor.com\/wp-content\/uploads\/2024\/03\/cropped-image_2024-03-26_131408877.png","width":378,"height":263,"caption":"Comprehensive Liquor"},"image":{"@id":"https:\/\/comprehensiveliquor.com\/#\/schema\/logo\/image\/"}}]}},"_links":{"self":[{"href":"https:\/\/comprehensiveliquor.com\/hu\/wp-json\/wp\/v2\/product\/87","targetHints":{"allow":["GET"]}}],"collection":[{"href":"https:\/\/comprehensiveliquor.com\/hu\/wp-json\/wp\/v2\/product"}],"about":[{"href":"https:\/\/comprehensiveliquor.com\/hu\/wp-json\/wp\/v2\/types\/product"}],"replies":[{"embeddable":true,"href":"https:\/\/comprehensiveliquor.com\/hu\/wp-json\/wp\/v2\/comments?post=87"}],"wp:featuredmedia":[{"embeddable":true,"href":"https:\/\/comprehensiveliquor.com\/hu\/wp-json\/wp\/v2\/media\/1820"}],"wp:attachment":[{"href":"https:\/\/comprehensiveliquor.com\/hu\/wp-json\/wp\/v2\/media?parent=87"}],"wp:term":[{"taxonomy":"product_brand","embeddable":true,"href":"https:\/\/comprehensiveliquor.com\/hu\/wp-json\/wp\/v2\/product_brand?post=87"},{"taxonomy":"product_cat","embeddable":true,"href":"https:\/\/comprehensiveliquor.com\/hu\/wp-json\/wp\/v2\/product_cat?post=87"},{"taxonomy":"product_tag","embeddable":true,"href":"https:\/\/comprehensiveliquor.com\/hu\/wp-json\/wp\/v2\/product_tag?post=87"}],"curies":[{"name":"wp","href":"https:\/\/api.w.org\/{rel}","templated":true}]}}