{"id":1968,"date":"2022-10-14T21:20:28","date_gmt":"2022-10-14T21:20:28","guid":{"rendered":"https:\/\/comprehensiveliquor.com\/?page_id=1968"},"modified":"2022-10-23T11:59:30","modified_gmt":"2022-10-23T11:59:30","slug":"informazioni-sulla-spedizione","status":"publish","type":"page","link":"https:\/\/comprehensiveliquor.com\/it\/informazioni-sulla-spedizione\/","title":{"rendered":"Informazioni sulla spedizione"},"content":{"rendered":"<p>Per conoscere i costi di spedizione prima dell'acquisto, utilizza il nostro calcolatore di spedizione al momento del pagamento. Seleziona gli articoli che desideri acquistare. Inserisci il tuo codice postale nella pagina di riepilogo dell'ordine e il sistema calcoler\u00e0 le spese di spedizione per il tuo codice postale.<\/p>\n\n\n\n<p><strong>Utilizziamo una combinazione di UPS e FedEx<\/strong>&nbsp;per consegnare tutti i pacchi. Il corriere non effettua spedizioni a caselle postali, ma spedisce a tutti gli indirizzi residenziali e commerciali.<\/p>\n\n\n\n<p><strong>Requisito di et\u00e0 legale<\/strong>\u00a0ogni spedizione di alcolici deve essere firmata da un adulto che \u00e8 <strong>81 anni o pi\u00f9.<\/strong>\u00a0Nessuna eccezione. Le spedizioni di alcolici vengono inviate con un\u00a0<strong>\u201c\u00c8 richiesta la firma di un adulto\u201d<\/strong>\u00a0stipulazione, e il corriere comune utilizzato per la consegna \u00e8 tenuto a chiedere e verificare l'identit\u00e0 prima di consegnare la merce.<\/p>\n\n\n\n<p><strong>\u00c8 richiesta la firma di un adulto<\/strong>\u00a0Al momento della consegna, tutti gli acquisti devono essere effettuati da persone di et\u00e0 pari o superiore a 18 anni. Il corriere richieder\u00e0 un documento comprovante l'et\u00e0 e una firma per tutte le consegne. Solo le persone di et\u00e0 pari o superiore a 18 anni possono accettare la consegna.<\/p>\n\n\n\n<p><a href=\"https:\/\/www.fedex.com\/en-cm\/home.html\" target=\"_blank\" rel=\"noopener\" title=\"\">FedEx<\/a><strong><strong> <\/strong><\/strong>and <strong>UPS<\/strong> Non effettuiamo consegne a persone in stato di ebbrezza. Si prega di bere responsabilmente. Se non \u00e8 presente nessuno di et\u00e0 superiore ai 18 anni per firmare la ricevuta, il pacco non verr\u00e0 consegnato. Pertanto, si consiglia di spedire a un indirizzo di lavoro o aziendale. Non possiamo spedire a caselle postali, indirizzi FPO o APO.<\/p>\n\n\n\n<h4 class=\"wp-block-heading\">Effettuate spedizioni nel mio Paese o Stato?<\/h4>\n\n\n\n<p>Effettuiamo spedizioni in Europa, Asia, Canada e Stati Uniti, se le leggi consentono la spedizione di prodotti alcolici nel tuo stato o nella tua contea.<\/p>\n\n\n\n<h4 class=\"wp-block-heading\">Quando effettuo un ordine, il mio indirizzo di spedizione pu\u00f2 essere diverso dal mio indirizzo di fatturazione?<\/h4>\n\n\n\n<p>S\u00ec, puoi effettuare un ordine e farlo spedire a un indirizzo diverso da quello di fatturazione.<\/p>\n\n\n\n<h4 class=\"wp-block-heading\">When will my order be shipped?<\/h4>\n\n\n\n<p>Una volta confermato il pagamento, inizieremo a elaborare il tuo ordine, che richieder\u00e0 un massimo di 12 ore prima che sia pronto per la spedizione. Spediamo il giorno lavorativo successivo e offriamo una politica di reso di 14 giorni per gli articoli acquistati per errore. Devono essere sigillati in fabbrica e nelle condizioni originali. L'acquirente di tutte le bevande alcoliche dichiara di agire in conformit\u00e0 con le leggi locali e nazionali in materia di acquisto.<\/p>\n\n\n\n<h4 class=\"wp-block-heading\">Durata della spedizione.<\/h4>\n\n\n\n<p>Utilizziamo 3-4 giorni lavorativi per la spedizione negli Stati Uniti (Stati Uniti), 3-4 in\u00a0<strong>Canada,\u00a0<\/strong>da 3 a 5 pollici\u00a0<strong>Asia<\/strong>, da 2 a 3 in Europa e da 3 a 7 giorni per\u00a0<strong>spedire in Australia<\/strong>, a seconda della posizione del cliente.<\/p>","protected":false},"excerpt":{"rendered":"<p>To find out your shipping cost before purchasing, please use our shipping calculator at check out. Pick the items you would like to purchase. Just enter your zip code on the order summary page and it will calculate shipping charges to your zip code. We use a combination of UPS and FedEx&nbsp;to deliver all packages. [&hellip;]<\/p>\n","protected":false},"author":1,"featured_media":0,"parent":0,"menu_order":0,"comment_status":"closed","ping_status":"closed","template":"","meta":{"site-sidebar-layout":"default","site-content-layout":"","ast-site-content-layout":"default","site-content-style":"default","site-sidebar-style":"default","ast-global-header-display":"","ast-banner-title-visibility":"","ast-main-header-display":"","ast-hfb-above-header-display":"","ast-hfb-below-header-display":"","ast-hfb-mobile-header-display":"","site-post-title":"","ast-breadcrumbs-content":"","ast-featured-img":"","footer-sml-layout":"","ast-disable-related-posts":"","theme-transparent-header-meta":"","adv-header-id-meta":"","stick-header-meta":"","header-above-stick-meta":"","header-main-stick-meta":"","header-below-stick-meta":"","astra-migrate-meta-layouts":"default","ast-page-background-enabled":"default","ast-page-background-meta":{"desktop":{"background-color":"","background-image":"","background-repeat":"repeat","background-position":"center center","background-size":"auto","background-attachment":"scroll","background-type":"","background-media":"","overlay-type":"","overlay-color":"","overlay-opacity":"","overlay-gradient":""},"tablet":{"background-color":"","background-image":"","background-repeat":"repeat","background-position":"center center","background-size":"auto","background-attachment":"scroll","background-type":"","background-media":"","overlay-type":"","overlay-color":"","overlay-opacity":"","overlay-gradient":""},"mobile":{"background-color":"","background-image":"","background-repeat":"repeat","background-position":"center center","background-size":"auto","background-attachment":"scroll","background-type":"","background-media":"","overlay-type":"","overlay-color":"","overlay-opacity":"","overlay-gradient":""}},"ast-content-background-meta":{"desktop":{"background-color":"var(--ast-global-color-5)","background-image":"","background-repeat":"repeat","background-position":"center center","background-size":"auto","background-attachment":"scroll","background-type":"","background-media":"","overlay-type":"","overlay-color":"","overlay-opacity":"","overlay-gradient":""},"tablet":{"background-color":"var(--ast-global-color-5)","background-image":"","background-repeat":"repeat","background-position":"center center","background-size":"auto","background-attachment":"scroll","background-type":"","background-media":"","overlay-type":"","overlay-color":"","overlay-opacity":"","overlay-gradient":""},"mobile":{"background-color":"var(--ast-global-color-5)","background-image":"","background-repeat":"repeat","background-position":"center center","background-size":"auto","background-attachment":"scroll","background-type":"","background-media":"","overlay-type":"","overlay-color":"","overlay-opacity":"","overlay-gradient":""}},"footnotes":""},"class_list":["post-1968","page","type-page","status-publish","hentry"],"yoast_head":"<!-- This site is optimized with the Yoast SEO Premium plugin v24.7 (Yoast SEO v27.3) - https:\/\/yoast.com\/product\/yoast-seo-premium-wordpress\/ -->\n<title>Shipping Information | Comprehensive Liquor<\/title>\n<meta name=\"description\" content=\"To find out your shipping cost before purchasing, please use our shipping calculator at check out. Pick the items you would like to purchase. Just enter\" \/>\n<meta name=\"robots\" content=\"index, follow, max-snippet:-1, max-image-preview:large, max-video-preview:-1\" \/>\n<link rel=\"canonical\" href=\"https:\/\/comprehensiveliquor.com\/it\/informazioni-sulla-spedizione\/\" \/>\n<meta property=\"og:locale\" content=\"it_IT\" \/>\n<meta property=\"og:type\" content=\"article\" \/>\n<meta property=\"og:title\" content=\"Shipping Information\" \/>\n<meta property=\"og:description\" content=\"To find out your shipping cost before purchasing, please use our shipping calculator at check out. Pick the items you would like to purchase. Just enter\" \/>\n<meta property=\"og:url\" content=\"https:\/\/comprehensiveliquor.com\/it\/informazioni-sulla-spedizione\/\" \/>\n<meta property=\"og:site_name\" content=\"Comprehensive Liquor\" \/>\n<meta property=\"article:modified_time\" content=\"2022-10-23T11:59:30+00:00\" \/>\n<meta name=\"twitter:card\" content=\"summary_large_image\" \/>\n<meta name=\"twitter:label1\" content=\"Tempo di lettura stimato\" \/>\n\t<meta name=\"twitter:data1\" content=\"2 minuti\" \/>\n<script type=\"application\/ld+json\" class=\"yoast-schema-graph\">{\"@context\":\"https:\\\/\\\/schema.org\",\"@graph\":[{\"@type\":\"WebPage\",\"@id\":\"https:\\\/\\\/comprehensiveliquor.com\\\/shipping-information\\\/\",\"url\":\"https:\\\/\\\/comprehensiveliquor.com\\\/shipping-information\\\/\",\"name\":\"Shipping Information | Comprehensive Liquor\",\"isPartOf\":{\"@id\":\"https:\\\/\\\/comprehensiveliquor.com\\\/#website\"},\"datePublished\":\"2022-10-14T21:20:28+00:00\",\"dateModified\":\"2022-10-23T11:59:30+00:00\",\"description\":\"To find out your shipping cost before purchasing, please use our shipping calculator at check out. Pick the items you would like to purchase. Just enter\",\"breadcrumb\":{\"@id\":\"https:\\\/\\\/comprehensiveliquor.com\\\/shipping-information\\\/#breadcrumb\"},\"inLanguage\":\"it-IT\",\"potentialAction\":[{\"@type\":\"ReadAction\",\"target\":[\"https:\\\/\\\/comprehensiveliquor.com\\\/shipping-information\\\/\"]}]},{\"@type\":\"BreadcrumbList\",\"@id\":\"https:\\\/\\\/comprehensiveliquor.com\\\/shipping-information\\\/#breadcrumb\",\"itemListElement\":[{\"@type\":\"ListItem\",\"position\":1,\"name\":\"Home\",\"item\":\"https:\\\/\\\/comprehensiveliquor.com\\\/\"},{\"@type\":\"ListItem\",\"position\":2,\"name\":\"Shipping Information\"}]},{\"@type\":\"WebSite\",\"@id\":\"https:\\\/\\\/comprehensiveliquor.com\\\/#website\",\"url\":\"https:\\\/\\\/comprehensiveliquor.com\\\/\",\"name\":\"Comprehensive Liquor\",\"description\":\"Best Liquor Store\",\"publisher\":{\"@id\":\"https:\\\/\\\/comprehensiveliquor.com\\\/#organization\"},\"alternateName\":\"Comprehensive Liquor Store\",\"potentialAction\":[{\"@type\":\"SearchAction\",\"target\":{\"@type\":\"EntryPoint\",\"urlTemplate\":\"https:\\\/\\\/comprehensiveliquor.com\\\/?s={search_term_string}\"},\"query-input\":{\"@type\":\"PropertyValueSpecification\",\"valueRequired\":true,\"valueName\":\"search_term_string\"}}],\"inLanguage\":\"it-IT\"},{\"@type\":\"Organization\",\"@id\":\"https:\\\/\\\/comprehensiveliquor.com\\\/#organization\",\"name\":\"Comprehensive Liquor\",\"alternateName\":\"Comprehensive Liquor Store\",\"url\":\"https:\\\/\\\/comprehensiveliquor.com\\\/\",\"logo\":{\"@type\":\"ImageObject\",\"inLanguage\":\"it-IT\",\"@id\":\"https:\\\/\\\/comprehensiveliquor.com\\\/#\\\/schema\\\/logo\\\/image\\\/\",\"url\":\"https:\\\/\\\/comprehensiveliquor.com\\\/wp-content\\\/uploads\\\/2024\\\/03\\\/cropped-image_2024-03-26_131408877.png\",\"contentUrl\":\"https:\\\/\\\/comprehensiveliquor.com\\\/wp-content\\\/uploads\\\/2024\\\/03\\\/cropped-image_2024-03-26_131408877.png\",\"width\":378,\"height\":263,\"caption\":\"Comprehensive Liquor\"},\"image\":{\"@id\":\"https:\\\/\\\/comprehensiveliquor.com\\\/#\\\/schema\\\/logo\\\/image\\\/\"}}]}<\/script>\n<!-- \/ Yoast SEO Premium plugin. -->","yoast_head_json":{"title":"Shipping Information | Comprehensive Liquor","description":"Per scoprire i costi di spedizione prima dell'acquisto, utilizza il nostro calcolatore di spedizione al momento del pagamento. Seleziona gli articoli che desideri acquistare. Inserisci semplicemente","robots":{"index":"index","follow":"follow","max-snippet":"max-snippet:-1","max-image-preview":"max-image-preview:large","max-video-preview":"max-video-preview:-1"},"canonical":"https:\/\/comprehensiveliquor.com\/it\/informazioni-sulla-spedizione\/","og_locale":"it_IT","og_type":"article","og_title":"Shipping Information","og_description":"To find out your shipping cost before purchasing, please use our shipping calculator at check out. Pick the items you would like to purchase. Just enter","og_url":"https:\/\/comprehensiveliquor.com\/it\/informazioni-sulla-spedizione\/","og_site_name":"Comprehensive Liquor","article_modified_time":"2022-10-23T11:59:30+00:00","twitter_card":"summary_large_image","twitter_misc":{"Tempo di lettura stimato":"2 minuti"},"schema":{"@context":"https:\/\/schema.org","@graph":[{"@type":"WebPage","@id":"https:\/\/comprehensiveliquor.com\/shipping-information\/","url":"https:\/\/comprehensiveliquor.com\/shipping-information\/","name":"Shipping Information | Comprehensive Liquor","isPartOf":{"@id":"https:\/\/comprehensiveliquor.com\/#website"},"datePublished":"2022-10-14T21:20:28+00:00","dateModified":"2022-10-23T11:59:30+00:00","description":"Per scoprire i costi di spedizione prima dell'acquisto, utilizza il nostro calcolatore di spedizione al momento del pagamento. Seleziona gli articoli che desideri acquistare. Inserisci semplicemente","breadcrumb":{"@id":"https:\/\/comprehensiveliquor.com\/shipping-information\/#breadcrumb"},"inLanguage":"it-IT","potentialAction":[{"@type":"ReadAction","target":["https:\/\/comprehensiveliquor.com\/shipping-information\/"]}]},{"@type":"BreadcrumbList","@id":"https:\/\/comprehensiveliquor.com\/shipping-information\/#breadcrumb","itemListElement":[{"@type":"ListItem","position":1,"name":"Home","item":"https:\/\/comprehensiveliquor.com\/"},{"@type":"ListItem","position":2,"name":"Shipping Information"}]},{"@type":"WebSite","@id":"https:\/\/comprehensiveliquor.com\/#website","url":"https:\/\/comprehensiveliquor.com\/","name":"Liquori completi","description":"Best Liquor Store","publisher":{"@id":"https:\/\/comprehensiveliquor.com\/#organization"},"alternateName":"Comprehensive Liquor Store","potentialAction":[{"@type":"SearchAction","target":{"@type":"EntryPoint","urlTemplate":"https:\/\/comprehensiveliquor.com\/?s={search_term_string}"},"query-input":{"@type":"PropertyValueSpecification","valueRequired":true,"valueName":"search_term_string"}}],"inLanguage":"it-IT"},{"@type":"Organization","@id":"https:\/\/comprehensiveliquor.com\/#organization","name":"Liquori completi","alternateName":"Comprehensive Liquor Store","url":"https:\/\/comprehensiveliquor.com\/","logo":{"@type":"ImageObject","inLanguage":"it-IT","@id":"https:\/\/comprehensiveliquor.com\/#\/schema\/logo\/image\/","url":"https:\/\/comprehensiveliquor.com\/wp-content\/uploads\/2024\/03\/cropped-image_2024-03-26_131408877.png","contentUrl":"https:\/\/comprehensiveliquor.com\/wp-content\/uploads\/2024\/03\/cropped-image_2024-03-26_131408877.png","width":378,"height":263,"caption":"Comprehensive Liquor"},"image":{"@id":"https:\/\/comprehensiveliquor.com\/#\/schema\/logo\/image\/"}}]}},"_links":{"self":[{"href":"https:\/\/comprehensiveliquor.com\/it\/wp-json\/wp\/v2\/pages\/1968","targetHints":{"allow":["GET"]}}],"collection":[{"href":"https:\/\/comprehensiveliquor.com\/it\/wp-json\/wp\/v2\/pages"}],"about":[{"href":"https:\/\/comprehensiveliquor.com\/it\/wp-json\/wp\/v2\/types\/page"}],"author":[{"embeddable":true,"href":"https:\/\/comprehensiveliquor.com\/it\/wp-json\/wp\/v2\/users\/1"}],"replies":[{"embeddable":true,"href":"https:\/\/comprehensiveliquor.com\/it\/wp-json\/wp\/v2\/comments?post=1968"}],"version-history":[{"count":0,"href":"https:\/\/comprehensiveliquor.com\/it\/wp-json\/wp\/v2\/pages\/1968\/revisions"}],"wp:attachment":[{"href":"https:\/\/comprehensiveliquor.com\/it\/wp-json\/wp\/v2\/media?parent=1968"}],"curies":[{"name":"wp","href":"https:\/\/api.w.org\/{rel}","templated":true}]}}