{"id":2456,"date":"2022-10-17T19:59:18","date_gmt":"2022-10-17T19:59:18","guid":{"rendered":"https:\/\/comprehensiveliquor.com\/?post_type=product&#038;p=2456"},"modified":"2025-06-14T12:39:23","modified_gmt":"2025-06-14T12:39:23","slug":"martell-lor-de-jean-cognac-70cl","status":"publish","type":"product","link":"https:\/\/comprehensiveliquor.com\/it\/product\/martell-lor-de-jean-cognac-70cl\/","title":{"rendered":"Martell L&#8217;Or De Jean Cognac 70cl"},"content":{"rendered":"<h2 style=\"color: #252525;\"><strong style=\"color: #252525;\">Martell L&#8217;Or De Jean Cognac 70cl, France<\/strong><\/h2>\n<p>L'Or de Jean Martell \u00e8 un Cognac particolarmente eccezionale. Questo Cognac \u00e8 \u200b\u200bprodotto con acquaviti provenienti dai terroir di Grande Champagne e Borderies ed \u00e8 composto da acquaviti invecchiate fino a 100 anni. Il prodotto finale \u00e8 una combinazione di sapori deliziosamente matura che accompagna il palato in un viaggio sensoriale. Ammirate a prima vista le tonalit\u00e0 intense e abbaglianti del Cognac racchiuso all'interno della bottiglia meticolosamente costruita. Poi, quando lo assaggerete, rimarrete incantati dall'armonia impeccabile catturata nella miscela di oltre 400 diverse acquaviti: puro incanto. Christophe Valtaud, capo cantiniere, rivela:<\/p>\n<p style=\"color: #252525;\">\"A mio parere, L'Or de Jean Martell \u00e8 il Cognac Martell per eccellenza.\" L'Or offre una meravigliosa combinazione di ricchezza aromatica e forza, con il corpo dei Borderies e la struttura del Grande Champagne.\"<\/p>\n<p>Martell, fondata nel 1715, \u00e8 una delle pi\u00f9 antiche maison di Cognac. Oggi, il marchio \u00e8 all'avanguardia nella produzione di Cognac, con una solida reputazione internazionale. La particolare tecnica di distillazione utilizzata da Martell \u00e8 priva di contaminanti, consentendo all'acquavite di assorbire le ricche note aromatiche delle botti di bourbon.<\/p>\n<p>Presentazione della bottiglia<\/p>\n<p>La presentazione della bottiglia, racchiusa in uno splendido decanter di cristallo, L'Or de Jean Martell, \u00e8 sicuramente un pezzo da collezione per gli intenditori di Cognac. Come incarnato dal suo nome \"L'Or de Jean Martell\", questo Cognac incarna opulenza e raffinatezza. Racchiuso in una bottiglia a forma di lacrima, il suo splendido astuccio in oro ne esalta appieno il pregio. Il lungo collo dorato e il tappo in cristallo ne accentuano ulteriormente l'estetica glamour. Anche la cassa in oro e il tappo in vetro, cos\u00ec come il suo altrettanto sontuoso supporto e la sua confezione, presentano motivi a spirale incisi a mano. \u00c8 evidente che ogni dettaglio \u00e8 stato curato nei minimi dettagli. Dal design del decanter alla lavorazione artigianale del nettare che racchiude, questo Cognac \u00e8 \u200b\u200buna vera opera d'arte.<\/p>\n<p>&nbsp;<\/p>\n<h5 class=\"beautify__page-heading _hasToggle\">Attributi<\/h5>\n<div id=\"ih__addition-3418\" class=\"productView-addition-tabContent is-open\">\n<table class=\"productView-addition-table table\">\n<tbody class=\"table-tbody\">\n<tr class=\"productView-info-row--cfProductOf\">\n<td><strong>Categoria<\/strong><\/td>\n<td>\n<div class=\"productView-info-value productView-info-value--cfProductOf\">\n<p class=\"woocommerce-products-header__title page-title\"><a title=\"Cognac-Armagnac\" href=\"https:\/\/comprehensiveliquor.com\/it\/product-category\/cognac-armagnac\/\">Cognac-Armagnac<\/a><\/p>\n<\/div>\n<\/td>\n<\/tr>\n<tr class=\"productView-info-row--cfVarietalType\">\n<td>\n<div class=\"productView-info-name productView-info-name--cfVarietalType\"><strong>Variet\u00e0\/Tipo<\/strong><\/div>\n<\/td>\n<td>\n<div class=\"productView-info-value productView-info-value--cfVarietalType\"><a title=\"cognac-brand\" href=\"https:\/\/www.spiritacademy.it\/en\/568-cognac-brand\" target=\"_blank\" rel=\"noopener\">Cognac<\/a><\/div>\n<\/td>\n<\/tr>\n<tr class=\"productView-info-row--cfSize\">\n<td>\n<div class=\"productView-info-name productView-info-name--cfSize\"><strong>Size<\/strong><\/div>\n<\/td>\n<td>\n<div class=\"productView-info-value productView-info-value--cfSize\">70cl<\/div>\n<\/td>\n<\/tr>\n<\/tbody>\n<\/table>\n<\/div>","protected":false},"excerpt":{"rendered":"<p>Martell L&#8217;Or De Jean Cognac 70cl, France L&#8217;Or de Jean Martell is a particularly outstanding Cognac. This Cognac is made from eaux-de-vie from the terroirs of Grande Champagne and Borderies and is composed of eaux-de-vie up to 100 years old. The end product is a delectably matured combination of flavors that takes the palate on [&hellip;]<\/p>\n","protected":false},"featured_media":2457,"comment_status":"open","ping_status":"closed","template":"","meta":{"site-sidebar-layout":"default","site-content-layout":"default","ast-site-content-layout":"default","site-content-style":"default","site-sidebar-style":"default","ast-global-header-display":"","ast-banner-title-visibility":"","ast-main-header-display":"","ast-hfb-above-header-display":"","ast-hfb-below-header-display":"","ast-hfb-mobile-header-display":"","site-post-title":"","ast-breadcrumbs-content":"","ast-featured-img":"","footer-sml-layout":"","ast-disable-related-posts":"","theme-transparent-header-meta":"default","adv-header-id-meta":"","stick-header-meta":"","header-above-stick-meta":"","header-main-stick-meta":"","header-below-stick-meta":"","astra-migrate-meta-layouts":"set","ast-page-background-enabled":"default","ast-page-background-meta":{"desktop":{"background-color":"","background-image":"","background-repeat":"repeat","background-position":"center center","background-size":"auto","background-attachment":"scroll","background-type":"","background-media":"","overlay-type":"","overlay-color":"","overlay-opacity":"","overlay-gradient":""},"tablet":{"background-color":"","background-image":"","background-repeat":"repeat","background-position":"center center","background-size":"auto","background-attachment":"scroll","background-type":"","background-media":"","overlay-type":"","overlay-color":"","overlay-opacity":"","overlay-gradient":""},"mobile":{"background-color":"","background-image":"","background-repeat":"repeat","background-position":"center center","background-size":"auto","background-attachment":"scroll","background-type":"","background-media":"","overlay-type":"","overlay-color":"","overlay-opacity":"","overlay-gradient":""}},"ast-content-background-meta":{"desktop":{"background-color":"var(--ast-global-color-5)","background-image":"","background-repeat":"repeat","background-position":"center center","background-size":"auto","background-attachment":"scroll","background-type":"","background-media":"","overlay-type":"","overlay-color":"","overlay-opacity":"","overlay-gradient":""},"tablet":{"background-color":"var(--ast-global-color-5)","background-image":"","background-repeat":"repeat","background-position":"center center","background-size":"auto","background-attachment":"scroll","background-type":"","background-media":"","overlay-type":"","overlay-color":"","overlay-opacity":"","overlay-gradient":""},"mobile":{"background-color":"var(--ast-global-color-5)","background-image":"","background-repeat":"repeat","background-position":"center center","background-size":"auto","background-attachment":"scroll","background-type":"","background-media":"","overlay-type":"","overlay-color":"","overlay-opacity":"","overlay-gradient":""}}},"product_brand":[],"product_cat":[51],"product_tag":[],"class_list":{"0":"post-2456","1":"product","2":"type-product","3":"status-publish","4":"has-post-thumbnail","6":"product_cat-cognac-armagnac","7":"desktop-align-center","8":"tablet-align-left","9":"mobile-align-left","11":"first","12":"instock","13":"shipping-taxable","14":"purchasable","15":"product-type-simple"},"yoast_head":"<!-- This site is optimized with the Yoast SEO Premium plugin v24.7 (Yoast SEO v27.4) - https:\/\/yoast.com\/product\/yoast-seo-premium-wordpress\/ -->\n<title>Martell L&#039;Or De Jean Cognac 70cl<\/title>\n<meta name=\"description\" content=\"Martell L&#039;Or de Jean Martell Cognac, This Cognac is made from eaux-de-vie from the terroirs of Grande Champagne and Borderies and is composed...\" \/>\n<meta name=\"robots\" content=\"index, follow, max-snippet:-1, max-image-preview:large, max-video-preview:-1\" \/>\n<link rel=\"canonical\" href=\"https:\/\/comprehensiveliquor.com\/it\/product\/martell-lor-de-jean-cognac-70cl\/\" \/>\n<meta property=\"og:locale\" content=\"it_IT\" \/>\n<meta property=\"og:type\" content=\"article\" \/>\n<meta property=\"og:title\" content=\"Martell L&#039;Or De Jean Cognac 70cl\" \/>\n<meta property=\"og:description\" content=\"Martell L&#039;Or de Jean Martell Cognac, This Cognac is made from eaux-de-vie from the terroirs of Grande Champagne and Borderies and is composed...\" \/>\n<meta property=\"og:url\" content=\"https:\/\/comprehensiveliquor.com\/it\/product\/martell-lor-de-jean-cognac-70cl\/\" \/>\n<meta property=\"og:site_name\" content=\"Comprehensive Liquor\" \/>\n<meta property=\"article:modified_time\" content=\"2025-06-14T12:39:23+00:00\" \/>\n<meta property=\"og:image\" content=\"https:\/\/comprehensiveliquor.com\/wp-content\/uploads\/2022\/10\/image_2022-10-17_205653386.png\" \/>\n\t<meta property=\"og:image:width\" content=\"640\" \/>\n\t<meta property=\"og:image:height\" content=\"960\" \/>\n\t<meta property=\"og:image:type\" content=\"image\/png\" \/>\n<meta name=\"twitter:card\" content=\"summary_large_image\" \/>\n<meta name=\"twitter:label1\" content=\"Tempo di lettura stimato\" \/>\n\t<meta name=\"twitter:data1\" content=\"2 minuti\" \/>\n<script type=\"application\/ld+json\" class=\"yoast-schema-graph\">{\"@context\":\"https:\\\/\\\/schema.org\",\"@graph\":[{\"@type\":\"WebPage\",\"@id\":\"https:\\\/\\\/comprehensiveliquor.com\\\/product\\\/martell-lor-de-jean-cognac-70cl\\\/\",\"url\":\"https:\\\/\\\/comprehensiveliquor.com\\\/product\\\/martell-lor-de-jean-cognac-70cl\\\/\",\"name\":\"Martell L'Or De Jean Cognac 70cl\",\"isPartOf\":{\"@id\":\"https:\\\/\\\/comprehensiveliquor.com\\\/#website\"},\"primaryImageOfPage\":{\"@id\":\"https:\\\/\\\/comprehensiveliquor.com\\\/product\\\/martell-lor-de-jean-cognac-70cl\\\/#primaryimage\"},\"image\":{\"@id\":\"https:\\\/\\\/comprehensiveliquor.com\\\/product\\\/martell-lor-de-jean-cognac-70cl\\\/#primaryimage\"},\"thumbnailUrl\":\"https:\\\/\\\/comprehensiveliquor.com\\\/wp-content\\\/uploads\\\/2022\\\/10\\\/image_2022-10-17_205653386.png\",\"datePublished\":\"2022-10-17T19:59:18+00:00\",\"dateModified\":\"2025-06-14T12:39:23+00:00\",\"description\":\"Martell L'Or de Jean Martell Cognac, This Cognac is made from eaux-de-vie from the terroirs of Grande Champagne and Borderies and is composed...\",\"breadcrumb\":{\"@id\":\"https:\\\/\\\/comprehensiveliquor.com\\\/product\\\/martell-lor-de-jean-cognac-70cl\\\/#breadcrumb\"},\"inLanguage\":\"it-IT\",\"potentialAction\":[{\"@type\":\"ReadAction\",\"target\":[\"https:\\\/\\\/comprehensiveliquor.com\\\/product\\\/martell-lor-de-jean-cognac-70cl\\\/\"]}]},{\"@type\":\"ImageObject\",\"inLanguage\":\"it-IT\",\"@id\":\"https:\\\/\\\/comprehensiveliquor.com\\\/product\\\/martell-lor-de-jean-cognac-70cl\\\/#primaryimage\",\"url\":\"https:\\\/\\\/comprehensiveliquor.com\\\/wp-content\\\/uploads\\\/2022\\\/10\\\/image_2022-10-17_205653386.png\",\"contentUrl\":\"https:\\\/\\\/comprehensiveliquor.com\\\/wp-content\\\/uploads\\\/2022\\\/10\\\/image_2022-10-17_205653386.png\",\"width\":640,\"height\":960,\"caption\":\"Martell L'Or De Jean\"},{\"@type\":\"BreadcrumbList\",\"@id\":\"https:\\\/\\\/comprehensiveliquor.com\\\/product\\\/martell-lor-de-jean-cognac-70cl\\\/#breadcrumb\",\"itemListElement\":[{\"@type\":\"ListItem\",\"position\":1,\"name\":\"Home\",\"item\":\"https:\\\/\\\/comprehensiveliquor.com\\\/\"},{\"@type\":\"ListItem\",\"position\":2,\"name\":\"Shop\",\"item\":\"https:\\\/\\\/comprehensiveliquor.com\\\/shop\\\/\"},{\"@type\":\"ListItem\",\"position\":3,\"name\":\"Martell L&#8217;Or De Jean Cognac 70cl\"}]},{\"@type\":\"WebSite\",\"@id\":\"https:\\\/\\\/comprehensiveliquor.com\\\/#website\",\"url\":\"https:\\\/\\\/comprehensiveliquor.com\\\/\",\"name\":\"Comprehensive Liquor\",\"description\":\"Best Liquor Store\",\"publisher\":{\"@id\":\"https:\\\/\\\/comprehensiveliquor.com\\\/#organization\"},\"alternateName\":\"Comprehensive Liquor Store\",\"potentialAction\":[{\"@type\":\"SearchAction\",\"target\":{\"@type\":\"EntryPoint\",\"urlTemplate\":\"https:\\\/\\\/comprehensiveliquor.com\\\/?s={search_term_string}\"},\"query-input\":{\"@type\":\"PropertyValueSpecification\",\"valueRequired\":true,\"valueName\":\"search_term_string\"}}],\"inLanguage\":\"it-IT\"},{\"@type\":\"Organization\",\"@id\":\"https:\\\/\\\/comprehensiveliquor.com\\\/#organization\",\"name\":\"Comprehensive Liquor\",\"alternateName\":\"Comprehensive Liquor Store\",\"url\":\"https:\\\/\\\/comprehensiveliquor.com\\\/\",\"logo\":{\"@type\":\"ImageObject\",\"inLanguage\":\"it-IT\",\"@id\":\"https:\\\/\\\/comprehensiveliquor.com\\\/#\\\/schema\\\/logo\\\/image\\\/\",\"url\":\"https:\\\/\\\/comprehensiveliquor.com\\\/wp-content\\\/uploads\\\/2024\\\/03\\\/cropped-image_2024-03-26_131408877.png\",\"contentUrl\":\"https:\\\/\\\/comprehensiveliquor.com\\\/wp-content\\\/uploads\\\/2024\\\/03\\\/cropped-image_2024-03-26_131408877.png\",\"width\":378,\"height\":263,\"caption\":\"Comprehensive Liquor\"},\"image\":{\"@id\":\"https:\\\/\\\/comprehensiveliquor.com\\\/#\\\/schema\\\/logo\\\/image\\\/\"}}]}<\/script>\n<!-- \/ Yoast SEO Premium plugin. -->","yoast_head_json":{"title":"Martell L'Or De Jean Cognac 70cl","description":"Martell L'Or de Jean Martell Cognac, Questo Cognac \u00e8 \u200b\u200bprodotto con acquavite proveniente dai terroir di Grande Champagne e Borderies ed \u00e8 composto...","robots":{"index":"index","follow":"follow","max-snippet":"max-snippet:-1","max-image-preview":"max-image-preview:large","max-video-preview":"max-video-preview:-1"},"canonical":"https:\/\/comprehensiveliquor.com\/it\/product\/martell-lor-de-jean-cognac-70cl\/","og_locale":"it_IT","og_type":"article","og_title":"Martell L'Or De Jean Cognac 70cl","og_description":"Martell L'Or de Jean Martell Cognac, This Cognac is made from eaux-de-vie from the terroirs of Grande Champagne and Borderies and is composed...","og_url":"https:\/\/comprehensiveliquor.com\/it\/product\/martell-lor-de-jean-cognac-70cl\/","og_site_name":"Comprehensive Liquor","article_modified_time":"2025-06-14T12:39:23+00:00","og_image":[{"width":640,"height":960,"url":"https:\/\/comprehensiveliquor.com\/wp-content\/uploads\/2022\/10\/image_2022-10-17_205653386.png","type":"image\/png"}],"twitter_card":"summary_large_image","twitter_misc":{"Tempo di lettura stimato":"2 minuti"},"schema":{"@context":"https:\/\/schema.org","@graph":[{"@type":"WebPage","@id":"https:\/\/comprehensiveliquor.com\/product\/martell-lor-de-jean-cognac-70cl\/","url":"https:\/\/comprehensiveliquor.com\/product\/martell-lor-de-jean-cognac-70cl\/","name":"Martell L'Or De Jean Cognac 70cl","isPartOf":{"@id":"https:\/\/comprehensiveliquor.com\/#website"},"primaryImageOfPage":{"@id":"https:\/\/comprehensiveliquor.com\/product\/martell-lor-de-jean-cognac-70cl\/#primaryimage"},"image":{"@id":"https:\/\/comprehensiveliquor.com\/product\/martell-lor-de-jean-cognac-70cl\/#primaryimage"},"thumbnailUrl":"https:\/\/comprehensiveliquor.com\/wp-content\/uploads\/2022\/10\/image_2022-10-17_205653386.png","datePublished":"2022-10-17T19:59:18+00:00","dateModified":"2025-06-14T12:39:23+00:00","description":"Martell L'Or de Jean Martell Cognac, Questo Cognac \u00e8 \u200b\u200bprodotto con acquavite proveniente dai terroir di Grande Champagne e Borderies ed \u00e8 composto...","breadcrumb":{"@id":"https:\/\/comprehensiveliquor.com\/product\/martell-lor-de-jean-cognac-70cl\/#breadcrumb"},"inLanguage":"it-IT","potentialAction":[{"@type":"ReadAction","target":["https:\/\/comprehensiveliquor.com\/product\/martell-lor-de-jean-cognac-70cl\/"]}]},{"@type":"ImageObject","inLanguage":"it-IT","@id":"https:\/\/comprehensiveliquor.com\/product\/martell-lor-de-jean-cognac-70cl\/#primaryimage","url":"https:\/\/comprehensiveliquor.com\/wp-content\/uploads\/2022\/10\/image_2022-10-17_205653386.png","contentUrl":"https:\/\/comprehensiveliquor.com\/wp-content\/uploads\/2022\/10\/image_2022-10-17_205653386.png","width":640,"height":960,"caption":"Martell L'Or De Jean"},{"@type":"BreadcrumbList","@id":"https:\/\/comprehensiveliquor.com\/product\/martell-lor-de-jean-cognac-70cl\/#breadcrumb","itemListElement":[{"@type":"ListItem","position":1,"name":"Home","item":"https:\/\/comprehensiveliquor.com\/"},{"@type":"ListItem","position":2,"name":"Shop","item":"https:\/\/comprehensiveliquor.com\/shop\/"},{"@type":"ListItem","position":3,"name":"Martell L&#8217;Or De Jean Cognac 70cl"}]},{"@type":"WebSite","@id":"https:\/\/comprehensiveliquor.com\/#website","url":"https:\/\/comprehensiveliquor.com\/","name":"Liquori completi","description":"Best Liquor Store","publisher":{"@id":"https:\/\/comprehensiveliquor.com\/#organization"},"alternateName":"Comprehensive Liquor Store","potentialAction":[{"@type":"SearchAction","target":{"@type":"EntryPoint","urlTemplate":"https:\/\/comprehensiveliquor.com\/?s={search_term_string}"},"query-input":{"@type":"PropertyValueSpecification","valueRequired":true,"valueName":"search_term_string"}}],"inLanguage":"it-IT"},{"@type":"Organization","@id":"https:\/\/comprehensiveliquor.com\/#organization","name":"Liquori completi","alternateName":"Comprehensive Liquor Store","url":"https:\/\/comprehensiveliquor.com\/","logo":{"@type":"ImageObject","inLanguage":"it-IT","@id":"https:\/\/comprehensiveliquor.com\/#\/schema\/logo\/image\/","url":"https:\/\/comprehensiveliquor.com\/wp-content\/uploads\/2024\/03\/cropped-image_2024-03-26_131408877.png","contentUrl":"https:\/\/comprehensiveliquor.com\/wp-content\/uploads\/2024\/03\/cropped-image_2024-03-26_131408877.png","width":378,"height":263,"caption":"Comprehensive Liquor"},"image":{"@id":"https:\/\/comprehensiveliquor.com\/#\/schema\/logo\/image\/"}}]}},"_links":{"self":[{"href":"https:\/\/comprehensiveliquor.com\/it\/wp-json\/wp\/v2\/product\/2456","targetHints":{"allow":["GET"]}}],"collection":[{"href":"https:\/\/comprehensiveliquor.com\/it\/wp-json\/wp\/v2\/product"}],"about":[{"href":"https:\/\/comprehensiveliquor.com\/it\/wp-json\/wp\/v2\/types\/product"}],"replies":[{"embeddable":true,"href":"https:\/\/comprehensiveliquor.com\/it\/wp-json\/wp\/v2\/comments?post=2456"}],"wp:featuredmedia":[{"embeddable":true,"href":"https:\/\/comprehensiveliquor.com\/it\/wp-json\/wp\/v2\/media\/2457"}],"wp:attachment":[{"href":"https:\/\/comprehensiveliquor.com\/it\/wp-json\/wp\/v2\/media?parent=2456"}],"wp:term":[{"taxonomy":"product_brand","embeddable":true,"href":"https:\/\/comprehensiveliquor.com\/it\/wp-json\/wp\/v2\/product_brand?post=2456"},{"taxonomy":"product_cat","embeddable":true,"href":"https:\/\/comprehensiveliquor.com\/it\/wp-json\/wp\/v2\/product_cat?post=2456"},{"taxonomy":"product_tag","embeddable":true,"href":"https:\/\/comprehensiveliquor.com\/it\/wp-json\/wp\/v2\/product_tag?post=2456"}],"curies":[{"name":"wp","href":"https:\/\/api.w.org\/{rel}","templated":true}]}}