{"id":4219,"date":"2023-12-06T12:28:11","date_gmt":"2023-12-06T12:28:11","guid":{"rendered":"https:\/\/comprehensiveliquor.com\/?post_type=product&#038;p=4219"},"modified":"2023-12-06T12:34:24","modified_gmt":"2023-12-06T12:34:24","slug":"springbank-2011-local-barley-11-year-old-2023-release","status":"publish","type":"product","link":"https:\/\/comprehensiveliquor.com\/it\/product\/springbank-2011-local-barley-11-year-old-2023-release\/","title":{"rendered":"Springbank 2011 Local Barley 11 anni, uscita 2023"},"content":{"rendered":"<h2>Springbank 2011 Local Barley 11 anni, uscita 2023<\/h2>\n<p>La distilleria Springbank si trova a Campbeltown, una pittoresca cittadina scozzese situata all'estremit\u00e0 meridionale della penisola di Kintyre, sulla splendida costa occidentale.<br \/>\nIl primo riferimento al whisky di Campbeltown fu registrato per iscritto nel 1591. Springbank fu fondata nel 1828 sul sito dell'alambicco illegale di Archibald Mitchell, diventando la quattordicesima distilleria autorizzata di Campbeltown. Oggi, Springbank \u00e8 una delle sole tre distillerie operative nell'area di Campbeltown ed \u00e8 la pi\u00f9 antica distilleria indipendente a conduzione familiare in Scozia.<\/p>\n<p>Il Local Barley \u00e8 una produzione annuale realizzata con orzo coltivato a Campbeltown o nei dintorni. Ogni anno, un agricoltore locale viene incaricato di coltivare orzo per conto del produttore, per continuare a produrre questa edizione limitata. Le diverse fattorie, le variet\u00e0 di orzo, la maturazione in botte e il tempo di permanenza del whisky nelle botti da un lotto all'altro garantiscono ogni volta un'esperienza di degustazione unica.<\/p>\n<p>Questa espressione di Springbank \u00e8 stata distillata nel maggio 2011 da orzo Belgravia coltivato nella Glencraigs Farm e fatta maturare per 11 anni in botti ex-bourbon, ex-sherry ed ex-rum prima di essere imbottigliata nel dicembre 2022.<\/p>\n<p>&nbsp;<\/p>\n<p>&nbsp;<\/p>\n<p><strong>Nose<\/strong>: dolce, molta frutta gialla, principalmente pere, vaniglia, aromi minerali, sale marino, legno, caramello, olio motore e terra.<\/p>\n<p><strong>Taste<\/strong>:Come per il nodo, ci sono anche molti frutti gialli, pere, prugne, albicocche, vaniglia, spezie di quercia, un po' di peperoncino e caramello salato.<\/p>\n<p><strong>Fine<\/strong>: medio, abbastanza piccante, peperoncino, legna da ardere, caramello e vaniglia.<\/p>\n<p>&nbsp;<\/p>\n<h5>Attributi<\/h5>\n<table>\n<tbody>\n<tr>\n<td><b>Marca<\/b><\/td>\n<td><a href=\"https:\/\/comprehensiveliquor.com\/it\/product-tag\/springbank\/\">Springbank<\/a><\/td>\n<\/tr>\n<tr>\n<td><strong>Distellery<\/strong><\/td>\n<td><a title=\"Springbank Distillery\" href=\"https:\/\/www.whisky.com\/whisky-database\/distilleries\/details\/springbank.html\" target=\"_blank\" rel=\"noopener\">Springbank<\/a><\/td>\n<\/tr>\n<tr>\n<td><strong>Region<\/strong><\/td>\n<td><span class=\"selectable-text copyable-text\">Campbeltown<\/span><\/td>\n<\/tr>\n<tr>\n<td><strong>Size<\/strong><\/td>\n<td>750ml<\/td>\n<\/tr>\n<tr>\n<td><strong>Bottled Strength<\/strong><\/td>\n<td>55.1%<\/td>\n<\/tr>\n<\/tbody>\n<\/table>","protected":false},"excerpt":{"rendered":"<p>Springbank 2011 Local Barley 11 Year Old 2023 Release Springbank distillery is located in Campbeltown, a picturesque Scottish town situated at the southern end of the Kintyre Peninsula on the glorious west coast. The first reference to Campbeltown whisky was recorded in writing in 1591. Springbank was established in 1828 on the site of Archibald [&hellip;]<\/p>\n","protected":false},"featured_media":4220,"comment_status":"closed","ping_status":"closed","template":"","meta":{"site-sidebar-layout":"default","site-content-layout":"","ast-site-content-layout":"default","site-content-style":"default","site-sidebar-style":"default","ast-global-header-display":"","ast-banner-title-visibility":"","ast-main-header-display":"","ast-hfb-above-header-display":"","ast-hfb-below-header-display":"","ast-hfb-mobile-header-display":"","site-post-title":"","ast-breadcrumbs-content":"","ast-featured-img":"","footer-sml-layout":"","ast-disable-related-posts":"","theme-transparent-header-meta":"default","adv-header-id-meta":"","stick-header-meta":"","header-above-stick-meta":"","header-main-stick-meta":"","header-below-stick-meta":"","astra-migrate-meta-layouts":"set","ast-page-background-enabled":"default","ast-page-background-meta":{"desktop":{"background-color":"","background-image":"","background-repeat":"repeat","background-position":"center center","background-size":"auto","background-attachment":"scroll","background-type":"","background-media":"","overlay-type":"","overlay-color":"","overlay-opacity":"","overlay-gradient":""},"tablet":{"background-color":"","background-image":"","background-repeat":"repeat","background-position":"center center","background-size":"auto","background-attachment":"scroll","background-type":"","background-media":"","overlay-type":"","overlay-color":"","overlay-opacity":"","overlay-gradient":""},"mobile":{"background-color":"","background-image":"","background-repeat":"repeat","background-position":"center center","background-size":"auto","background-attachment":"scroll","background-type":"","background-media":"","overlay-type":"","overlay-color":"","overlay-opacity":"","overlay-gradient":""}},"ast-content-background-meta":{"desktop":{"background-color":"var(--ast-global-color-5)","background-image":"","background-repeat":"repeat","background-position":"center center","background-size":"auto","background-attachment":"scroll","background-type":"","background-media":"","overlay-type":"","overlay-color":"","overlay-opacity":"","overlay-gradient":""},"tablet":{"background-color":"var(--ast-global-color-5)","background-image":"","background-repeat":"repeat","background-position":"center center","background-size":"auto","background-attachment":"scroll","background-type":"","background-media":"","overlay-type":"","overlay-color":"","overlay-opacity":"","overlay-gradient":""},"mobile":{"background-color":"var(--ast-global-color-5)","background-image":"","background-repeat":"repeat","background-position":"center center","background-size":"auto","background-attachment":"scroll","background-type":"","background-media":"","overlay-type":"","overlay-color":"","overlay-opacity":"","overlay-gradient":""}}},"product_brand":[],"product_cat":[39],"product_tag":[113],"class_list":{"0":"post-4219","1":"product","2":"type-product","3":"status-publish","4":"has-post-thumbnail","6":"product_cat-scotch-whisky","7":"product_tag-springbank","8":"desktop-align-center","9":"tablet-align-left","10":"mobile-align-left","12":"first","13":"instock","14":"shipping-taxable","15":"purchasable","16":"product-type-simple"},"yoast_head":"<!-- This site is optimized with the Yoast SEO Premium plugin v24.7 (Yoast SEO v27.3) - https:\/\/yoast.com\/product\/yoast-seo-premium-wordpress\/ -->\n<title>Springbank 2011 Local Barley 11 Year Old 2023 Release<\/title>\n<meta name=\"description\" content=\"Springbank 2011 Local Barley 11 Year Old 2023 Release Springbank distillery is located in Campbeltown, a picturesque Scottish town situated at the\" \/>\n<meta name=\"robots\" content=\"index, follow, max-snippet:-1, max-image-preview:large, max-video-preview:-1\" \/>\n<link rel=\"canonical\" href=\"https:\/\/comprehensiveliquor.com\/it\/product\/springbank-2011-local-barley-11-year-old-2023-release\/\" \/>\n<meta property=\"og:locale\" content=\"it_IT\" \/>\n<meta property=\"og:type\" content=\"article\" \/>\n<meta property=\"og:title\" content=\"Springbank 2011 Local Barley 11 Year Old 2023 Release\" \/>\n<meta property=\"og:description\" content=\"Springbank 2011 Local Barley 11 Year Old 2023 Release Springbank distillery is located in Campbeltown, a picturesque Scottish town situated at the\" \/>\n<meta property=\"og:url\" content=\"https:\/\/comprehensiveliquor.com\/it\/product\/springbank-2011-local-barley-11-year-old-2023-release\/\" \/>\n<meta property=\"og:site_name\" content=\"Comprehensive Liquor\" \/>\n<meta property=\"article:modified_time\" content=\"2023-12-06T12:34:24+00:00\" \/>\n<meta property=\"og:image\" content=\"https:\/\/comprehensiveliquor.com\/wp-content\/uploads\/2023\/12\/image_2023-12-06_131917145-e1701865230646.png\" \/>\n\t<meta property=\"og:image:width\" content=\"651\" \/>\n\t<meta property=\"og:image:height\" content=\"700\" \/>\n\t<meta property=\"og:image:type\" content=\"image\/png\" \/>\n<meta name=\"twitter:card\" content=\"summary_large_image\" \/>\n<meta name=\"twitter:label1\" content=\"Tempo di lettura stimato\" \/>\n\t<meta name=\"twitter:data1\" content=\"1 minuto\" \/>\n<script type=\"application\/ld+json\" class=\"yoast-schema-graph\">{\"@context\":\"https:\\\/\\\/schema.org\",\"@graph\":[{\"@type\":\"WebPage\",\"@id\":\"https:\\\/\\\/comprehensiveliquor.com\\\/product\\\/springbank-2011-local-barley-11-year-old-2023-release\\\/\",\"url\":\"https:\\\/\\\/comprehensiveliquor.com\\\/product\\\/springbank-2011-local-barley-11-year-old-2023-release\\\/\",\"name\":\"Springbank 2011 Local Barley 11 Year Old 2023 Release\",\"isPartOf\":{\"@id\":\"https:\\\/\\\/comprehensiveliquor.com\\\/#website\"},\"primaryImageOfPage\":{\"@id\":\"https:\\\/\\\/comprehensiveliquor.com\\\/product\\\/springbank-2011-local-barley-11-year-old-2023-release\\\/#primaryimage\"},\"image\":{\"@id\":\"https:\\\/\\\/comprehensiveliquor.com\\\/product\\\/springbank-2011-local-barley-11-year-old-2023-release\\\/#primaryimage\"},\"thumbnailUrl\":\"https:\\\/\\\/comprehensiveliquor.com\\\/wp-content\\\/uploads\\\/2023\\\/12\\\/image_2023-12-06_131917145-e1701865230646.png\",\"datePublished\":\"2023-12-06T12:28:11+00:00\",\"dateModified\":\"2023-12-06T12:34:24+00:00\",\"description\":\"Springbank 2011 Local Barley 11 Year Old 2023 Release Springbank distillery is located in Campbeltown, a picturesque Scottish town situated at the\",\"breadcrumb\":{\"@id\":\"https:\\\/\\\/comprehensiveliquor.com\\\/product\\\/springbank-2011-local-barley-11-year-old-2023-release\\\/#breadcrumb\"},\"inLanguage\":\"it-IT\",\"potentialAction\":[{\"@type\":\"ReadAction\",\"target\":[\"https:\\\/\\\/comprehensiveliquor.com\\\/product\\\/springbank-2011-local-barley-11-year-old-2023-release\\\/\"]}]},{\"@type\":\"ImageObject\",\"inLanguage\":\"it-IT\",\"@id\":\"https:\\\/\\\/comprehensiveliquor.com\\\/product\\\/springbank-2011-local-barley-11-year-old-2023-release\\\/#primaryimage\",\"url\":\"https:\\\/\\\/comprehensiveliquor.com\\\/wp-content\\\/uploads\\\/2023\\\/12\\\/image_2023-12-06_131917145-e1701865230646.png\",\"contentUrl\":\"https:\\\/\\\/comprehensiveliquor.com\\\/wp-content\\\/uploads\\\/2023\\\/12\\\/image_2023-12-06_131917145-e1701865230646.png\",\"width\":651,\"height\":700,\"caption\":\"#image_title\"},{\"@type\":\"BreadcrumbList\",\"@id\":\"https:\\\/\\\/comprehensiveliquor.com\\\/product\\\/springbank-2011-local-barley-11-year-old-2023-release\\\/#breadcrumb\",\"itemListElement\":[{\"@type\":\"ListItem\",\"position\":1,\"name\":\"Home\",\"item\":\"https:\\\/\\\/comprehensiveliquor.com\\\/\"},{\"@type\":\"ListItem\",\"position\":2,\"name\":\"Shop\",\"item\":\"https:\\\/\\\/comprehensiveliquor.com\\\/shop\\\/\"},{\"@type\":\"ListItem\",\"position\":3,\"name\":\"Springbank 2011 Local Barley 11 Year Old 2023 Release\"}]},{\"@type\":\"WebSite\",\"@id\":\"https:\\\/\\\/comprehensiveliquor.com\\\/#website\",\"url\":\"https:\\\/\\\/comprehensiveliquor.com\\\/\",\"name\":\"Comprehensive Liquor\",\"description\":\"Best Liquor Store\",\"publisher\":{\"@id\":\"https:\\\/\\\/comprehensiveliquor.com\\\/#organization\"},\"alternateName\":\"Comprehensive Liquor Store\",\"potentialAction\":[{\"@type\":\"SearchAction\",\"target\":{\"@type\":\"EntryPoint\",\"urlTemplate\":\"https:\\\/\\\/comprehensiveliquor.com\\\/?s={search_term_string}\"},\"query-input\":{\"@type\":\"PropertyValueSpecification\",\"valueRequired\":true,\"valueName\":\"search_term_string\"}}],\"inLanguage\":\"it-IT\"},{\"@type\":\"Organization\",\"@id\":\"https:\\\/\\\/comprehensiveliquor.com\\\/#organization\",\"name\":\"Comprehensive Liquor\",\"alternateName\":\"Comprehensive Liquor Store\",\"url\":\"https:\\\/\\\/comprehensiveliquor.com\\\/\",\"logo\":{\"@type\":\"ImageObject\",\"inLanguage\":\"it-IT\",\"@id\":\"https:\\\/\\\/comprehensiveliquor.com\\\/#\\\/schema\\\/logo\\\/image\\\/\",\"url\":\"https:\\\/\\\/comprehensiveliquor.com\\\/wp-content\\\/uploads\\\/2024\\\/03\\\/cropped-image_2024-03-26_131408877.png\",\"contentUrl\":\"https:\\\/\\\/comprehensiveliquor.com\\\/wp-content\\\/uploads\\\/2024\\\/03\\\/cropped-image_2024-03-26_131408877.png\",\"width\":378,\"height\":263,\"caption\":\"Comprehensive Liquor\"},\"image\":{\"@id\":\"https:\\\/\\\/comprehensiveliquor.com\\\/#\\\/schema\\\/logo\\\/image\\\/\"}}]}<\/script>\n<!-- \/ Yoast SEO Premium plugin. -->","yoast_head_json":{"title":"Springbank 2011 Local Barley 11 anni, uscita 2023","description":"Springbank 2011 Orzo Locale 11 Anni Rilascio 2023 La distilleria Springbank si trova a Campbeltown, una pittoresca cittadina scozzese situata al","robots":{"index":"index","follow":"follow","max-snippet":"max-snippet:-1","max-image-preview":"max-image-preview:large","max-video-preview":"max-video-preview:-1"},"canonical":"https:\/\/comprehensiveliquor.com\/it\/product\/springbank-2011-local-barley-11-year-old-2023-release\/","og_locale":"it_IT","og_type":"article","og_title":"Springbank 2011 Local Barley 11 Year Old 2023 Release","og_description":"Springbank 2011 Local Barley 11 Year Old 2023 Release Springbank distillery is located in Campbeltown, a picturesque Scottish town situated at the","og_url":"https:\/\/comprehensiveliquor.com\/it\/product\/springbank-2011-local-barley-11-year-old-2023-release\/","og_site_name":"Comprehensive Liquor","article_modified_time":"2023-12-06T12:34:24+00:00","og_image":[{"width":651,"height":700,"url":"https:\/\/comprehensiveliquor.com\/wp-content\/uploads\/2023\/12\/image_2023-12-06_131917145-e1701865230646.png","type":"image\/png"}],"twitter_card":"summary_large_image","twitter_misc":{"Tempo di lettura stimato":"1 minuto"},"schema":{"@context":"https:\/\/schema.org","@graph":[{"@type":"WebPage","@id":"https:\/\/comprehensiveliquor.com\/product\/springbank-2011-local-barley-11-year-old-2023-release\/","url":"https:\/\/comprehensiveliquor.com\/product\/springbank-2011-local-barley-11-year-old-2023-release\/","name":"Springbank 2011 Local Barley 11 anni, uscita 2023","isPartOf":{"@id":"https:\/\/comprehensiveliquor.com\/#website"},"primaryImageOfPage":{"@id":"https:\/\/comprehensiveliquor.com\/product\/springbank-2011-local-barley-11-year-old-2023-release\/#primaryimage"},"image":{"@id":"https:\/\/comprehensiveliquor.com\/product\/springbank-2011-local-barley-11-year-old-2023-release\/#primaryimage"},"thumbnailUrl":"https:\/\/comprehensiveliquor.com\/wp-content\/uploads\/2023\/12\/image_2023-12-06_131917145-e1701865230646.png","datePublished":"2023-12-06T12:28:11+00:00","dateModified":"2023-12-06T12:34:24+00:00","description":"Springbank 2011 Orzo Locale 11 Anni Rilascio 2023 La distilleria Springbank si trova a Campbeltown, una pittoresca cittadina scozzese situata al","breadcrumb":{"@id":"https:\/\/comprehensiveliquor.com\/product\/springbank-2011-local-barley-11-year-old-2023-release\/#breadcrumb"},"inLanguage":"it-IT","potentialAction":[{"@type":"ReadAction","target":["https:\/\/comprehensiveliquor.com\/product\/springbank-2011-local-barley-11-year-old-2023-release\/"]}]},{"@type":"ImageObject","inLanguage":"it-IT","@id":"https:\/\/comprehensiveliquor.com\/product\/springbank-2011-local-barley-11-year-old-2023-release\/#primaryimage","url":"https:\/\/comprehensiveliquor.com\/wp-content\/uploads\/2023\/12\/image_2023-12-06_131917145-e1701865230646.png","contentUrl":"https:\/\/comprehensiveliquor.com\/wp-content\/uploads\/2023\/12\/image_2023-12-06_131917145-e1701865230646.png","width":651,"height":700,"caption":"#image_title"},{"@type":"BreadcrumbList","@id":"https:\/\/comprehensiveliquor.com\/product\/springbank-2011-local-barley-11-year-old-2023-release\/#breadcrumb","itemListElement":[{"@type":"ListItem","position":1,"name":"Home","item":"https:\/\/comprehensiveliquor.com\/"},{"@type":"ListItem","position":2,"name":"Shop","item":"https:\/\/comprehensiveliquor.com\/shop\/"},{"@type":"ListItem","position":3,"name":"Springbank 2011 Local Barley 11 Year Old 2023 Release"}]},{"@type":"WebSite","@id":"https:\/\/comprehensiveliquor.com\/#website","url":"https:\/\/comprehensiveliquor.com\/","name":"Liquori completi","description":"Best Liquor Store","publisher":{"@id":"https:\/\/comprehensiveliquor.com\/#organization"},"alternateName":"Comprehensive Liquor Store","potentialAction":[{"@type":"SearchAction","target":{"@type":"EntryPoint","urlTemplate":"https:\/\/comprehensiveliquor.com\/?s={search_term_string}"},"query-input":{"@type":"PropertyValueSpecification","valueRequired":true,"valueName":"search_term_string"}}],"inLanguage":"it-IT"},{"@type":"Organization","@id":"https:\/\/comprehensiveliquor.com\/#organization","name":"Liquori completi","alternateName":"Comprehensive Liquor Store","url":"https:\/\/comprehensiveliquor.com\/","logo":{"@type":"ImageObject","inLanguage":"it-IT","@id":"https:\/\/comprehensiveliquor.com\/#\/schema\/logo\/image\/","url":"https:\/\/comprehensiveliquor.com\/wp-content\/uploads\/2024\/03\/cropped-image_2024-03-26_131408877.png","contentUrl":"https:\/\/comprehensiveliquor.com\/wp-content\/uploads\/2024\/03\/cropped-image_2024-03-26_131408877.png","width":378,"height":263,"caption":"Comprehensive Liquor"},"image":{"@id":"https:\/\/comprehensiveliquor.com\/#\/schema\/logo\/image\/"}}]}},"_links":{"self":[{"href":"https:\/\/comprehensiveliquor.com\/it\/wp-json\/wp\/v2\/product\/4219","targetHints":{"allow":["GET"]}}],"collection":[{"href":"https:\/\/comprehensiveliquor.com\/it\/wp-json\/wp\/v2\/product"}],"about":[{"href":"https:\/\/comprehensiveliquor.com\/it\/wp-json\/wp\/v2\/types\/product"}],"replies":[{"embeddable":true,"href":"https:\/\/comprehensiveliquor.com\/it\/wp-json\/wp\/v2\/comments?post=4219"}],"wp:featuredmedia":[{"embeddable":true,"href":"https:\/\/comprehensiveliquor.com\/it\/wp-json\/wp\/v2\/media\/4220"}],"wp:attachment":[{"href":"https:\/\/comprehensiveliquor.com\/it\/wp-json\/wp\/v2\/media?parent=4219"}],"wp:term":[{"taxonomy":"product_brand","embeddable":true,"href":"https:\/\/comprehensiveliquor.com\/it\/wp-json\/wp\/v2\/product_brand?post=4219"},{"taxonomy":"product_cat","embeddable":true,"href":"https:\/\/comprehensiveliquor.com\/it\/wp-json\/wp\/v2\/product_cat?post=4219"},{"taxonomy":"product_tag","embeddable":true,"href":"https:\/\/comprehensiveliquor.com\/it\/wp-json\/wp\/v2\/product_tag?post=4219"}],"curies":[{"name":"wp","href":"https:\/\/api.w.org\/{rel}","templated":true}]}}