{"id":3099,"date":"2022-12-16T11:45:53","date_gmt":"2022-12-16T11:45:53","guid":{"rendered":"https:\/\/comprehensiveliquor.com\/?post_type=product&#038;p=3099"},"modified":"2023-09-18T18:23:58","modified_gmt":"2023-09-18T18:23:58","slug":"cognac-frapin-cuvee-rabelais","status":"publish","type":"product","link":"https:\/\/comprehensiveliquor.com\/ko\/product\/cognac-frapin-cuvee-rabelais\/","title":{"rendered":"cognac frapin cuvee rabelais"},"content":{"rendered":"<h2><strong>cuv\u00e9e rabelais cognac frapin cognac 70cl<\/strong><\/h2>\n<p><span class=\"Y2IQFc\" lang=\"en\" style=\"color: #252525;\">cognac frapin cuvee rabelais pays homage to Fran\u00e7ois Rabelais. He was an important Renaissance writer and humanist. His work celebrates the love of life. Also, Fran\u00e7ois was the ancestor of Pierre Ferrand, the founder of the house. The noble drop is a combination of exceptional Eaux de Vies, which come exclusively from the &#8220;Paradieskeller&#8221; and the Dames-Jeannes of the Maison. The special decanter was created by the renowned French manufacturer, Cristallerie Saint-Louis. The bottle was decorated with 18 carat gold. The vessel finds its place on a base plated with 24 carat gold. a true work of art, inside and out.<\/span><\/p>\n<p><strong>\uc2dc\uc74c \ub178\ud2b8<\/strong><\/p>\n<p><span class=\"Y2IQFc\" lang=\"en\" style=\"color: #252525;\"><strong>Nose<\/strong>: The elegant bouquet smells of juicy oranges, spicy oak, and candied apricots.<\/span><\/p>\n<p><span class=\"Y2IQFc\" lang=\"en\" style=\"color: #252525;\"><strong>\uad6c\uac1c<\/strong>: On the palate, dried fruit meets liquorice, earthy flavors, and hints of tobacco and cigar boxes.<\/span><\/p>\n<p><span class=\"Y2IQFc\" lang=\"en\" style=\"color: #252525;\"><strong>\ub9c8\uce58\ub2e4<\/strong>: The finish is endless and varied.<\/span><\/p>\n<p><strong>Colour<\/strong>: amber colour with orange hues.<\/p>","protected":false},"excerpt":{"rendered":"<p>cuv\u00e9e rabelais cognac frapin cognac 70cl cognac frapin cuvee rabelais pays homage to Fran\u00e7ois Rabelais. He was an important Renaissance writer and humanist. His work celebrates the love of life. Also, Fran\u00e7ois was the ancestor of Pierre Ferrand, the founder of the house. The noble drop is a combination of exceptional Eaux de Vies, which [&hellip;]<\/p>\n","protected":false},"featured_media":3101,"comment_status":"open","ping_status":"closed","template":"","meta":{"site-sidebar-layout":"default","site-content-layout":"default","ast-site-content-layout":"default","site-content-style":"default","site-sidebar-style":"default","ast-global-header-display":"","ast-banner-title-visibility":"","ast-main-header-display":"","ast-hfb-above-header-display":"","ast-hfb-below-header-display":"","ast-hfb-mobile-header-display":"","site-post-title":"","ast-breadcrumbs-content":"","ast-featured-img":"","footer-sml-layout":"","ast-disable-related-posts":"","theme-transparent-header-meta":"default","adv-header-id-meta":"","stick-header-meta":"","header-above-stick-meta":"","header-main-stick-meta":"","header-below-stick-meta":"","astra-migrate-meta-layouts":"set","ast-page-background-enabled":"default","ast-page-background-meta":{"desktop":{"background-color":"","background-image":"","background-repeat":"repeat","background-position":"center center","background-size":"auto","background-attachment":"scroll","background-type":"","background-media":"","overlay-type":"","overlay-color":"","overlay-opacity":"","overlay-gradient":""},"tablet":{"background-color":"","background-image":"","background-repeat":"repeat","background-position":"center center","background-size":"auto","background-attachment":"scroll","background-type":"","background-media":"","overlay-type":"","overlay-color":"","overlay-opacity":"","overlay-gradient":""},"mobile":{"background-color":"","background-image":"","background-repeat":"repeat","background-position":"center center","background-size":"auto","background-attachment":"scroll","background-type":"","background-media":"","overlay-type":"","overlay-color":"","overlay-opacity":"","overlay-gradient":""}},"ast-content-background-meta":{"desktop":{"background-color":"var(--ast-global-color-5)","background-image":"","background-repeat":"repeat","background-position":"center center","background-size":"auto","background-attachment":"scroll","background-type":"","background-media":"","overlay-type":"","overlay-color":"","overlay-opacity":"","overlay-gradient":""},"tablet":{"background-color":"var(--ast-global-color-5)","background-image":"","background-repeat":"repeat","background-position":"center center","background-size":"auto","background-attachment":"scroll","background-type":"","background-media":"","overlay-type":"","overlay-color":"","overlay-opacity":"","overlay-gradient":""},"mobile":{"background-color":"var(--ast-global-color-5)","background-image":"","background-repeat":"repeat","background-position":"center center","background-size":"auto","background-attachment":"scroll","background-type":"","background-media":"","overlay-type":"","overlay-color":"","overlay-opacity":"","overlay-gradient":""}}},"product_brand":[],"product_cat":[51],"product_tag":[],"class_list":{"0":"post-3099","1":"product","2":"type-product","3":"status-publish","4":"has-post-thumbnail","6":"product_cat-cognac-armagnac","7":"desktop-align-center","8":"tablet-align-left","9":"mobile-align-left","11":"first","12":"instock","13":"shipping-taxable","14":"purchasable","15":"product-type-simple"},"yoast_head":"<!-- This site is optimized with the Yoast SEO Premium plugin v24.7 (Yoast SEO v27.3) - https:\/\/yoast.com\/product\/yoast-seo-premium-wordpress\/ -->\n<title>cognac frapin cuvee rabelais<\/title>\n<meta name=\"description\" content=\"cuv\u00e9e rabelais cognac frapin cognac 70cl cognac frapin cuvee rabelais pays homage to Fran\u00e7ois Rabelais. He was an important Renaissance writer and\" \/>\n<meta name=\"robots\" content=\"index, follow, max-snippet:-1, max-image-preview:large, max-video-preview:-1\" \/>\n<link rel=\"canonical\" href=\"https:\/\/comprehensiveliquor.com\/ko\/product\/cognac-frapin-cuvee-rabelais\/\" \/>\n<meta property=\"og:locale\" content=\"ko_KR\" \/>\n<meta property=\"og:type\" content=\"article\" \/>\n<meta property=\"og:title\" content=\"cognac frapin cuvee rabelais\" \/>\n<meta property=\"og:description\" content=\"cuv\u00e9e rabelais cognac frapin cognac 70cl cognac frapin cuvee rabelais pays homage to Fran\u00e7ois Rabelais. He was an important Renaissance writer and\" \/>\n<meta property=\"og:url\" content=\"https:\/\/comprehensiveliquor.com\/ko\/product\/cognac-frapin-cuvee-rabelais\/\" \/>\n<meta property=\"og:site_name\" content=\"Comprehensive Liquor\" \/>\n<meta property=\"article:modified_time\" content=\"2023-09-18T18:23:58+00:00\" \/>\n<meta property=\"og:image\" content=\"https:\/\/comprehensiveliquor.com\/wp-content\/uploads\/2022\/12\/image_2022-12-16_121911486.png\" \/>\n\t<meta property=\"og:image:width\" content=\"373\" \/>\n\t<meta property=\"og:image:height\" content=\"600\" \/>\n\t<meta property=\"og:image:type\" content=\"image\/png\" \/>\n<meta name=\"twitter:card\" content=\"summary_large_image\" \/>\n<meta name=\"twitter:label1\" content=\"\uc608\uc0c1 \ub418\ub294 \ud310\ub3c5 \uc2dc\uac04\" \/>\n\t<meta name=\"twitter:data1\" content=\"1\ubd84\" \/>\n<script type=\"application\/ld+json\" class=\"yoast-schema-graph\">{\"@context\":\"https:\\\/\\\/schema.org\",\"@graph\":[{\"@type\":\"WebPage\",\"@id\":\"https:\\\/\\\/comprehensiveliquor.com\\\/product\\\/cognac-frapin-cuvee-rabelais\\\/\",\"url\":\"https:\\\/\\\/comprehensiveliquor.com\\\/product\\\/cognac-frapin-cuvee-rabelais\\\/\",\"name\":\"cognac frapin cuvee rabelais\",\"isPartOf\":{\"@id\":\"https:\\\/\\\/comprehensiveliquor.com\\\/#website\"},\"primaryImageOfPage\":{\"@id\":\"https:\\\/\\\/comprehensiveliquor.com\\\/product\\\/cognac-frapin-cuvee-rabelais\\\/#primaryimage\"},\"image\":{\"@id\":\"https:\\\/\\\/comprehensiveliquor.com\\\/product\\\/cognac-frapin-cuvee-rabelais\\\/#primaryimage\"},\"thumbnailUrl\":\"https:\\\/\\\/comprehensiveliquor.com\\\/wp-content\\\/uploads\\\/2022\\\/12\\\/image_2022-12-16_121911486.png\",\"datePublished\":\"2022-12-16T11:45:53+00:00\",\"dateModified\":\"2023-09-18T18:23:58+00:00\",\"description\":\"cuv\u00e9e rabelais cognac frapin cognac 70cl cognac frapin cuvee rabelais pays homage to Fran\u00e7ois Rabelais. He was an important Renaissance writer and\",\"breadcrumb\":{\"@id\":\"https:\\\/\\\/comprehensiveliquor.com\\\/product\\\/cognac-frapin-cuvee-rabelais\\\/#breadcrumb\"},\"inLanguage\":\"ko-KR\",\"potentialAction\":[{\"@type\":\"ReadAction\",\"target\":[\"https:\\\/\\\/comprehensiveliquor.com\\\/product\\\/cognac-frapin-cuvee-rabelais\\\/\"]}]},{\"@type\":\"ImageObject\",\"inLanguage\":\"ko-KR\",\"@id\":\"https:\\\/\\\/comprehensiveliquor.com\\\/product\\\/cognac-frapin-cuvee-rabelais\\\/#primaryimage\",\"url\":\"https:\\\/\\\/comprehensiveliquor.com\\\/wp-content\\\/uploads\\\/2022\\\/12\\\/image_2022-12-16_121911486.png\",\"contentUrl\":\"https:\\\/\\\/comprehensiveliquor.com\\\/wp-content\\\/uploads\\\/2022\\\/12\\\/image_2022-12-16_121911486.png\",\"width\":373,\"height\":600},{\"@type\":\"BreadcrumbList\",\"@id\":\"https:\\\/\\\/comprehensiveliquor.com\\\/product\\\/cognac-frapin-cuvee-rabelais\\\/#breadcrumb\",\"itemListElement\":[{\"@type\":\"ListItem\",\"position\":1,\"name\":\"Home\",\"item\":\"https:\\\/\\\/comprehensiveliquor.com\\\/\"},{\"@type\":\"ListItem\",\"position\":2,\"name\":\"Shop\",\"item\":\"https:\\\/\\\/comprehensiveliquor.com\\\/shop\\\/\"},{\"@type\":\"ListItem\",\"position\":3,\"name\":\"cognac frapin cuvee rabelais\"}]},{\"@type\":\"WebSite\",\"@id\":\"https:\\\/\\\/comprehensiveliquor.com\\\/#website\",\"url\":\"https:\\\/\\\/comprehensiveliquor.com\\\/\",\"name\":\"Comprehensive Liquor\",\"description\":\"Best Liquor Store\",\"publisher\":{\"@id\":\"https:\\\/\\\/comprehensiveliquor.com\\\/#organization\"},\"alternateName\":\"Comprehensive Liquor Store\",\"potentialAction\":[{\"@type\":\"SearchAction\",\"target\":{\"@type\":\"EntryPoint\",\"urlTemplate\":\"https:\\\/\\\/comprehensiveliquor.com\\\/?s={search_term_string}\"},\"query-input\":{\"@type\":\"PropertyValueSpecification\",\"valueRequired\":true,\"valueName\":\"search_term_string\"}}],\"inLanguage\":\"ko-KR\"},{\"@type\":\"Organization\",\"@id\":\"https:\\\/\\\/comprehensiveliquor.com\\\/#organization\",\"name\":\"Comprehensive Liquor\",\"alternateName\":\"Comprehensive Liquor Store\",\"url\":\"https:\\\/\\\/comprehensiveliquor.com\\\/\",\"logo\":{\"@type\":\"ImageObject\",\"inLanguage\":\"ko-KR\",\"@id\":\"https:\\\/\\\/comprehensiveliquor.com\\\/#\\\/schema\\\/logo\\\/image\\\/\",\"url\":\"https:\\\/\\\/comprehensiveliquor.com\\\/wp-content\\\/uploads\\\/2024\\\/03\\\/cropped-image_2024-03-26_131408877.png\",\"contentUrl\":\"https:\\\/\\\/comprehensiveliquor.com\\\/wp-content\\\/uploads\\\/2024\\\/03\\\/cropped-image_2024-03-26_131408877.png\",\"width\":378,\"height\":263,\"caption\":\"Comprehensive Liquor\"},\"image\":{\"@id\":\"https:\\\/\\\/comprehensiveliquor.com\\\/#\\\/schema\\\/logo\\\/image\\\/\"}}]}<\/script>\n<!-- \/ Yoast SEO Premium plugin. -->","yoast_head_json":{"title":"cognac frapin cuvee rabelais","description":"cuv\u00e9e rabelais cognac frapin cognac 70cl cognac frapin cuvee rabelais pays homage to Fran\u00e7ois Rabelais. He was an important Renaissance writer and","robots":{"index":"index","follow":"follow","max-snippet":"max-snippet:-1","max-image-preview":"max-image-preview:large","max-video-preview":"max-video-preview:-1"},"canonical":"https:\/\/comprehensiveliquor.com\/ko\/product\/cognac-frapin-cuvee-rabelais\/","og_locale":"ko_KR","og_type":"article","og_title":"cognac frapin cuvee rabelais","og_description":"cuv\u00e9e rabelais cognac frapin cognac 70cl cognac frapin cuvee rabelais pays homage to Fran\u00e7ois Rabelais. He was an important Renaissance writer and","og_url":"https:\/\/comprehensiveliquor.com\/ko\/product\/cognac-frapin-cuvee-rabelais\/","og_site_name":"Comprehensive Liquor","article_modified_time":"2023-09-18T18:23:58+00:00","og_image":[{"width":373,"height":600,"url":"https:\/\/comprehensiveliquor.com\/wp-content\/uploads\/2022\/12\/image_2022-12-16_121911486.png","type":"image\/png"}],"twitter_card":"summary_large_image","twitter_misc":{"\uc608\uc0c1 \ub418\ub294 \ud310\ub3c5 \uc2dc\uac04":"1\ubd84"},"schema":{"@context":"https:\/\/schema.org","@graph":[{"@type":"WebPage","@id":"https:\/\/comprehensiveliquor.com\/product\/cognac-frapin-cuvee-rabelais\/","url":"https:\/\/comprehensiveliquor.com\/product\/cognac-frapin-cuvee-rabelais\/","name":"cognac frapin cuvee rabelais","isPartOf":{"@id":"https:\/\/comprehensiveliquor.com\/#website"},"primaryImageOfPage":{"@id":"https:\/\/comprehensiveliquor.com\/product\/cognac-frapin-cuvee-rabelais\/#primaryimage"},"image":{"@id":"https:\/\/comprehensiveliquor.com\/product\/cognac-frapin-cuvee-rabelais\/#primaryimage"},"thumbnailUrl":"https:\/\/comprehensiveliquor.com\/wp-content\/uploads\/2022\/12\/image_2022-12-16_121911486.png","datePublished":"2022-12-16T11:45:53+00:00","dateModified":"2023-09-18T18:23:58+00:00","description":"cuv\u00e9e rabelais cognac frapin cognac 70cl cognac frapin cuvee rabelais pays homage to Fran\u00e7ois Rabelais. He was an important Renaissance writer and","breadcrumb":{"@id":"https:\/\/comprehensiveliquor.com\/product\/cognac-frapin-cuvee-rabelais\/#breadcrumb"},"inLanguage":"ko-KR","potentialAction":[{"@type":"ReadAction","target":["https:\/\/comprehensiveliquor.com\/product\/cognac-frapin-cuvee-rabelais\/"]}]},{"@type":"ImageObject","inLanguage":"ko-KR","@id":"https:\/\/comprehensiveliquor.com\/product\/cognac-frapin-cuvee-rabelais\/#primaryimage","url":"https:\/\/comprehensiveliquor.com\/wp-content\/uploads\/2022\/12\/image_2022-12-16_121911486.png","contentUrl":"https:\/\/comprehensiveliquor.com\/wp-content\/uploads\/2022\/12\/image_2022-12-16_121911486.png","width":373,"height":600},{"@type":"BreadcrumbList","@id":"https:\/\/comprehensiveliquor.com\/product\/cognac-frapin-cuvee-rabelais\/#breadcrumb","itemListElement":[{"@type":"ListItem","position":1,"name":"Home","item":"https:\/\/comprehensiveliquor.com\/"},{"@type":"ListItem","position":2,"name":"Shop","item":"https:\/\/comprehensiveliquor.com\/shop\/"},{"@type":"ListItem","position":3,"name":"cognac frapin cuvee rabelais"}]},{"@type":"WebSite","@id":"https:\/\/comprehensiveliquor.com\/#website","url":"https:\/\/comprehensiveliquor.com\/","name":"\uc885\ud569 \uc8fc\ub958","description":"Best Liquor Store","publisher":{"@id":"https:\/\/comprehensiveliquor.com\/#organization"},"alternateName":"Comprehensive Liquor Store","potentialAction":[{"@type":"SearchAction","target":{"@type":"EntryPoint","urlTemplate":"https:\/\/comprehensiveliquor.com\/?s={search_term_string}"},"query-input":{"@type":"PropertyValueSpecification","valueRequired":true,"valueName":"search_term_string"}}],"inLanguage":"ko-KR"},{"@type":"Organization","@id":"https:\/\/comprehensiveliquor.com\/#organization","name":"\uc885\ud569 \uc8fc\ub958","alternateName":"Comprehensive Liquor Store","url":"https:\/\/comprehensiveliquor.com\/","logo":{"@type":"ImageObject","inLanguage":"ko-KR","@id":"https:\/\/comprehensiveliquor.com\/#\/schema\/logo\/image\/","url":"https:\/\/comprehensiveliquor.com\/wp-content\/uploads\/2024\/03\/cropped-image_2024-03-26_131408877.png","contentUrl":"https:\/\/comprehensiveliquor.com\/wp-content\/uploads\/2024\/03\/cropped-image_2024-03-26_131408877.png","width":378,"height":263,"caption":"Comprehensive Liquor"},"image":{"@id":"https:\/\/comprehensiveliquor.com\/#\/schema\/logo\/image\/"}}]}},"_links":{"self":[{"href":"https:\/\/comprehensiveliquor.com\/ko\/wp-json\/wp\/v2\/product\/3099","targetHints":{"allow":["GET"]}}],"collection":[{"href":"https:\/\/comprehensiveliquor.com\/ko\/wp-json\/wp\/v2\/product"}],"about":[{"href":"https:\/\/comprehensiveliquor.com\/ko\/wp-json\/wp\/v2\/types\/product"}],"replies":[{"embeddable":true,"href":"https:\/\/comprehensiveliquor.com\/ko\/wp-json\/wp\/v2\/comments?post=3099"}],"wp:featuredmedia":[{"embeddable":true,"href":"https:\/\/comprehensiveliquor.com\/ko\/wp-json\/wp\/v2\/media\/3101"}],"wp:attachment":[{"href":"https:\/\/comprehensiveliquor.com\/ko\/wp-json\/wp\/v2\/media?parent=3099"}],"wp:term":[{"taxonomy":"product_brand","embeddable":true,"href":"https:\/\/comprehensiveliquor.com\/ko\/wp-json\/wp\/v2\/product_brand?post=3099"},{"taxonomy":"product_cat","embeddable":true,"href":"https:\/\/comprehensiveliquor.com\/ko\/wp-json\/wp\/v2\/product_cat?post=3099"},{"taxonomy":"product_tag","embeddable":true,"href":"https:\/\/comprehensiveliquor.com\/ko\/wp-json\/wp\/v2\/product_tag?post=3099"}],"curies":[{"name":"wp","href":"https:\/\/api.w.org\/{rel}","templated":true}]}}