{"id":1863,"date":"2022-10-13T22:17:27","date_gmt":"2022-10-13T22:17:27","guid":{"rendered":"https:\/\/comprehensiveliquor.com\/?post_type=product&#038;p=1863"},"modified":"2023-10-12T15:05:20","modified_gmt":"2023-10-12T15:05:20","slug":"tennessee-bourbon-12-year-old-darkness","status":"publish","type":"product","link":"https:\/\/comprehensiveliquor.com\/nl\/product\/tennessee-bourbon-12-year-old-darkness\/","title":{"rendered":"Tennessee Bourbon 12 Year Old | Darkness"},"content":{"rendered":"<h2 style=\"color: #252525;\"><strong>Darkness 50cl\/52,2% Whisky Bourbon du Tennessee<\/strong><\/h2>\n<p style=\"color: #252525;\">Un bourbon robuste affin\u00e9 en f\u00fbt de sherry de la marque Darkness, qui a pris un bourbon du Tennessee de 12 ans (on sait donc d'o\u00f9 il ne vient *pas*) et l'a affin\u00e9 dans un petit f\u00fbt d'octave de 50 \u00e0 60 litres r\u00e9cup\u00e9r\u00e9 d'un f\u00fbt de sherry Pedro Ximenez avant de l'embouteiller dans leurs bouteilles embl\u00e9matiques de 50 cl \u00e0 un taux all\u00e9chant de 52,2 %.<\/p>\n<p style=\"color: #252525;\">The combination of Pedro Ximenez&#8217;s concentrated dried fruit sweetness and the natural vanilla, toffee, and caramel flavours from cask strength Tennessee whiskey ensures that this Darkness 12-year-old sherry-finished bourbon will be a must-have for sweet-toothed whiskey fans.<\/p>\n<p>&nbsp;<\/p>\n<h4>Kenmerken<\/h4>\n<table>\n<tbody>\n<tr>\n<td><strong>Categorie<\/strong><\/td>\n<td><a href=\"https:\/\/comprehensiveliquor.com\/nl\/product-category\/bourbon-whiskey\/\">Bourbon Whiskey<\/a><\/td>\n<\/tr>\n<tr>\n<td><strong>Distillery<\/strong><\/td>\n<td>Unknown<\/td>\n<\/tr>\n<tr>\n<td><strong>Country<\/strong><\/td>\n<td>America<\/td>\n<\/tr>\n<tr>\n<td><b>State<\/b><\/td>\n<td>Tennessee<\/td>\n<\/tr>\n<tr>\n<td><strong>Age<\/strong><\/td>\n<td>12<\/td>\n<\/tr>\n<tr>\n<td><strong>Beperkte editie<\/strong><\/td>\n<td>Yes<\/td>\n<\/tr>\n<tr>\n<td><strong>Cask Type<\/strong><\/td>\n<td>PX\u00a0Cask Finish<\/td>\n<\/tr>\n<tr>\n<td><strong>Bottle Size<\/strong><\/td>\n<td>50cl<\/td>\n<\/tr>\n<tr>\n<td><strong>ABV<\/strong><\/td>\n<td>52.2%<\/td>\n<\/tr>\n<\/tbody>\n<\/table>","protected":false},"excerpt":{"rendered":"<p>Darkness 50cl\/52.2% Tennessee Bourbon Whiskey A robust sherry-finished bourbon from Darkness, who&#8217;ve taken a 12-year-old Tennessee Bourbon (so we know where it&#8217;s *not* from) and finished it in a small 50-60L octave cask that was reclaimed from a Pedro Ximenez sherry butt before bottling in their trademark 50cl bottles at a tempting 52.2%. The combination [&hellip;]<\/p>\n","protected":false},"featured_media":1864,"comment_status":"open","ping_status":"closed","template":"","meta":{"site-sidebar-layout":"default","site-content-layout":"default","ast-site-content-layout":"default","site-content-style":"default","site-sidebar-style":"default","ast-global-header-display":"","ast-banner-title-visibility":"","ast-main-header-display":"","ast-hfb-above-header-display":"","ast-hfb-below-header-display":"","ast-hfb-mobile-header-display":"","site-post-title":"","ast-breadcrumbs-content":"","ast-featured-img":"","footer-sml-layout":"","ast-disable-related-posts":"","theme-transparent-header-meta":"default","adv-header-id-meta":"","stick-header-meta":"","header-above-stick-meta":"","header-main-stick-meta":"","header-below-stick-meta":"","astra-migrate-meta-layouts":"set","ast-page-background-enabled":"default","ast-page-background-meta":{"desktop":{"background-color":"","background-image":"","background-repeat":"repeat","background-position":"center center","background-size":"auto","background-attachment":"scroll","background-type":"","background-media":"","overlay-type":"","overlay-color":"","overlay-opacity":"","overlay-gradient":""},"tablet":{"background-color":"","background-image":"","background-repeat":"repeat","background-position":"center center","background-size":"auto","background-attachment":"scroll","background-type":"","background-media":"","overlay-type":"","overlay-color":"","overlay-opacity":"","overlay-gradient":""},"mobile":{"background-color":"","background-image":"","background-repeat":"repeat","background-position":"center center","background-size":"auto","background-attachment":"scroll","background-type":"","background-media":"","overlay-type":"","overlay-color":"","overlay-opacity":"","overlay-gradient":""}},"ast-content-background-meta":{"desktop":{"background-color":"var(--ast-global-color-5)","background-image":"","background-repeat":"repeat","background-position":"center center","background-size":"auto","background-attachment":"scroll","background-type":"","background-media":"","overlay-type":"","overlay-color":"","overlay-opacity":"","overlay-gradient":""},"tablet":{"background-color":"var(--ast-global-color-5)","background-image":"","background-repeat":"repeat","background-position":"center center","background-size":"auto","background-attachment":"scroll","background-type":"","background-media":"","overlay-type":"","overlay-color":"","overlay-opacity":"","overlay-gradient":""},"mobile":{"background-color":"var(--ast-global-color-5)","background-image":"","background-repeat":"repeat","background-position":"center center","background-size":"auto","background-attachment":"scroll","background-type":"","background-media":"","overlay-type":"","overlay-color":"","overlay-opacity":"","overlay-gradient":""}}},"product_brand":[],"product_cat":[17,66,58],"product_tag":[],"class_list":{"0":"post-1863","1":"product","2":"type-product","3":"status-publish","4":"has-post-thumbnail","6":"product_cat-american-whiskey","7":"product_cat-independent-bottling","8":"product_cat-limited-edition","9":"desktop-align-center","10":"tablet-align-left","11":"mobile-align-left","13":"first","14":"instock","15":"shipping-taxable","16":"purchasable","17":"product-type-simple"},"yoast_head":"<!-- This site is optimized with the Yoast SEO Premium plugin v24.7 (Yoast SEO v27.3) - https:\/\/yoast.com\/product\/yoast-seo-premium-wordpress\/ -->\n<title>Tennessee Bourbon 12 Year Old | Darkness<\/title>\n<meta name=\"description\" content=\"Darkness 50cl\/52.2% Tennessee Bourbon Whiskey A robust sherry-finished bourbon from Darkness, who&#039;ve taken a 12-year-old Tennessee Bourbon (so we know\" \/>\n<meta name=\"robots\" content=\"index, follow, max-snippet:-1, max-image-preview:large, max-video-preview:-1\" \/>\n<link rel=\"canonical\" href=\"https:\/\/comprehensiveliquor.com\/nl\/product\/tennessee-bourbon-12-year-old-darkness\/\" \/>\n<meta property=\"og:locale\" content=\"nl_NL\" \/>\n<meta property=\"og:type\" content=\"article\" \/>\n<meta property=\"og:title\" content=\"Tennessee Bourbon 12 Year Old | Darkness\" \/>\n<meta property=\"og:description\" content=\"Darkness 50cl\/52.2% Tennessee Bourbon Whiskey A robust sherry-finished bourbon from Darkness, who&#039;ve taken a 12-year-old Tennessee Bourbon (so we know\" \/>\n<meta property=\"og:url\" content=\"https:\/\/comprehensiveliquor.com\/nl\/product\/tennessee-bourbon-12-year-old-darkness\/\" \/>\n<meta property=\"og:site_name\" content=\"Comprehensive Liquor\" \/>\n<meta property=\"article:modified_time\" content=\"2023-10-12T15:05:20+00:00\" \/>\n<meta property=\"og:image\" content=\"https:\/\/comprehensiveliquor.com\/wp-content\/uploads\/2022\/10\/image_2022-10-13_231440545.png\" \/>\n\t<meta property=\"og:image:width\" content=\"360\" \/>\n\t<meta property=\"og:image:height\" content=\"541\" \/>\n\t<meta property=\"og:image:type\" content=\"image\/png\" \/>\n<meta name=\"twitter:card\" content=\"summary_large_image\" \/>\n<meta name=\"twitter:label1\" content=\"Geschatte leestijd\" \/>\n\t<meta name=\"twitter:data1\" content=\"1 minuut\" \/>\n<script type=\"application\/ld+json\" class=\"yoast-schema-graph\">{\"@context\":\"https:\\\/\\\/schema.org\",\"@graph\":[{\"@type\":\"WebPage\",\"@id\":\"https:\\\/\\\/comprehensiveliquor.com\\\/product\\\/tennessee-bourbon-12-year-old-darkness\\\/\",\"url\":\"https:\\\/\\\/comprehensiveliquor.com\\\/product\\\/tennessee-bourbon-12-year-old-darkness\\\/\",\"name\":\"Tennessee Bourbon 12 Year Old | Darkness\",\"isPartOf\":{\"@id\":\"https:\\\/\\\/comprehensiveliquor.com\\\/#website\"},\"primaryImageOfPage\":{\"@id\":\"https:\\\/\\\/comprehensiveliquor.com\\\/product\\\/tennessee-bourbon-12-year-old-darkness\\\/#primaryimage\"},\"image\":{\"@id\":\"https:\\\/\\\/comprehensiveliquor.com\\\/product\\\/tennessee-bourbon-12-year-old-darkness\\\/#primaryimage\"},\"thumbnailUrl\":\"https:\\\/\\\/comprehensiveliquor.com\\\/wp-content\\\/uploads\\\/2022\\\/10\\\/image_2022-10-13_231440545.png\",\"datePublished\":\"2022-10-13T22:17:27+00:00\",\"dateModified\":\"2023-10-12T15:05:20+00:00\",\"description\":\"Darkness 50cl\\\/52.2% Tennessee Bourbon Whiskey A robust sherry-finished bourbon from Darkness, who've taken a 12-year-old Tennessee Bourbon (so we know\",\"breadcrumb\":{\"@id\":\"https:\\\/\\\/comprehensiveliquor.com\\\/product\\\/tennessee-bourbon-12-year-old-darkness\\\/#breadcrumb\"},\"inLanguage\":\"nl-NL\",\"potentialAction\":[{\"@type\":\"ReadAction\",\"target\":[\"https:\\\/\\\/comprehensiveliquor.com\\\/product\\\/tennessee-bourbon-12-year-old-darkness\\\/\"]}]},{\"@type\":\"ImageObject\",\"inLanguage\":\"nl-NL\",\"@id\":\"https:\\\/\\\/comprehensiveliquor.com\\\/product\\\/tennessee-bourbon-12-year-old-darkness\\\/#primaryimage\",\"url\":\"https:\\\/\\\/comprehensiveliquor.com\\\/wp-content\\\/uploads\\\/2022\\\/10\\\/image_2022-10-13_231440545.png\",\"contentUrl\":\"https:\\\/\\\/comprehensiveliquor.com\\\/wp-content\\\/uploads\\\/2022\\\/10\\\/image_2022-10-13_231440545.png\",\"width\":360,\"height\":541,\"caption\":\"Tennessee Bourbon 12 Year Old | Darkness\"},{\"@type\":\"BreadcrumbList\",\"@id\":\"https:\\\/\\\/comprehensiveliquor.com\\\/product\\\/tennessee-bourbon-12-year-old-darkness\\\/#breadcrumb\",\"itemListElement\":[{\"@type\":\"ListItem\",\"position\":1,\"name\":\"Home\",\"item\":\"https:\\\/\\\/comprehensiveliquor.com\\\/\"},{\"@type\":\"ListItem\",\"position\":2,\"name\":\"Shop\",\"item\":\"https:\\\/\\\/comprehensiveliquor.com\\\/shop\\\/\"},{\"@type\":\"ListItem\",\"position\":3,\"name\":\"Tennessee Bourbon 12 Year Old | Darkness\"}]},{\"@type\":\"WebSite\",\"@id\":\"https:\\\/\\\/comprehensiveliquor.com\\\/#website\",\"url\":\"https:\\\/\\\/comprehensiveliquor.com\\\/\",\"name\":\"Comprehensive Liquor\",\"description\":\"Best Liquor Store\",\"publisher\":{\"@id\":\"https:\\\/\\\/comprehensiveliquor.com\\\/#organization\"},\"alternateName\":\"Comprehensive Liquor Store\",\"potentialAction\":[{\"@type\":\"SearchAction\",\"target\":{\"@type\":\"EntryPoint\",\"urlTemplate\":\"https:\\\/\\\/comprehensiveliquor.com\\\/?s={search_term_string}\"},\"query-input\":{\"@type\":\"PropertyValueSpecification\",\"valueRequired\":true,\"valueName\":\"search_term_string\"}}],\"inLanguage\":\"nl-NL\"},{\"@type\":\"Organization\",\"@id\":\"https:\\\/\\\/comprehensiveliquor.com\\\/#organization\",\"name\":\"Comprehensive Liquor\",\"alternateName\":\"Comprehensive Liquor Store\",\"url\":\"https:\\\/\\\/comprehensiveliquor.com\\\/\",\"logo\":{\"@type\":\"ImageObject\",\"inLanguage\":\"nl-NL\",\"@id\":\"https:\\\/\\\/comprehensiveliquor.com\\\/#\\\/schema\\\/logo\\\/image\\\/\",\"url\":\"https:\\\/\\\/comprehensiveliquor.com\\\/wp-content\\\/uploads\\\/2024\\\/03\\\/cropped-image_2024-03-26_131408877.png\",\"contentUrl\":\"https:\\\/\\\/comprehensiveliquor.com\\\/wp-content\\\/uploads\\\/2024\\\/03\\\/cropped-image_2024-03-26_131408877.png\",\"width\":378,\"height\":263,\"caption\":\"Comprehensive Liquor\"},\"image\":{\"@id\":\"https:\\\/\\\/comprehensiveliquor.com\\\/#\\\/schema\\\/logo\\\/image\\\/\"}}]}<\/script>\n<!-- \/ Yoast SEO Premium plugin. -->","yoast_head_json":{"title":"Tennessee Bourbon 12 Year Old | Darkness","description":"Darkness 50cl\/52.2% Tennessee Bourbon Whiskey A robust sherry-finished bourbon from Darkness, who've taken a 12-year-old Tennessee Bourbon (so we know","robots":{"index":"index","follow":"follow","max-snippet":"max-snippet:-1","max-image-preview":"max-image-preview:large","max-video-preview":"max-video-preview:-1"},"canonical":"https:\/\/comprehensiveliquor.com\/nl\/product\/tennessee-bourbon-12-year-old-darkness\/","og_locale":"nl_NL","og_type":"article","og_title":"Tennessee Bourbon 12 Year Old | Darkness","og_description":"Darkness 50cl\/52.2% Tennessee Bourbon Whiskey A robust sherry-finished bourbon from Darkness, who've taken a 12-year-old Tennessee Bourbon (so we know","og_url":"https:\/\/comprehensiveliquor.com\/nl\/product\/tennessee-bourbon-12-year-old-darkness\/","og_site_name":"Comprehensive Liquor","article_modified_time":"2023-10-12T15:05:20+00:00","og_image":[{"width":360,"height":541,"url":"https:\/\/comprehensiveliquor.com\/wp-content\/uploads\/2022\/10\/image_2022-10-13_231440545.png","type":"image\/png"}],"twitter_card":"summary_large_image","twitter_misc":{"Geschatte leestijd":"1 minuut"},"schema":{"@context":"https:\/\/schema.org","@graph":[{"@type":"WebPage","@id":"https:\/\/comprehensiveliquor.com\/product\/tennessee-bourbon-12-year-old-darkness\/","url":"https:\/\/comprehensiveliquor.com\/product\/tennessee-bourbon-12-year-old-darkness\/","name":"Tennessee Bourbon 12 Year Old | Darkness","isPartOf":{"@id":"https:\/\/comprehensiveliquor.com\/#website"},"primaryImageOfPage":{"@id":"https:\/\/comprehensiveliquor.com\/product\/tennessee-bourbon-12-year-old-darkness\/#primaryimage"},"image":{"@id":"https:\/\/comprehensiveliquor.com\/product\/tennessee-bourbon-12-year-old-darkness\/#primaryimage"},"thumbnailUrl":"https:\/\/comprehensiveliquor.com\/wp-content\/uploads\/2022\/10\/image_2022-10-13_231440545.png","datePublished":"2022-10-13T22:17:27+00:00","dateModified":"2023-10-12T15:05:20+00:00","description":"Darkness 50cl\/52.2% Tennessee Bourbon Whiskey A robust sherry-finished bourbon from Darkness, who've taken a 12-year-old Tennessee Bourbon (so we know","breadcrumb":{"@id":"https:\/\/comprehensiveliquor.com\/product\/tennessee-bourbon-12-year-old-darkness\/#breadcrumb"},"inLanguage":"nl-NL","potentialAction":[{"@type":"ReadAction","target":["https:\/\/comprehensiveliquor.com\/product\/tennessee-bourbon-12-year-old-darkness\/"]}]},{"@type":"ImageObject","inLanguage":"nl-NL","@id":"https:\/\/comprehensiveliquor.com\/product\/tennessee-bourbon-12-year-old-darkness\/#primaryimage","url":"https:\/\/comprehensiveliquor.com\/wp-content\/uploads\/2022\/10\/image_2022-10-13_231440545.png","contentUrl":"https:\/\/comprehensiveliquor.com\/wp-content\/uploads\/2022\/10\/image_2022-10-13_231440545.png","width":360,"height":541,"caption":"Tennessee Bourbon 12 Year Old | Darkness"},{"@type":"BreadcrumbList","@id":"https:\/\/comprehensiveliquor.com\/product\/tennessee-bourbon-12-year-old-darkness\/#breadcrumb","itemListElement":[{"@type":"ListItem","position":1,"name":"Home","item":"https:\/\/comprehensiveliquor.com\/"},{"@type":"ListItem","position":2,"name":"Shop","item":"https:\/\/comprehensiveliquor.com\/shop\/"},{"@type":"ListItem","position":3,"name":"Tennessee Bourbon 12 Year Old | Darkness"}]},{"@type":"WebSite","@id":"https:\/\/comprehensiveliquor.com\/#website","url":"https:\/\/comprehensiveliquor.com\/","name":"Uitgebreide drank","description":"Best Liquor Store","publisher":{"@id":"https:\/\/comprehensiveliquor.com\/#organization"},"alternateName":"Comprehensive Liquor Store","potentialAction":[{"@type":"SearchAction","target":{"@type":"EntryPoint","urlTemplate":"https:\/\/comprehensiveliquor.com\/?s={search_term_string}"},"query-input":{"@type":"PropertyValueSpecification","valueRequired":true,"valueName":"search_term_string"}}],"inLanguage":"nl-NL"},{"@type":"Organization","@id":"https:\/\/comprehensiveliquor.com\/#organization","name":"Uitgebreide drank","alternateName":"Comprehensive Liquor Store","url":"https:\/\/comprehensiveliquor.com\/","logo":{"@type":"ImageObject","inLanguage":"nl-NL","@id":"https:\/\/comprehensiveliquor.com\/#\/schema\/logo\/image\/","url":"https:\/\/comprehensiveliquor.com\/wp-content\/uploads\/2024\/03\/cropped-image_2024-03-26_131408877.png","contentUrl":"https:\/\/comprehensiveliquor.com\/wp-content\/uploads\/2024\/03\/cropped-image_2024-03-26_131408877.png","width":378,"height":263,"caption":"Comprehensive Liquor"},"image":{"@id":"https:\/\/comprehensiveliquor.com\/#\/schema\/logo\/image\/"}}]}},"_links":{"self":[{"href":"https:\/\/comprehensiveliquor.com\/nl\/wp-json\/wp\/v2\/product\/1863","targetHints":{"allow":["GET"]}}],"collection":[{"href":"https:\/\/comprehensiveliquor.com\/nl\/wp-json\/wp\/v2\/product"}],"about":[{"href":"https:\/\/comprehensiveliquor.com\/nl\/wp-json\/wp\/v2\/types\/product"}],"replies":[{"embeddable":true,"href":"https:\/\/comprehensiveliquor.com\/nl\/wp-json\/wp\/v2\/comments?post=1863"}],"wp:featuredmedia":[{"embeddable":true,"href":"https:\/\/comprehensiveliquor.com\/nl\/wp-json\/wp\/v2\/media\/1864"}],"wp:attachment":[{"href":"https:\/\/comprehensiveliquor.com\/nl\/wp-json\/wp\/v2\/media?parent=1863"}],"wp:term":[{"taxonomy":"product_brand","embeddable":true,"href":"https:\/\/comprehensiveliquor.com\/nl\/wp-json\/wp\/v2\/product_brand?post=1863"},{"taxonomy":"product_cat","embeddable":true,"href":"https:\/\/comprehensiveliquor.com\/nl\/wp-json\/wp\/v2\/product_cat?post=1863"},{"taxonomy":"product_tag","embeddable":true,"href":"https:\/\/comprehensiveliquor.com\/nl\/wp-json\/wp\/v2\/product_tag?post=1863"}],"curies":[{"name":"wp","href":"https:\/\/api.w.org\/{rel}","templated":true}]}}