{"id":2100,"date":"2022-10-15T19:17:13","date_gmt":"2022-10-15T19:17:13","guid":{"rendered":"https:\/\/comprehensiveliquor.com\/?post_type=product&#038;p=2100"},"modified":"2022-10-15T20:51:07","modified_gmt":"2022-10-15T20:51:07","slug":"remy-martin-tercet-fine-champagne-cognac","status":"publish","type":"product","link":"https:\/\/comprehensiveliquor.com\/nl\/product\/remy-martin-tercet-fine-champagne-cognac\/","title":{"rendered":"R\u00e9my Martin Tercet Fine Champagne Cognac"},"content":{"rendered":"<h4 style=\"color: #252525;\"><strong style=\"color: #252525;\">Fine Champagne Cognac-R\u00e9my<\/strong><strong style=\"color: #252525;\">\u00a0Martin 70cl\/42%<\/strong><\/h4>\n<p style=\"color: #252525;\">R\u00e9my Martin Tercet\u00a0was launched in 2019 as the first new core range expression from the historic Cognac house since 2010&#8217;s\u00a0<span style=\"color: #252525;\">R\u00e9<\/span>my Martin 1898. R\u00e9my Martin Tercet is bottled at 42%, which, remarkably, is the highest strength R\u00e9my Martin has bottled their cognac so far, and is notably richer and more robust than R\u00e9my&#8217;s classic and elegant VSOP style.<\/p>\n<p style=\"color: #252525;\">R\u00e9my Martin Tercet cognac is a collaboration between\u00a0<span style=\"color: #252525;\">R\u00e9my&#8217;s\u00a0<\/span><span style=\"color: #252525;\">Cellar Master Baptiste Loiseau, the Master Distiller Jean-Marie Bernard and Wine Master Francis Nadeau. Like the rest of the R\u00e9my house&#8217;s other blends, it&#8217;s a Fine Champagne Cognac, meaning that the eaux-de-vie inside were sourced only from the Grande Champagne and Petit Champagne sub-regions of Cognac.<\/span><\/p>","protected":false},"excerpt":{"rendered":"<p>Fine Champagne Cognac-R\u00e9my\u00a0Martin 70cl\/42% R\u00e9my Martin Tercet\u00a0was launched in 2019 as the first new core range expression from the historic Cognac house since 2010&#8217;s\u00a0R\u00e9my Martin 1898. R\u00e9my Martin Tercet is bottled at 42%, which, remarkably, is the highest strength R\u00e9my Martin has bottled their cognac so far, and is notably richer and more robust than [&hellip;]<\/p>\n","protected":false},"featured_media":2101,"comment_status":"open","ping_status":"closed","template":"","meta":{"site-sidebar-layout":"default","site-content-layout":"default","ast-site-content-layout":"default","site-content-style":"default","site-sidebar-style":"default","ast-global-header-display":"","ast-banner-title-visibility":"","ast-main-header-display":"","ast-hfb-above-header-display":"","ast-hfb-below-header-display":"","ast-hfb-mobile-header-display":"","site-post-title":"","ast-breadcrumbs-content":"","ast-featured-img":"","footer-sml-layout":"","ast-disable-related-posts":"","theme-transparent-header-meta":"default","adv-header-id-meta":"","stick-header-meta":"","header-above-stick-meta":"","header-main-stick-meta":"","header-below-stick-meta":"","astra-migrate-meta-layouts":"default","ast-page-background-enabled":"default","ast-page-background-meta":{"desktop":{"background-color":"","background-image":"","background-repeat":"repeat","background-position":"center center","background-size":"auto","background-attachment":"scroll","background-type":"","background-media":"","overlay-type":"","overlay-color":"","overlay-opacity":"","overlay-gradient":""},"tablet":{"background-color":"","background-image":"","background-repeat":"repeat","background-position":"center center","background-size":"auto","background-attachment":"scroll","background-type":"","background-media":"","overlay-type":"","overlay-color":"","overlay-opacity":"","overlay-gradient":""},"mobile":{"background-color":"","background-image":"","background-repeat":"repeat","background-position":"center center","background-size":"auto","background-attachment":"scroll","background-type":"","background-media":"","overlay-type":"","overlay-color":"","overlay-opacity":"","overlay-gradient":""}},"ast-content-background-meta":{"desktop":{"background-color":"var(--ast-global-color-5)","background-image":"","background-repeat":"repeat","background-position":"center center","background-size":"auto","background-attachment":"scroll","background-type":"","background-media":"","overlay-type":"","overlay-color":"","overlay-opacity":"","overlay-gradient":""},"tablet":{"background-color":"var(--ast-global-color-5)","background-image":"","background-repeat":"repeat","background-position":"center center","background-size":"auto","background-attachment":"scroll","background-type":"","background-media":"","overlay-type":"","overlay-color":"","overlay-opacity":"","overlay-gradient":""},"mobile":{"background-color":"var(--ast-global-color-5)","background-image":"","background-repeat":"repeat","background-position":"center center","background-size":"auto","background-attachment":"scroll","background-type":"","background-media":"","overlay-type":"","overlay-color":"","overlay-opacity":"","overlay-gradient":""}}},"product_brand":[],"product_cat":[51],"product_tag":[],"class_list":{"0":"post-2100","1":"product","2":"type-product","3":"status-publish","4":"has-post-thumbnail","6":"product_cat-cognac-armagnac","7":"desktop-align-center","8":"tablet-align-left","9":"mobile-align-left","11":"first","12":"instock","13":"shipping-taxable","14":"purchasable","15":"product-type-simple"},"yoast_head":"<!-- This site is optimized with the Yoast SEO Premium plugin v24.7 (Yoast SEO v27.3) - https:\/\/yoast.com\/product\/yoast-seo-premium-wordpress\/ -->\n<title>R\u00e9my Martin Tercet Fine Champagne Cognac<\/title>\n<meta name=\"description\" content=\"Fine Champagne Cognac-R\u00e9my\u00a0Martin 70cl\/42% R\u00e9my Martin Tercet\u00a0was launched in 2019 as the first new core range expression from the historic Cognac house\" \/>\n<meta name=\"robots\" content=\"index, follow, max-snippet:-1, max-image-preview:large, max-video-preview:-1\" \/>\n<link rel=\"canonical\" href=\"https:\/\/comprehensiveliquor.com\/nl\/product\/remy-martin-tercet-fine-champagne-cognac\/\" \/>\n<meta property=\"og:locale\" content=\"nl_NL\" \/>\n<meta property=\"og:type\" content=\"article\" \/>\n<meta property=\"og:title\" content=\"R\u00e9my Martin Tercet Fine Champagne Cognac\" \/>\n<meta property=\"og:description\" content=\"Fine Champagne Cognac-R\u00e9my\u00a0Martin 70cl\/42% R\u00e9my Martin Tercet\u00a0was launched in 2019 as the first new core range expression from the historic Cognac house\" \/>\n<meta property=\"og:url\" content=\"https:\/\/comprehensiveliquor.com\/nl\/product\/remy-martin-tercet-fine-champagne-cognac\/\" \/>\n<meta property=\"og:site_name\" content=\"Comprehensive Liquor\" \/>\n<meta property=\"article:modified_time\" content=\"2022-10-15T20:51:07+00:00\" \/>\n<meta property=\"og:image\" content=\"https:\/\/comprehensiveliquor.com\/wp-content\/uploads\/2022\/10\/image_2022-10-15_201601537.png\" \/>\n\t<meta property=\"og:image:width\" content=\"360\" \/>\n\t<meta property=\"og:image:height\" content=\"541\" \/>\n\t<meta property=\"og:image:type\" content=\"image\/png\" \/>\n<meta name=\"twitter:card\" content=\"summary_large_image\" \/>\n<meta name=\"twitter:label1\" content=\"Geschatte leestijd\" \/>\n\t<meta name=\"twitter:data1\" content=\"1 minuut\" \/>\n<script type=\"application\/ld+json\" class=\"yoast-schema-graph\">{\"@context\":\"https:\\\/\\\/schema.org\",\"@graph\":[{\"@type\":\"WebPage\",\"@id\":\"https:\\\/\\\/comprehensiveliquor.com\\\/product\\\/remy-martin-tercet-fine-champagne-cognac\\\/\",\"url\":\"https:\\\/\\\/comprehensiveliquor.com\\\/product\\\/remy-martin-tercet-fine-champagne-cognac\\\/\",\"name\":\"R\u00e9my Martin Tercet Fine Champagne Cognac\",\"isPartOf\":{\"@id\":\"https:\\\/\\\/comprehensiveliquor.com\\\/#website\"},\"primaryImageOfPage\":{\"@id\":\"https:\\\/\\\/comprehensiveliquor.com\\\/product\\\/remy-martin-tercet-fine-champagne-cognac\\\/#primaryimage\"},\"image\":{\"@id\":\"https:\\\/\\\/comprehensiveliquor.com\\\/product\\\/remy-martin-tercet-fine-champagne-cognac\\\/#primaryimage\"},\"thumbnailUrl\":\"https:\\\/\\\/comprehensiveliquor.com\\\/wp-content\\\/uploads\\\/2022\\\/10\\\/image_2022-10-15_201601537.png\",\"datePublished\":\"2022-10-15T19:17:13+00:00\",\"dateModified\":\"2022-10-15T20:51:07+00:00\",\"description\":\"Fine Champagne Cognac-R\u00e9my\u00a0Martin 70cl\\\/42% R\u00e9my Martin Tercet\u00a0was launched in 2019 as the first new core range expression from the historic Cognac house\",\"breadcrumb\":{\"@id\":\"https:\\\/\\\/comprehensiveliquor.com\\\/product\\\/remy-martin-tercet-fine-champagne-cognac\\\/#breadcrumb\"},\"inLanguage\":\"nl-NL\",\"potentialAction\":[{\"@type\":\"ReadAction\",\"target\":[\"https:\\\/\\\/comprehensiveliquor.com\\\/product\\\/remy-martin-tercet-fine-champagne-cognac\\\/\"]}]},{\"@type\":\"ImageObject\",\"inLanguage\":\"nl-NL\",\"@id\":\"https:\\\/\\\/comprehensiveliquor.com\\\/product\\\/remy-martin-tercet-fine-champagne-cognac\\\/#primaryimage\",\"url\":\"https:\\\/\\\/comprehensiveliquor.com\\\/wp-content\\\/uploads\\\/2022\\\/10\\\/image_2022-10-15_201601537.png\",\"contentUrl\":\"https:\\\/\\\/comprehensiveliquor.com\\\/wp-content\\\/uploads\\\/2022\\\/10\\\/image_2022-10-15_201601537.png\",\"width\":360,\"height\":541},{\"@type\":\"BreadcrumbList\",\"@id\":\"https:\\\/\\\/comprehensiveliquor.com\\\/product\\\/remy-martin-tercet-fine-champagne-cognac\\\/#breadcrumb\",\"itemListElement\":[{\"@type\":\"ListItem\",\"position\":1,\"name\":\"Home\",\"item\":\"https:\\\/\\\/comprehensiveliquor.com\\\/\"},{\"@type\":\"ListItem\",\"position\":2,\"name\":\"Shop\",\"item\":\"https:\\\/\\\/comprehensiveliquor.com\\\/shop\\\/\"},{\"@type\":\"ListItem\",\"position\":3,\"name\":\"R\u00e9my Martin Tercet Fine Champagne Cognac\"}]},{\"@type\":\"WebSite\",\"@id\":\"https:\\\/\\\/comprehensiveliquor.com\\\/#website\",\"url\":\"https:\\\/\\\/comprehensiveliquor.com\\\/\",\"name\":\"Comprehensive Liquor\",\"description\":\"Best Liquor Store\",\"publisher\":{\"@id\":\"https:\\\/\\\/comprehensiveliquor.com\\\/#organization\"},\"alternateName\":\"Comprehensive Liquor Store\",\"potentialAction\":[{\"@type\":\"SearchAction\",\"target\":{\"@type\":\"EntryPoint\",\"urlTemplate\":\"https:\\\/\\\/comprehensiveliquor.com\\\/?s={search_term_string}\"},\"query-input\":{\"@type\":\"PropertyValueSpecification\",\"valueRequired\":true,\"valueName\":\"search_term_string\"}}],\"inLanguage\":\"nl-NL\"},{\"@type\":\"Organization\",\"@id\":\"https:\\\/\\\/comprehensiveliquor.com\\\/#organization\",\"name\":\"Comprehensive Liquor\",\"alternateName\":\"Comprehensive Liquor Store\",\"url\":\"https:\\\/\\\/comprehensiveliquor.com\\\/\",\"logo\":{\"@type\":\"ImageObject\",\"inLanguage\":\"nl-NL\",\"@id\":\"https:\\\/\\\/comprehensiveliquor.com\\\/#\\\/schema\\\/logo\\\/image\\\/\",\"url\":\"https:\\\/\\\/comprehensiveliquor.com\\\/wp-content\\\/uploads\\\/2024\\\/03\\\/cropped-image_2024-03-26_131408877.png\",\"contentUrl\":\"https:\\\/\\\/comprehensiveliquor.com\\\/wp-content\\\/uploads\\\/2024\\\/03\\\/cropped-image_2024-03-26_131408877.png\",\"width\":378,\"height\":263,\"caption\":\"Comprehensive Liquor\"},\"image\":{\"@id\":\"https:\\\/\\\/comprehensiveliquor.com\\\/#\\\/schema\\\/logo\\\/image\\\/\"}}]}<\/script>\n<!-- \/ Yoast SEO Premium plugin. -->","yoast_head_json":{"title":"R\u00e9my Martin Tercet Fine Champagne Cognac","description":"Fine Champagne Cognac-R\u00e9my\u00a0Martin 70cl\/42% R\u00e9my Martin Tercet\u00a0was launched in 2019 as the first new core range expression from the historic Cognac house","robots":{"index":"index","follow":"follow","max-snippet":"max-snippet:-1","max-image-preview":"max-image-preview:large","max-video-preview":"max-video-preview:-1"},"canonical":"https:\/\/comprehensiveliquor.com\/nl\/product\/remy-martin-tercet-fine-champagne-cognac\/","og_locale":"nl_NL","og_type":"article","og_title":"R\u00e9my Martin Tercet Fine Champagne Cognac","og_description":"Fine Champagne Cognac-R\u00e9my\u00a0Martin 70cl\/42% R\u00e9my Martin Tercet\u00a0was launched in 2019 as the first new core range expression from the historic Cognac house","og_url":"https:\/\/comprehensiveliquor.com\/nl\/product\/remy-martin-tercet-fine-champagne-cognac\/","og_site_name":"Comprehensive Liquor","article_modified_time":"2022-10-15T20:51:07+00:00","og_image":[{"width":360,"height":541,"url":"https:\/\/comprehensiveliquor.com\/wp-content\/uploads\/2022\/10\/image_2022-10-15_201601537.png","type":"image\/png"}],"twitter_card":"summary_large_image","twitter_misc":{"Geschatte leestijd":"1 minuut"},"schema":{"@context":"https:\/\/schema.org","@graph":[{"@type":"WebPage","@id":"https:\/\/comprehensiveliquor.com\/product\/remy-martin-tercet-fine-champagne-cognac\/","url":"https:\/\/comprehensiveliquor.com\/product\/remy-martin-tercet-fine-champagne-cognac\/","name":"R\u00e9my Martin Tercet Fine Champagne Cognac","isPartOf":{"@id":"https:\/\/comprehensiveliquor.com\/#website"},"primaryImageOfPage":{"@id":"https:\/\/comprehensiveliquor.com\/product\/remy-martin-tercet-fine-champagne-cognac\/#primaryimage"},"image":{"@id":"https:\/\/comprehensiveliquor.com\/product\/remy-martin-tercet-fine-champagne-cognac\/#primaryimage"},"thumbnailUrl":"https:\/\/comprehensiveliquor.com\/wp-content\/uploads\/2022\/10\/image_2022-10-15_201601537.png","datePublished":"2022-10-15T19:17:13+00:00","dateModified":"2022-10-15T20:51:07+00:00","description":"Fine Champagne Cognac-R\u00e9my\u00a0Martin 70cl\/42% R\u00e9my Martin Tercet\u00a0was launched in 2019 as the first new core range expression from the historic Cognac house","breadcrumb":{"@id":"https:\/\/comprehensiveliquor.com\/product\/remy-martin-tercet-fine-champagne-cognac\/#breadcrumb"},"inLanguage":"nl-NL","potentialAction":[{"@type":"ReadAction","target":["https:\/\/comprehensiveliquor.com\/product\/remy-martin-tercet-fine-champagne-cognac\/"]}]},{"@type":"ImageObject","inLanguage":"nl-NL","@id":"https:\/\/comprehensiveliquor.com\/product\/remy-martin-tercet-fine-champagne-cognac\/#primaryimage","url":"https:\/\/comprehensiveliquor.com\/wp-content\/uploads\/2022\/10\/image_2022-10-15_201601537.png","contentUrl":"https:\/\/comprehensiveliquor.com\/wp-content\/uploads\/2022\/10\/image_2022-10-15_201601537.png","width":360,"height":541},{"@type":"BreadcrumbList","@id":"https:\/\/comprehensiveliquor.com\/product\/remy-martin-tercet-fine-champagne-cognac\/#breadcrumb","itemListElement":[{"@type":"ListItem","position":1,"name":"Home","item":"https:\/\/comprehensiveliquor.com\/"},{"@type":"ListItem","position":2,"name":"Shop","item":"https:\/\/comprehensiveliquor.com\/shop\/"},{"@type":"ListItem","position":3,"name":"R\u00e9my Martin Tercet Fine Champagne Cognac"}]},{"@type":"WebSite","@id":"https:\/\/comprehensiveliquor.com\/#website","url":"https:\/\/comprehensiveliquor.com\/","name":"Uitgebreide drank","description":"Best Liquor Store","publisher":{"@id":"https:\/\/comprehensiveliquor.com\/#organization"},"alternateName":"Comprehensive Liquor Store","potentialAction":[{"@type":"SearchAction","target":{"@type":"EntryPoint","urlTemplate":"https:\/\/comprehensiveliquor.com\/?s={search_term_string}"},"query-input":{"@type":"PropertyValueSpecification","valueRequired":true,"valueName":"search_term_string"}}],"inLanguage":"nl-NL"},{"@type":"Organization","@id":"https:\/\/comprehensiveliquor.com\/#organization","name":"Uitgebreide drank","alternateName":"Comprehensive Liquor Store","url":"https:\/\/comprehensiveliquor.com\/","logo":{"@type":"ImageObject","inLanguage":"nl-NL","@id":"https:\/\/comprehensiveliquor.com\/#\/schema\/logo\/image\/","url":"https:\/\/comprehensiveliquor.com\/wp-content\/uploads\/2024\/03\/cropped-image_2024-03-26_131408877.png","contentUrl":"https:\/\/comprehensiveliquor.com\/wp-content\/uploads\/2024\/03\/cropped-image_2024-03-26_131408877.png","width":378,"height":263,"caption":"Comprehensive Liquor"},"image":{"@id":"https:\/\/comprehensiveliquor.com\/#\/schema\/logo\/image\/"}}]}},"_links":{"self":[{"href":"https:\/\/comprehensiveliquor.com\/nl\/wp-json\/wp\/v2\/product\/2100","targetHints":{"allow":["GET"]}}],"collection":[{"href":"https:\/\/comprehensiveliquor.com\/nl\/wp-json\/wp\/v2\/product"}],"about":[{"href":"https:\/\/comprehensiveliquor.com\/nl\/wp-json\/wp\/v2\/types\/product"}],"replies":[{"embeddable":true,"href":"https:\/\/comprehensiveliquor.com\/nl\/wp-json\/wp\/v2\/comments?post=2100"}],"wp:featuredmedia":[{"embeddable":true,"href":"https:\/\/comprehensiveliquor.com\/nl\/wp-json\/wp\/v2\/media\/2101"}],"wp:attachment":[{"href":"https:\/\/comprehensiveliquor.com\/nl\/wp-json\/wp\/v2\/media?parent=2100"}],"wp:term":[{"taxonomy":"product_brand","embeddable":true,"href":"https:\/\/comprehensiveliquor.com\/nl\/wp-json\/wp\/v2\/product_brand?post=2100"},{"taxonomy":"product_cat","embeddable":true,"href":"https:\/\/comprehensiveliquor.com\/nl\/wp-json\/wp\/v2\/product_cat?post=2100"},{"taxonomy":"product_tag","embeddable":true,"href":"https:\/\/comprehensiveliquor.com\/nl\/wp-json\/wp\/v2\/product_tag?post=2100"}],"curies":[{"name":"wp","href":"https:\/\/api.w.org\/{rel}","templated":true}]}}