{"id":4885,"date":"2025-11-14T12:59:59","date_gmt":"2025-11-14T12:59:59","guid":{"rendered":"https:\/\/comprehensiveliquor.com\/?post_type=product&#038;p=4885"},"modified":"2025-11-14T13:07:34","modified_gmt":"2025-11-14T13:07:34","slug":"four-roses-limited-edition-small-batch-2025-release","status":"publish","type":"product","link":"https:\/\/comprehensiveliquor.com\/nl\/product\/four-roses-limited-edition-small-batch-2025-release\/","title":{"rendered":"Four Roses Limited Edition Small Batch 2025 Release"},"content":{"rendered":"<h2>Four Roses Limited Edition Small Batch 2025 Release Description<\/h2>\n<div class=\"section-content\">\n<p>De Four Roses 2025 Limited Edition Small Batch is de 18e editie in de veelgeprezen jaarlijkse reeks van de distilleerderij. Deze editie is een blend van drie bourbonrecepten, afkomstig uit vier zorgvuldig geselecteerde batches, gerijpt tussen de 13 en 19 jaar, en gebotteld met een fors alcoholpercentage van 54,5%.<\/p>\n<p>Voor 2025 heeft Master Distiller Brent Elliott gekozen voor een combinatie van 13 jaar oude OBSV (een mash bill met een hoog roggegehalte en de V-giststam \u2013 het standaard Four Roses Single Barrel-recept), 13 jaar oude OBSK (een mash bill met een hoog roggegehalte en de K-giststam), 13 jaar oude OESV (een mash bill met een lager roggegehalte en de V-giststam) en 19 jaar oude OESV bourbons \u2013 die elk hun eigen smaaklaag en finesse toevoegen. Het resultaat is een prachtig gebalanceerde whisky die zowel de rijpheid als de kenmerkende blendkunst weerspiegelt waar Four Roses om bekend staat.<\/p>\n<p>In de neus opent de wijn met zoete abrikoos, vanille en karamel, gevolgd door subtiele hints van zwarte thee, roggekruiden en zacht eikenhout. De smaak is rijk maar verfijnd, met rijpe abrikoos, vleugjes citrus, romige cr\u00e8me br\u00fbl\u00e9e en een vleugje oud, kruidig \u200b\u200beikenhout dat zich met diepte en warmte ontvouwt. De afdronk is lang en elegant, met een perfecte harmonie van zoet fruit, zachte kruiden en subtiel eikenhout.<\/p>\n<\/div>\n<p>&nbsp;<\/p>\n<h3>Kenmerken<\/h3>\n<table>\n<tbody>\n<tr>\n<td><b>Categorie<\/b><\/td>\n<td>Bourbon Whiskey<\/td>\n<\/tr>\n<tr>\n<td><b>Distillery<\/b><\/td>\n<td>Four Roses<\/td>\n<\/tr>\n<tr>\n<td><strong>ABV<\/strong><\/td>\n<td>54.5%<\/td>\n<\/tr>\n<tr>\n<td><strong>Size<\/strong><\/td>\n<td>70cl<\/td>\n<\/tr>\n<tr>\n<td><strong>Region<\/strong><\/td>\n<td>USA<\/td>\n<\/tr>\n<tr>\n<td><strong>Beperkte editie<\/strong><\/td>\n<td>yes<\/td>\n<\/tr>\n<\/tbody>\n<\/table>","protected":false},"excerpt":{"rendered":"<p>Four Roses Limited Edition Small Batch 2025 Release Description The Four Roses 2025 Limited Edition Small Batch marks the 18th release in the distillery\u2019s much-celebrated annual series. This year\u2019s expression is a blend of three bourbon recipes drawn from four hand-selected batches, aged between 13 and 19 years, and bottled at a bold 54.5% ABV. [&hellip;]<\/p>\n","protected":false},"featured_media":4897,"comment_status":"closed","ping_status":"closed","template":"","meta":{"site-sidebar-layout":"default","site-content-layout":"","ast-site-content-layout":"default","site-content-style":"default","site-sidebar-style":"default","ast-global-header-display":"","ast-banner-title-visibility":"","ast-main-header-display":"","ast-hfb-above-header-display":"","ast-hfb-below-header-display":"","ast-hfb-mobile-header-display":"","site-post-title":"","ast-breadcrumbs-content":"","ast-featured-img":"","footer-sml-layout":"","ast-disable-related-posts":"","theme-transparent-header-meta":"default","adv-header-id-meta":"","stick-header-meta":"","header-above-stick-meta":"","header-main-stick-meta":"","header-below-stick-meta":"","astra-migrate-meta-layouts":"set","ast-page-background-enabled":"default","ast-page-background-meta":{"desktop":{"background-color":"","background-image":"","background-repeat":"repeat","background-position":"center center","background-size":"auto","background-attachment":"scroll","background-type":"","background-media":"","overlay-type":"","overlay-color":"","overlay-opacity":"","overlay-gradient":""},"tablet":{"background-color":"","background-image":"","background-repeat":"repeat","background-position":"center center","background-size":"auto","background-attachment":"scroll","background-type":"","background-media":"","overlay-type":"","overlay-color":"","overlay-opacity":"","overlay-gradient":""},"mobile":{"background-color":"","background-image":"","background-repeat":"repeat","background-position":"center center","background-size":"auto","background-attachment":"scroll","background-type":"","background-media":"","overlay-type":"","overlay-color":"","overlay-opacity":"","overlay-gradient":""}},"ast-content-background-meta":{"desktop":{"background-color":"var(--ast-global-color-5)","background-image":"","background-repeat":"repeat","background-position":"center center","background-size":"auto","background-attachment":"scroll","background-type":"","background-media":"","overlay-type":"","overlay-color":"","overlay-opacity":"","overlay-gradient":""},"tablet":{"background-color":"var(--ast-global-color-5)","background-image":"","background-repeat":"repeat","background-position":"center center","background-size":"auto","background-attachment":"scroll","background-type":"","background-media":"","overlay-type":"","overlay-color":"","overlay-opacity":"","overlay-gradient":""},"mobile":{"background-color":"var(--ast-global-color-5)","background-image":"","background-repeat":"repeat","background-position":"center center","background-size":"auto","background-attachment":"scroll","background-type":"","background-media":"","overlay-type":"","overlay-color":"","overlay-opacity":"","overlay-gradient":""}}},"product_brand":[],"product_cat":[63],"product_tag":[],"class_list":{"0":"post-4885","1":"product","2":"type-product","3":"status-publish","4":"has-post-thumbnail","6":"product_cat-bourbon-whiskey","7":"desktop-align-center","8":"tablet-align-left","9":"mobile-align-left","11":"first","12":"instock","13":"shipping-taxable","14":"purchasable","15":"product-type-simple"},"yoast_head":"<!-- This site is optimized with the Yoast SEO Premium plugin v24.7 (Yoast SEO v27.4) - https:\/\/yoast.com\/product\/yoast-seo-premium-wordpress\/ -->\n<title>Four Roses Limited Edition Small Batch 2025 Release<\/title>\n<meta name=\"description\" content=\"Four Roses Limited Edition Small Batch 2025 Release Description The Four Roses 2025 Limited Edition Small Batch marks the 18th release in the distillery\u2019s\" \/>\n<meta name=\"robots\" content=\"index, follow, max-snippet:-1, max-image-preview:large, max-video-preview:-1\" \/>\n<link rel=\"canonical\" href=\"https:\/\/comprehensiveliquor.com\/nl\/product\/four-roses-limited-edition-small-batch-2025-release\/\" \/>\n<meta property=\"og:locale\" content=\"nl_NL\" \/>\n<meta property=\"og:type\" content=\"article\" \/>\n<meta property=\"og:title\" content=\"Four Roses Limited Edition Small Batch 2025 Release\" \/>\n<meta property=\"og:description\" content=\"Four Roses Limited Edition Small Batch 2025 Release Description The Four Roses 2025 Limited Edition Small Batch marks the 18th release in the distillery\u2019s\" \/>\n<meta property=\"og:url\" content=\"https:\/\/comprehensiveliquor.com\/nl\/product\/four-roses-limited-edition-small-batch-2025-release\/\" \/>\n<meta property=\"og:site_name\" content=\"Comprehensive Liquor\" \/>\n<meta property=\"article:modified_time\" content=\"2025-11-14T13:07:34+00:00\" \/>\n<meta property=\"og:image\" content=\"https:\/\/comprehensiveliquor.com\/wp-content\/uploads\/2025\/11\/four_roses_small_batch_limited_edition_2025_ps-1.jpg\" \/>\n\t<meta property=\"og:image:width\" content=\"700\" \/>\n\t<meta property=\"og:image:height\" content=\"700\" \/>\n\t<meta property=\"og:image:type\" content=\"image\/jpeg\" \/>\n<meta name=\"twitter:card\" content=\"summary_large_image\" \/>\n<meta name=\"twitter:label1\" content=\"Geschatte leestijd\" \/>\n\t<meta name=\"twitter:data1\" content=\"1 minuut\" \/>\n<script type=\"application\/ld+json\" class=\"yoast-schema-graph\">{\"@context\":\"https:\\\/\\\/schema.org\",\"@graph\":[{\"@type\":\"WebPage\",\"@id\":\"https:\\\/\\\/comprehensiveliquor.com\\\/product\\\/four-roses-limited-edition-small-batch-2025-release\\\/\",\"url\":\"https:\\\/\\\/comprehensiveliquor.com\\\/product\\\/four-roses-limited-edition-small-batch-2025-release\\\/\",\"name\":\"Four Roses Limited Edition Small Batch 2025 Release\",\"isPartOf\":{\"@id\":\"https:\\\/\\\/comprehensiveliquor.com\\\/#website\"},\"primaryImageOfPage\":{\"@id\":\"https:\\\/\\\/comprehensiveliquor.com\\\/product\\\/four-roses-limited-edition-small-batch-2025-release\\\/#primaryimage\"},\"image\":{\"@id\":\"https:\\\/\\\/comprehensiveliquor.com\\\/product\\\/four-roses-limited-edition-small-batch-2025-release\\\/#primaryimage\"},\"thumbnailUrl\":\"https:\\\/\\\/comprehensiveliquor.com\\\/wp-content\\\/uploads\\\/2025\\\/11\\\/four_roses_small_batch_limited_edition_2025_ps-1.jpg\",\"datePublished\":\"2025-11-14T12:59:59+00:00\",\"dateModified\":\"2025-11-14T13:07:34+00:00\",\"description\":\"Four Roses Limited Edition Small Batch 2025 Release Description The Four Roses 2025 Limited Edition Small Batch marks the 18th release in the distillery\u2019s\",\"breadcrumb\":{\"@id\":\"https:\\\/\\\/comprehensiveliquor.com\\\/product\\\/four-roses-limited-edition-small-batch-2025-release\\\/#breadcrumb\"},\"inLanguage\":\"nl-NL\",\"potentialAction\":[{\"@type\":\"ReadAction\",\"target\":[\"https:\\\/\\\/comprehensiveliquor.com\\\/product\\\/four-roses-limited-edition-small-batch-2025-release\\\/\"]}]},{\"@type\":\"ImageObject\",\"inLanguage\":\"nl-NL\",\"@id\":\"https:\\\/\\\/comprehensiveliquor.com\\\/product\\\/four-roses-limited-edition-small-batch-2025-release\\\/#primaryimage\",\"url\":\"https:\\\/\\\/comprehensiveliquor.com\\\/wp-content\\\/uploads\\\/2025\\\/11\\\/four_roses_small_batch_limited_edition_2025_ps-1.jpg\",\"contentUrl\":\"https:\\\/\\\/comprehensiveliquor.com\\\/wp-content\\\/uploads\\\/2025\\\/11\\\/four_roses_small_batch_limited_edition_2025_ps-1.jpg\",\"width\":700,\"height\":700,\"caption\":\"Four Roses Limited Edition Small Batch 2025 Release bottle\"},{\"@type\":\"BreadcrumbList\",\"@id\":\"https:\\\/\\\/comprehensiveliquor.com\\\/product\\\/four-roses-limited-edition-small-batch-2025-release\\\/#breadcrumb\",\"itemListElement\":[{\"@type\":\"ListItem\",\"position\":1,\"name\":\"Home\",\"item\":\"https:\\\/\\\/comprehensiveliquor.com\\\/\"},{\"@type\":\"ListItem\",\"position\":2,\"name\":\"Shop\",\"item\":\"https:\\\/\\\/comprehensiveliquor.com\\\/shop\\\/\"},{\"@type\":\"ListItem\",\"position\":3,\"name\":\"Four Roses Limited Edition Small Batch 2025 Release\"}]},{\"@type\":\"WebSite\",\"@id\":\"https:\\\/\\\/comprehensiveliquor.com\\\/#website\",\"url\":\"https:\\\/\\\/comprehensiveliquor.com\\\/\",\"name\":\"Comprehensive Liquor\",\"description\":\"Best Liquor Store\",\"publisher\":{\"@id\":\"https:\\\/\\\/comprehensiveliquor.com\\\/#organization\"},\"alternateName\":\"Comprehensive Liquor Store\",\"potentialAction\":[{\"@type\":\"SearchAction\",\"target\":{\"@type\":\"EntryPoint\",\"urlTemplate\":\"https:\\\/\\\/comprehensiveliquor.com\\\/?s={search_term_string}\"},\"query-input\":{\"@type\":\"PropertyValueSpecification\",\"valueRequired\":true,\"valueName\":\"search_term_string\"}}],\"inLanguage\":\"nl-NL\"},{\"@type\":\"Organization\",\"@id\":\"https:\\\/\\\/comprehensiveliquor.com\\\/#organization\",\"name\":\"Comprehensive Liquor\",\"alternateName\":\"Comprehensive Liquor Store\",\"url\":\"https:\\\/\\\/comprehensiveliquor.com\\\/\",\"logo\":{\"@type\":\"ImageObject\",\"inLanguage\":\"nl-NL\",\"@id\":\"https:\\\/\\\/comprehensiveliquor.com\\\/#\\\/schema\\\/logo\\\/image\\\/\",\"url\":\"https:\\\/\\\/comprehensiveliquor.com\\\/wp-content\\\/uploads\\\/2024\\\/03\\\/cropped-image_2024-03-26_131408877.png\",\"contentUrl\":\"https:\\\/\\\/comprehensiveliquor.com\\\/wp-content\\\/uploads\\\/2024\\\/03\\\/cropped-image_2024-03-26_131408877.png\",\"width\":378,\"height\":263,\"caption\":\"Comprehensive Liquor\"},\"image\":{\"@id\":\"https:\\\/\\\/comprehensiveliquor.com\\\/#\\\/schema\\\/logo\\\/image\\\/\"}}]}<\/script>\n<!-- \/ Yoast SEO Premium plugin. -->","yoast_head_json":{"title":"Four Roses Limited Edition Small Batch 2025 Release","description":"Four Roses Limited Edition Small Batch 2025 Releasebeschrijving De Four Roses 2025 Limited Edition Small Batch is de 18e release in de reeks van de distilleerderij.","robots":{"index":"index","follow":"follow","max-snippet":"max-snippet:-1","max-image-preview":"max-image-preview:large","max-video-preview":"max-video-preview:-1"},"canonical":"https:\/\/comprehensiveliquor.com\/nl\/product\/four-roses-limited-edition-small-batch-2025-release\/","og_locale":"nl_NL","og_type":"article","og_title":"Four Roses Limited Edition Small Batch 2025 Release","og_description":"Four Roses Limited Edition Small Batch 2025 Release Description The Four Roses 2025 Limited Edition Small Batch marks the 18th release in the distillery\u2019s","og_url":"https:\/\/comprehensiveliquor.com\/nl\/product\/four-roses-limited-edition-small-batch-2025-release\/","og_site_name":"Comprehensive Liquor","article_modified_time":"2025-11-14T13:07:34+00:00","og_image":[{"width":700,"height":700,"url":"https:\/\/comprehensiveliquor.com\/wp-content\/uploads\/2025\/11\/four_roses_small_batch_limited_edition_2025_ps-1.jpg","type":"image\/jpeg"}],"twitter_card":"summary_large_image","twitter_misc":{"Geschatte leestijd":"1 minuut"},"schema":{"@context":"https:\/\/schema.org","@graph":[{"@type":"WebPage","@id":"https:\/\/comprehensiveliquor.com\/product\/four-roses-limited-edition-small-batch-2025-release\/","url":"https:\/\/comprehensiveliquor.com\/product\/four-roses-limited-edition-small-batch-2025-release\/","name":"Four Roses Limited Edition Small Batch 2025 Release","isPartOf":{"@id":"https:\/\/comprehensiveliquor.com\/#website"},"primaryImageOfPage":{"@id":"https:\/\/comprehensiveliquor.com\/product\/four-roses-limited-edition-small-batch-2025-release\/#primaryimage"},"image":{"@id":"https:\/\/comprehensiveliquor.com\/product\/four-roses-limited-edition-small-batch-2025-release\/#primaryimage"},"thumbnailUrl":"https:\/\/comprehensiveliquor.com\/wp-content\/uploads\/2025\/11\/four_roses_small_batch_limited_edition_2025_ps-1.jpg","datePublished":"2025-11-14T12:59:59+00:00","dateModified":"2025-11-14T13:07:34+00:00","description":"Four Roses Limited Edition Small Batch 2025 Releasebeschrijving De Four Roses 2025 Limited Edition Small Batch is de 18e release in de reeks van de distilleerderij.","breadcrumb":{"@id":"https:\/\/comprehensiveliquor.com\/product\/four-roses-limited-edition-small-batch-2025-release\/#breadcrumb"},"inLanguage":"nl-NL","potentialAction":[{"@type":"ReadAction","target":["https:\/\/comprehensiveliquor.com\/product\/four-roses-limited-edition-small-batch-2025-release\/"]}]},{"@type":"ImageObject","inLanguage":"nl-NL","@id":"https:\/\/comprehensiveliquor.com\/product\/four-roses-limited-edition-small-batch-2025-release\/#primaryimage","url":"https:\/\/comprehensiveliquor.com\/wp-content\/uploads\/2025\/11\/four_roses_small_batch_limited_edition_2025_ps-1.jpg","contentUrl":"https:\/\/comprehensiveliquor.com\/wp-content\/uploads\/2025\/11\/four_roses_small_batch_limited_edition_2025_ps-1.jpg","width":700,"height":700,"caption":"Four Roses Limited Edition Small Batch 2025 Release bottle"},{"@type":"BreadcrumbList","@id":"https:\/\/comprehensiveliquor.com\/product\/four-roses-limited-edition-small-batch-2025-release\/#breadcrumb","itemListElement":[{"@type":"ListItem","position":1,"name":"Home","item":"https:\/\/comprehensiveliquor.com\/"},{"@type":"ListItem","position":2,"name":"Shop","item":"https:\/\/comprehensiveliquor.com\/shop\/"},{"@type":"ListItem","position":3,"name":"Four Roses Limited Edition Small Batch 2025 Release"}]},{"@type":"WebSite","@id":"https:\/\/comprehensiveliquor.com\/#website","url":"https:\/\/comprehensiveliquor.com\/","name":"Uitgebreide drank","description":"Best Liquor Store","publisher":{"@id":"https:\/\/comprehensiveliquor.com\/#organization"},"alternateName":"Comprehensive Liquor Store","potentialAction":[{"@type":"SearchAction","target":{"@type":"EntryPoint","urlTemplate":"https:\/\/comprehensiveliquor.com\/?s={search_term_string}"},"query-input":{"@type":"PropertyValueSpecification","valueRequired":true,"valueName":"search_term_string"}}],"inLanguage":"nl-NL"},{"@type":"Organization","@id":"https:\/\/comprehensiveliquor.com\/#organization","name":"Uitgebreide drank","alternateName":"Comprehensive Liquor Store","url":"https:\/\/comprehensiveliquor.com\/","logo":{"@type":"ImageObject","inLanguage":"nl-NL","@id":"https:\/\/comprehensiveliquor.com\/#\/schema\/logo\/image\/","url":"https:\/\/comprehensiveliquor.com\/wp-content\/uploads\/2024\/03\/cropped-image_2024-03-26_131408877.png","contentUrl":"https:\/\/comprehensiveliquor.com\/wp-content\/uploads\/2024\/03\/cropped-image_2024-03-26_131408877.png","width":378,"height":263,"caption":"Comprehensive Liquor"},"image":{"@id":"https:\/\/comprehensiveliquor.com\/#\/schema\/logo\/image\/"}}]}},"_links":{"self":[{"href":"https:\/\/comprehensiveliquor.com\/nl\/wp-json\/wp\/v2\/product\/4885","targetHints":{"allow":["GET"]}}],"collection":[{"href":"https:\/\/comprehensiveliquor.com\/nl\/wp-json\/wp\/v2\/product"}],"about":[{"href":"https:\/\/comprehensiveliquor.com\/nl\/wp-json\/wp\/v2\/types\/product"}],"replies":[{"embeddable":true,"href":"https:\/\/comprehensiveliquor.com\/nl\/wp-json\/wp\/v2\/comments?post=4885"}],"wp:featuredmedia":[{"embeddable":true,"href":"https:\/\/comprehensiveliquor.com\/nl\/wp-json\/wp\/v2\/media\/4897"}],"wp:attachment":[{"href":"https:\/\/comprehensiveliquor.com\/nl\/wp-json\/wp\/v2\/media?parent=4885"}],"wp:term":[{"taxonomy":"product_brand","embeddable":true,"href":"https:\/\/comprehensiveliquor.com\/nl\/wp-json\/wp\/v2\/product_brand?post=4885"},{"taxonomy":"product_cat","embeddable":true,"href":"https:\/\/comprehensiveliquor.com\/nl\/wp-json\/wp\/v2\/product_cat?post=4885"},{"taxonomy":"product_tag","embeddable":true,"href":"https:\/\/comprehensiveliquor.com\/nl\/wp-json\/wp\/v2\/product_tag?post=4885"}],"curies":[{"name":"wp","href":"https:\/\/api.w.org\/{rel}","templated":true}]}}