{"id":1968,"date":"2022-10-14T21:20:28","date_gmt":"2022-10-14T21:20:28","guid":{"rendered":"https:\/\/comprehensiveliquor.com\/?page_id=1968"},"modified":"2022-10-23T11:59:30","modified_gmt":"2022-10-23T11:59:30","slug":"informacje-o-wysylce","status":"publish","type":"page","link":"https:\/\/comprehensiveliquor.com\/pl\/informacje-o-wysylce\/","title":{"rendered":"Informacje o wysy\u0142ce"},"content":{"rendered":"<p>Aby sprawdzi\u0107 koszt wysy\u0142ki przed zakupem, skorzystaj z naszego kalkulatora koszt\u00f3w wysy\u0142ki podczas finalizacji zam\u00f3wienia. Wybierz produkty, kt\u00f3re chcesz kupi\u0107. Wystarczy wpisa\u0107 sw\u00f3j kod pocztowy na stronie podsumowania zam\u00f3wienia, a kalkulator obliczy koszty wysy\u0142ki do wskazanego kodu pocztowego.<\/p>\n\n\n\n<p><strong>Korzystamy z po\u0142\u0105czenia UPS i FedEx<\/strong>&nbsp;dostarcza\u0107 wszystkie przesy\u0142ki. Przewo\u017anik nie wysy\u0142a przesy\u0142ek do skrytek pocztowych, ale wysy\u0142a je na wszystkie adresy domowe i firmowe.<\/p>\n\n\n\n<p><strong>Ustawowy wym\u00f3g wieku<\/strong>\u00a0ka\u017cda przesy\u0142ka alkoholu musi zosta\u0107 odebrana przez osob\u0119 doros\u0142\u0105, kt\u00f3ra jest <strong>81 lat lub wi\u0119cej.<\/strong>\u00a0Bez wyj\u0105tk\u00f3w. Przesy\u0142ki z alkoholem wysy\u0142ane s\u0105 z\u00a0<strong>\u201eWymagany podpis osoby doros\u0142ej\u201d<\/strong>\u00a0postanowienia, a przewo\u017anik, z kt\u00f3rego us\u0142ug korzysta firma przewozowa, jest zobowi\u0105zany poprosi\u0107 o okazanie i zweryfikowa\u0107 to\u017csamo\u015b\u0107 przed dostarczeniem towaru.<\/p>\n\n\n\n<p><strong>Wymagany podpis osoby doros\u0142ej<\/strong>\u00a0Przy odbiorze wszystkie zakupy musz\u0105 by\u0107 dokonane przez osoby, kt\u00f3re uko\u0144czy\u0142y 18 lat. Dostawca b\u0119dzie wymaga\u0142 okazania dokumentu potwierdzaj\u0105cego wiek i podpisu przy ka\u017cdej dostawie. Tylko osoby, kt\u00f3re uko\u0144czy\u0142y 18 lat, mog\u0105 odebra\u0107 przesy\u0142k\u0119.<\/p>\n\n\n\n<p><a href=\"https:\/\/www.fedex.com\/en-cm\/home.html\" target=\"_blank\" rel=\"noopener\" title=\"\">FedEx<\/a><strong><strong> <\/strong><\/strong>I <strong>UPS<\/strong> Nie dostarczamy osobom pod wp\u0142ywem alkoholu. Prosimy o picie alkoholu z umiarem. Je\u015bli nikt powy\u017cej 18 roku \u017cycia nie b\u0119dzie dost\u0119pny do odbioru przesy\u0142ki, nie zostanie ona pozostawiona. Dlatego zalecamy wysy\u0142k\u0119 na adres s\u0142u\u017cbowy lub firmowy. Nie wysy\u0142amy na adresy skrytek pocztowych, FPO ani APO.<\/p>\n\n\n\n<h4 class=\"wp-block-heading\">Czy wysy\u0142acie do mojego kraju lub stanu?<\/h4>\n\n\n\n<p>Wysy\u0142amy do kraj\u00f3w Europy, Azji, Kanady i USA, je\u015bli przepisy prawne zezwalaj\u0105 na wysy\u0142k\u0119 produkt\u00f3w alkoholowych do Twojego stanu lub hrabstwa.<\/p>\n\n\n\n<h4 class=\"wp-block-heading\">Czy adres wysy\u0142ki, kt\u00f3ry chc\u0119 zam\u00f3wi\u0107, mo\u017ce r\u00f3\u017cni\u0107 si\u0119 od adresu rozliczeniowego?<\/h4>\n\n\n\n<p>Tak, mo\u017cesz z\u0142o\u017cy\u0107 zam\u00f3wienie i zleci\u0107 jego wysy\u0142k\u0119 na inny adres ni\u017c adres rozliczeniowy.<\/p>\n\n\n\n<h4 class=\"wp-block-heading\">When will my order be shipped?<\/h4>\n\n\n\n<p>Po potwierdzeniu p\u0142atno\u015bci rozpoczynamy przetwarzanie zam\u00f3wienia, kt\u00f3re trwa maksymalnie 12 godzin. Wysy\u0142ka zam\u00f3wienia trwa do 12 godzin. Wysy\u0142ka odbywa si\u0119 nast\u0119pnego dnia roboczego, a w przypadku produkt\u00f3w zakupionych omy\u0142kowo obowi\u0105zuje 14-dniowy okres zwrotu. Produkty musz\u0105 by\u0107 fabrycznie zapakowane i w oryginalnym stanie. Nabywca napoj\u00f3w alkoholowych o\u015bwiadcza, \u017ce \u200b\u200bdzia\u0142a zgodnie z lokalnymi i krajowymi przepisami dotycz\u0105cymi zakupu.<\/p>\n\n\n\n<h4 class=\"wp-block-heading\">Czas wysy\u0142ki.<\/h4>\n\n\n\n<p>Wysy\u0142ka w USA (Stany Zjednoczone) trwa od 3 do 4 dni roboczych, w USA (Stany Zjednoczone) od 3 do 4 dni roboczych.\u00a0<strong>Canada,\u00a0<\/strong>od 3 do 5 cali\u00a0<strong>Asia<\/strong>, 2 do 3 w Europie i 3 do 7 dni do\u00a0<strong>wys\u0142a\u0107 do Australii<\/strong>, w zale\u017cno\u015bci od lokalizacji klienta.<\/p>","protected":false},"excerpt":{"rendered":"<p>To find out your shipping cost before purchasing, please use our shipping calculator at check out. Pick the items you would like to purchase. Just enter your zip code on the order summary page and it will calculate shipping charges to your zip code. We use a combination of UPS and FedEx&nbsp;to deliver all packages. [&hellip;]<\/p>\n","protected":false},"author":1,"featured_media":0,"parent":0,"menu_order":0,"comment_status":"closed","ping_status":"closed","template":"","meta":{"site-sidebar-layout":"default","site-content-layout":"","ast-site-content-layout":"default","site-content-style":"default","site-sidebar-style":"default","ast-global-header-display":"","ast-banner-title-visibility":"","ast-main-header-display":"","ast-hfb-above-header-display":"","ast-hfb-below-header-display":"","ast-hfb-mobile-header-display":"","site-post-title":"","ast-breadcrumbs-content":"","ast-featured-img":"","footer-sml-layout":"","ast-disable-related-posts":"","theme-transparent-header-meta":"","adv-header-id-meta":"","stick-header-meta":"","header-above-stick-meta":"","header-main-stick-meta":"","header-below-stick-meta":"","astra-migrate-meta-layouts":"default","ast-page-background-enabled":"default","ast-page-background-meta":{"desktop":{"background-color":"","background-image":"","background-repeat":"repeat","background-position":"center center","background-size":"auto","background-attachment":"scroll","background-type":"","background-media":"","overlay-type":"","overlay-color":"","overlay-opacity":"","overlay-gradient":""},"tablet":{"background-color":"","background-image":"","background-repeat":"repeat","background-position":"center center","background-size":"auto","background-attachment":"scroll","background-type":"","background-media":"","overlay-type":"","overlay-color":"","overlay-opacity":"","overlay-gradient":""},"mobile":{"background-color":"","background-image":"","background-repeat":"repeat","background-position":"center center","background-size":"auto","background-attachment":"scroll","background-type":"","background-media":"","overlay-type":"","overlay-color":"","overlay-opacity":"","overlay-gradient":""}},"ast-content-background-meta":{"desktop":{"background-color":"var(--ast-global-color-5)","background-image":"","background-repeat":"repeat","background-position":"center center","background-size":"auto","background-attachment":"scroll","background-type":"","background-media":"","overlay-type":"","overlay-color":"","overlay-opacity":"","overlay-gradient":""},"tablet":{"background-color":"var(--ast-global-color-5)","background-image":"","background-repeat":"repeat","background-position":"center center","background-size":"auto","background-attachment":"scroll","background-type":"","background-media":"","overlay-type":"","overlay-color":"","overlay-opacity":"","overlay-gradient":""},"mobile":{"background-color":"var(--ast-global-color-5)","background-image":"","background-repeat":"repeat","background-position":"center center","background-size":"auto","background-attachment":"scroll","background-type":"","background-media":"","overlay-type":"","overlay-color":"","overlay-opacity":"","overlay-gradient":""}},"footnotes":""},"class_list":["post-1968","page","type-page","status-publish","hentry"],"yoast_head":"<!-- This site is optimized with the Yoast SEO Premium plugin v24.7 (Yoast SEO v27.4) - https:\/\/yoast.com\/product\/yoast-seo-premium-wordpress\/ -->\n<title>Shipping Information | Comprehensive Liquor<\/title>\n<meta name=\"description\" content=\"To find out your shipping cost before purchasing, please use our shipping calculator at check out. Pick the items you would like to purchase. Just enter\" \/>\n<meta name=\"robots\" content=\"index, follow, max-snippet:-1, max-image-preview:large, max-video-preview:-1\" \/>\n<link rel=\"canonical\" href=\"https:\/\/comprehensiveliquor.com\/pl\/informacje-o-wysylce\/\" \/>\n<meta property=\"og:locale\" content=\"pl_PL\" \/>\n<meta property=\"og:type\" content=\"article\" \/>\n<meta property=\"og:title\" content=\"Shipping Information\" \/>\n<meta property=\"og:description\" content=\"To find out your shipping cost before purchasing, please use our shipping calculator at check out. Pick the items you would like to purchase. Just enter\" \/>\n<meta property=\"og:url\" content=\"https:\/\/comprehensiveliquor.com\/pl\/informacje-o-wysylce\/\" \/>\n<meta property=\"og:site_name\" content=\"Comprehensive Liquor\" \/>\n<meta property=\"article:modified_time\" content=\"2022-10-23T11:59:30+00:00\" \/>\n<meta name=\"twitter:card\" content=\"summary_large_image\" \/>\n<meta name=\"twitter:label1\" content=\"Szacowany czas czytania\" \/>\n\t<meta name=\"twitter:data1\" content=\"2 minuty\" \/>\n<script type=\"application\/ld+json\" class=\"yoast-schema-graph\">{\"@context\":\"https:\\\/\\\/schema.org\",\"@graph\":[{\"@type\":\"WebPage\",\"@id\":\"https:\\\/\\\/comprehensiveliquor.com\\\/shipping-information\\\/\",\"url\":\"https:\\\/\\\/comprehensiveliquor.com\\\/shipping-information\\\/\",\"name\":\"Shipping Information | Comprehensive Liquor\",\"isPartOf\":{\"@id\":\"https:\\\/\\\/comprehensiveliquor.com\\\/#website\"},\"datePublished\":\"2022-10-14T21:20:28+00:00\",\"dateModified\":\"2022-10-23T11:59:30+00:00\",\"description\":\"To find out your shipping cost before purchasing, please use our shipping calculator at check out. Pick the items you would like to purchase. Just enter\",\"breadcrumb\":{\"@id\":\"https:\\\/\\\/comprehensiveliquor.com\\\/shipping-information\\\/#breadcrumb\"},\"inLanguage\":\"pl-PL\",\"potentialAction\":[{\"@type\":\"ReadAction\",\"target\":[\"https:\\\/\\\/comprehensiveliquor.com\\\/shipping-information\\\/\"]}]},{\"@type\":\"BreadcrumbList\",\"@id\":\"https:\\\/\\\/comprehensiveliquor.com\\\/shipping-information\\\/#breadcrumb\",\"itemListElement\":[{\"@type\":\"ListItem\",\"position\":1,\"name\":\"Home\",\"item\":\"https:\\\/\\\/comprehensiveliquor.com\\\/\"},{\"@type\":\"ListItem\",\"position\":2,\"name\":\"Shipping Information\"}]},{\"@type\":\"WebSite\",\"@id\":\"https:\\\/\\\/comprehensiveliquor.com\\\/#website\",\"url\":\"https:\\\/\\\/comprehensiveliquor.com\\\/\",\"name\":\"Comprehensive Liquor\",\"description\":\"Best Liquor Store\",\"publisher\":{\"@id\":\"https:\\\/\\\/comprehensiveliquor.com\\\/#organization\"},\"alternateName\":\"Comprehensive Liquor Store\",\"potentialAction\":[{\"@type\":\"SearchAction\",\"target\":{\"@type\":\"EntryPoint\",\"urlTemplate\":\"https:\\\/\\\/comprehensiveliquor.com\\\/?s={search_term_string}\"},\"query-input\":{\"@type\":\"PropertyValueSpecification\",\"valueRequired\":true,\"valueName\":\"search_term_string\"}}],\"inLanguage\":\"pl-PL\"},{\"@type\":\"Organization\",\"@id\":\"https:\\\/\\\/comprehensiveliquor.com\\\/#organization\",\"name\":\"Comprehensive Liquor\",\"alternateName\":\"Comprehensive Liquor Store\",\"url\":\"https:\\\/\\\/comprehensiveliquor.com\\\/\",\"logo\":{\"@type\":\"ImageObject\",\"inLanguage\":\"pl-PL\",\"@id\":\"https:\\\/\\\/comprehensiveliquor.com\\\/#\\\/schema\\\/logo\\\/image\\\/\",\"url\":\"https:\\\/\\\/comprehensiveliquor.com\\\/wp-content\\\/uploads\\\/2024\\\/03\\\/cropped-image_2024-03-26_131408877.png\",\"contentUrl\":\"https:\\\/\\\/comprehensiveliquor.com\\\/wp-content\\\/uploads\\\/2024\\\/03\\\/cropped-image_2024-03-26_131408877.png\",\"width\":378,\"height\":263,\"caption\":\"Comprehensive Liquor\"},\"image\":{\"@id\":\"https:\\\/\\\/comprehensiveliquor.com\\\/#\\\/schema\\\/logo\\\/image\\\/\"}}]}<\/script>\n<!-- \/ Yoast SEO Premium plugin. -->","yoast_head_json":{"title":"Shipping Information | Comprehensive Liquor","description":"Aby sprawdzi\u0107 koszt wysy\u0142ki przed zakupem, skorzystaj z naszego kalkulatora koszt\u00f3w wysy\u0142ki podczas finalizacji zam\u00f3wienia. Wybierz produkty, kt\u00f3re chcesz kupi\u0107. Wystarczy wpisa\u0107 kod.","robots":{"index":"index","follow":"follow","max-snippet":"max-snippet:-1","max-image-preview":"max-image-preview:large","max-video-preview":"max-video-preview:-1"},"canonical":"https:\/\/comprehensiveliquor.com\/pl\/informacje-o-wysylce\/","og_locale":"pl_PL","og_type":"article","og_title":"Shipping Information","og_description":"To find out your shipping cost before purchasing, please use our shipping calculator at check out. Pick the items you would like to purchase. Just enter","og_url":"https:\/\/comprehensiveliquor.com\/pl\/informacje-o-wysylce\/","og_site_name":"Comprehensive Liquor","article_modified_time":"2022-10-23T11:59:30+00:00","twitter_card":"summary_large_image","twitter_misc":{"Szacowany czas czytania":"2 minuty"},"schema":{"@context":"https:\/\/schema.org","@graph":[{"@type":"WebPage","@id":"https:\/\/comprehensiveliquor.com\/shipping-information\/","url":"https:\/\/comprehensiveliquor.com\/shipping-information\/","name":"Shipping Information | Comprehensive Liquor","isPartOf":{"@id":"https:\/\/comprehensiveliquor.com\/#website"},"datePublished":"2022-10-14T21:20:28+00:00","dateModified":"2022-10-23T11:59:30+00:00","description":"Aby sprawdzi\u0107 koszt wysy\u0142ki przed zakupem, skorzystaj z naszego kalkulatora koszt\u00f3w wysy\u0142ki podczas finalizacji zam\u00f3wienia. Wybierz produkty, kt\u00f3re chcesz kupi\u0107. Wystarczy wpisa\u0107 kod.","breadcrumb":{"@id":"https:\/\/comprehensiveliquor.com\/shipping-information\/#breadcrumb"},"inLanguage":"pl-PL","potentialAction":[{"@type":"ReadAction","target":["https:\/\/comprehensiveliquor.com\/shipping-information\/"]}]},{"@type":"BreadcrumbList","@id":"https:\/\/comprehensiveliquor.com\/shipping-information\/#breadcrumb","itemListElement":[{"@type":"ListItem","position":1,"name":"Home","item":"https:\/\/comprehensiveliquor.com\/"},{"@type":"ListItem","position":2,"name":"Shipping Information"}]},{"@type":"WebSite","@id":"https:\/\/comprehensiveliquor.com\/#website","url":"https:\/\/comprehensiveliquor.com\/","name":"Kompleksowy alkohol","description":"Best Liquor Store","publisher":{"@id":"https:\/\/comprehensiveliquor.com\/#organization"},"alternateName":"Comprehensive Liquor Store","potentialAction":[{"@type":"SearchAction","target":{"@type":"EntryPoint","urlTemplate":"https:\/\/comprehensiveliquor.com\/?s={search_term_string}"},"query-input":{"@type":"PropertyValueSpecification","valueRequired":true,"valueName":"search_term_string"}}],"inLanguage":"pl-PL"},{"@type":"Organization","@id":"https:\/\/comprehensiveliquor.com\/#organization","name":"Kompleksowy alkohol","alternateName":"Comprehensive Liquor Store","url":"https:\/\/comprehensiveliquor.com\/","logo":{"@type":"ImageObject","inLanguage":"pl-PL","@id":"https:\/\/comprehensiveliquor.com\/#\/schema\/logo\/image\/","url":"https:\/\/comprehensiveliquor.com\/wp-content\/uploads\/2024\/03\/cropped-image_2024-03-26_131408877.png","contentUrl":"https:\/\/comprehensiveliquor.com\/wp-content\/uploads\/2024\/03\/cropped-image_2024-03-26_131408877.png","width":378,"height":263,"caption":"Comprehensive Liquor"},"image":{"@id":"https:\/\/comprehensiveliquor.com\/#\/schema\/logo\/image\/"}}]}},"_links":{"self":[{"href":"https:\/\/comprehensiveliquor.com\/pl\/wp-json\/wp\/v2\/pages\/1968","targetHints":{"allow":["GET"]}}],"collection":[{"href":"https:\/\/comprehensiveliquor.com\/pl\/wp-json\/wp\/v2\/pages"}],"about":[{"href":"https:\/\/comprehensiveliquor.com\/pl\/wp-json\/wp\/v2\/types\/page"}],"author":[{"embeddable":true,"href":"https:\/\/comprehensiveliquor.com\/pl\/wp-json\/wp\/v2\/users\/1"}],"replies":[{"embeddable":true,"href":"https:\/\/comprehensiveliquor.com\/pl\/wp-json\/wp\/v2\/comments?post=1968"}],"version-history":[{"count":0,"href":"https:\/\/comprehensiveliquor.com\/pl\/wp-json\/wp\/v2\/pages\/1968\/revisions"}],"wp:attachment":[{"href":"https:\/\/comprehensiveliquor.com\/pl\/wp-json\/wp\/v2\/media?parent=1968"}],"curies":[{"name":"wp","href":"https:\/\/api.w.org\/{rel}","templated":true}]}}