{"id":2343,"date":"2022-10-17T06:47:30","date_gmt":"2022-10-17T06:47:30","guid":{"rendered":"https:\/\/comprehensiveliquor.com\/?post_type=product&#038;p=2343"},"modified":"2022-10-17T06:47:30","modified_gmt":"2022-10-17T06:47:30","slug":"hinch-5-year-old-double-wood-irish-whiskey-70cl","status":"publish","type":"product","link":"https:\/\/comprehensiveliquor.com\/pl\/product\/hinch-5-year-old-double-wood-irish-whiskey-70cl\/","title":{"rendered":"Hinch 5-letnia podw\u00f3jna drewniana irlandzka whisky 70cl"},"content":{"rendered":"<h4 style=\"color: #252525;\"><strong style=\"color: #252525;\">Mieszana irlandzka whisky<\/strong><br style=\"color: #252525;\" \/><strong style=\"color: #252525;\">Rozlewnia destylarni 70cl\/43%<\/strong><\/h4>\n<p style=\"color: #252525;\">Destylarnia Hinch w hrabstwie Down w Irlandii P\u00f3\u0142nocnej rozpocz\u0119\u0142a dzia\u0142alno\u015b\u0107 destylarnicz\u0105 pod koniec 2020 roku. W mi\u0119dzyczasie, podczas gdy czekamy na ich w\u0142asn\u0105 irlandzk\u0105 whisky single malt, zainwestowali oni w zapas irlandzkich alembik\u00f3w, whisky single malt i whisky zbo\u017cowych, aby butelkowa\u0107 ich w\u0142asny trunek, podczas gdy dojrzewa.<\/p>\n<p style=\"color: #252525;\">Pi\u0119cioletnia whisky Hinch Double Wood to mieszanka irlandzkiej whisky s\u0142odowej (25%) i zbo\u017cowej (75%), le\u017cakowanej przez cztery lata w beczkach po bourbonie, a ostatni rok finiszowanej w beczkach z dziewiczego d\u0119bu.<\/p>\n<p>&nbsp;<\/p>\n<h5>Notatki degustacyjne<\/h5>\n<p class=\"p1\"><span class=\"s1\"><strong>Nos:<\/strong>\u00a0Wyra\u017ane cytrusy w nosie<\/span><\/p>\n<p class=\"p1\"><span class=\"s1\"><strong>Taste:\u00a0<\/strong>Wyraziste nuty przypraw i mokki po\u0142\u0105czone z owocowym akcentem<\/span><\/p>\n<p>&nbsp;<\/p>\n<h5>Atrybuty<\/h5>\n<table>\n<tbody>\n<tr>\n<td><strong>Distillery<\/strong><\/td>\n<td>Unknown<\/td>\n<\/tr>\n<tr>\n<td><strong>Bottler<\/strong><\/td>\n<td>Hinch<\/td>\n<\/tr>\n<tr>\n<td><strong>Cask Type<\/strong><\/td>\n<td>Ex-bourbon &amp; Virgin Oak<\/td>\n<\/tr>\n<tr>\n<td><strong>Country<\/strong><\/td>\n<td>Ireland<\/td>\n<\/tr>\n<tr>\n<td><strong>Age<\/strong><\/td>\n<td>5<\/td>\n<\/tr>\n<tr>\n<td><strong>Bottle Size<\/strong><\/td>\n<td>70cl<\/td>\n<\/tr>\n<tr>\n<td><strong>ABV<\/strong><\/td>\n<td>43%<\/td>\n<\/tr>\n<\/tbody>\n<\/table>","protected":false},"excerpt":{"rendered":"<p>Blended Irish WhiskeyDistillery Bottling 70cl\/43% The Hinch distillery in County Down, Northern Ireland began distilling operations at the end of 2020, and in the meantime, while we wait for their own Irish single malt whiskey, they have cannily invested in a trove of sourced Irish pot still, single malt, and grain whiskey to bottle while [&hellip;]<\/p>\n","protected":false},"featured_media":2344,"comment_status":"open","ping_status":"closed","template":"","meta":{"site-sidebar-layout":"default","site-content-layout":"default","ast-site-content-layout":"default","site-content-style":"default","site-sidebar-style":"default","ast-global-header-display":"","ast-banner-title-visibility":"","ast-main-header-display":"","ast-hfb-above-header-display":"","ast-hfb-below-header-display":"","ast-hfb-mobile-header-display":"","site-post-title":"","ast-breadcrumbs-content":"","ast-featured-img":"","footer-sml-layout":"","ast-disable-related-posts":"","theme-transparent-header-meta":"default","adv-header-id-meta":"","stick-header-meta":"","header-above-stick-meta":"","header-main-stick-meta":"","header-below-stick-meta":"","astra-migrate-meta-layouts":"default","ast-page-background-enabled":"default","ast-page-background-meta":{"desktop":{"background-color":"","background-image":"","background-repeat":"repeat","background-position":"center center","background-size":"auto","background-attachment":"scroll","background-type":"","background-media":"","overlay-type":"","overlay-color":"","overlay-opacity":"","overlay-gradient":""},"tablet":{"background-color":"","background-image":"","background-repeat":"repeat","background-position":"center center","background-size":"auto","background-attachment":"scroll","background-type":"","background-media":"","overlay-type":"","overlay-color":"","overlay-opacity":"","overlay-gradient":""},"mobile":{"background-color":"","background-image":"","background-repeat":"repeat","background-position":"center center","background-size":"auto","background-attachment":"scroll","background-type":"","background-media":"","overlay-type":"","overlay-color":"","overlay-opacity":"","overlay-gradient":""}},"ast-content-background-meta":{"desktop":{"background-color":"var(--ast-global-color-5)","background-image":"","background-repeat":"repeat","background-position":"center center","background-size":"auto","background-attachment":"scroll","background-type":"","background-media":"","overlay-type":"","overlay-color":"","overlay-opacity":"","overlay-gradient":""},"tablet":{"background-color":"var(--ast-global-color-5)","background-image":"","background-repeat":"repeat","background-position":"center center","background-size":"auto","background-attachment":"scroll","background-type":"","background-media":"","overlay-type":"","overlay-color":"","overlay-opacity":"","overlay-gradient":""},"mobile":{"background-color":"var(--ast-global-color-5)","background-image":"","background-repeat":"repeat","background-position":"center center","background-size":"auto","background-attachment":"scroll","background-type":"","background-media":"","overlay-type":"","overlay-color":"","overlay-opacity":"","overlay-gradient":""}}},"product_brand":[],"product_cat":[41,30,27],"product_tag":[],"class_list":{"0":"post-2343","1":"product","2":"type-product","3":"status-publish","4":"has-post-thumbnail","6":"product_cat-irish-whiskey","7":"product_cat-offers","8":"product_cat-world-whisky","9":"desktop-align-center","10":"tablet-align-left","11":"mobile-align-left","13":"first","14":"instock","15":"shipping-taxable","16":"purchasable","17":"product-type-simple"},"yoast_head":"<!-- This site is optimized with the Yoast SEO Premium plugin v24.7 (Yoast SEO v27.4) - https:\/\/yoast.com\/product\/yoast-seo-premium-wordpress\/ -->\n<title>Hinch 5 Year Old Double Wood Irish Whiskey 70cl<\/title>\n<meta name=\"description\" content=\"Blended Irish WhiskeyDistillery Bottling 70cl\/43% The Hinch distillery in County Down, Northern Ireland began distilling operations at the end of 2020,\" \/>\n<meta name=\"robots\" content=\"index, follow, max-snippet:-1, max-image-preview:large, max-video-preview:-1\" \/>\n<link rel=\"canonical\" href=\"https:\/\/comprehensiveliquor.com\/pl\/product\/hinch-5-year-old-double-wood-irish-whiskey-70cl\/\" \/>\n<meta property=\"og:locale\" content=\"pl_PL\" \/>\n<meta property=\"og:type\" content=\"article\" \/>\n<meta property=\"og:title\" content=\"Hinch 5 Year Old Double Wood Irish Whiskey 70cl\" \/>\n<meta property=\"og:description\" content=\"Blended Irish WhiskeyDistillery Bottling 70cl\/43% The Hinch distillery in County Down, Northern Ireland began distilling operations at the end of 2020,\" \/>\n<meta property=\"og:url\" content=\"https:\/\/comprehensiveliquor.com\/pl\/product\/hinch-5-year-old-double-wood-irish-whiskey-70cl\/\" \/>\n<meta property=\"og:site_name\" content=\"Comprehensive Liquor\" \/>\n<meta property=\"og:image\" content=\"https:\/\/comprehensiveliquor.com\/wp-content\/uploads\/2022\/10\/image_2022-10-17_074408410.png\" \/>\n\t<meta property=\"og:image:width\" content=\"480\" \/>\n\t<meta property=\"og:image:height\" content=\"498\" \/>\n\t<meta property=\"og:image:type\" content=\"image\/png\" \/>\n<meta name=\"twitter:card\" content=\"summary_large_image\" \/>\n<meta name=\"twitter:label1\" content=\"Szacowany czas czytania\" \/>\n\t<meta name=\"twitter:data1\" content=\"1 minuta\" \/>\n<script type=\"application\/ld+json\" class=\"yoast-schema-graph\">{\"@context\":\"https:\\\/\\\/schema.org\",\"@graph\":[{\"@type\":\"WebPage\",\"@id\":\"https:\\\/\\\/comprehensiveliquor.com\\\/product\\\/hinch-5-year-old-double-wood-irish-whiskey-70cl\\\/\",\"url\":\"https:\\\/\\\/comprehensiveliquor.com\\\/product\\\/hinch-5-year-old-double-wood-irish-whiskey-70cl\\\/\",\"name\":\"Hinch 5 Year Old Double Wood Irish Whiskey 70cl\",\"isPartOf\":{\"@id\":\"https:\\\/\\\/comprehensiveliquor.com\\\/#website\"},\"primaryImageOfPage\":{\"@id\":\"https:\\\/\\\/comprehensiveliquor.com\\\/product\\\/hinch-5-year-old-double-wood-irish-whiskey-70cl\\\/#primaryimage\"},\"image\":{\"@id\":\"https:\\\/\\\/comprehensiveliquor.com\\\/product\\\/hinch-5-year-old-double-wood-irish-whiskey-70cl\\\/#primaryimage\"},\"thumbnailUrl\":\"https:\\\/\\\/comprehensiveliquor.com\\\/wp-content\\\/uploads\\\/2022\\\/10\\\/image_2022-10-17_074408410.png\",\"datePublished\":\"2022-10-17T06:47:30+00:00\",\"description\":\"Blended Irish WhiskeyDistillery Bottling 70cl\\\/43% The Hinch distillery in County Down, Northern Ireland began distilling operations at the end of 2020,\",\"breadcrumb\":{\"@id\":\"https:\\\/\\\/comprehensiveliquor.com\\\/product\\\/hinch-5-year-old-double-wood-irish-whiskey-70cl\\\/#breadcrumb\"},\"inLanguage\":\"pl-PL\",\"potentialAction\":[{\"@type\":\"ReadAction\",\"target\":[\"https:\\\/\\\/comprehensiveliquor.com\\\/product\\\/hinch-5-year-old-double-wood-irish-whiskey-70cl\\\/\"]}]},{\"@type\":\"ImageObject\",\"inLanguage\":\"pl-PL\",\"@id\":\"https:\\\/\\\/comprehensiveliquor.com\\\/product\\\/hinch-5-year-old-double-wood-irish-whiskey-70cl\\\/#primaryimage\",\"url\":\"https:\\\/\\\/comprehensiveliquor.com\\\/wp-content\\\/uploads\\\/2022\\\/10\\\/image_2022-10-17_074408410.png\",\"contentUrl\":\"https:\\\/\\\/comprehensiveliquor.com\\\/wp-content\\\/uploads\\\/2022\\\/10\\\/image_2022-10-17_074408410.png\",\"width\":480,\"height\":498},{\"@type\":\"BreadcrumbList\",\"@id\":\"https:\\\/\\\/comprehensiveliquor.com\\\/product\\\/hinch-5-year-old-double-wood-irish-whiskey-70cl\\\/#breadcrumb\",\"itemListElement\":[{\"@type\":\"ListItem\",\"position\":1,\"name\":\"Home\",\"item\":\"https:\\\/\\\/comprehensiveliquor.com\\\/\"},{\"@type\":\"ListItem\",\"position\":2,\"name\":\"Shop\",\"item\":\"https:\\\/\\\/comprehensiveliquor.com\\\/shop\\\/\"},{\"@type\":\"ListItem\",\"position\":3,\"name\":\"Hinch 5 Year Old Double Wood Irish Whiskey 70cl\"}]},{\"@type\":\"WebSite\",\"@id\":\"https:\\\/\\\/comprehensiveliquor.com\\\/#website\",\"url\":\"https:\\\/\\\/comprehensiveliquor.com\\\/\",\"name\":\"Comprehensive Liquor\",\"description\":\"Best Liquor Store\",\"publisher\":{\"@id\":\"https:\\\/\\\/comprehensiveliquor.com\\\/#organization\"},\"alternateName\":\"Comprehensive Liquor Store\",\"potentialAction\":[{\"@type\":\"SearchAction\",\"target\":{\"@type\":\"EntryPoint\",\"urlTemplate\":\"https:\\\/\\\/comprehensiveliquor.com\\\/?s={search_term_string}\"},\"query-input\":{\"@type\":\"PropertyValueSpecification\",\"valueRequired\":true,\"valueName\":\"search_term_string\"}}],\"inLanguage\":\"pl-PL\"},{\"@type\":\"Organization\",\"@id\":\"https:\\\/\\\/comprehensiveliquor.com\\\/#organization\",\"name\":\"Comprehensive Liquor\",\"alternateName\":\"Comprehensive Liquor Store\",\"url\":\"https:\\\/\\\/comprehensiveliquor.com\\\/\",\"logo\":{\"@type\":\"ImageObject\",\"inLanguage\":\"pl-PL\",\"@id\":\"https:\\\/\\\/comprehensiveliquor.com\\\/#\\\/schema\\\/logo\\\/image\\\/\",\"url\":\"https:\\\/\\\/comprehensiveliquor.com\\\/wp-content\\\/uploads\\\/2024\\\/03\\\/cropped-image_2024-03-26_131408877.png\",\"contentUrl\":\"https:\\\/\\\/comprehensiveliquor.com\\\/wp-content\\\/uploads\\\/2024\\\/03\\\/cropped-image_2024-03-26_131408877.png\",\"width\":378,\"height\":263,\"caption\":\"Comprehensive Liquor\"},\"image\":{\"@id\":\"https:\\\/\\\/comprehensiveliquor.com\\\/#\\\/schema\\\/logo\\\/image\\\/\"}}]}<\/script>\n<!-- \/ Yoast SEO Premium plugin. -->","yoast_head_json":{"title":"Hinch 5-letnia podw\u00f3jna drewniana irlandzka whisky 70cl","description":"Mieszana irlandzka whiskyDestylarnia Butelkowanie 70cl\/43% Destylarnia Hinch w hrabstwie Down w Irlandii P\u00f3\u0142nocnej rozpocz\u0119\u0142a dzia\u0142alno\u015b\u0107 destylacyjn\u0105 pod koniec 2020 r.","robots":{"index":"index","follow":"follow","max-snippet":"max-snippet:-1","max-image-preview":"max-image-preview:large","max-video-preview":"max-video-preview:-1"},"canonical":"https:\/\/comprehensiveliquor.com\/pl\/product\/hinch-5-year-old-double-wood-irish-whiskey-70cl\/","og_locale":"pl_PL","og_type":"article","og_title":"Hinch 5 Year Old Double Wood Irish Whiskey 70cl","og_description":"Blended Irish WhiskeyDistillery Bottling 70cl\/43% The Hinch distillery in County Down, Northern Ireland began distilling operations at the end of 2020,","og_url":"https:\/\/comprehensiveliquor.com\/pl\/product\/hinch-5-year-old-double-wood-irish-whiskey-70cl\/","og_site_name":"Comprehensive Liquor","og_image":[{"width":480,"height":498,"url":"https:\/\/comprehensiveliquor.com\/wp-content\/uploads\/2022\/10\/image_2022-10-17_074408410.png","type":"image\/png"}],"twitter_card":"summary_large_image","twitter_misc":{"Szacowany czas czytania":"1 minuta"},"schema":{"@context":"https:\/\/schema.org","@graph":[{"@type":"WebPage","@id":"https:\/\/comprehensiveliquor.com\/product\/hinch-5-year-old-double-wood-irish-whiskey-70cl\/","url":"https:\/\/comprehensiveliquor.com\/product\/hinch-5-year-old-double-wood-irish-whiskey-70cl\/","name":"Hinch 5-letnia podw\u00f3jna drewniana irlandzka whisky 70cl","isPartOf":{"@id":"https:\/\/comprehensiveliquor.com\/#website"},"primaryImageOfPage":{"@id":"https:\/\/comprehensiveliquor.com\/product\/hinch-5-year-old-double-wood-irish-whiskey-70cl\/#primaryimage"},"image":{"@id":"https:\/\/comprehensiveliquor.com\/product\/hinch-5-year-old-double-wood-irish-whiskey-70cl\/#primaryimage"},"thumbnailUrl":"https:\/\/comprehensiveliquor.com\/wp-content\/uploads\/2022\/10\/image_2022-10-17_074408410.png","datePublished":"2022-10-17T06:47:30+00:00","description":"Mieszana irlandzka whiskyDestylarnia Butelkowanie 70cl\/43% Destylarnia Hinch w hrabstwie Down w Irlandii P\u00f3\u0142nocnej rozpocz\u0119\u0142a dzia\u0142alno\u015b\u0107 destylacyjn\u0105 pod koniec 2020 r.","breadcrumb":{"@id":"https:\/\/comprehensiveliquor.com\/product\/hinch-5-year-old-double-wood-irish-whiskey-70cl\/#breadcrumb"},"inLanguage":"pl-PL","potentialAction":[{"@type":"ReadAction","target":["https:\/\/comprehensiveliquor.com\/product\/hinch-5-year-old-double-wood-irish-whiskey-70cl\/"]}]},{"@type":"ImageObject","inLanguage":"pl-PL","@id":"https:\/\/comprehensiveliquor.com\/product\/hinch-5-year-old-double-wood-irish-whiskey-70cl\/#primaryimage","url":"https:\/\/comprehensiveliquor.com\/wp-content\/uploads\/2022\/10\/image_2022-10-17_074408410.png","contentUrl":"https:\/\/comprehensiveliquor.com\/wp-content\/uploads\/2022\/10\/image_2022-10-17_074408410.png","width":480,"height":498},{"@type":"BreadcrumbList","@id":"https:\/\/comprehensiveliquor.com\/product\/hinch-5-year-old-double-wood-irish-whiskey-70cl\/#breadcrumb","itemListElement":[{"@type":"ListItem","position":1,"name":"Home","item":"https:\/\/comprehensiveliquor.com\/"},{"@type":"ListItem","position":2,"name":"Shop","item":"https:\/\/comprehensiveliquor.com\/shop\/"},{"@type":"ListItem","position":3,"name":"Hinch 5 Year Old Double Wood Irish Whiskey 70cl"}]},{"@type":"WebSite","@id":"https:\/\/comprehensiveliquor.com\/#website","url":"https:\/\/comprehensiveliquor.com\/","name":"Kompleksowy alkohol","description":"Best Liquor Store","publisher":{"@id":"https:\/\/comprehensiveliquor.com\/#organization"},"alternateName":"Comprehensive Liquor Store","potentialAction":[{"@type":"SearchAction","target":{"@type":"EntryPoint","urlTemplate":"https:\/\/comprehensiveliquor.com\/?s={search_term_string}"},"query-input":{"@type":"PropertyValueSpecification","valueRequired":true,"valueName":"search_term_string"}}],"inLanguage":"pl-PL"},{"@type":"Organization","@id":"https:\/\/comprehensiveliquor.com\/#organization","name":"Kompleksowy alkohol","alternateName":"Comprehensive Liquor Store","url":"https:\/\/comprehensiveliquor.com\/","logo":{"@type":"ImageObject","inLanguage":"pl-PL","@id":"https:\/\/comprehensiveliquor.com\/#\/schema\/logo\/image\/","url":"https:\/\/comprehensiveliquor.com\/wp-content\/uploads\/2024\/03\/cropped-image_2024-03-26_131408877.png","contentUrl":"https:\/\/comprehensiveliquor.com\/wp-content\/uploads\/2024\/03\/cropped-image_2024-03-26_131408877.png","width":378,"height":263,"caption":"Comprehensive Liquor"},"image":{"@id":"https:\/\/comprehensiveliquor.com\/#\/schema\/logo\/image\/"}}]}},"_links":{"self":[{"href":"https:\/\/comprehensiveliquor.com\/pl\/wp-json\/wp\/v2\/product\/2343","targetHints":{"allow":["GET"]}}],"collection":[{"href":"https:\/\/comprehensiveliquor.com\/pl\/wp-json\/wp\/v2\/product"}],"about":[{"href":"https:\/\/comprehensiveliquor.com\/pl\/wp-json\/wp\/v2\/types\/product"}],"replies":[{"embeddable":true,"href":"https:\/\/comprehensiveliquor.com\/pl\/wp-json\/wp\/v2\/comments?post=2343"}],"wp:featuredmedia":[{"embeddable":true,"href":"https:\/\/comprehensiveliquor.com\/pl\/wp-json\/wp\/v2\/media\/2344"}],"wp:attachment":[{"href":"https:\/\/comprehensiveliquor.com\/pl\/wp-json\/wp\/v2\/media?parent=2343"}],"wp:term":[{"taxonomy":"product_brand","embeddable":true,"href":"https:\/\/comprehensiveliquor.com\/pl\/wp-json\/wp\/v2\/product_brand?post=2343"},{"taxonomy":"product_cat","embeddable":true,"href":"https:\/\/comprehensiveliquor.com\/pl\/wp-json\/wp\/v2\/product_cat?post=2343"},{"taxonomy":"product_tag","embeddable":true,"href":"https:\/\/comprehensiveliquor.com\/pl\/wp-json\/wp\/v2\/product_tag?post=2343"}],"curies":[{"name":"wp","href":"https:\/\/api.w.org\/{rel}","templated":true}]}}