{"id":2824,"date":"2022-10-22T21:12:20","date_gmt":"2022-10-22T21:12:20","guid":{"rendered":"https:\/\/comprehensiveliquor.com\/?post_type=product&#038;p=2824"},"modified":"2025-11-13T14:28:43","modified_gmt":"2025-11-13T14:28:43","slug":"johnnie-walker-king-george-v-limitowana-edycja-70cl","status":"publish","type":"product","link":"https:\/\/comprehensiveliquor.com\/pl\/product\/johnnie-walker-king-george-v-limitowana-edycja-70cl\/","title":{"rendered":"Johnnie Walker King George V Edycja Limitowana (70cl)"},"content":{"rendered":"<h2 class=\"product-single__title\" style=\"color: #252525;\">Johnnie Walker King George V Edycja Limitowana Ksi\u0119\u017cycowy Nowy Rok<\/h2>\n<p style=\"color: #252525;\">Johnnie Walker King George V, edycja limitowana. Zegarek ozdobiony jest specjalnym wzorem z okazji Nowego Roku Ksi\u0119\u017cycowego. Ta edycja okoliczno\u015bciowa zosta\u0142a wprowadzona na rynek pod koniec 2020 roku, w oczekiwaniu na chi\u0144ski Nowy Rok Ksi\u0119\u017cycowy w lutym 2021 roku, kt\u00f3ry zapowiada\u0142 Rok Wo\u0142u w chi\u0144skiej astrologii.<\/p>\n<p style=\"color: #252525;\">Limitowana edycja Johnnie Walker King George V The Lunar New Year zosta\u0142a ozdobiona tradycyjnymi chi\u0144skimi wzorami i motywami, ale co wa\u017cniejsze, sama mieszanka, mimo wysokiej zawarto\u015bci s\u0142odu, zawiera podobno spor\u0105 ilo\u015b\u0107 Port Ellen.<\/p>\n<p>&nbsp;<\/p>\n<h3><strong>Oficjalne notatki degustacyjne<\/strong><\/h3>\n<p><strong>Nos:\u00a0<\/strong>S\u0142odkie, dymne aromaty Port Ellen witaj\u0105 Ci\u0119. Nast\u0119pnie wyczuwalne s\u0105 nuty pomara\u0144czy, rodzynek, fig i cynamonu.<\/p>\n<p><strong>Podniebienie<\/strong>:\u00a0Bogactwo przypraw i suszonych owoc\u00f3w z whisky Speyside i Highland idealnie r\u00f3wnowa\u017cone jest wanili\u0105. Uwalniaj\u0105 one warstwy s\u0142odkich owoc\u00f3w, gorzkiej czekolady, toffi i pra\u017conych orzech\u00f3w.<\/p>\n<p><strong>Sko\u0144czy\u0107<\/strong>:Port Ellen charakteryzuje si\u0119 nadmorskim dymnym posmakiem, kt\u00f3ry nabiera tempa w d\u0142ugim finiszu.<\/p>\n<p>&nbsp;<\/p>\n<h4>Atrybuty<\/h4>\n<table>\n<tbody>\n<tr>\n<td><b>Ctegory<\/b><\/td>\n<td><a title=\"Scotch Whiskey\" href=\"https:\/\/comprehensiveliquor.com\/pl\/product-category\/scotch-whisky\/\" target=\"_blank\" rel=\"noopener\">Scotch Whiskey<\/a><\/td>\n<\/tr>\n<tr>\n<td><strong>Marka<\/strong><\/td>\n<td><a title=\"Johnnie Walker\" href=\"https:\/\/www.johnniewalker.com\/en\/\" target=\"_blank\" rel=\"noopener\">Johnnie Walker<\/a><\/td>\n<\/tr>\n<tr>\n<td><strong>Country<\/strong><\/td>\n<td>Scotland<\/td>\n<\/tr>\n<tr>\n<td><strong>Edycja limitowana<\/strong><\/td>\n<td>Yes<\/td>\n<\/tr>\n<tr>\n<td><strong>Bottle Size<\/strong><\/td>\n<td>70cl<\/td>\n<\/tr>\n<tr>\n<td><strong>ABV<\/strong><\/td>\n<td>43%<\/td>\n<\/tr>\n<\/tbody>\n<\/table>","protected":false},"excerpt":{"rendered":"<p>The Johnnie Walker King George V Limited Edition Lunar New Year Johnnie Walker King George V, A limited edition It is decorated with a special design celebrating the Lunar New Year. This celebratory edition was launched at the end of 2020 in anticipation of the Chinese Lunar New Year in February 2021, which heralded the [&hellip;]<\/p>\n","protected":false},"featured_media":2825,"comment_status":"open","ping_status":"closed","template":"","meta":{"site-sidebar-layout":"default","site-content-layout":"default","ast-site-content-layout":"default","site-content-style":"default","site-sidebar-style":"default","ast-global-header-display":"","ast-banner-title-visibility":"","ast-main-header-display":"","ast-hfb-above-header-display":"","ast-hfb-below-header-display":"","ast-hfb-mobile-header-display":"","site-post-title":"","ast-breadcrumbs-content":"","ast-featured-img":"","footer-sml-layout":"","ast-disable-related-posts":"","theme-transparent-header-meta":"default","adv-header-id-meta":"","stick-header-meta":"","header-above-stick-meta":"","header-main-stick-meta":"","header-below-stick-meta":"","astra-migrate-meta-layouts":"set","ast-page-background-enabled":"default","ast-page-background-meta":{"desktop":{"background-color":"","background-image":"","background-repeat":"repeat","background-position":"center center","background-size":"auto","background-attachment":"scroll","background-type":"","background-media":"","overlay-type":"","overlay-color":"","overlay-opacity":"","overlay-gradient":""},"tablet":{"background-color":"","background-image":"","background-repeat":"repeat","background-position":"center center","background-size":"auto","background-attachment":"scroll","background-type":"","background-media":"","overlay-type":"","overlay-color":"","overlay-opacity":"","overlay-gradient":""},"mobile":{"background-color":"","background-image":"","background-repeat":"repeat","background-position":"center center","background-size":"auto","background-attachment":"scroll","background-type":"","background-media":"","overlay-type":"","overlay-color":"","overlay-opacity":"","overlay-gradient":""}},"ast-content-background-meta":{"desktop":{"background-color":"var(--ast-global-color-5)","background-image":"","background-repeat":"repeat","background-position":"center center","background-size":"auto","background-attachment":"scroll","background-type":"","background-media":"","overlay-type":"","overlay-color":"","overlay-opacity":"","overlay-gradient":""},"tablet":{"background-color":"var(--ast-global-color-5)","background-image":"","background-repeat":"repeat","background-position":"center center","background-size":"auto","background-attachment":"scroll","background-type":"","background-media":"","overlay-type":"","overlay-color":"","overlay-opacity":"","overlay-gradient":""},"mobile":{"background-color":"var(--ast-global-color-5)","background-image":"","background-repeat":"repeat","background-position":"center center","background-size":"auto","background-attachment":"scroll","background-type":"","background-media":"","overlay-type":"","overlay-color":"","overlay-opacity":"","overlay-gradient":""}}},"product_brand":[],"product_cat":[28,39,46],"product_tag":[104,106],"class_list":{"0":"post-2824","1":"product","2":"type-product","3":"status-publish","4":"has-post-thumbnail","6":"product_cat-blended-whisky","7":"product_cat-scotch-whisky","8":"product_cat-whisky","9":"product_tag-buy-scotch-whisky-online","10":"product_tag-johnnie-walker-whiskey","11":"desktop-align-center","12":"tablet-align-left","13":"mobile-align-left","15":"first","16":"instock","17":"shipping-taxable","18":"purchasable","19":"product-type-simple"},"yoast_head":"<!-- This site is optimized with the Yoast SEO Premium plugin v24.7 (Yoast SEO v27.4) - https:\/\/yoast.com\/product\/yoast-seo-premium-wordpress\/ -->\n<title>Johnnie Walker King George V | 70cl Limited Edition | Buy<\/title>\n<meta name=\"description\" content=\"Buy Johnnie Walker King George V Limited Edition 70cl. Ultra-premium blended Scotch whisky. Rare royal warrant blend. Collector&#039;s bottle. Order now.\" \/>\n<meta name=\"robots\" content=\"index, follow, max-snippet:-1, max-image-preview:large, max-video-preview:-1\" \/>\n<link rel=\"canonical\" href=\"https:\/\/comprehensiveliquor.com\/pl\/product\/johnnie-walker-king-george-v-limitowana-edycja-70cl\/\" \/>\n<meta property=\"og:locale\" content=\"pl_PL\" \/>\n<meta property=\"og:type\" content=\"article\" \/>\n<meta property=\"og:title\" content=\"Johnnie Walker King George V Limited Edition (70cl)\" \/>\n<meta property=\"og:description\" content=\"Buy Johnnie Walker King George V Limited Edition 70cl. Ultra-premium blended Scotch whisky. Rare royal warrant blend. Collector&#039;s bottle. Order now.\" \/>\n<meta property=\"og:url\" content=\"https:\/\/comprehensiveliquor.com\/pl\/product\/johnnie-walker-king-george-v-limitowana-edycja-70cl\/\" \/>\n<meta property=\"og:site_name\" content=\"Comprehensive Liquor\" \/>\n<meta property=\"article:modified_time\" content=\"2025-11-13T14:28:43+00:00\" \/>\n<meta property=\"og:image\" content=\"https:\/\/comprehensiveliquor.com\/wp-content\/uploads\/2022\/10\/image_2022-10-22_220713894.png\" \/>\n\t<meta property=\"og:image:width\" content=\"480\" \/>\n\t<meta property=\"og:image:height\" content=\"496\" \/>\n\t<meta property=\"og:image:type\" content=\"image\/png\" \/>\n<meta name=\"twitter:card\" content=\"summary_large_image\" \/>\n<meta name=\"twitter:label1\" content=\"Szacowany czas czytania\" \/>\n\t<meta name=\"twitter:data1\" content=\"2 minuty\" \/>\n<script type=\"application\/ld+json\" class=\"yoast-schema-graph\">{\"@context\":\"https:\\\/\\\/schema.org\",\"@graph\":[{\"@type\":\"WebPage\",\"@id\":\"https:\\\/\\\/comprehensiveliquor.com\\\/product\\\/johnnie-walker-king-george-v-limited-edition-70cl\\\/\",\"url\":\"https:\\\/\\\/comprehensiveliquor.com\\\/product\\\/johnnie-walker-king-george-v-limited-edition-70cl\\\/\",\"name\":\"Johnnie Walker King George V | 70cl Limited Edition | Buy\",\"isPartOf\":{\"@id\":\"https:\\\/\\\/comprehensiveliquor.com\\\/#website\"},\"primaryImageOfPage\":{\"@id\":\"https:\\\/\\\/comprehensiveliquor.com\\\/product\\\/johnnie-walker-king-george-v-limited-edition-70cl\\\/#primaryimage\"},\"image\":{\"@id\":\"https:\\\/\\\/comprehensiveliquor.com\\\/product\\\/johnnie-walker-king-george-v-limited-edition-70cl\\\/#primaryimage\"},\"thumbnailUrl\":\"https:\\\/\\\/comprehensiveliquor.com\\\/wp-content\\\/uploads\\\/2022\\\/10\\\/image_2022-10-22_220713894.png\",\"datePublished\":\"2022-10-22T21:12:20+00:00\",\"dateModified\":\"2025-11-13T14:28:43+00:00\",\"description\":\"Buy Johnnie Walker King George V Limited Edition 70cl. Ultra-premium blended Scotch whisky. Rare royal warrant blend. Collector's bottle. Order now.\",\"breadcrumb\":{\"@id\":\"https:\\\/\\\/comprehensiveliquor.com\\\/product\\\/johnnie-walker-king-george-v-limited-edition-70cl\\\/#breadcrumb\"},\"inLanguage\":\"pl-PL\",\"potentialAction\":[{\"@type\":\"ReadAction\",\"target\":[\"https:\\\/\\\/comprehensiveliquor.com\\\/product\\\/johnnie-walker-king-george-v-limited-edition-70cl\\\/\"]}]},{\"@type\":\"ImageObject\",\"inLanguage\":\"pl-PL\",\"@id\":\"https:\\\/\\\/comprehensiveliquor.com\\\/product\\\/johnnie-walker-king-george-v-limited-edition-70cl\\\/#primaryimage\",\"url\":\"https:\\\/\\\/comprehensiveliquor.com\\\/wp-content\\\/uploads\\\/2022\\\/10\\\/image_2022-10-22_220713894.png\",\"contentUrl\":\"https:\\\/\\\/comprehensiveliquor.com\\\/wp-content\\\/uploads\\\/2022\\\/10\\\/image_2022-10-22_220713894.png\",\"width\":480,\"height\":496,\"caption\":\"Johnnie Walker King\"},{\"@type\":\"BreadcrumbList\",\"@id\":\"https:\\\/\\\/comprehensiveliquor.com\\\/product\\\/johnnie-walker-king-george-v-limited-edition-70cl\\\/#breadcrumb\",\"itemListElement\":[{\"@type\":\"ListItem\",\"position\":1,\"name\":\"Home\",\"item\":\"https:\\\/\\\/comprehensiveliquor.com\\\/\"},{\"@type\":\"ListItem\",\"position\":2,\"name\":\"Shop\",\"item\":\"https:\\\/\\\/comprehensiveliquor.com\\\/shop\\\/\"},{\"@type\":\"ListItem\",\"position\":3,\"name\":\"Johnnie Walker King George V Limited Edition (70cl)\"}]},{\"@type\":\"WebSite\",\"@id\":\"https:\\\/\\\/comprehensiveliquor.com\\\/#website\",\"url\":\"https:\\\/\\\/comprehensiveliquor.com\\\/\",\"name\":\"Comprehensive Liquor\",\"description\":\"Best Liquor Store\",\"publisher\":{\"@id\":\"https:\\\/\\\/comprehensiveliquor.com\\\/#organization\"},\"alternateName\":\"Comprehensive Liquor Store\",\"potentialAction\":[{\"@type\":\"SearchAction\",\"target\":{\"@type\":\"EntryPoint\",\"urlTemplate\":\"https:\\\/\\\/comprehensiveliquor.com\\\/?s={search_term_string}\"},\"query-input\":{\"@type\":\"PropertyValueSpecification\",\"valueRequired\":true,\"valueName\":\"search_term_string\"}}],\"inLanguage\":\"pl-PL\"},{\"@type\":\"Organization\",\"@id\":\"https:\\\/\\\/comprehensiveliquor.com\\\/#organization\",\"name\":\"Comprehensive Liquor\",\"alternateName\":\"Comprehensive Liquor Store\",\"url\":\"https:\\\/\\\/comprehensiveliquor.com\\\/\",\"logo\":{\"@type\":\"ImageObject\",\"inLanguage\":\"pl-PL\",\"@id\":\"https:\\\/\\\/comprehensiveliquor.com\\\/#\\\/schema\\\/logo\\\/image\\\/\",\"url\":\"https:\\\/\\\/comprehensiveliquor.com\\\/wp-content\\\/uploads\\\/2024\\\/03\\\/cropped-image_2024-03-26_131408877.png\",\"contentUrl\":\"https:\\\/\\\/comprehensiveliquor.com\\\/wp-content\\\/uploads\\\/2024\\\/03\\\/cropped-image_2024-03-26_131408877.png\",\"width\":378,\"height\":263,\"caption\":\"Comprehensive Liquor\"},\"image\":{\"@id\":\"https:\\\/\\\/comprehensiveliquor.com\\\/#\\\/schema\\\/logo\\\/image\\\/\"}}]}<\/script>\n<!-- \/ Yoast SEO Premium plugin. -->","yoast_head_json":{"title":"Johnnie Walker King George V | Edycja limitowana 70cl | Kup","description":"Kup Johnnie Walker King George V Limited Edition 70cl. Ultra-premium blended whisky szkockiej. Rzadka mieszanka Royal Warrant. Butelka kolekcjonerska. Zam\u00f3w teraz.","robots":{"index":"index","follow":"follow","max-snippet":"max-snippet:-1","max-image-preview":"max-image-preview:large","max-video-preview":"max-video-preview:-1"},"canonical":"https:\/\/comprehensiveliquor.com\/pl\/product\/johnnie-walker-king-george-v-limitowana-edycja-70cl\/","og_locale":"pl_PL","og_type":"article","og_title":"Johnnie Walker King George V Limited Edition (70cl)","og_description":"Buy Johnnie Walker King George V Limited Edition 70cl. Ultra-premium blended Scotch whisky. Rare royal warrant blend. Collector's bottle. Order now.","og_url":"https:\/\/comprehensiveliquor.com\/pl\/product\/johnnie-walker-king-george-v-limitowana-edycja-70cl\/","og_site_name":"Comprehensive Liquor","article_modified_time":"2025-11-13T14:28:43+00:00","og_image":[{"width":480,"height":496,"url":"https:\/\/comprehensiveliquor.com\/wp-content\/uploads\/2022\/10\/image_2022-10-22_220713894.png","type":"image\/png"}],"twitter_card":"summary_large_image","twitter_misc":{"Szacowany czas czytania":"2 minuty"},"schema":{"@context":"https:\/\/schema.org","@graph":[{"@type":"WebPage","@id":"https:\/\/comprehensiveliquor.com\/product\/johnnie-walker-king-george-v-limited-edition-70cl\/","url":"https:\/\/comprehensiveliquor.com\/product\/johnnie-walker-king-george-v-limited-edition-70cl\/","name":"Johnnie Walker King George V | Edycja limitowana 70cl | Kup","isPartOf":{"@id":"https:\/\/comprehensiveliquor.com\/#website"},"primaryImageOfPage":{"@id":"https:\/\/comprehensiveliquor.com\/product\/johnnie-walker-king-george-v-limited-edition-70cl\/#primaryimage"},"image":{"@id":"https:\/\/comprehensiveliquor.com\/product\/johnnie-walker-king-george-v-limited-edition-70cl\/#primaryimage"},"thumbnailUrl":"https:\/\/comprehensiveliquor.com\/wp-content\/uploads\/2022\/10\/image_2022-10-22_220713894.png","datePublished":"2022-10-22T21:12:20+00:00","dateModified":"2025-11-13T14:28:43+00:00","description":"Kup Johnnie Walker King George V Limited Edition 70cl. Ultra-premium blended whisky szkockiej. Rzadka mieszanka Royal Warrant. Butelka kolekcjonerska. Zam\u00f3w teraz.","breadcrumb":{"@id":"https:\/\/comprehensiveliquor.com\/product\/johnnie-walker-king-george-v-limited-edition-70cl\/#breadcrumb"},"inLanguage":"pl-PL","potentialAction":[{"@type":"ReadAction","target":["https:\/\/comprehensiveliquor.com\/product\/johnnie-walker-king-george-v-limited-edition-70cl\/"]}]},{"@type":"ImageObject","inLanguage":"pl-PL","@id":"https:\/\/comprehensiveliquor.com\/product\/johnnie-walker-king-george-v-limited-edition-70cl\/#primaryimage","url":"https:\/\/comprehensiveliquor.com\/wp-content\/uploads\/2022\/10\/image_2022-10-22_220713894.png","contentUrl":"https:\/\/comprehensiveliquor.com\/wp-content\/uploads\/2022\/10\/image_2022-10-22_220713894.png","width":480,"height":496,"caption":"Johnnie Walker King"},{"@type":"BreadcrumbList","@id":"https:\/\/comprehensiveliquor.com\/product\/johnnie-walker-king-george-v-limited-edition-70cl\/#breadcrumb","itemListElement":[{"@type":"ListItem","position":1,"name":"Home","item":"https:\/\/comprehensiveliquor.com\/"},{"@type":"ListItem","position":2,"name":"Shop","item":"https:\/\/comprehensiveliquor.com\/shop\/"},{"@type":"ListItem","position":3,"name":"Johnnie Walker King George V Limited Edition (70cl)"}]},{"@type":"WebSite","@id":"https:\/\/comprehensiveliquor.com\/#website","url":"https:\/\/comprehensiveliquor.com\/","name":"Kompleksowy alkohol","description":"Best Liquor Store","publisher":{"@id":"https:\/\/comprehensiveliquor.com\/#organization"},"alternateName":"Comprehensive Liquor Store","potentialAction":[{"@type":"SearchAction","target":{"@type":"EntryPoint","urlTemplate":"https:\/\/comprehensiveliquor.com\/?s={search_term_string}"},"query-input":{"@type":"PropertyValueSpecification","valueRequired":true,"valueName":"search_term_string"}}],"inLanguage":"pl-PL"},{"@type":"Organization","@id":"https:\/\/comprehensiveliquor.com\/#organization","name":"Kompleksowy alkohol","alternateName":"Comprehensive Liquor Store","url":"https:\/\/comprehensiveliquor.com\/","logo":{"@type":"ImageObject","inLanguage":"pl-PL","@id":"https:\/\/comprehensiveliquor.com\/#\/schema\/logo\/image\/","url":"https:\/\/comprehensiveliquor.com\/wp-content\/uploads\/2024\/03\/cropped-image_2024-03-26_131408877.png","contentUrl":"https:\/\/comprehensiveliquor.com\/wp-content\/uploads\/2024\/03\/cropped-image_2024-03-26_131408877.png","width":378,"height":263,"caption":"Comprehensive Liquor"},"image":{"@id":"https:\/\/comprehensiveliquor.com\/#\/schema\/logo\/image\/"}}]}},"_links":{"self":[{"href":"https:\/\/comprehensiveliquor.com\/pl\/wp-json\/wp\/v2\/product\/2824","targetHints":{"allow":["GET"]}}],"collection":[{"href":"https:\/\/comprehensiveliquor.com\/pl\/wp-json\/wp\/v2\/product"}],"about":[{"href":"https:\/\/comprehensiveliquor.com\/pl\/wp-json\/wp\/v2\/types\/product"}],"replies":[{"embeddable":true,"href":"https:\/\/comprehensiveliquor.com\/pl\/wp-json\/wp\/v2\/comments?post=2824"}],"wp:featuredmedia":[{"embeddable":true,"href":"https:\/\/comprehensiveliquor.com\/pl\/wp-json\/wp\/v2\/media\/2825"}],"wp:attachment":[{"href":"https:\/\/comprehensiveliquor.com\/pl\/wp-json\/wp\/v2\/media?parent=2824"}],"wp:term":[{"taxonomy":"product_brand","embeddable":true,"href":"https:\/\/comprehensiveliquor.com\/pl\/wp-json\/wp\/v2\/product_brand?post=2824"},{"taxonomy":"product_cat","embeddable":true,"href":"https:\/\/comprehensiveliquor.com\/pl\/wp-json\/wp\/v2\/product_cat?post=2824"},{"taxonomy":"product_tag","embeddable":true,"href":"https:\/\/comprehensiveliquor.com\/pl\/wp-json\/wp\/v2\/product_tag?post=2824"}],"curies":[{"name":"wp","href":"https:\/\/api.w.org\/{rel}","templated":true}]}}