{"id":2835,"date":"2022-10-22T21:28:06","date_gmt":"2022-10-22T21:28:06","guid":{"rendered":"https:\/\/comprehensiveliquor.com\/?post_type=product&#038;p=2835"},"modified":"2025-11-13T14:24:34","modified_gmt":"2025-11-13T14:24:34","slug":"johnnie-walker-blue-label-chinski-rok-wolu-70cl","status":"publish","type":"product","link":"https:\/\/comprehensiveliquor.com\/pl\/product\/johnnie-walker-blue-label-chinski-rok-wolu-70cl\/","title":{"rendered":"Johnnie Walker Blue Label Chinese Year Of The Ox (70cl)"},"content":{"rendered":"<h2>Johnnie Walker Blue Label Chinese New Year of the Ox<\/h2>\n<p>This special edition of Johnnie Walker Blue Label celebrates the Chinese Year of the Ox, which began on February 12, 2021, and ended on January 31, 2022.<\/p>\n<p>Released in late 2020 as part of the Johnnie Walker Zodiac Collection, the bottle is beautifully decorated with artwork by Shirley Gong representing traditional Chinese astrology imagery relating to the ox. According to tradition, the ox brings good fortune, growth, and prosperity.<\/p>\n<h3 style=\"color: #252525;\"><strong style=\"color: #252525;\">Official Tasting Notes:<\/strong><\/h3>\n<p style=\"color: #252525;\">Johnnie Walker Blue Label is a luxurious blend of some of our rarest and most exceptional whiskies. Dried fruits and citrus evolve into notes of honey, sweet spice, vanilla and dark chocolate, followed by a warm, lingering smoky finish.<\/p>\n<p>&nbsp;<\/p>\n<h4>Atrybuty<\/h4>\n<table>\n<tbody>\n<tr>\n<td><b>Kategoria<\/b><\/td>\n<td><a href=\"https:\/\/comprehensiveliquor.com\/pl\/product-category\/scotch-whisky\/\">Scotch Whiskey<\/a><\/td>\n<\/tr>\n<tr>\n<td><strong>Series<\/strong><\/td>\n<td>Chinese New Year &#8211; Year Of The Ox<\/td>\n<\/tr>\n<tr>\n<td><strong>Country<\/strong><\/td>\n<td>Scotland<\/td>\n<\/tr>\n<tr>\n<td><strong>Edycja limitowana<\/strong><\/td>\n<td>Yes<\/td>\n<\/tr>\n<tr>\n<td><strong>Bottle Size<\/strong><\/td>\n<td>70cl<\/td>\n<\/tr>\n<tr>\n<td><strong>ABV<\/strong><\/td>\n<td>40%<\/td>\n<\/tr>\n<\/tbody>\n<\/table>\n<p>&nbsp;<\/p>","protected":false},"excerpt":{"rendered":"<p>Johnnie Walker Blue Label Chinese New Year of the Ox This special edition of Johnnie Walker Blue Label celebrates the Chinese Year of the Ox, which began on February 12, 2021, and ended on January 31, 2022. Released in late 2020 as part of the Johnnie Walker Zodiac Collection, the bottle is beautifully decorated with [&hellip;]<\/p>\n","protected":false},"featured_media":2836,"comment_status":"open","ping_status":"closed","template":"","meta":{"site-sidebar-layout":"default","site-content-layout":"default","ast-site-content-layout":"default","site-content-style":"default","site-sidebar-style":"default","ast-global-header-display":"","ast-banner-title-visibility":"","ast-main-header-display":"","ast-hfb-above-header-display":"","ast-hfb-below-header-display":"","ast-hfb-mobile-header-display":"","site-post-title":"","ast-breadcrumbs-content":"","ast-featured-img":"","footer-sml-layout":"","ast-disable-related-posts":"","theme-transparent-header-meta":"default","adv-header-id-meta":"","stick-header-meta":"","header-above-stick-meta":"","header-main-stick-meta":"","header-below-stick-meta":"","astra-migrate-meta-layouts":"set","ast-page-background-enabled":"default","ast-page-background-meta":{"desktop":{"background-color":"","background-image":"","background-repeat":"repeat","background-position":"center center","background-size":"auto","background-attachment":"scroll","background-type":"","background-media":"","overlay-type":"","overlay-color":"","overlay-opacity":"","overlay-gradient":""},"tablet":{"background-color":"","background-image":"","background-repeat":"repeat","background-position":"center center","background-size":"auto","background-attachment":"scroll","background-type":"","background-media":"","overlay-type":"","overlay-color":"","overlay-opacity":"","overlay-gradient":""},"mobile":{"background-color":"","background-image":"","background-repeat":"repeat","background-position":"center center","background-size":"auto","background-attachment":"scroll","background-type":"","background-media":"","overlay-type":"","overlay-color":"","overlay-opacity":"","overlay-gradient":""}},"ast-content-background-meta":{"desktop":{"background-color":"var(--ast-global-color-5)","background-image":"","background-repeat":"repeat","background-position":"center center","background-size":"auto","background-attachment":"scroll","background-type":"","background-media":"","overlay-type":"","overlay-color":"","overlay-opacity":"","overlay-gradient":""},"tablet":{"background-color":"var(--ast-global-color-5)","background-image":"","background-repeat":"repeat","background-position":"center center","background-size":"auto","background-attachment":"scroll","background-type":"","background-media":"","overlay-type":"","overlay-color":"","overlay-opacity":"","overlay-gradient":""},"mobile":{"background-color":"var(--ast-global-color-5)","background-image":"","background-repeat":"repeat","background-position":"center center","background-size":"auto","background-attachment":"scroll","background-type":"","background-media":"","overlay-type":"","overlay-color":"","overlay-opacity":"","overlay-gradient":""}}},"product_brand":[],"product_cat":[28,39,46,27],"product_tag":[106],"class_list":{"0":"post-2835","1":"product","2":"type-product","3":"status-publish","4":"has-post-thumbnail","6":"product_cat-blended-whisky","7":"product_cat-scotch-whisky","8":"product_cat-whisky","9":"product_cat-world-whisky","10":"product_tag-johnnie-walker-whiskey","11":"desktop-align-center","12":"tablet-align-left","13":"mobile-align-left","15":"first","16":"instock","17":"shipping-taxable","18":"purchasable","19":"product-type-simple"},"yoast_head":"<!-- This site is optimized with the Yoast SEO Premium plugin v24.7 (Yoast SEO v27.3) - https:\/\/yoast.com\/product\/yoast-seo-premium-wordpress\/ -->\n<title>Johnnie Walker Blue Year of Ox | 70cl Limited Edition | Buy<\/title>\n<meta name=\"description\" content=\"Buy Johnnie Walker Blue Label Year of the Ox 70cl. Rare Chinese zodiac limited edition. Premium Scotch whisky collector&#039;s bottle. Order online now.\" \/>\n<meta name=\"robots\" content=\"index, follow, max-snippet:-1, max-image-preview:large, max-video-preview:-1\" \/>\n<link rel=\"canonical\" href=\"https:\/\/comprehensiveliquor.com\/pl\/product\/johnnie-walker-blue-label-chinski-rok-wolu-70cl\/\" \/>\n<meta property=\"og:locale\" content=\"pl_PL\" \/>\n<meta property=\"og:type\" content=\"article\" \/>\n<meta property=\"og:title\" content=\"Johnnie Walker Blue Label Chinese Year Of The Ox (70cl)\" \/>\n<meta property=\"og:description\" content=\"Buy Johnnie Walker Blue Label Year of the Ox 70cl. Rare Chinese zodiac limited edition. Premium Scotch whisky collector&#039;s bottle. Order online now.\" \/>\n<meta property=\"og:url\" content=\"https:\/\/comprehensiveliquor.com\/pl\/product\/johnnie-walker-blue-label-chinski-rok-wolu-70cl\/\" \/>\n<meta property=\"og:site_name\" content=\"Comprehensive Liquor\" \/>\n<meta property=\"article:modified_time\" content=\"2025-11-13T14:24:34+00:00\" \/>\n<meta property=\"og:image\" content=\"https:\/\/comprehensiveliquor.com\/wp-content\/uploads\/2022\/10\/image_2022-10-22_222210841.png\" \/>\n\t<meta property=\"og:image:width\" content=\"360\" \/>\n\t<meta property=\"og:image:height\" content=\"541\" \/>\n\t<meta property=\"og:image:type\" content=\"image\/png\" \/>\n<meta name=\"twitter:card\" content=\"summary_large_image\" \/>\n<meta name=\"twitter:label1\" content=\"Szacowany czas czytania\" \/>\n\t<meta name=\"twitter:data1\" content=\"1 minuta\" \/>\n<script type=\"application\/ld+json\" class=\"yoast-schema-graph\">{\"@context\":\"https:\\\/\\\/schema.org\",\"@graph\":[{\"@type\":\"WebPage\",\"@id\":\"https:\\\/\\\/comprehensiveliquor.com\\\/product\\\/johnnie-walker-blue-label-chinese-year-of-the-ox-70cl\\\/\",\"url\":\"https:\\\/\\\/comprehensiveliquor.com\\\/product\\\/johnnie-walker-blue-label-chinese-year-of-the-ox-70cl\\\/\",\"name\":\"Johnnie Walker Blue Year of Ox | 70cl Limited Edition | Buy\",\"isPartOf\":{\"@id\":\"https:\\\/\\\/comprehensiveliquor.com\\\/#website\"},\"primaryImageOfPage\":{\"@id\":\"https:\\\/\\\/comprehensiveliquor.com\\\/product\\\/johnnie-walker-blue-label-chinese-year-of-the-ox-70cl\\\/#primaryimage\"},\"image\":{\"@id\":\"https:\\\/\\\/comprehensiveliquor.com\\\/product\\\/johnnie-walker-blue-label-chinese-year-of-the-ox-70cl\\\/#primaryimage\"},\"thumbnailUrl\":\"https:\\\/\\\/comprehensiveliquor.com\\\/wp-content\\\/uploads\\\/2022\\\/10\\\/image_2022-10-22_222210841.png\",\"datePublished\":\"2022-10-22T21:28:06+00:00\",\"dateModified\":\"2025-11-13T14:24:34+00:00\",\"description\":\"Buy Johnnie Walker Blue Label Year of the Ox 70cl. Rare Chinese zodiac limited edition. Premium Scotch whisky collector's bottle. Order online now.\",\"breadcrumb\":{\"@id\":\"https:\\\/\\\/comprehensiveliquor.com\\\/product\\\/johnnie-walker-blue-label-chinese-year-of-the-ox-70cl\\\/#breadcrumb\"},\"inLanguage\":\"pl-PL\",\"potentialAction\":[{\"@type\":\"ReadAction\",\"target\":[\"https:\\\/\\\/comprehensiveliquor.com\\\/product\\\/johnnie-walker-blue-label-chinese-year-of-the-ox-70cl\\\/\"]}]},{\"@type\":\"ImageObject\",\"inLanguage\":\"pl-PL\",\"@id\":\"https:\\\/\\\/comprehensiveliquor.com\\\/product\\\/johnnie-walker-blue-label-chinese-year-of-the-ox-70cl\\\/#primaryimage\",\"url\":\"https:\\\/\\\/comprehensiveliquor.com\\\/wp-content\\\/uploads\\\/2022\\\/10\\\/image_2022-10-22_222210841.png\",\"contentUrl\":\"https:\\\/\\\/comprehensiveliquor.com\\\/wp-content\\\/uploads\\\/2022\\\/10\\\/image_2022-10-22_222210841.png\",\"width\":360,\"height\":541,\"caption\":\"johnnie Walker Blue Label Chinese Year Of The Ox\"},{\"@type\":\"BreadcrumbList\",\"@id\":\"https:\\\/\\\/comprehensiveliquor.com\\\/product\\\/johnnie-walker-blue-label-chinese-year-of-the-ox-70cl\\\/#breadcrumb\",\"itemListElement\":[{\"@type\":\"ListItem\",\"position\":1,\"name\":\"Home\",\"item\":\"https:\\\/\\\/comprehensiveliquor.com\\\/\"},{\"@type\":\"ListItem\",\"position\":2,\"name\":\"Shop\",\"item\":\"https:\\\/\\\/comprehensiveliquor.com\\\/shop\\\/\"},{\"@type\":\"ListItem\",\"position\":3,\"name\":\"Johnnie Walker Blue Label Chinese Year Of The Ox (70cl)\"}]},{\"@type\":\"WebSite\",\"@id\":\"https:\\\/\\\/comprehensiveliquor.com\\\/#website\",\"url\":\"https:\\\/\\\/comprehensiveliquor.com\\\/\",\"name\":\"Comprehensive Liquor\",\"description\":\"Best Liquor Store\",\"publisher\":{\"@id\":\"https:\\\/\\\/comprehensiveliquor.com\\\/#organization\"},\"alternateName\":\"Comprehensive Liquor Store\",\"potentialAction\":[{\"@type\":\"SearchAction\",\"target\":{\"@type\":\"EntryPoint\",\"urlTemplate\":\"https:\\\/\\\/comprehensiveliquor.com\\\/?s={search_term_string}\"},\"query-input\":{\"@type\":\"PropertyValueSpecification\",\"valueRequired\":true,\"valueName\":\"search_term_string\"}}],\"inLanguage\":\"pl-PL\"},{\"@type\":\"Organization\",\"@id\":\"https:\\\/\\\/comprehensiveliquor.com\\\/#organization\",\"name\":\"Comprehensive Liquor\",\"alternateName\":\"Comprehensive Liquor Store\",\"url\":\"https:\\\/\\\/comprehensiveliquor.com\\\/\",\"logo\":{\"@type\":\"ImageObject\",\"inLanguage\":\"pl-PL\",\"@id\":\"https:\\\/\\\/comprehensiveliquor.com\\\/#\\\/schema\\\/logo\\\/image\\\/\",\"url\":\"https:\\\/\\\/comprehensiveliquor.com\\\/wp-content\\\/uploads\\\/2024\\\/03\\\/cropped-image_2024-03-26_131408877.png\",\"contentUrl\":\"https:\\\/\\\/comprehensiveliquor.com\\\/wp-content\\\/uploads\\\/2024\\\/03\\\/cropped-image_2024-03-26_131408877.png\",\"width\":378,\"height\":263,\"caption\":\"Comprehensive Liquor\"},\"image\":{\"@id\":\"https:\\\/\\\/comprehensiveliquor.com\\\/#\\\/schema\\\/logo\\\/image\\\/\"}}]}<\/script>\n<!-- \/ Yoast SEO Premium plugin. -->","yoast_head_json":{"title":"Johnnie Walker Blue Year of Ox | 70cl Edycja limitowana | Kup","description":"Kup Johnnie Walker Blue Label Rok Wo\u0142u 70cl. Rzadka, limitowana edycja z chi\u0144skim znakiem zodiaku. Butelka kolekcjonerska szkockiej whisky premium. Zam\u00f3w online ju\u017c teraz.","robots":{"index":"index","follow":"follow","max-snippet":"max-snippet:-1","max-image-preview":"max-image-preview:large","max-video-preview":"max-video-preview:-1"},"canonical":"https:\/\/comprehensiveliquor.com\/pl\/product\/johnnie-walker-blue-label-chinski-rok-wolu-70cl\/","og_locale":"pl_PL","og_type":"article","og_title":"Johnnie Walker Blue Label Chinese Year Of The Ox (70cl)","og_description":"Buy Johnnie Walker Blue Label Year of the Ox 70cl. Rare Chinese zodiac limited edition. Premium Scotch whisky collector's bottle. Order online now.","og_url":"https:\/\/comprehensiveliquor.com\/pl\/product\/johnnie-walker-blue-label-chinski-rok-wolu-70cl\/","og_site_name":"Comprehensive Liquor","article_modified_time":"2025-11-13T14:24:34+00:00","og_image":[{"width":360,"height":541,"url":"https:\/\/comprehensiveliquor.com\/wp-content\/uploads\/2022\/10\/image_2022-10-22_222210841.png","type":"image\/png"}],"twitter_card":"summary_large_image","twitter_misc":{"Szacowany czas czytania":"1 minuta"},"schema":{"@context":"https:\/\/schema.org","@graph":[{"@type":"WebPage","@id":"https:\/\/comprehensiveliquor.com\/product\/johnnie-walker-blue-label-chinese-year-of-the-ox-70cl\/","url":"https:\/\/comprehensiveliquor.com\/product\/johnnie-walker-blue-label-chinese-year-of-the-ox-70cl\/","name":"Johnnie Walker Blue Year of Ox | 70cl Edycja limitowana | Kup","isPartOf":{"@id":"https:\/\/comprehensiveliquor.com\/#website"},"primaryImageOfPage":{"@id":"https:\/\/comprehensiveliquor.com\/product\/johnnie-walker-blue-label-chinese-year-of-the-ox-70cl\/#primaryimage"},"image":{"@id":"https:\/\/comprehensiveliquor.com\/product\/johnnie-walker-blue-label-chinese-year-of-the-ox-70cl\/#primaryimage"},"thumbnailUrl":"https:\/\/comprehensiveliquor.com\/wp-content\/uploads\/2022\/10\/image_2022-10-22_222210841.png","datePublished":"2022-10-22T21:28:06+00:00","dateModified":"2025-11-13T14:24:34+00:00","description":"Kup Johnnie Walker Blue Label Rok Wo\u0142u 70cl. Rzadka, limitowana edycja z chi\u0144skim znakiem zodiaku. Butelka kolekcjonerska szkockiej whisky premium. Zam\u00f3w online ju\u017c teraz.","breadcrumb":{"@id":"https:\/\/comprehensiveliquor.com\/product\/johnnie-walker-blue-label-chinese-year-of-the-ox-70cl\/#breadcrumb"},"inLanguage":"pl-PL","potentialAction":[{"@type":"ReadAction","target":["https:\/\/comprehensiveliquor.com\/product\/johnnie-walker-blue-label-chinese-year-of-the-ox-70cl\/"]}]},{"@type":"ImageObject","inLanguage":"pl-PL","@id":"https:\/\/comprehensiveliquor.com\/product\/johnnie-walker-blue-label-chinese-year-of-the-ox-70cl\/#primaryimage","url":"https:\/\/comprehensiveliquor.com\/wp-content\/uploads\/2022\/10\/image_2022-10-22_222210841.png","contentUrl":"https:\/\/comprehensiveliquor.com\/wp-content\/uploads\/2022\/10\/image_2022-10-22_222210841.png","width":360,"height":541,"caption":"johnnie Walker Blue Label Chinese Year Of The Ox"},{"@type":"BreadcrumbList","@id":"https:\/\/comprehensiveliquor.com\/product\/johnnie-walker-blue-label-chinese-year-of-the-ox-70cl\/#breadcrumb","itemListElement":[{"@type":"ListItem","position":1,"name":"Home","item":"https:\/\/comprehensiveliquor.com\/"},{"@type":"ListItem","position":2,"name":"Shop","item":"https:\/\/comprehensiveliquor.com\/shop\/"},{"@type":"ListItem","position":3,"name":"Johnnie Walker Blue Label Chinese Year Of The Ox (70cl)"}]},{"@type":"WebSite","@id":"https:\/\/comprehensiveliquor.com\/#website","url":"https:\/\/comprehensiveliquor.com\/","name":"Kompleksowy alkohol","description":"Best Liquor Store","publisher":{"@id":"https:\/\/comprehensiveliquor.com\/#organization"},"alternateName":"Comprehensive Liquor Store","potentialAction":[{"@type":"SearchAction","target":{"@type":"EntryPoint","urlTemplate":"https:\/\/comprehensiveliquor.com\/?s={search_term_string}"},"query-input":{"@type":"PropertyValueSpecification","valueRequired":true,"valueName":"search_term_string"}}],"inLanguage":"pl-PL"},{"@type":"Organization","@id":"https:\/\/comprehensiveliquor.com\/#organization","name":"Kompleksowy alkohol","alternateName":"Comprehensive Liquor Store","url":"https:\/\/comprehensiveliquor.com\/","logo":{"@type":"ImageObject","inLanguage":"pl-PL","@id":"https:\/\/comprehensiveliquor.com\/#\/schema\/logo\/image\/","url":"https:\/\/comprehensiveliquor.com\/wp-content\/uploads\/2024\/03\/cropped-image_2024-03-26_131408877.png","contentUrl":"https:\/\/comprehensiveliquor.com\/wp-content\/uploads\/2024\/03\/cropped-image_2024-03-26_131408877.png","width":378,"height":263,"caption":"Comprehensive Liquor"},"image":{"@id":"https:\/\/comprehensiveliquor.com\/#\/schema\/logo\/image\/"}}]}},"_links":{"self":[{"href":"https:\/\/comprehensiveliquor.com\/pl\/wp-json\/wp\/v2\/product\/2835","targetHints":{"allow":["GET"]}}],"collection":[{"href":"https:\/\/comprehensiveliquor.com\/pl\/wp-json\/wp\/v2\/product"}],"about":[{"href":"https:\/\/comprehensiveliquor.com\/pl\/wp-json\/wp\/v2\/types\/product"}],"replies":[{"embeddable":true,"href":"https:\/\/comprehensiveliquor.com\/pl\/wp-json\/wp\/v2\/comments?post=2835"}],"wp:featuredmedia":[{"embeddable":true,"href":"https:\/\/comprehensiveliquor.com\/pl\/wp-json\/wp\/v2\/media\/2836"}],"wp:attachment":[{"href":"https:\/\/comprehensiveliquor.com\/pl\/wp-json\/wp\/v2\/media?parent=2835"}],"wp:term":[{"taxonomy":"product_brand","embeddable":true,"href":"https:\/\/comprehensiveliquor.com\/pl\/wp-json\/wp\/v2\/product_brand?post=2835"},{"taxonomy":"product_cat","embeddable":true,"href":"https:\/\/comprehensiveliquor.com\/pl\/wp-json\/wp\/v2\/product_cat?post=2835"},{"taxonomy":"product_tag","embeddable":true,"href":"https:\/\/comprehensiveliquor.com\/pl\/wp-json\/wp\/v2\/product_tag?post=2835"}],"curies":[{"name":"wp","href":"https:\/\/api.w.org\/{rel}","templated":true}]}}