{"id":3446,"date":"2023-05-14T08:25:06","date_gmt":"2023-05-14T08:25:06","guid":{"rendered":"https:\/\/comprehensiveliquor.com\/?post_type=product&#038;p=3446"},"modified":"2025-11-14T10:02:52","modified_gmt":"2025-11-14T10:02:52","slug":"the-macallan-james-bond-60th-anniversary-release-decade","status":"publish","type":"product","link":"https:\/\/comprehensiveliquor.com\/pl\/product\/the-macallan-james-bond-60th-anniversary-release-decade\/","title":{"rendered":"Dekada premiery filmu Macallan James Bond z okazji 60. rocznicy"},"content":{"rendered":"<h2>Macallan James Bond \u2013 premiera z okazji 60. rocznicy Decade I<\/h2>\n<p>Premiera Macallan James Bond 60th Anniversary Edition, Decade I. \u015awi\u0119tuj niezapomnian\u0105 er\u0119 Jamesa Bonda lat 60. Ta limitowana edycja szkockiej whisky oddaje ho\u0142d debiutowi tej eleganckiej ikony szpiegowskiej na srebrnym ekranie w 1962 roku, w kt\u00f3rej wcieli\u0142 si\u0119 legendarny Sean Connery.<\/p>\n<p>Ten projekt, inspirowany skeczami z film\u00f3w \u201eGoldfinger\u201d, \u201e\u017byje si\u0119 tylko dwa razy\u201d i \u201eOperacja Piorun\u201d, w tym kultow\u0105 atrap\u0105 plecaka odrzutowego, to prawdziwe arcydzie\u0142o. Delektuj si\u0119 kawa\u0142kiem historii kina z ka\u017cdym \u0142ykiem i prze\u017cyj magi\u0119 Bonda na nowo. Zam\u00f3w ju\u017c teraz i dodaj to arcydzie\u0142o do swojej kolekcji.<\/p>\n<p>&nbsp;<\/p>\n<h4>Notatki degustacyjne Macallana Jamesa Bonda<\/h4>\n<p style=\"color: #252525;\"><strong style=\"color: #252525;\">NOSE<\/strong><br style=\"color: #252525;\" role=\"presentation\" data-uw-rm-sr=\"\" \/>\u015awie\u017ce i wyraziste nuty cytryny i limonki, odrobina sorbetu, przechodz\u0105ce w s\u0142odk\u0105 wanili\u0119 i kokos, z nut\u0105 suszonych fig i rodzynek.<\/p>\n<p style=\"color: #252525;\"><strong style=\"color: #252525;\">PALATE<\/strong><br style=\"color: #252525;\" role=\"presentation\" data-uw-rm-sr=\"\" \/>Sk\u00f3rka pomara\u0144czowa i musuj\u0105cy sorbet w po\u0142\u0105czeniu ze \u015bwie\u017co\u015bci\u0105 cytryny, delikatnym d\u0119bem i subtelnymi przyprawami imbirowymi prowadz\u0105 do g\u0142\u0119bokiego, ciemnego ciasta czekoladowego z figami i pieczonymi jab\u0142kami, polanego miodow\u0105 polew\u0105.<\/p>\n<p style=\"color: #252525;\"><strong style=\"color: #252525;\">FINISH<\/strong><br style=\"color: #252525;\" role=\"presentation\" data-uw-rm-sr=\"\" \/>S\u0142odkie i d\u0142ugie, o z\u0142o\u017conych warstwach.<\/p>\n<p style=\"color: #252525;\"><strong style=\"color: #252525;\">COLOUR<\/strong><br style=\"color: #252525;\" role=\"presentation\" data-uw-rm-sr=\"\" \/>Suisse (Swiss) gold<\/p>\n<p>&nbsp;<\/p>\n<h2 class=\"beautify__page-heading _hasToggle\">Atrybuty<\/h2>\n<div id=\"ih__addition-11117\" class=\"productView-addition-tabContent is-open\">\n<table class=\"productView-addition-table table\">\n<tbody class=\"table-tbody\">\n<tr class=\"productView-info-row--cfProductOf\">\n<td>\n<div class=\"productView-info-name productView-info-name--cfProductOf\"><strong>Kategoria<\/strong><\/div>\n<\/td>\n<td>\n<div class=\"productView-info-value productView-info-value--cfProductOf\"><a href=\"https:\/\/comprehensiveliquor.com\/pl\/product-category\/scotch-whisky\/\">Scotch Whiskey<\/a><\/div>\n<\/td>\n<\/tr>\n<tr class=\"productView-info-row--cfVarietalType\">\n<td>\n<div class=\"productView-info-name productView-info-name--cfVarietalType\"><strong>Odmiana\/Typ<\/strong><\/div>\n<\/td>\n<td>\n<div class=\"productView-info-value productView-info-value--cfVarietalType\"><a href=\"https:\/\/comprehensiveliquor.com\/pl\/product-category\/single-malt-whisky\/\">Single Malt Scotch<\/a><\/div>\n<\/td>\n<\/tr>\n<tr class=\"productView-info-row--cfSize\">\n<td>\n<div class=\"productView-info-name productView-info-name--cfSize\"><strong>Size<\/strong><\/div>\n<\/td>\n<td>\n<div class=\"productView-info-value productView-info-value--cfSize\">750ML<\/div>\n<\/td>\n<\/tr>\n<\/tbody>\n<\/table>\n<\/div>","protected":false},"excerpt":{"rendered":"<p>Macallan James Bond 60th Anniversary Release Decade I The Macallan James Bond 60th Anniversary Release, Decade I Celebrate the unforgettable 1960s era of James Bond. This limited-edition Scotch whisky pays homage to the suave spy icon&#8217;s debut on the silver screen in 1962, embodied by the legendary Sean Connery. Featuring sketches from Goldfinger, You Only [&hellip;]<\/p>\n","protected":false},"featured_media":3447,"comment_status":"open","ping_status":"closed","template":"","meta":{"site-sidebar-layout":"default","site-content-layout":"default","ast-site-content-layout":"default","site-content-style":"default","site-sidebar-style":"default","ast-global-header-display":"","ast-banner-title-visibility":"","ast-main-header-display":"","ast-hfb-above-header-display":"","ast-hfb-below-header-display":"","ast-hfb-mobile-header-display":"","site-post-title":"","ast-breadcrumbs-content":"","ast-featured-img":"","footer-sml-layout":"","ast-disable-related-posts":"","theme-transparent-header-meta":"default","adv-header-id-meta":"","stick-header-meta":"","header-above-stick-meta":"","header-main-stick-meta":"","header-below-stick-meta":"","astra-migrate-meta-layouts":"set","ast-page-background-enabled":"default","ast-page-background-meta":{"desktop":{"background-color":"","background-image":"","background-repeat":"repeat","background-position":"center center","background-size":"auto","background-attachment":"scroll","background-type":"","background-media":"","overlay-type":"","overlay-color":"","overlay-opacity":"","overlay-gradient":""},"tablet":{"background-color":"","background-image":"","background-repeat":"repeat","background-position":"center center","background-size":"auto","background-attachment":"scroll","background-type":"","background-media":"","overlay-type":"","overlay-color":"","overlay-opacity":"","overlay-gradient":""},"mobile":{"background-color":"","background-image":"","background-repeat":"repeat","background-position":"center center","background-size":"auto","background-attachment":"scroll","background-type":"","background-media":"","overlay-type":"","overlay-color":"","overlay-opacity":"","overlay-gradient":""}},"ast-content-background-meta":{"desktop":{"background-color":"var(--ast-global-color-5)","background-image":"","background-repeat":"repeat","background-position":"center center","background-size":"auto","background-attachment":"scroll","background-type":"","background-media":"","overlay-type":"","overlay-color":"","overlay-opacity":"","overlay-gradient":""},"tablet":{"background-color":"var(--ast-global-color-5)","background-image":"","background-repeat":"repeat","background-position":"center center","background-size":"auto","background-attachment":"scroll","background-type":"","background-media":"","overlay-type":"","overlay-color":"","overlay-opacity":"","overlay-gradient":""},"mobile":{"background-color":"var(--ast-global-color-5)","background-image":"","background-repeat":"repeat","background-position":"center center","background-size":"auto","background-attachment":"scroll","background-type":"","background-media":"","overlay-type":"","overlay-color":"","overlay-opacity":"","overlay-gradient":""}}},"product_brand":[],"product_cat":[79,39],"product_tag":[],"class_list":{"0":"post-3446","1":"product","2":"type-product","3":"status-publish","4":"has-post-thumbnail","6":"product_cat-macallan","7":"product_cat-scotch-whisky","8":"desktop-align-center","9":"tablet-align-left","10":"mobile-align-left","12":"first","13":"instock","14":"shipping-taxable","15":"purchasable","16":"product-type-simple"},"yoast_head":"<!-- This site is optimized with the Yoast SEO Premium plugin v24.7 (Yoast SEO v27.6) - https:\/\/yoast.com\/product\/yoast-seo-premium-wordpress\/ -->\n<title>Macallan James Bond 60th Anniversary Decade | Buy Now<\/title>\n<meta name=\"description\" content=\"Shop Macallan James Bond 60th Anniversary Decade release. A rare collector\u2019s whisky celebrating 007. Limited and highly sought-after. Order today.\" \/>\n<meta name=\"robots\" content=\"index, follow, max-snippet:-1, max-image-preview:large, max-video-preview:-1\" \/>\n<link rel=\"canonical\" href=\"https:\/\/comprehensiveliquor.com\/pl\/product\/the-macallan-james-bond-60th-anniversary-release-decade\/\" \/>\n<meta property=\"og:locale\" content=\"pl_PL\" \/>\n<meta property=\"og:type\" content=\"article\" \/>\n<meta property=\"og:title\" content=\"The Macallan James Bond 60th Anniversary Release Decade\" \/>\n<meta property=\"og:description\" content=\"Shop Macallan James Bond 60th Anniversary Decade release. A rare collector\u2019s whisky celebrating 007. Limited and highly sought-after. Order today.\" \/>\n<meta property=\"og:url\" content=\"https:\/\/comprehensiveliquor.com\/pl\/product\/the-macallan-james-bond-60th-anniversary-release-decade\/\" \/>\n<meta property=\"og:site_name\" content=\"Comprehensive Liquor\" \/>\n<meta property=\"article:modified_time\" content=\"2025-11-14T10:02:52+00:00\" \/>\n<meta property=\"og:image\" content=\"https:\/\/comprehensiveliquor.com\/wp-content\/uploads\/2023\/05\/image_2023-05-14_090854998.png\" \/>\n\t<meta property=\"og:image:width\" content=\"1001\" \/>\n\t<meta property=\"og:image:height\" content=\"1280\" \/>\n\t<meta property=\"og:image:type\" content=\"image\/png\" \/>\n<meta name=\"twitter:card\" content=\"summary_large_image\" \/>\n<meta name=\"twitter:label1\" content=\"Szacowany czas czytania\" \/>\n\t<meta name=\"twitter:data1\" content=\"1 minuta\" \/>\n<script type=\"application\/ld+json\" class=\"yoast-schema-graph\">{\"@context\":\"https:\\\/\\\/schema.org\",\"@graph\":[{\"@type\":\"WebPage\",\"@id\":\"https:\\\/\\\/comprehensiveliquor.com\\\/product\\\/the-macallan-james-bond-60th-anniversary-release-decade\\\/\",\"url\":\"https:\\\/\\\/comprehensiveliquor.com\\\/product\\\/the-macallan-james-bond-60th-anniversary-release-decade\\\/\",\"name\":\"Macallan James Bond 60th Anniversary Decade | Buy Now\",\"isPartOf\":{\"@id\":\"https:\\\/\\\/comprehensiveliquor.com\\\/#website\"},\"primaryImageOfPage\":{\"@id\":\"https:\\\/\\\/comprehensiveliquor.com\\\/product\\\/the-macallan-james-bond-60th-anniversary-release-decade\\\/#primaryimage\"},\"image\":{\"@id\":\"https:\\\/\\\/comprehensiveliquor.com\\\/product\\\/the-macallan-james-bond-60th-anniversary-release-decade\\\/#primaryimage\"},\"thumbnailUrl\":\"https:\\\/\\\/comprehensiveliquor.com\\\/wp-content\\\/uploads\\\/2023\\\/05\\\/image_2023-05-14_090854998.png\",\"datePublished\":\"2023-05-14T08:25:06+00:00\",\"dateModified\":\"2025-11-14T10:02:52+00:00\",\"description\":\"Shop Macallan James Bond 60th Anniversary Decade release. A rare collector\u2019s whisky celebrating 007. Limited and highly sought-after. Order today.\",\"breadcrumb\":{\"@id\":\"https:\\\/\\\/comprehensiveliquor.com\\\/product\\\/the-macallan-james-bond-60th-anniversary-release-decade\\\/#breadcrumb\"},\"inLanguage\":\"pl-PL\",\"potentialAction\":[{\"@type\":\"ReadAction\",\"target\":[\"https:\\\/\\\/comprehensiveliquor.com\\\/product\\\/the-macallan-james-bond-60th-anniversary-release-decade\\\/\"]}]},{\"@type\":\"ImageObject\",\"inLanguage\":\"pl-PL\",\"@id\":\"https:\\\/\\\/comprehensiveliquor.com\\\/product\\\/the-macallan-james-bond-60th-anniversary-release-decade\\\/#primaryimage\",\"url\":\"https:\\\/\\\/comprehensiveliquor.com\\\/wp-content\\\/uploads\\\/2023\\\/05\\\/image_2023-05-14_090854998.png\",\"contentUrl\":\"https:\\\/\\\/comprehensiveliquor.com\\\/wp-content\\\/uploads\\\/2023\\\/05\\\/image_2023-05-14_090854998.png\",\"width\":1001,\"height\":1280,\"caption\":\"Macallan James Bond 60th Anniversary Decade bottle\"},{\"@type\":\"BreadcrumbList\",\"@id\":\"https:\\\/\\\/comprehensiveliquor.com\\\/product\\\/the-macallan-james-bond-60th-anniversary-release-decade\\\/#breadcrumb\",\"itemListElement\":[{\"@type\":\"ListItem\",\"position\":1,\"name\":\"Home\",\"item\":\"https:\\\/\\\/comprehensiveliquor.com\\\/\"},{\"@type\":\"ListItem\",\"position\":2,\"name\":\"Shop\",\"item\":\"https:\\\/\\\/comprehensiveliquor.com\\\/shop\\\/\"},{\"@type\":\"ListItem\",\"position\":3,\"name\":\"The Macallan James Bond 60th Anniversary Release Decade\"}]},{\"@type\":\"WebSite\",\"@id\":\"https:\\\/\\\/comprehensiveliquor.com\\\/#website\",\"url\":\"https:\\\/\\\/comprehensiveliquor.com\\\/\",\"name\":\"Comprehensive Liquor\",\"description\":\"Best Liquor Store\",\"publisher\":{\"@id\":\"https:\\\/\\\/comprehensiveliquor.com\\\/#organization\"},\"alternateName\":\"Comprehensive Liquor Store\",\"potentialAction\":[{\"@type\":\"SearchAction\",\"target\":{\"@type\":\"EntryPoint\",\"urlTemplate\":\"https:\\\/\\\/comprehensiveliquor.com\\\/?s={search_term_string}\"},\"query-input\":{\"@type\":\"PropertyValueSpecification\",\"valueRequired\":true,\"valueName\":\"search_term_string\"}}],\"inLanguage\":\"pl-PL\"},{\"@type\":\"Organization\",\"@id\":\"https:\\\/\\\/comprehensiveliquor.com\\\/#organization\",\"name\":\"Comprehensive Liquor\",\"alternateName\":\"Comprehensive Liquor Store\",\"url\":\"https:\\\/\\\/comprehensiveliquor.com\\\/\",\"logo\":{\"@type\":\"ImageObject\",\"inLanguage\":\"pl-PL\",\"@id\":\"https:\\\/\\\/comprehensiveliquor.com\\\/#\\\/schema\\\/logo\\\/image\\\/\",\"url\":\"https:\\\/\\\/comprehensiveliquor.com\\\/wp-content\\\/uploads\\\/2024\\\/03\\\/cropped-image_2024-03-26_131408877.png\",\"contentUrl\":\"https:\\\/\\\/comprehensiveliquor.com\\\/wp-content\\\/uploads\\\/2024\\\/03\\\/cropped-image_2024-03-26_131408877.png\",\"width\":378,\"height\":263,\"caption\":\"Comprehensive Liquor\"},\"image\":{\"@id\":\"https:\\\/\\\/comprehensiveliquor.com\\\/#\\\/schema\\\/logo\\\/image\\\/\"}}]}<\/script>\n<!-- \/ Yoast SEO Premium plugin. -->","yoast_head_json":{"title":"Dekada 60. rocznicy filmu Macallan James Bond | Kup teraz","description":"Kup whisky Macallan James Bond z okazji 60. rocznicy wydania. Rzadka whisky kolekcjonerska upami\u0119tniaj\u0105ca 007. Limitowana i bardzo poszukiwana. Zam\u00f3w ju\u017c dzi\u015b.","robots":{"index":"index","follow":"follow","max-snippet":"max-snippet:-1","max-image-preview":"max-image-preview:large","max-video-preview":"max-video-preview:-1"},"canonical":"https:\/\/comprehensiveliquor.com\/pl\/product\/the-macallan-james-bond-60th-anniversary-release-decade\/","og_locale":"pl_PL","og_type":"article","og_title":"The Macallan James Bond 60th Anniversary Release Decade","og_description":"Shop Macallan James Bond 60th Anniversary Decade release. A rare collector\u2019s whisky celebrating 007. Limited and highly sought-after. Order today.","og_url":"https:\/\/comprehensiveliquor.com\/pl\/product\/the-macallan-james-bond-60th-anniversary-release-decade\/","og_site_name":"Comprehensive Liquor","article_modified_time":"2025-11-14T10:02:52+00:00","og_image":[{"width":1001,"height":1280,"url":"https:\/\/comprehensiveliquor.com\/wp-content\/uploads\/2023\/05\/image_2023-05-14_090854998.png","type":"image\/png"}],"twitter_card":"summary_large_image","twitter_misc":{"Szacowany czas czytania":"1 minuta"},"schema":{"@context":"https:\/\/schema.org","@graph":[{"@type":"WebPage","@id":"https:\/\/comprehensiveliquor.com\/product\/the-macallan-james-bond-60th-anniversary-release-decade\/","url":"https:\/\/comprehensiveliquor.com\/product\/the-macallan-james-bond-60th-anniversary-release-decade\/","name":"Dekada 60. rocznicy filmu Macallan James Bond | Kup teraz","isPartOf":{"@id":"https:\/\/comprehensiveliquor.com\/#website"},"primaryImageOfPage":{"@id":"https:\/\/comprehensiveliquor.com\/product\/the-macallan-james-bond-60th-anniversary-release-decade\/#primaryimage"},"image":{"@id":"https:\/\/comprehensiveliquor.com\/product\/the-macallan-james-bond-60th-anniversary-release-decade\/#primaryimage"},"thumbnailUrl":"https:\/\/comprehensiveliquor.com\/wp-content\/uploads\/2023\/05\/image_2023-05-14_090854998.png","datePublished":"2023-05-14T08:25:06+00:00","dateModified":"2025-11-14T10:02:52+00:00","description":"Kup whisky Macallan James Bond z okazji 60. rocznicy wydania. Rzadka whisky kolekcjonerska upami\u0119tniaj\u0105ca 007. Limitowana i bardzo poszukiwana. Zam\u00f3w ju\u017c dzi\u015b.","breadcrumb":{"@id":"https:\/\/comprehensiveliquor.com\/product\/the-macallan-james-bond-60th-anniversary-release-decade\/#breadcrumb"},"inLanguage":"pl-PL","potentialAction":[{"@type":"ReadAction","target":["https:\/\/comprehensiveliquor.com\/product\/the-macallan-james-bond-60th-anniversary-release-decade\/"]}]},{"@type":"ImageObject","inLanguage":"pl-PL","@id":"https:\/\/comprehensiveliquor.com\/product\/the-macallan-james-bond-60th-anniversary-release-decade\/#primaryimage","url":"https:\/\/comprehensiveliquor.com\/wp-content\/uploads\/2023\/05\/image_2023-05-14_090854998.png","contentUrl":"https:\/\/comprehensiveliquor.com\/wp-content\/uploads\/2023\/05\/image_2023-05-14_090854998.png","width":1001,"height":1280,"caption":"Macallan James Bond 60th Anniversary Decade bottle"},{"@type":"BreadcrumbList","@id":"https:\/\/comprehensiveliquor.com\/product\/the-macallan-james-bond-60th-anniversary-release-decade\/#breadcrumb","itemListElement":[{"@type":"ListItem","position":1,"name":"Home","item":"https:\/\/comprehensiveliquor.com\/"},{"@type":"ListItem","position":2,"name":"Shop","item":"https:\/\/comprehensiveliquor.com\/shop\/"},{"@type":"ListItem","position":3,"name":"The Macallan James Bond 60th Anniversary Release Decade"}]},{"@type":"WebSite","@id":"https:\/\/comprehensiveliquor.com\/#website","url":"https:\/\/comprehensiveliquor.com\/","name":"Kompleksowy alkohol","description":"Best Liquor Store","publisher":{"@id":"https:\/\/comprehensiveliquor.com\/#organization"},"alternateName":"Comprehensive Liquor Store","potentialAction":[{"@type":"SearchAction","target":{"@type":"EntryPoint","urlTemplate":"https:\/\/comprehensiveliquor.com\/?s={search_term_string}"},"query-input":{"@type":"PropertyValueSpecification","valueRequired":true,"valueName":"search_term_string"}}],"inLanguage":"pl-PL"},{"@type":"Organization","@id":"https:\/\/comprehensiveliquor.com\/#organization","name":"Kompleksowy alkohol","alternateName":"Comprehensive Liquor Store","url":"https:\/\/comprehensiveliquor.com\/","logo":{"@type":"ImageObject","inLanguage":"pl-PL","@id":"https:\/\/comprehensiveliquor.com\/#\/schema\/logo\/image\/","url":"https:\/\/comprehensiveliquor.com\/wp-content\/uploads\/2024\/03\/cropped-image_2024-03-26_131408877.png","contentUrl":"https:\/\/comprehensiveliquor.com\/wp-content\/uploads\/2024\/03\/cropped-image_2024-03-26_131408877.png","width":378,"height":263,"caption":"Comprehensive Liquor"},"image":{"@id":"https:\/\/comprehensiveliquor.com\/#\/schema\/logo\/image\/"}}]}},"_links":{"self":[{"href":"https:\/\/comprehensiveliquor.com\/pl\/wp-json\/wp\/v2\/product\/3446","targetHints":{"allow":["GET"]}}],"collection":[{"href":"https:\/\/comprehensiveliquor.com\/pl\/wp-json\/wp\/v2\/product"}],"about":[{"href":"https:\/\/comprehensiveliquor.com\/pl\/wp-json\/wp\/v2\/types\/product"}],"replies":[{"embeddable":true,"href":"https:\/\/comprehensiveliquor.com\/pl\/wp-json\/wp\/v2\/comments?post=3446"}],"wp:featuredmedia":[{"embeddable":true,"href":"https:\/\/comprehensiveliquor.com\/pl\/wp-json\/wp\/v2\/media\/3447"}],"wp:attachment":[{"href":"https:\/\/comprehensiveliquor.com\/pl\/wp-json\/wp\/v2\/media?parent=3446"}],"wp:term":[{"taxonomy":"product_brand","embeddable":true,"href":"https:\/\/comprehensiveliquor.com\/pl\/wp-json\/wp\/v2\/product_brand?post=3446"},{"taxonomy":"product_cat","embeddable":true,"href":"https:\/\/comprehensiveliquor.com\/pl\/wp-json\/wp\/v2\/product_cat?post=3446"},{"taxonomy":"product_tag","embeddable":true,"href":"https:\/\/comprehensiveliquor.com\/pl\/wp-json\/wp\/v2\/product_tag?post=3446"}],"curies":[{"name":"wp","href":"https:\/\/api.w.org\/{rel}","templated":true}]}}