{"id":1083,"date":"2019-01-23T06:31:31","date_gmt":"2019-01-23T06:31:31","guid":{"rendered":"https:\/\/comprehensiveliquor.com\/index.php\/about-us\/"},"modified":"2023-10-04T17:38:20","modified_gmt":"2023-10-04T17:38:20","slug":"about-us","status":"publish","type":"page","link":"https:\/\/comprehensiveliquor.com\/pt\/about-us\/","title":{"rendered":"Sobre n\u00f3s"},"content":{"rendered":"<div data-elementor-type=\"wp-post\" data-elementor-id=\"1083\" class=\"elementor elementor-1083\">\n\t\t\t\t\t\t<section class=\"elementor-section elementor-top-section elementor-element elementor-element-6ccdc95 elementor-section-content-middle elementor-section-height-min-height elementor-section-boxed elementor-section-height-default elementor-section-items-middle\" data-id=\"6ccdc95\" data-element_type=\"section\" data-e-type=\"section\" data-settings=\"{&quot;background_background&quot;:&quot;classic&quot;}\">\n\t\t\t\t\t\t\t<div class=\"elementor-background-overlay\"><\/div>\n\t\t\t\t\t\t\t<div class=\"elementor-container elementor-column-gap-extended\">\n\t\t\t\t\t<div class=\"elementor-column elementor-col-100 elementor-top-column elementor-element elementor-element-4f6adc0\" data-id=\"4f6adc0\" data-element_type=\"column\" data-e-type=\"column\">\n\t\t\t<div class=\"elementor-widget-wrap elementor-element-populated\">\n\t\t\t\t\t\t<div class=\"elementor-element elementor-element-179c706 elementor-widget elementor-widget-heading\" data-id=\"179c706\" data-element_type=\"widget\" data-e-type=\"widget\" data-widget_type=\"heading.default\">\n\t\t\t\t<div class=\"elementor-widget-container\">\n\t\t\t\t\t<h3 class=\"elementor-heading-title elementor-size-large\">Sobre n\u00f3s<\/h3>\t\t\t\t<\/div>\n\t\t\t\t<\/div>\n\t\t\t\t\t<\/div>\n\t\t<\/div>\n\t\t\t\t\t<\/div>\n\t\t<\/section>\n\t\t\t\t<section class=\"elementor-section elementor-top-section elementor-element elementor-element-4a5d220 elementor-section-boxed elementor-section-height-default elementor-section-height-default\" data-id=\"4a5d220\" data-element_type=\"section\" data-e-type=\"section\">\n\t\t\t\t\t\t<div class=\"elementor-container elementor-column-gap-no\">\n\t\t\t\t\t<div class=\"elementor-column elementor-col-33 elementor-top-column elementor-element elementor-element-737ec4c\" data-id=\"737ec4c\" data-element_type=\"column\" data-e-type=\"column\">\n\t\t\t<div class=\"elementor-widget-wrap elementor-element-populated\">\n\t\t\t\t\t\t<div class=\"elementor-element elementor-element-efb0e9a elementor-widget elementor-widget-heading\" data-id=\"efb0e9a\" data-element_type=\"widget\" data-e-type=\"widget\" data-widget_type=\"heading.default\">\n\t\t\t\t<div class=\"elementor-widget-container\">\n\t\t\t\t\t<h4 class=\"elementor-heading-title elementor-size-default\">Tudo sobre uma loja de bebidas completa<\/h4>\t\t\t\t<\/div>\n\t\t\t\t<\/div>\n\t\t\t\t\t<\/div>\n\t\t<\/div>\n\t\t\t\t<div class=\"elementor-column elementor-col-66 elementor-top-column elementor-element elementor-element-e6bc9af\" data-id=\"e6bc9af\" data-element_type=\"column\" data-e-type=\"column\">\n\t\t\t<div class=\"elementor-widget-wrap elementor-element-populated\">\n\t\t\t\t\t\t<div class=\"elementor-element elementor-element-8bf9f70 elementor-widget elementor-widget-text-editor\" data-id=\"8bf9f70\" data-element_type=\"widget\" data-e-type=\"widget\" data-widget_type=\"text-editor.default\">\n\t\t\t\t<div class=\"elementor-widget-container\">\n\t\t\t\t\t\t\t\t\t<p>Muito obrigado por visitar nossa loja online. Nossa equipe est\u00e1 empenhada em proporcionar a voc\u00ea uma experi\u00eancia de compra online impec\u00e1vel e permanece \u00e0 disposi\u00e7\u00e3o para ajudar a qualquer momento. Se voc\u00ea tiver d\u00favidas, coment\u00e1rios ou preocupa\u00e7\u00f5es sobre seu pedido ou o conte\u00fado deste site, entre em contato conosco por e-mail e um de nossos experientes membros da equipe responder\u00e1 o mais breve poss\u00edvel. Mais uma vez, obrigado por visitar nossa loja e esperamos atend\u00ea-lo novamente em breve.<\/p>\t\t\t\t\t\t\t\t<\/div>\n\t\t\t\t<\/div>\n\t\t\t\t<div class=\"elementor-element elementor-element-1f5d00e elementor-widget elementor-widget-button\" data-id=\"1f5d00e\" data-element_type=\"widget\" data-e-type=\"widget\" data-widget_type=\"button.default\">\n\t\t\t\t<div class=\"elementor-widget-container\">\n\t\t\t\t\t\t\t\t\t<div class=\"elementor-button-wrapper\">\n\t\t\t\t\t<a class=\"elementor-button elementor-button-link elementor-size-md\" href=\"#\">\n\t\t\t\t\t\t<span class=\"elementor-button-content-wrapper\">\n\t\t\t\t\t\t\t\t\t<span class=\"elementor-button-text\">Read More<\/span>\n\t\t\t\t\t<\/span>\n\t\t\t\t\t<\/a>\n\t\t\t\t<\/div>\n\t\t\t\t\t\t\t\t<\/div>\n\t\t\t\t<\/div>\n\t\t\t\t\t<\/div>\n\t\t<\/div>\n\t\t\t\t\t<\/div>\n\t\t<\/section>\n\t\t\t\t<section class=\"elementor-section elementor-top-section elementor-element elementor-element-a400379 elementor-section-content-middle elementor-section-boxed elementor-section-height-default elementor-section-height-default\" data-id=\"a400379\" data-element_type=\"section\" data-e-type=\"section\" data-settings=\"{&quot;background_background&quot;:&quot;gradient&quot;}\">\n\t\t\t\t\t\t\t<div class=\"elementor-background-overlay\"><\/div>\n\t\t\t\t\t\t\t<div class=\"elementor-container elementor-column-gap-no\">\n\t\t\t\t\t<div class=\"elementor-column elementor-col-100 elementor-top-column elementor-element elementor-element-c9222c3\" data-id=\"c9222c3\" data-element_type=\"column\" data-e-type=\"column\">\n\t\t\t<div class=\"elementor-widget-wrap elementor-element-populated\">\n\t\t\t\t\t\t<div class=\"elementor-element elementor-element-7e489a2 elementor-widget elementor-widget-heading\" data-id=\"7e489a2\" data-element_type=\"widget\" data-e-type=\"widget\" data-widget_type=\"heading.default\">\n\t\t\t\t<div class=\"elementor-widget-container\">\n\t\t\t\t\t<h3 class=\"elementor-heading-title elementor-size-large\">Background<\/h3>\t\t\t\t<\/div>\n\t\t\t\t<\/div>\n\t\t\t\t<div class=\"elementor-element elementor-element-b2657e0 elementor-widget elementor-widget-text-editor\" data-id=\"b2657e0\" data-element_type=\"widget\" data-e-type=\"widget\" data-widget_type=\"text-editor.default\">\n\t\t\t\t<div class=\"elementor-widget-container\">\n\t\t\t\t\t\t\t\t\t<p>A Comprehensive Liquor \u00e9 uma \u00f3tima fonte para encontrar garrafas raras, dif\u00edceis de achar, de edi\u00e7\u00e3o limitada, descontinuadas e colecion\u00e1veis \u200b\u200batuais. Compre bebidas destiladas online como <a href=\"https:\/\/comprehensiveliquor.com\/pt\/product-category\/bourbon-whiskey\/\">bourbon<\/a>, brandy, <a href=\"https:\/\/comprehensiveliquor.com\/pt\/product-category\/cognac-armagnac\/\">cognac<\/a>, <a href=\"https:\/\/comprehensiveliquor.com\/pt\/product-category\/gin\/\">gin<\/a>Temos um dos maiores estoques online de bebidas destiladas descontinuadas, incluindo licores, rum, u\u00edsque escoc\u00eas, tequila, vodca e whisky. \u00c9 necess\u00e1rio ter 18 anos ou mais para comprar. Iniciamos o processamento dos pedidos imediatamente ap\u00f3s a confirma\u00e7\u00e3o do pagamento e oferecemos uma pol\u00edtica de devolu\u00e7\u00e3o de 14 dias para itens comprados por engano. Os itens devem estar lacrados de f\u00e1brica e em sua condi\u00e7\u00e3o original. O comprador de todas as bebidas alco\u00f3licas declara que est\u00e1 agindo em conformidade com as leis locais e estaduais referentes \u00e0 compra.<\/p>\t\t\t\t\t\t\t\t<\/div>\n\t\t\t\t<\/div>\n\t\t\t\t<div class=\"elementor-element elementor-element-beeacce elementor-widget elementor-widget-image\" data-id=\"beeacce\" data-element_type=\"widget\" data-e-type=\"widget\" data-widget_type=\"image.default\">\n\t\t\t\t<div class=\"elementor-widget-container\">\n\t\t\t\t\t\t\t\t\t\t\t\t\t\t\t<img fetchpriority=\"high\" decoding=\"async\" width=\"300\" height=\"300\" src=\"https:\/\/comprehensiveliquor.com\/wp-content\/uploads\/2022\/10\/image_2022-10-16_102045555-e1681479602179-300x300.png\" class=\"attachment-medium size-medium wp-image-2222\" alt=\"\" srcset=\"https:\/\/comprehensiveliquor.com\/wp-content\/uploads\/2022\/10\/image_2022-10-16_102045555-e1681479602179-300x300.png 300w, https:\/\/comprehensiveliquor.com\/wp-content\/uploads\/2022\/10\/image_2022-10-16_102045555-e1681479602179-100x100.png 100w, https:\/\/comprehensiveliquor.com\/wp-content\/uploads\/2022\/10\/image_2022-10-16_102045555-e1681479602179-539x539.png 539w, https:\/\/comprehensiveliquor.com\/wp-content\/uploads\/2022\/10\/image_2022-10-16_102045555-e1681479602179-150x150.png 150w, https:\/\/comprehensiveliquor.com\/wp-content\/uploads\/2022\/10\/image_2022-10-16_102045555-e1681479602179-768x768.png 768w, https:\/\/comprehensiveliquor.com\/wp-content\/uploads\/2022\/10\/image_2022-10-16_102045555-e1681479602179.png 1000w\" sizes=\"(max-width: 300px) 100vw, 300px\" \/>\t\t\t\t\t\t\t\t\t\t\t\t\t\t\t<\/div>\n\t\t\t\t<\/div>\n\t\t\t\t<div class=\"elementor-element elementor-element-d95e11a elementor-widget elementor-widget-text-editor\" data-id=\"d95e11a\" data-element_type=\"widget\" data-e-type=\"widget\" data-widget_type=\"text-editor.default\">\n\t\t\t\t<div class=\"elementor-widget-container\">\n\t\t\t\t\t\t\t\t\t<h4>Nossa Miss\u00e3o<\/h4><p>Como empresa familiar, acreditamos que a qualidade \u00e9 o que nossos clientes valorizam. Estamos sempre em busca de novos produtos com qualidade e tradi\u00e7\u00e3o genu\u00ednas, ao mesmo tempo que continuamos a inovar e aprimorar nossa experi\u00eancia online e o excelente atendimento ao cliente que nos garantiu uma base de f\u00e3s leal e crescente.<\/p><h4>Uma gama muito ampla<\/h4><p>A Comprehensive Liquor LLC atualmente possui em estoque mais de 300 tipos de u\u00edsque, muitos dos quais s\u00e3o antigos, raros e destilados, incluindo <a href=\"https:\/\/comprehensiveliquor.com\/pt\/product-category\/single-malt-whisky\/\">s<span style=\"text-decoration: underline;\">ingle malt<\/span>,<\/a> malte misturado, u\u00edsque irland\u00eas, <a href=\"https:\/\/comprehensiveliquor.com\/pt\/product-category\/bourbon-whiskey\/\"><span style=\"text-decoration: underline;\">Bourbon whiskey<\/span><\/a>e u\u00edsque dinamarqu\u00eas. Tamb\u00e9m temos <a href=\"https:\/\/comprehensiveliquor.com\/pt\/product-category\/vodka\/\"><span style=\"text-decoration: underline;\">Vodka<\/span><\/a>, <a href=\"https:\/\/comprehensiveliquor.com\/pt\/product-category\/gin\/\"><span style=\"text-decoration: underline;\">Gin<\/span><\/a>, Rum, <span style=\"text-decoration: underline;\"><a href=\"https:\/\/comprehensiveliquor.com\/pt\/product-category\/wine\/\">Vinho<\/a><\/span>Champanhe, licores, cervejas premium e muito mais.<\/p>\t\t\t\t\t\t\t\t<\/div>\n\t\t\t\t<\/div>\n\t\t\t\t\t<\/div>\n\t\t<\/div>\n\t\t\t\t\t<\/div>\n\t\t<\/section>\n\t\t\t\t<\/div>","protected":false},"excerpt":{"rendered":"<p>About Us All About Comprehensive Liquor Store Thanks so much for visiting our online store. Our team is excited to provide you with an impeccable online shopping experience and remains available to assist at any time. If you have questions, comments, or concerns about your order or the content found within this website, please feel [&hellip;]<\/p>\n","protected":false},"author":1,"featured_media":0,"parent":0,"menu_order":0,"comment_status":"closed","ping_status":"closed","template":"","meta":{"site-sidebar-layout":"no-sidebar","site-content-layout":"page-builder","ast-site-content-layout":"full-width-container","site-content-style":"unboxed","site-sidebar-style":"unboxed","ast-global-header-display":"","ast-banner-title-visibility":"","ast-main-header-display":"","ast-hfb-above-header-display":"","ast-hfb-below-header-display":"","ast-hfb-mobile-header-display":"","site-post-title":"disabled","ast-breadcrumbs-content":"","ast-featured-img":"disabled","footer-sml-layout":"","ast-disable-related-posts":"","theme-transparent-header-meta":"enabled","adv-header-id-meta":"","stick-header-meta":"","header-above-stick-meta":"","header-main-stick-meta":"","header-below-stick-meta":"","astra-migrate-meta-layouts":"set","ast-page-background-enabled":"default","ast-page-background-meta":{"desktop":{"background-color":"","background-image":"","background-repeat":"repeat","background-position":"center center","background-size":"auto","background-attachment":"scroll","background-type":"","background-media":"","overlay-type":"","overlay-color":"","overlay-opacity":"","overlay-gradient":""},"tablet":{"background-color":"","background-image":"","background-repeat":"repeat","background-position":"center center","background-size":"auto","background-attachment":"scroll","background-type":"","background-media":"","overlay-type":"","overlay-color":"","overlay-opacity":"","overlay-gradient":""},"mobile":{"background-color":"","background-image":"","background-repeat":"repeat","background-position":"center center","background-size":"auto","background-attachment":"scroll","background-type":"","background-media":"","overlay-type":"","overlay-color":"","overlay-opacity":"","overlay-gradient":""}},"ast-content-background-meta":{"desktop":{"background-color":"var(--ast-global-color-5)","background-image":"","background-repeat":"repeat","background-position":"center center","background-size":"auto","background-attachment":"scroll","background-type":"","background-media":"","overlay-type":"","overlay-color":"","overlay-opacity":"","overlay-gradient":""},"tablet":{"background-color":"var(--ast-global-color-5)","background-image":"","background-repeat":"repeat","background-position":"center center","background-size":"auto","background-attachment":"scroll","background-type":"","background-media":"","overlay-type":"","overlay-color":"","overlay-opacity":"","overlay-gradient":""},"mobile":{"background-color":"var(--ast-global-color-5)","background-image":"","background-repeat":"repeat","background-position":"center center","background-size":"auto","background-attachment":"scroll","background-type":"","background-media":"","overlay-type":"","overlay-color":"","overlay-opacity":"","overlay-gradient":""}},"footnotes":""},"class_list":["post-1083","page","type-page","status-publish","hentry"],"yoast_head":"<!-- This site is optimized with the Yoast SEO Premium plugin v24.7 (Yoast SEO v27.3) - https:\/\/yoast.com\/product\/yoast-seo-premium-wordpress\/ -->\n<title>About Us | Comprehensive Liquor<\/title>\n<meta name=\"description\" content=\"About Us All About Comprehensive Liquor Store Thanks so much for visiting our online store. Our team is excited to provide you with an impeccable online\" \/>\n<meta name=\"robots\" content=\"index, follow, max-snippet:-1, max-image-preview:large, max-video-preview:-1\" \/>\n<link rel=\"canonical\" href=\"https:\/\/comprehensiveliquor.com\/pt\/about-us\/\" \/>\n<meta property=\"og:locale\" content=\"pt_PT\" \/>\n<meta property=\"og:type\" content=\"article\" \/>\n<meta property=\"og:title\" content=\"About Us\" \/>\n<meta property=\"og:description\" content=\"About Us All About Comprehensive Liquor Store Thanks so much for visiting our online store. Our team is excited to provide you with an impeccable online\" \/>\n<meta property=\"og:url\" content=\"https:\/\/comprehensiveliquor.com\/pt\/about-us\/\" \/>\n<meta property=\"og:site_name\" content=\"Comprehensive Liquor\" \/>\n<meta property=\"article:modified_time\" content=\"2023-10-04T17:38:20+00:00\" \/>\n<meta property=\"og:image\" content=\"https:\/\/comprehensiveliquor.com\/wp-content\/uploads\/2022\/10\/image_2022-10-16_102045555-e1681479602179.png\" \/>\n\t<meta property=\"og:image:width\" content=\"1000\" \/>\n\t<meta property=\"og:image:height\" content=\"1000\" \/>\n\t<meta property=\"og:image:type\" content=\"image\/png\" \/>\n<meta name=\"twitter:card\" content=\"summary_large_image\" \/>\n<meta name=\"twitter:label1\" content=\"Tempo estimado de leitura\" \/>\n\t<meta name=\"twitter:data1\" content=\"3 minutos\" \/>\n<script type=\"application\/ld+json\" class=\"yoast-schema-graph\">{\"@context\":\"https:\\\/\\\/schema.org\",\"@graph\":[{\"@type\":\"WebPage\",\"@id\":\"https:\\\/\\\/comprehensiveliquor.com\\\/about-us\\\/\",\"url\":\"https:\\\/\\\/comprehensiveliquor.com\\\/about-us\\\/\",\"name\":\"About Us | Comprehensive Liquor\",\"isPartOf\":{\"@id\":\"https:\\\/\\\/comprehensiveliquor.com\\\/#website\"},\"primaryImageOfPage\":{\"@id\":\"https:\\\/\\\/comprehensiveliquor.com\\\/about-us\\\/#primaryimage\"},\"image\":{\"@id\":\"https:\\\/\\\/comprehensiveliquor.com\\\/about-us\\\/#primaryimage\"},\"thumbnailUrl\":\"https:\\\/\\\/comprehensiveliquor.com\\\/wp-content\\\/uploads\\\/2022\\\/10\\\/image_2022-10-16_102045555-e1681479602179-300x300.png\",\"datePublished\":\"2019-01-23T06:31:31+00:00\",\"dateModified\":\"2023-10-04T17:38:20+00:00\",\"description\":\"About Us All About Comprehensive Liquor Store Thanks so much for visiting our online store. Our team is excited to provide you with an impeccable online\",\"breadcrumb\":{\"@id\":\"https:\\\/\\\/comprehensiveliquor.com\\\/about-us\\\/#breadcrumb\"},\"inLanguage\":\"pt-PT\",\"potentialAction\":[{\"@type\":\"ReadAction\",\"target\":[\"https:\\\/\\\/comprehensiveliquor.com\\\/about-us\\\/\"]}]},{\"@type\":\"ImageObject\",\"inLanguage\":\"pt-PT\",\"@id\":\"https:\\\/\\\/comprehensiveliquor.com\\\/about-us\\\/#primaryimage\",\"url\":\"https:\\\/\\\/comprehensiveliquor.com\\\/wp-content\\\/uploads\\\/2022\\\/10\\\/image_2022-10-16_102045555-e1681479602179-300x300.png\",\"contentUrl\":\"https:\\\/\\\/comprehensiveliquor.com\\\/wp-content\\\/uploads\\\/2022\\\/10\\\/image_2022-10-16_102045555-e1681479602179-300x300.png\"},{\"@type\":\"BreadcrumbList\",\"@id\":\"https:\\\/\\\/comprehensiveliquor.com\\\/about-us\\\/#breadcrumb\",\"itemListElement\":[{\"@type\":\"ListItem\",\"position\":1,\"name\":\"Home\",\"item\":\"https:\\\/\\\/comprehensiveliquor.com\\\/\"},{\"@type\":\"ListItem\",\"position\":2,\"name\":\"About Us\"}]},{\"@type\":\"WebSite\",\"@id\":\"https:\\\/\\\/comprehensiveliquor.com\\\/#website\",\"url\":\"https:\\\/\\\/comprehensiveliquor.com\\\/\",\"name\":\"Comprehensive Liquor\",\"description\":\"Best Liquor Store\",\"publisher\":{\"@id\":\"https:\\\/\\\/comprehensiveliquor.com\\\/#organization\"},\"alternateName\":\"Comprehensive Liquor Store\",\"potentialAction\":[{\"@type\":\"SearchAction\",\"target\":{\"@type\":\"EntryPoint\",\"urlTemplate\":\"https:\\\/\\\/comprehensiveliquor.com\\\/?s={search_term_string}\"},\"query-input\":{\"@type\":\"PropertyValueSpecification\",\"valueRequired\":true,\"valueName\":\"search_term_string\"}}],\"inLanguage\":\"pt-PT\"},{\"@type\":\"Organization\",\"@id\":\"https:\\\/\\\/comprehensiveliquor.com\\\/#organization\",\"name\":\"Comprehensive Liquor\",\"alternateName\":\"Comprehensive Liquor Store\",\"url\":\"https:\\\/\\\/comprehensiveliquor.com\\\/\",\"logo\":{\"@type\":\"ImageObject\",\"inLanguage\":\"pt-PT\",\"@id\":\"https:\\\/\\\/comprehensiveliquor.com\\\/#\\\/schema\\\/logo\\\/image\\\/\",\"url\":\"https:\\\/\\\/comprehensiveliquor.com\\\/wp-content\\\/uploads\\\/2024\\\/03\\\/cropped-image_2024-03-26_131408877.png\",\"contentUrl\":\"https:\\\/\\\/comprehensiveliquor.com\\\/wp-content\\\/uploads\\\/2024\\\/03\\\/cropped-image_2024-03-26_131408877.png\",\"width\":378,\"height\":263,\"caption\":\"Comprehensive Liquor\"},\"image\":{\"@id\":\"https:\\\/\\\/comprehensiveliquor.com\\\/#\\\/schema\\\/logo\\\/image\\\/\"}}]}<\/script>\n<!-- \/ Yoast SEO Premium plugin. -->","yoast_head_json":{"title":"About Us | Comprehensive Liquor","description":"About Us All About Comprehensive Liquor Store Thanks so much for visiting our online store. Our team is excited to provide you with an impeccable online","robots":{"index":"index","follow":"follow","max-snippet":"max-snippet:-1","max-image-preview":"max-image-preview:large","max-video-preview":"max-video-preview:-1"},"canonical":"https:\/\/comprehensiveliquor.com\/pt\/about-us\/","og_locale":"pt_PT","og_type":"article","og_title":"About Us","og_description":"About Us All About Comprehensive Liquor Store Thanks so much for visiting our online store. Our team is excited to provide you with an impeccable online","og_url":"https:\/\/comprehensiveliquor.com\/pt\/about-us\/","og_site_name":"Comprehensive Liquor","article_modified_time":"2023-10-04T17:38:20+00:00","og_image":[{"width":1000,"height":1000,"url":"https:\/\/comprehensiveliquor.com\/wp-content\/uploads\/2022\/10\/image_2022-10-16_102045555-e1681479602179.png","type":"image\/png"}],"twitter_card":"summary_large_image","twitter_misc":{"Tempo estimado de leitura":"3 minutos"},"schema":{"@context":"https:\/\/schema.org","@graph":[{"@type":"WebPage","@id":"https:\/\/comprehensiveliquor.com\/about-us\/","url":"https:\/\/comprehensiveliquor.com\/about-us\/","name":"About Us | Comprehensive Liquor","isPartOf":{"@id":"https:\/\/comprehensiveliquor.com\/#website"},"primaryImageOfPage":{"@id":"https:\/\/comprehensiveliquor.com\/about-us\/#primaryimage"},"image":{"@id":"https:\/\/comprehensiveliquor.com\/about-us\/#primaryimage"},"thumbnailUrl":"https:\/\/comprehensiveliquor.com\/wp-content\/uploads\/2022\/10\/image_2022-10-16_102045555-e1681479602179-300x300.png","datePublished":"2019-01-23T06:31:31+00:00","dateModified":"2023-10-04T17:38:20+00:00","description":"About Us All About Comprehensive Liquor Store Thanks so much for visiting our online store. Our team is excited to provide you with an impeccable online","breadcrumb":{"@id":"https:\/\/comprehensiveliquor.com\/about-us\/#breadcrumb"},"inLanguage":"pt-PT","potentialAction":[{"@type":"ReadAction","target":["https:\/\/comprehensiveliquor.com\/about-us\/"]}]},{"@type":"ImageObject","inLanguage":"pt-PT","@id":"https:\/\/comprehensiveliquor.com\/about-us\/#primaryimage","url":"https:\/\/comprehensiveliquor.com\/wp-content\/uploads\/2022\/10\/image_2022-10-16_102045555-e1681479602179-300x300.png","contentUrl":"https:\/\/comprehensiveliquor.com\/wp-content\/uploads\/2022\/10\/image_2022-10-16_102045555-e1681479602179-300x300.png"},{"@type":"BreadcrumbList","@id":"https:\/\/comprehensiveliquor.com\/about-us\/#breadcrumb","itemListElement":[{"@type":"ListItem","position":1,"name":"Home","item":"https:\/\/comprehensiveliquor.com\/"},{"@type":"ListItem","position":2,"name":"About Us"}]},{"@type":"WebSite","@id":"https:\/\/comprehensiveliquor.com\/#website","url":"https:\/\/comprehensiveliquor.com\/","name":"Bebidas alco\u00f3licas abrangentes","description":"Best Liquor Store","publisher":{"@id":"https:\/\/comprehensiveliquor.com\/#organization"},"alternateName":"Comprehensive Liquor Store","potentialAction":[{"@type":"SearchAction","target":{"@type":"EntryPoint","urlTemplate":"https:\/\/comprehensiveliquor.com\/?s={search_term_string}"},"query-input":{"@type":"PropertyValueSpecification","valueRequired":true,"valueName":"search_term_string"}}],"inLanguage":"pt-PT"},{"@type":"Organization","@id":"https:\/\/comprehensiveliquor.com\/#organization","name":"Bebidas alco\u00f3licas abrangentes","alternateName":"Comprehensive Liquor Store","url":"https:\/\/comprehensiveliquor.com\/","logo":{"@type":"ImageObject","inLanguage":"pt-PT","@id":"https:\/\/comprehensiveliquor.com\/#\/schema\/logo\/image\/","url":"https:\/\/comprehensiveliquor.com\/wp-content\/uploads\/2024\/03\/cropped-image_2024-03-26_131408877.png","contentUrl":"https:\/\/comprehensiveliquor.com\/wp-content\/uploads\/2024\/03\/cropped-image_2024-03-26_131408877.png","width":378,"height":263,"caption":"Comprehensive Liquor"},"image":{"@id":"https:\/\/comprehensiveliquor.com\/#\/schema\/logo\/image\/"}}]}},"_links":{"self":[{"href":"https:\/\/comprehensiveliquor.com\/pt\/wp-json\/wp\/v2\/pages\/1083","targetHints":{"allow":["GET"]}}],"collection":[{"href":"https:\/\/comprehensiveliquor.com\/pt\/wp-json\/wp\/v2\/pages"}],"about":[{"href":"https:\/\/comprehensiveliquor.com\/pt\/wp-json\/wp\/v2\/types\/page"}],"author":[{"embeddable":true,"href":"https:\/\/comprehensiveliquor.com\/pt\/wp-json\/wp\/v2\/users\/1"}],"replies":[{"embeddable":true,"href":"https:\/\/comprehensiveliquor.com\/pt\/wp-json\/wp\/v2\/comments?post=1083"}],"version-history":[{"count":0,"href":"https:\/\/comprehensiveliquor.com\/pt\/wp-json\/wp\/v2\/pages\/1083\/revisions"}],"wp:attachment":[{"href":"https:\/\/comprehensiveliquor.com\/pt\/wp-json\/wp\/v2\/media?parent=1083"}],"curies":[{"name":"wp","href":"https:\/\/api.w.org\/{rel}","templated":true}]}}