{"id":2824,"date":"2022-10-22T21:12:20","date_gmt":"2022-10-22T21:12:20","guid":{"rendered":"https:\/\/comprehensiveliquor.com\/?post_type=product&#038;p=2824"},"modified":"2025-11-13T14:28:43","modified_gmt":"2025-11-13T14:28:43","slug":"johnnie-walker-king-george-v-edicao-limitada-70cl","status":"publish","type":"product","link":"https:\/\/comprehensiveliquor.com\/pt\/product\/johnnie-walker-king-george-v-edicao-limitada-70cl\/","title":{"rendered":"Johnnie Walker King George V Edi\u00e7\u00e3o Limitada (70cl)"},"content":{"rendered":"<h2 class=\"product-single__title\" style=\"color: #252525;\">Johnnie Walker King George V Edi\u00e7\u00e3o Limitada Ano Novo Lunar<\/h2>\n<p style=\"color: #252525;\">Johnnie Walker King George V, uma edi\u00e7\u00e3o limitada decorada com um design especial em comemora\u00e7\u00e3o ao Ano Novo Lunar. Esta edi\u00e7\u00e3o comemorativa foi lan\u00e7ada no final de 2020, antecipando o Ano Novo Lunar Chin\u00eas em fevereiro de 2021, que marcou o Ano do Boi na astrologia chinesa.<\/p>\n<p style=\"color: #252525;\">O Johnnie Walker King George V Limited Edition Ano Novo Lunar \u00e9 decorado com padr\u00f5es e desenhos tradicionais chineses, mas, mais importante ainda, diz-se que a pr\u00f3pria mistura cont\u00e9m uma boa propor\u00e7\u00e3o de Port Ellen em seu alto teor de malte.<\/p>\n<p>&nbsp;<\/p>\n<h3><strong>Notas de degusta\u00e7\u00e3o oficiais<\/strong><\/h3>\n<p><strong>Nariz:\u00a0<\/strong>Aromas doces e defumados de Port Ellen te recebem. Em seguida, surgem notas de laranja, passas, figos e canela.<\/p>\n<p><strong>Palato<\/strong>Especiarias abundantes e frutas secas dos whiskies de Speyside e das Highlands s\u00e3o perfeitamente equilibradas com baunilha. Elas revelam camadas de frutas doces, chocolate amargo, caramelo e nozes torradas.<\/p>\n<p><strong>Terminar<\/strong>Port Ellen oferece um toque defumado costeiro que ganha intensidade ao longo do final prolongado.<\/p>\n<p>&nbsp;<\/p>\n<h4>Atributos<\/h4>\n<table>\n<tbody>\n<tr>\n<td><b>Ctegory<\/b><\/td>\n<td><a title=\"Scotch Whiskey\" href=\"https:\/\/comprehensiveliquor.com\/pt\/product-category\/scotch-whisky\/\" target=\"_blank\" rel=\"noopener\">Scotch Whiskey<\/a><\/td>\n<\/tr>\n<tr>\n<td><strong>Marca<\/strong><\/td>\n<td><a title=\"Johnnie Walker\" href=\"https:\/\/www.johnniewalker.com\/en\/\" target=\"_blank\" rel=\"noopener\">Johnnie Walker<\/a><\/td>\n<\/tr>\n<tr>\n<td><strong>Country<\/strong><\/td>\n<td>Scotland<\/td>\n<\/tr>\n<tr>\n<td><strong>Edi\u00e7\u00e3o Limitada<\/strong><\/td>\n<td>Yes<\/td>\n<\/tr>\n<tr>\n<td><strong>Bottle Size<\/strong><\/td>\n<td>70cl<\/td>\n<\/tr>\n<tr>\n<td><strong>ABV<\/strong><\/td>\n<td>43%<\/td>\n<\/tr>\n<\/tbody>\n<\/table>","protected":false},"excerpt":{"rendered":"<p>The Johnnie Walker King George V Limited Edition Lunar New Year Johnnie Walker King George V, A limited edition It is decorated with a special design celebrating the Lunar New Year. This celebratory edition was launched at the end of 2020 in anticipation of the Chinese Lunar New Year in February 2021, which heralded the [&hellip;]<\/p>\n","protected":false},"featured_media":2825,"comment_status":"open","ping_status":"closed","template":"","meta":{"site-sidebar-layout":"default","site-content-layout":"default","ast-site-content-layout":"default","site-content-style":"default","site-sidebar-style":"default","ast-global-header-display":"","ast-banner-title-visibility":"","ast-main-header-display":"","ast-hfb-above-header-display":"","ast-hfb-below-header-display":"","ast-hfb-mobile-header-display":"","site-post-title":"","ast-breadcrumbs-content":"","ast-featured-img":"","footer-sml-layout":"","ast-disable-related-posts":"","theme-transparent-header-meta":"default","adv-header-id-meta":"","stick-header-meta":"","header-above-stick-meta":"","header-main-stick-meta":"","header-below-stick-meta":"","astra-migrate-meta-layouts":"set","ast-page-background-enabled":"default","ast-page-background-meta":{"desktop":{"background-color":"","background-image":"","background-repeat":"repeat","background-position":"center center","background-size":"auto","background-attachment":"scroll","background-type":"","background-media":"","overlay-type":"","overlay-color":"","overlay-opacity":"","overlay-gradient":""},"tablet":{"background-color":"","background-image":"","background-repeat":"repeat","background-position":"center center","background-size":"auto","background-attachment":"scroll","background-type":"","background-media":"","overlay-type":"","overlay-color":"","overlay-opacity":"","overlay-gradient":""},"mobile":{"background-color":"","background-image":"","background-repeat":"repeat","background-position":"center center","background-size":"auto","background-attachment":"scroll","background-type":"","background-media":"","overlay-type":"","overlay-color":"","overlay-opacity":"","overlay-gradient":""}},"ast-content-background-meta":{"desktop":{"background-color":"var(--ast-global-color-5)","background-image":"","background-repeat":"repeat","background-position":"center center","background-size":"auto","background-attachment":"scroll","background-type":"","background-media":"","overlay-type":"","overlay-color":"","overlay-opacity":"","overlay-gradient":""},"tablet":{"background-color":"var(--ast-global-color-5)","background-image":"","background-repeat":"repeat","background-position":"center center","background-size":"auto","background-attachment":"scroll","background-type":"","background-media":"","overlay-type":"","overlay-color":"","overlay-opacity":"","overlay-gradient":""},"mobile":{"background-color":"var(--ast-global-color-5)","background-image":"","background-repeat":"repeat","background-position":"center center","background-size":"auto","background-attachment":"scroll","background-type":"","background-media":"","overlay-type":"","overlay-color":"","overlay-opacity":"","overlay-gradient":""}}},"product_brand":[],"product_cat":[28,39,46],"product_tag":[104,106],"class_list":{"0":"post-2824","1":"product","2":"type-product","3":"status-publish","4":"has-post-thumbnail","6":"product_cat-blended-whisky","7":"product_cat-scotch-whisky","8":"product_cat-whisky","9":"product_tag-buy-scotch-whisky-online","10":"product_tag-johnnie-walker-whiskey","11":"desktop-align-center","12":"tablet-align-left","13":"mobile-align-left","15":"first","16":"instock","17":"shipping-taxable","18":"purchasable","19":"product-type-simple"},"yoast_head":"<!-- This site is optimized with the Yoast SEO Premium plugin v24.7 (Yoast SEO v27.4) - https:\/\/yoast.com\/product\/yoast-seo-premium-wordpress\/ -->\n<title>Johnnie Walker King George V | 70cl Limited Edition | Buy<\/title>\n<meta name=\"description\" content=\"Buy Johnnie Walker King George V Limited Edition 70cl. Ultra-premium blended Scotch whisky. Rare royal warrant blend. Collector&#039;s bottle. Order now.\" \/>\n<meta name=\"robots\" content=\"index, follow, max-snippet:-1, max-image-preview:large, max-video-preview:-1\" \/>\n<link rel=\"canonical\" href=\"https:\/\/comprehensiveliquor.com\/pt\/product\/johnnie-walker-king-george-v-edicao-limitada-70cl\/\" \/>\n<meta property=\"og:locale\" content=\"pt_PT\" \/>\n<meta property=\"og:type\" content=\"article\" \/>\n<meta property=\"og:title\" content=\"Johnnie Walker King George V Limited Edition (70cl)\" \/>\n<meta property=\"og:description\" content=\"Buy Johnnie Walker King George V Limited Edition 70cl. Ultra-premium blended Scotch whisky. Rare royal warrant blend. Collector&#039;s bottle. Order now.\" \/>\n<meta property=\"og:url\" content=\"https:\/\/comprehensiveliquor.com\/pt\/product\/johnnie-walker-king-george-v-edicao-limitada-70cl\/\" \/>\n<meta property=\"og:site_name\" content=\"Comprehensive Liquor\" \/>\n<meta property=\"article:modified_time\" content=\"2025-11-13T14:28:43+00:00\" \/>\n<meta property=\"og:image\" content=\"https:\/\/comprehensiveliquor.com\/wp-content\/uploads\/2022\/10\/image_2022-10-22_220713894.png\" \/>\n\t<meta property=\"og:image:width\" content=\"480\" \/>\n\t<meta property=\"og:image:height\" content=\"496\" \/>\n\t<meta property=\"og:image:type\" content=\"image\/png\" \/>\n<meta name=\"twitter:card\" content=\"summary_large_image\" \/>\n<meta name=\"twitter:label1\" content=\"Tempo estimado de leitura\" \/>\n\t<meta name=\"twitter:data1\" content=\"2 minutos\" \/>\n<script type=\"application\/ld+json\" class=\"yoast-schema-graph\">{\"@context\":\"https:\\\/\\\/schema.org\",\"@graph\":[{\"@type\":\"WebPage\",\"@id\":\"https:\\\/\\\/comprehensiveliquor.com\\\/product\\\/johnnie-walker-king-george-v-limited-edition-70cl\\\/\",\"url\":\"https:\\\/\\\/comprehensiveliquor.com\\\/product\\\/johnnie-walker-king-george-v-limited-edition-70cl\\\/\",\"name\":\"Johnnie Walker King George V | 70cl Limited Edition | Buy\",\"isPartOf\":{\"@id\":\"https:\\\/\\\/comprehensiveliquor.com\\\/#website\"},\"primaryImageOfPage\":{\"@id\":\"https:\\\/\\\/comprehensiveliquor.com\\\/product\\\/johnnie-walker-king-george-v-limited-edition-70cl\\\/#primaryimage\"},\"image\":{\"@id\":\"https:\\\/\\\/comprehensiveliquor.com\\\/product\\\/johnnie-walker-king-george-v-limited-edition-70cl\\\/#primaryimage\"},\"thumbnailUrl\":\"https:\\\/\\\/comprehensiveliquor.com\\\/wp-content\\\/uploads\\\/2022\\\/10\\\/image_2022-10-22_220713894.png\",\"datePublished\":\"2022-10-22T21:12:20+00:00\",\"dateModified\":\"2025-11-13T14:28:43+00:00\",\"description\":\"Buy Johnnie Walker King George V Limited Edition 70cl. Ultra-premium blended Scotch whisky. Rare royal warrant blend. Collector's bottle. Order now.\",\"breadcrumb\":{\"@id\":\"https:\\\/\\\/comprehensiveliquor.com\\\/product\\\/johnnie-walker-king-george-v-limited-edition-70cl\\\/#breadcrumb\"},\"inLanguage\":\"pt-PT\",\"potentialAction\":[{\"@type\":\"ReadAction\",\"target\":[\"https:\\\/\\\/comprehensiveliquor.com\\\/product\\\/johnnie-walker-king-george-v-limited-edition-70cl\\\/\"]}]},{\"@type\":\"ImageObject\",\"inLanguage\":\"pt-PT\",\"@id\":\"https:\\\/\\\/comprehensiveliquor.com\\\/product\\\/johnnie-walker-king-george-v-limited-edition-70cl\\\/#primaryimage\",\"url\":\"https:\\\/\\\/comprehensiveliquor.com\\\/wp-content\\\/uploads\\\/2022\\\/10\\\/image_2022-10-22_220713894.png\",\"contentUrl\":\"https:\\\/\\\/comprehensiveliquor.com\\\/wp-content\\\/uploads\\\/2022\\\/10\\\/image_2022-10-22_220713894.png\",\"width\":480,\"height\":496,\"caption\":\"Johnnie Walker King\"},{\"@type\":\"BreadcrumbList\",\"@id\":\"https:\\\/\\\/comprehensiveliquor.com\\\/product\\\/johnnie-walker-king-george-v-limited-edition-70cl\\\/#breadcrumb\",\"itemListElement\":[{\"@type\":\"ListItem\",\"position\":1,\"name\":\"Home\",\"item\":\"https:\\\/\\\/comprehensiveliquor.com\\\/\"},{\"@type\":\"ListItem\",\"position\":2,\"name\":\"Shop\",\"item\":\"https:\\\/\\\/comprehensiveliquor.com\\\/shop\\\/\"},{\"@type\":\"ListItem\",\"position\":3,\"name\":\"Johnnie Walker King George V Limited Edition (70cl)\"}]},{\"@type\":\"WebSite\",\"@id\":\"https:\\\/\\\/comprehensiveliquor.com\\\/#website\",\"url\":\"https:\\\/\\\/comprehensiveliquor.com\\\/\",\"name\":\"Comprehensive Liquor\",\"description\":\"Best Liquor Store\",\"publisher\":{\"@id\":\"https:\\\/\\\/comprehensiveliquor.com\\\/#organization\"},\"alternateName\":\"Comprehensive Liquor Store\",\"potentialAction\":[{\"@type\":\"SearchAction\",\"target\":{\"@type\":\"EntryPoint\",\"urlTemplate\":\"https:\\\/\\\/comprehensiveliquor.com\\\/?s={search_term_string}\"},\"query-input\":{\"@type\":\"PropertyValueSpecification\",\"valueRequired\":true,\"valueName\":\"search_term_string\"}}],\"inLanguage\":\"pt-PT\"},{\"@type\":\"Organization\",\"@id\":\"https:\\\/\\\/comprehensiveliquor.com\\\/#organization\",\"name\":\"Comprehensive Liquor\",\"alternateName\":\"Comprehensive Liquor Store\",\"url\":\"https:\\\/\\\/comprehensiveliquor.com\\\/\",\"logo\":{\"@type\":\"ImageObject\",\"inLanguage\":\"pt-PT\",\"@id\":\"https:\\\/\\\/comprehensiveliquor.com\\\/#\\\/schema\\\/logo\\\/image\\\/\",\"url\":\"https:\\\/\\\/comprehensiveliquor.com\\\/wp-content\\\/uploads\\\/2024\\\/03\\\/cropped-image_2024-03-26_131408877.png\",\"contentUrl\":\"https:\\\/\\\/comprehensiveliquor.com\\\/wp-content\\\/uploads\\\/2024\\\/03\\\/cropped-image_2024-03-26_131408877.png\",\"width\":378,\"height\":263,\"caption\":\"Comprehensive Liquor\"},\"image\":{\"@id\":\"https:\\\/\\\/comprehensiveliquor.com\\\/#\\\/schema\\\/logo\\\/image\\\/\"}}]}<\/script>\n<!-- \/ Yoast SEO Premium plugin. -->","yoast_head_json":{"title":"Johnnie Walker King George V | Edi\u00e7\u00e3o Limitada 70cl | Compre","description":"Compre Johnnie Walker King George V Edi\u00e7\u00e3o Limitada 70cl. Whisky escoc\u00eas blended ultra-premium. Raro blend com selo real. Garrafa de colecionador. Encomende j\u00e1.","robots":{"index":"index","follow":"follow","max-snippet":"max-snippet:-1","max-image-preview":"max-image-preview:large","max-video-preview":"max-video-preview:-1"},"canonical":"https:\/\/comprehensiveliquor.com\/pt\/product\/johnnie-walker-king-george-v-edicao-limitada-70cl\/","og_locale":"pt_PT","og_type":"article","og_title":"Johnnie Walker King George V Limited Edition (70cl)","og_description":"Buy Johnnie Walker King George V Limited Edition 70cl. Ultra-premium blended Scotch whisky. Rare royal warrant blend. Collector's bottle. Order now.","og_url":"https:\/\/comprehensiveliquor.com\/pt\/product\/johnnie-walker-king-george-v-edicao-limitada-70cl\/","og_site_name":"Comprehensive Liquor","article_modified_time":"2025-11-13T14:28:43+00:00","og_image":[{"width":480,"height":496,"url":"https:\/\/comprehensiveliquor.com\/wp-content\/uploads\/2022\/10\/image_2022-10-22_220713894.png","type":"image\/png"}],"twitter_card":"summary_large_image","twitter_misc":{"Tempo estimado de leitura":"2 minutos"},"schema":{"@context":"https:\/\/schema.org","@graph":[{"@type":"WebPage","@id":"https:\/\/comprehensiveliquor.com\/product\/johnnie-walker-king-george-v-limited-edition-70cl\/","url":"https:\/\/comprehensiveliquor.com\/product\/johnnie-walker-king-george-v-limited-edition-70cl\/","name":"Johnnie Walker King George V | Edi\u00e7\u00e3o Limitada 70cl | Compre","isPartOf":{"@id":"https:\/\/comprehensiveliquor.com\/#website"},"primaryImageOfPage":{"@id":"https:\/\/comprehensiveliquor.com\/product\/johnnie-walker-king-george-v-limited-edition-70cl\/#primaryimage"},"image":{"@id":"https:\/\/comprehensiveliquor.com\/product\/johnnie-walker-king-george-v-limited-edition-70cl\/#primaryimage"},"thumbnailUrl":"https:\/\/comprehensiveliquor.com\/wp-content\/uploads\/2022\/10\/image_2022-10-22_220713894.png","datePublished":"2022-10-22T21:12:20+00:00","dateModified":"2025-11-13T14:28:43+00:00","description":"Compre Johnnie Walker King George V Edi\u00e7\u00e3o Limitada 70cl. Whisky escoc\u00eas blended ultra-premium. Raro blend com selo real. Garrafa de colecionador. Encomende j\u00e1.","breadcrumb":{"@id":"https:\/\/comprehensiveliquor.com\/product\/johnnie-walker-king-george-v-limited-edition-70cl\/#breadcrumb"},"inLanguage":"pt-PT","potentialAction":[{"@type":"ReadAction","target":["https:\/\/comprehensiveliquor.com\/product\/johnnie-walker-king-george-v-limited-edition-70cl\/"]}]},{"@type":"ImageObject","inLanguage":"pt-PT","@id":"https:\/\/comprehensiveliquor.com\/product\/johnnie-walker-king-george-v-limited-edition-70cl\/#primaryimage","url":"https:\/\/comprehensiveliquor.com\/wp-content\/uploads\/2022\/10\/image_2022-10-22_220713894.png","contentUrl":"https:\/\/comprehensiveliquor.com\/wp-content\/uploads\/2022\/10\/image_2022-10-22_220713894.png","width":480,"height":496,"caption":"Johnnie Walker King"},{"@type":"BreadcrumbList","@id":"https:\/\/comprehensiveliquor.com\/product\/johnnie-walker-king-george-v-limited-edition-70cl\/#breadcrumb","itemListElement":[{"@type":"ListItem","position":1,"name":"Home","item":"https:\/\/comprehensiveliquor.com\/"},{"@type":"ListItem","position":2,"name":"Shop","item":"https:\/\/comprehensiveliquor.com\/shop\/"},{"@type":"ListItem","position":3,"name":"Johnnie Walker King George V Limited Edition (70cl)"}]},{"@type":"WebSite","@id":"https:\/\/comprehensiveliquor.com\/#website","url":"https:\/\/comprehensiveliquor.com\/","name":"Bebidas alco\u00f3licas abrangentes","description":"Best Liquor Store","publisher":{"@id":"https:\/\/comprehensiveliquor.com\/#organization"},"alternateName":"Comprehensive Liquor Store","potentialAction":[{"@type":"SearchAction","target":{"@type":"EntryPoint","urlTemplate":"https:\/\/comprehensiveliquor.com\/?s={search_term_string}"},"query-input":{"@type":"PropertyValueSpecification","valueRequired":true,"valueName":"search_term_string"}}],"inLanguage":"pt-PT"},{"@type":"Organization","@id":"https:\/\/comprehensiveliquor.com\/#organization","name":"Bebidas alco\u00f3licas abrangentes","alternateName":"Comprehensive Liquor Store","url":"https:\/\/comprehensiveliquor.com\/","logo":{"@type":"ImageObject","inLanguage":"pt-PT","@id":"https:\/\/comprehensiveliquor.com\/#\/schema\/logo\/image\/","url":"https:\/\/comprehensiveliquor.com\/wp-content\/uploads\/2024\/03\/cropped-image_2024-03-26_131408877.png","contentUrl":"https:\/\/comprehensiveliquor.com\/wp-content\/uploads\/2024\/03\/cropped-image_2024-03-26_131408877.png","width":378,"height":263,"caption":"Comprehensive Liquor"},"image":{"@id":"https:\/\/comprehensiveliquor.com\/#\/schema\/logo\/image\/"}}]}},"_links":{"self":[{"href":"https:\/\/comprehensiveliquor.com\/pt\/wp-json\/wp\/v2\/product\/2824","targetHints":{"allow":["GET"]}}],"collection":[{"href":"https:\/\/comprehensiveliquor.com\/pt\/wp-json\/wp\/v2\/product"}],"about":[{"href":"https:\/\/comprehensiveliquor.com\/pt\/wp-json\/wp\/v2\/types\/product"}],"replies":[{"embeddable":true,"href":"https:\/\/comprehensiveliquor.com\/pt\/wp-json\/wp\/v2\/comments?post=2824"}],"wp:featuredmedia":[{"embeddable":true,"href":"https:\/\/comprehensiveliquor.com\/pt\/wp-json\/wp\/v2\/media\/2825"}],"wp:attachment":[{"href":"https:\/\/comprehensiveliquor.com\/pt\/wp-json\/wp\/v2\/media?parent=2824"}],"wp:term":[{"taxonomy":"product_brand","embeddable":true,"href":"https:\/\/comprehensiveliquor.com\/pt\/wp-json\/wp\/v2\/product_brand?post=2824"},{"taxonomy":"product_cat","embeddable":true,"href":"https:\/\/comprehensiveliquor.com\/pt\/wp-json\/wp\/v2\/product_cat?post=2824"},{"taxonomy":"product_tag","embeddable":true,"href":"https:\/\/comprehensiveliquor.com\/pt\/wp-json\/wp\/v2\/product_tag?post=2824"}],"curies":[{"name":"wp","href":"https:\/\/api.w.org\/{rel}","templated":true}]}}