{"id":3154,"date":"2023-01-09T22:43:08","date_gmt":"2023-01-09T22:43:08","guid":{"rendered":"https:\/\/comprehensiveliquor.com\/?post_type=product&#038;p=3154"},"modified":"2025-11-14T11:34:29","modified_gmt":"2025-11-14T11:34:29","slug":"yamazaki-edicao-limitada-2022","status":"publish","type":"product","link":"https:\/\/comprehensiveliquor.com\/pt\/product\/yamazaki-edicao-limitada-2022\/","title":{"rendered":"Yamazaki Limited Edition 2022"},"content":{"rendered":"<h2>Yamazaki Edi\u00e7\u00e3o Limitada 2022 70cl<\/h2>\n<p>Yamazaki Edi\u00e7\u00e3o Limitada 2022 Apresentamos o lan\u00e7amento de 2022 do aclamado whisky Yamazaki, da Suntory, em edi\u00e7\u00e3o limitada. Ele foi elaborado a partir da combina\u00e7\u00e3o de uma sele\u00e7\u00e3o de maltes, cada um envelhecido por doze anos ou mais em barris novos de carvalho Quercus crispula. Esta edi\u00e7\u00e3o limitada de 2022 foi envelhecida em barris novos de carvalho Mizunara.<\/p>\n<p>O whisky Yamazaki 2022, edi\u00e7\u00e3o limitada, destaca-se pela utiliza\u00e7\u00e3o de madeira Mizunara de alta qualidade no processo de matura\u00e7\u00e3o, resultando numa express\u00e3o cremosa e arom\u00e1tica que proporciona uma experi\u00eancia de sabor vibrante e frutada, complementada por uma combina\u00e7\u00e3o \u00fanica e elegante de especiarias.<\/p>\n<p style=\"color: #252525;\">Ent\u00e3o, no ano passado, a Suntory revitalizou a s\u00e9rie com o lan\u00e7amento da Yamazaki Limited Edition 2021, trazendo de volta os bons tempos finalmente.<\/p>\n<p style=\"color: #252525;\">Agora, eles est\u00e3o prontos para dar continuidade ao sucesso com o lan\u00e7amento da Edi\u00e7\u00e3o Limitada Yamazaki 2022.<\/p>\n<p>&nbsp;<\/p>\n<h5>Atributos<\/h5>\n<table>\n<tbody>\n<tr>\n<td><b>Categoria<\/b><\/td>\n<td><a href=\"https:\/\/comprehensiveliquor.com\/pt\/product-category\/japanese-whisky\/\">Japanese Whiskey<\/a><\/td>\n<\/tr>\n<tr>\n<td><strong>Distillery\/Brand<\/strong><\/td>\n<td><a href=\"https:\/\/en.wikipedia.org\/wiki\/Yamazaki_distillery\">Yamazaki<\/a><\/td>\n<\/tr>\n<tr>\n<td><strong>Whisky<\/strong><\/td>\n<td><a href=\"https:\/\/comprehensiveliquor.com\/pt\/product-category\/single-malt-whisky\/\">Single Malt<\/a><\/td>\n<\/tr>\n<tr>\n<td>Distillery status<\/td>\n<td>Open<\/td>\n<\/tr>\n<tr>\n<td><strong>Region<\/strong><\/td>\n<td>Asian<\/td>\n<\/tr>\n<tr>\n<td><strong>Bottle Size<\/strong><\/td>\n<td>70cl<\/td>\n<\/tr>\n<tr>\n<td><strong>ABV<\/strong><\/td>\n<td>43%<\/td>\n<\/tr>\n<\/tbody>\n<\/table>","protected":false},"excerpt":{"rendered":"<p>Yamazaki Limited Edition 2022 70cl Yamazaki Limited Edition 2022 Here we have the 2022 release of Suntory\u2019s much-loved Yamazaki limited edition whisky. It\u2019s been crafted through the marriage of a range of malts, each aged for twelve years or more in new Quercus crispula barrels. This 2022 limited edition\u00a0has been aged in fresh casks made [&hellip;]<\/p>\n","protected":false},"featured_media":3155,"comment_status":"open","ping_status":"closed","template":"","meta":{"site-sidebar-layout":"default","site-content-layout":"default","ast-site-content-layout":"default","site-content-style":"default","site-sidebar-style":"default","ast-global-header-display":"","ast-banner-title-visibility":"","ast-main-header-display":"","ast-hfb-above-header-display":"","ast-hfb-below-header-display":"","ast-hfb-mobile-header-display":"","site-post-title":"","ast-breadcrumbs-content":"","ast-featured-img":"","footer-sml-layout":"","ast-disable-related-posts":"","theme-transparent-header-meta":"default","adv-header-id-meta":"","stick-header-meta":"","header-above-stick-meta":"","header-main-stick-meta":"","header-below-stick-meta":"","astra-migrate-meta-layouts":"set","ast-page-background-enabled":"default","ast-page-background-meta":{"desktop":{"background-color":"","background-image":"","background-repeat":"repeat","background-position":"center center","background-size":"auto","background-attachment":"scroll","background-type":"","background-media":"","overlay-type":"","overlay-color":"","overlay-opacity":"","overlay-gradient":""},"tablet":{"background-color":"","background-image":"","background-repeat":"repeat","background-position":"center center","background-size":"auto","background-attachment":"scroll","background-type":"","background-media":"","overlay-type":"","overlay-color":"","overlay-opacity":"","overlay-gradient":""},"mobile":{"background-color":"","background-image":"","background-repeat":"repeat","background-position":"center center","background-size":"auto","background-attachment":"scroll","background-type":"","background-media":"","overlay-type":"","overlay-color":"","overlay-opacity":"","overlay-gradient":""}},"ast-content-background-meta":{"desktop":{"background-color":"var(--ast-global-color-5)","background-image":"","background-repeat":"repeat","background-position":"center center","background-size":"auto","background-attachment":"scroll","background-type":"","background-media":"","overlay-type":"","overlay-color":"","overlay-opacity":"","overlay-gradient":""},"tablet":{"background-color":"var(--ast-global-color-5)","background-image":"","background-repeat":"repeat","background-position":"center center","background-size":"auto","background-attachment":"scroll","background-type":"","background-media":"","overlay-type":"","overlay-color":"","overlay-opacity":"","overlay-gradient":""},"mobile":{"background-color":"var(--ast-global-color-5)","background-image":"","background-repeat":"repeat","background-position":"center center","background-size":"auto","background-attachment":"scroll","background-type":"","background-media":"","overlay-type":"","overlay-color":"","overlay-opacity":"","overlay-gradient":""}}},"product_brand":[],"product_cat":[40],"product_tag":[],"class_list":{"0":"post-3154","1":"product","2":"type-product","3":"status-publish","4":"has-post-thumbnail","6":"product_cat-japanese-whisky","7":"desktop-align-center","8":"tablet-align-left","9":"mobile-align-left","11":"first","12":"instock","13":"shipping-taxable","14":"purchasable","15":"product-type-simple"},"yoast_head":"<!-- This site is optimized with the Yoast SEO Premium plugin v24.7 (Yoast SEO v27.5) - https:\/\/yoast.com\/product\/yoast-seo-premium-wordpress\/ -->\n<title>Yamazaki Limited Edition 2022 | Rare Japanese Whisky<\/title>\n<meta name=\"description\" content=\"Shop the Yamazaki Limited Edition 2022, a rare and sought-after Japanese whisky. Limited release, exceptional depth, collector\u2019s choice. Buy now.\" \/>\n<meta name=\"robots\" content=\"index, follow, max-snippet:-1, max-image-preview:large, max-video-preview:-1\" \/>\n<link rel=\"canonical\" href=\"https:\/\/comprehensiveliquor.com\/pt\/product\/yamazaki-edicao-limitada-2022\/\" \/>\n<meta property=\"og:locale\" content=\"pt_PT\" \/>\n<meta property=\"og:type\" content=\"article\" \/>\n<meta property=\"og:title\" content=\"Yamazaki Limited Edition 2022\" \/>\n<meta property=\"og:description\" content=\"Shop the Yamazaki Limited Edition 2022, a rare and sought-after Japanese whisky. Limited release, exceptional depth, collector\u2019s choice. Buy now.\" \/>\n<meta property=\"og:url\" content=\"https:\/\/comprehensiveliquor.com\/pt\/product\/yamazaki-edicao-limitada-2022\/\" \/>\n<meta property=\"og:site_name\" content=\"Comprehensive Liquor\" \/>\n<meta property=\"article:modified_time\" content=\"2025-11-14T11:34:29+00:00\" \/>\n<meta property=\"og:image\" content=\"https:\/\/comprehensiveliquor.com\/wp-content\/uploads\/2023\/01\/image_2023-01-09_232626238.png\" \/>\n\t<meta property=\"og:image:width\" content=\"1000\" \/>\n\t<meta property=\"og:image:height\" content=\"1000\" \/>\n\t<meta property=\"og:image:type\" content=\"image\/png\" \/>\n<meta name=\"twitter:card\" content=\"summary_large_image\" \/>\n<meta name=\"twitter:label1\" content=\"Tempo estimado de leitura\" \/>\n\t<meta name=\"twitter:data1\" content=\"1 minuto\" \/>\n<script type=\"application\/ld+json\" class=\"yoast-schema-graph\">{\"@context\":\"https:\\\/\\\/schema.org\",\"@graph\":[{\"@type\":\"WebPage\",\"@id\":\"https:\\\/\\\/comprehensiveliquor.com\\\/product\\\/yamazaki-limited-edition-2022\\\/\",\"url\":\"https:\\\/\\\/comprehensiveliquor.com\\\/product\\\/yamazaki-limited-edition-2022\\\/\",\"name\":\"Yamazaki Limited Edition 2022 | Rare Japanese Whisky\",\"isPartOf\":{\"@id\":\"https:\\\/\\\/comprehensiveliquor.com\\\/#website\"},\"primaryImageOfPage\":{\"@id\":\"https:\\\/\\\/comprehensiveliquor.com\\\/product\\\/yamazaki-limited-edition-2022\\\/#primaryimage\"},\"image\":{\"@id\":\"https:\\\/\\\/comprehensiveliquor.com\\\/product\\\/yamazaki-limited-edition-2022\\\/#primaryimage\"},\"thumbnailUrl\":\"https:\\\/\\\/comprehensiveliquor.com\\\/wp-content\\\/uploads\\\/2023\\\/01\\\/image_2023-01-09_232626238.png\",\"datePublished\":\"2023-01-09T22:43:08+00:00\",\"dateModified\":\"2025-11-14T11:34:29+00:00\",\"description\":\"Shop the Yamazaki Limited Edition 2022, a rare and sought-after Japanese whisky. Limited release, exceptional depth, collector\u2019s choice. Buy now.\",\"breadcrumb\":{\"@id\":\"https:\\\/\\\/comprehensiveliquor.com\\\/product\\\/yamazaki-limited-edition-2022\\\/#breadcrumb\"},\"inLanguage\":\"pt-PT\",\"potentialAction\":[{\"@type\":\"ReadAction\",\"target\":[\"https:\\\/\\\/comprehensiveliquor.com\\\/product\\\/yamazaki-limited-edition-2022\\\/\"]}]},{\"@type\":\"ImageObject\",\"inLanguage\":\"pt-PT\",\"@id\":\"https:\\\/\\\/comprehensiveliquor.com\\\/product\\\/yamazaki-limited-edition-2022\\\/#primaryimage\",\"url\":\"https:\\\/\\\/comprehensiveliquor.com\\\/wp-content\\\/uploads\\\/2023\\\/01\\\/image_2023-01-09_232626238.png\",\"contentUrl\":\"https:\\\/\\\/comprehensiveliquor.com\\\/wp-content\\\/uploads\\\/2023\\\/01\\\/image_2023-01-09_232626238.png\",\"width\":1000,\"height\":1000,\"caption\":\"Yamazaki Limited Edition 2022 bottle\"},{\"@type\":\"BreadcrumbList\",\"@id\":\"https:\\\/\\\/comprehensiveliquor.com\\\/product\\\/yamazaki-limited-edition-2022\\\/#breadcrumb\",\"itemListElement\":[{\"@type\":\"ListItem\",\"position\":1,\"name\":\"Home\",\"item\":\"https:\\\/\\\/comprehensiveliquor.com\\\/\"},{\"@type\":\"ListItem\",\"position\":2,\"name\":\"Shop\",\"item\":\"https:\\\/\\\/comprehensiveliquor.com\\\/shop\\\/\"},{\"@type\":\"ListItem\",\"position\":3,\"name\":\"Yamazaki Limited Edition 2022\"}]},{\"@type\":\"WebSite\",\"@id\":\"https:\\\/\\\/comprehensiveliquor.com\\\/#website\",\"url\":\"https:\\\/\\\/comprehensiveliquor.com\\\/\",\"name\":\"Comprehensive Liquor\",\"description\":\"Best Liquor Store\",\"publisher\":{\"@id\":\"https:\\\/\\\/comprehensiveliquor.com\\\/#organization\"},\"alternateName\":\"Comprehensive Liquor Store\",\"potentialAction\":[{\"@type\":\"SearchAction\",\"target\":{\"@type\":\"EntryPoint\",\"urlTemplate\":\"https:\\\/\\\/comprehensiveliquor.com\\\/?s={search_term_string}\"},\"query-input\":{\"@type\":\"PropertyValueSpecification\",\"valueRequired\":true,\"valueName\":\"search_term_string\"}}],\"inLanguage\":\"pt-PT\"},{\"@type\":\"Organization\",\"@id\":\"https:\\\/\\\/comprehensiveliquor.com\\\/#organization\",\"name\":\"Comprehensive Liquor\",\"alternateName\":\"Comprehensive Liquor Store\",\"url\":\"https:\\\/\\\/comprehensiveliquor.com\\\/\",\"logo\":{\"@type\":\"ImageObject\",\"inLanguage\":\"pt-PT\",\"@id\":\"https:\\\/\\\/comprehensiveliquor.com\\\/#\\\/schema\\\/logo\\\/image\\\/\",\"url\":\"https:\\\/\\\/comprehensiveliquor.com\\\/wp-content\\\/uploads\\\/2024\\\/03\\\/cropped-image_2024-03-26_131408877.png\",\"contentUrl\":\"https:\\\/\\\/comprehensiveliquor.com\\\/wp-content\\\/uploads\\\/2024\\\/03\\\/cropped-image_2024-03-26_131408877.png\",\"width\":378,\"height\":263,\"caption\":\"Comprehensive Liquor\"},\"image\":{\"@id\":\"https:\\\/\\\/comprehensiveliquor.com\\\/#\\\/schema\\\/logo\\\/image\\\/\"}}]}<\/script>\n<!-- \/ Yoast SEO Premium plugin. -->","yoast_head_json":{"title":"Yamazaki Edi\u00e7\u00e3o Limitada 2022 | Whisky Japon\u00eas Raro","description":"Adquira o Yamazaki Limited Edition 2022, um whisky japon\u00eas raro e cobi\u00e7ado. Edi\u00e7\u00e3o limitada, excepcional profundidade, escolha de colecionador. Compre agora.","robots":{"index":"index","follow":"follow","max-snippet":"max-snippet:-1","max-image-preview":"max-image-preview:large","max-video-preview":"max-video-preview:-1"},"canonical":"https:\/\/comprehensiveliquor.com\/pt\/product\/yamazaki-edicao-limitada-2022\/","og_locale":"pt_PT","og_type":"article","og_title":"Yamazaki Limited Edition 2022","og_description":"Shop the Yamazaki Limited Edition 2022, a rare and sought-after Japanese whisky. Limited release, exceptional depth, collector\u2019s choice. Buy now.","og_url":"https:\/\/comprehensiveliquor.com\/pt\/product\/yamazaki-edicao-limitada-2022\/","og_site_name":"Comprehensive Liquor","article_modified_time":"2025-11-14T11:34:29+00:00","og_image":[{"width":1000,"height":1000,"url":"https:\/\/comprehensiveliquor.com\/wp-content\/uploads\/2023\/01\/image_2023-01-09_232626238.png","type":"image\/png"}],"twitter_card":"summary_large_image","twitter_misc":{"Tempo estimado de leitura":"1 minuto"},"schema":{"@context":"https:\/\/schema.org","@graph":[{"@type":"WebPage","@id":"https:\/\/comprehensiveliquor.com\/product\/yamazaki-limited-edition-2022\/","url":"https:\/\/comprehensiveliquor.com\/product\/yamazaki-limited-edition-2022\/","name":"Yamazaki Edi\u00e7\u00e3o Limitada 2022 | Whisky Japon\u00eas Raro","isPartOf":{"@id":"https:\/\/comprehensiveliquor.com\/#website"},"primaryImageOfPage":{"@id":"https:\/\/comprehensiveliquor.com\/product\/yamazaki-limited-edition-2022\/#primaryimage"},"image":{"@id":"https:\/\/comprehensiveliquor.com\/product\/yamazaki-limited-edition-2022\/#primaryimage"},"thumbnailUrl":"https:\/\/comprehensiveliquor.com\/wp-content\/uploads\/2023\/01\/image_2023-01-09_232626238.png","datePublished":"2023-01-09T22:43:08+00:00","dateModified":"2025-11-14T11:34:29+00:00","description":"Adquira o Yamazaki Limited Edition 2022, um whisky japon\u00eas raro e cobi\u00e7ado. Edi\u00e7\u00e3o limitada, excepcional profundidade, escolha de colecionador. Compre agora.","breadcrumb":{"@id":"https:\/\/comprehensiveliquor.com\/product\/yamazaki-limited-edition-2022\/#breadcrumb"},"inLanguage":"pt-PT","potentialAction":[{"@type":"ReadAction","target":["https:\/\/comprehensiveliquor.com\/product\/yamazaki-limited-edition-2022\/"]}]},{"@type":"ImageObject","inLanguage":"pt-PT","@id":"https:\/\/comprehensiveliquor.com\/product\/yamazaki-limited-edition-2022\/#primaryimage","url":"https:\/\/comprehensiveliquor.com\/wp-content\/uploads\/2023\/01\/image_2023-01-09_232626238.png","contentUrl":"https:\/\/comprehensiveliquor.com\/wp-content\/uploads\/2023\/01\/image_2023-01-09_232626238.png","width":1000,"height":1000,"caption":"Yamazaki Limited Edition 2022 bottle"},{"@type":"BreadcrumbList","@id":"https:\/\/comprehensiveliquor.com\/product\/yamazaki-limited-edition-2022\/#breadcrumb","itemListElement":[{"@type":"ListItem","position":1,"name":"Home","item":"https:\/\/comprehensiveliquor.com\/"},{"@type":"ListItem","position":2,"name":"Shop","item":"https:\/\/comprehensiveliquor.com\/shop\/"},{"@type":"ListItem","position":3,"name":"Yamazaki Limited Edition 2022"}]},{"@type":"WebSite","@id":"https:\/\/comprehensiveliquor.com\/#website","url":"https:\/\/comprehensiveliquor.com\/","name":"Bebidas alco\u00f3licas abrangentes","description":"Best Liquor Store","publisher":{"@id":"https:\/\/comprehensiveliquor.com\/#organization"},"alternateName":"Comprehensive Liquor Store","potentialAction":[{"@type":"SearchAction","target":{"@type":"EntryPoint","urlTemplate":"https:\/\/comprehensiveliquor.com\/?s={search_term_string}"},"query-input":{"@type":"PropertyValueSpecification","valueRequired":true,"valueName":"search_term_string"}}],"inLanguage":"pt-PT"},{"@type":"Organization","@id":"https:\/\/comprehensiveliquor.com\/#organization","name":"Bebidas alco\u00f3licas abrangentes","alternateName":"Comprehensive Liquor Store","url":"https:\/\/comprehensiveliquor.com\/","logo":{"@type":"ImageObject","inLanguage":"pt-PT","@id":"https:\/\/comprehensiveliquor.com\/#\/schema\/logo\/image\/","url":"https:\/\/comprehensiveliquor.com\/wp-content\/uploads\/2024\/03\/cropped-image_2024-03-26_131408877.png","contentUrl":"https:\/\/comprehensiveliquor.com\/wp-content\/uploads\/2024\/03\/cropped-image_2024-03-26_131408877.png","width":378,"height":263,"caption":"Comprehensive Liquor"},"image":{"@id":"https:\/\/comprehensiveliquor.com\/#\/schema\/logo\/image\/"}}]}},"_links":{"self":[{"href":"https:\/\/comprehensiveliquor.com\/pt\/wp-json\/wp\/v2\/product\/3154","targetHints":{"allow":["GET"]}}],"collection":[{"href":"https:\/\/comprehensiveliquor.com\/pt\/wp-json\/wp\/v2\/product"}],"about":[{"href":"https:\/\/comprehensiveliquor.com\/pt\/wp-json\/wp\/v2\/types\/product"}],"replies":[{"embeddable":true,"href":"https:\/\/comprehensiveliquor.com\/pt\/wp-json\/wp\/v2\/comments?post=3154"}],"wp:featuredmedia":[{"embeddable":true,"href":"https:\/\/comprehensiveliquor.com\/pt\/wp-json\/wp\/v2\/media\/3155"}],"wp:attachment":[{"href":"https:\/\/comprehensiveliquor.com\/pt\/wp-json\/wp\/v2\/media?parent=3154"}],"wp:term":[{"taxonomy":"product_brand","embeddable":true,"href":"https:\/\/comprehensiveliquor.com\/pt\/wp-json\/wp\/v2\/product_brand?post=3154"},{"taxonomy":"product_cat","embeddable":true,"href":"https:\/\/comprehensiveliquor.com\/pt\/wp-json\/wp\/v2\/product_cat?post=3154"},{"taxonomy":"product_tag","embeddable":true,"href":"https:\/\/comprehensiveliquor.com\/pt\/wp-json\/wp\/v2\/product_tag?post=3154"}],"curies":[{"name":"wp","href":"https:\/\/api.w.org\/{rel}","templated":true}]}}