{"id":3446,"date":"2023-05-14T08:25:06","date_gmt":"2023-05-14T08:25:06","guid":{"rendered":"https:\/\/comprehensiveliquor.com\/?post_type=product&#038;p=3446"},"modified":"2025-11-14T10:02:52","modified_gmt":"2025-11-14T10:02:52","slug":"the-macallan-james-bond-60th-anniversary-release-decade","status":"publish","type":"product","link":"https:\/\/comprehensiveliquor.com\/pt\/product\/the-macallan-james-bond-60th-anniversary-release-decade\/","title":{"rendered":"D\u00e9cada de lan\u00e7amento do 60\u00ba anivers\u00e1rio de James Bond da Macallan"},"content":{"rendered":"<h2>Macallan James Bond 60\u00ba Anivers\u00e1rio Lan\u00e7amento D\u00e9cada I<\/h2>\n<p>The Macallan James Bond 60th Anniversary Release, Decade I. Celebre a inesquec\u00edvel era de James Bond na d\u00e9cada de 1960. Este whisky escoc\u00eas de edi\u00e7\u00e3o limitada presta homenagem \u00e0 estreia do ic\u00f4nico espi\u00e3o nas telas de cinema em 1962, interpretado pelo lend\u00e1rio Sean Connery.<\/p>\n<p>Com esbo\u00e7os inspirados em Goldfinger, Com 007 S\u00f3 Se Vive Duas Vezes e Thunderball, incluindo o ic\u00f4nico jetpack falso, o design desta embalagem \u00e9 uma verdadeira obra-prima. Saboreie um peda\u00e7o da hist\u00f3ria do cinema a cada gole e reviva a magia de James Bond. Encomende j\u00e1 e adicione esta obra-prima \u00e0 sua cole\u00e7\u00e3o.<\/p>\n<p>&nbsp;<\/p>\n<h4>Notas de degusta\u00e7\u00e3o do Macallan James Bond<\/h4>\n<p style=\"color: #252525;\"><strong style=\"color: #252525;\">NOSE<\/strong><br style=\"color: #252525;\" role=\"presentation\" data-uw-rm-sr=\"\" \/>Notas frescas e vibrantes de lim\u00e3o e lima, um toque de sorvete, que evoluem para um doce aroma de baunilha e coco, com um toque de figo seco e uva-passa.<\/p>\n<p style=\"color: #252525;\"><strong style=\"color: #252525;\">PALATE<\/strong><br style=\"color: #252525;\" role=\"presentation\" data-uw-rm-sr=\"\" \/>Raspas de laranja e sorvete efervescente com frescor de lim\u00e3o, notas suaves de carvalho e um toque sutil de gengibre conduzem a uma torta intensa de chocolate amargo, figo e ma\u00e7\u00e3 assada com um fio de mel.<\/p>\n<p style=\"color: #252525;\"><strong style=\"color: #252525;\">FINISH<\/strong><br style=\"color: #252525;\" role=\"presentation\" data-uw-rm-sr=\"\" \/>Doce e prolongado, com camadas complexas.<\/p>\n<p style=\"color: #252525;\"><strong style=\"color: #252525;\">COLOUR<\/strong><br style=\"color: #252525;\" role=\"presentation\" data-uw-rm-sr=\"\" \/>Suisse (Swiss) gold<\/p>\n<p>&nbsp;<\/p>\n<h2 class=\"beautify__page-heading _hasToggle\">Atributos<\/h2>\n<div id=\"ih__addition-11117\" class=\"productView-addition-tabContent is-open\">\n<table class=\"productView-addition-table table\">\n<tbody class=\"table-tbody\">\n<tr class=\"productView-info-row--cfProductOf\">\n<td>\n<div class=\"productView-info-name productView-info-name--cfProductOf\"><strong>Categoria<\/strong><\/div>\n<\/td>\n<td>\n<div class=\"productView-info-value productView-info-value--cfProductOf\"><a href=\"https:\/\/comprehensiveliquor.com\/pt\/product-category\/scotch-whisky\/\">Scotch Whiskey<\/a><\/div>\n<\/td>\n<\/tr>\n<tr class=\"productView-info-row--cfVarietalType\">\n<td>\n<div class=\"productView-info-name productView-info-name--cfVarietalType\"><strong>Variedade\/Tipo<\/strong><\/div>\n<\/td>\n<td>\n<div class=\"productView-info-value productView-info-value--cfVarietalType\"><a href=\"https:\/\/comprehensiveliquor.com\/pt\/product-category\/single-malt-whisky\/\">Single Malt Scotch<\/a><\/div>\n<\/td>\n<\/tr>\n<tr class=\"productView-info-row--cfSize\">\n<td>\n<div class=\"productView-info-name productView-info-name--cfSize\"><strong>Size<\/strong><\/div>\n<\/td>\n<td>\n<div class=\"productView-info-value productView-info-value--cfSize\">750ML<\/div>\n<\/td>\n<\/tr>\n<\/tbody>\n<\/table>\n<\/div>","protected":false},"excerpt":{"rendered":"<p>Macallan James Bond 60th Anniversary Release Decade I The Macallan James Bond 60th Anniversary Release, Decade I Celebrate the unforgettable 1960s era of James Bond. This limited-edition Scotch whisky pays homage to the suave spy icon&#8217;s debut on the silver screen in 1962, embodied by the legendary Sean Connery. Featuring sketches from Goldfinger, You Only [&hellip;]<\/p>\n","protected":false},"featured_media":3447,"comment_status":"open","ping_status":"closed","template":"","meta":{"site-sidebar-layout":"default","site-content-layout":"default","ast-site-content-layout":"default","site-content-style":"default","site-sidebar-style":"default","ast-global-header-display":"","ast-banner-title-visibility":"","ast-main-header-display":"","ast-hfb-above-header-display":"","ast-hfb-below-header-display":"","ast-hfb-mobile-header-display":"","site-post-title":"","ast-breadcrumbs-content":"","ast-featured-img":"","footer-sml-layout":"","ast-disable-related-posts":"","theme-transparent-header-meta":"default","adv-header-id-meta":"","stick-header-meta":"","header-above-stick-meta":"","header-main-stick-meta":"","header-below-stick-meta":"","astra-migrate-meta-layouts":"set","ast-page-background-enabled":"default","ast-page-background-meta":{"desktop":{"background-color":"","background-image":"","background-repeat":"repeat","background-position":"center center","background-size":"auto","background-attachment":"scroll","background-type":"","background-media":"","overlay-type":"","overlay-color":"","overlay-opacity":"","overlay-gradient":""},"tablet":{"background-color":"","background-image":"","background-repeat":"repeat","background-position":"center center","background-size":"auto","background-attachment":"scroll","background-type":"","background-media":"","overlay-type":"","overlay-color":"","overlay-opacity":"","overlay-gradient":""},"mobile":{"background-color":"","background-image":"","background-repeat":"repeat","background-position":"center center","background-size":"auto","background-attachment":"scroll","background-type":"","background-media":"","overlay-type":"","overlay-color":"","overlay-opacity":"","overlay-gradient":""}},"ast-content-background-meta":{"desktop":{"background-color":"var(--ast-global-color-5)","background-image":"","background-repeat":"repeat","background-position":"center center","background-size":"auto","background-attachment":"scroll","background-type":"","background-media":"","overlay-type":"","overlay-color":"","overlay-opacity":"","overlay-gradient":""},"tablet":{"background-color":"var(--ast-global-color-5)","background-image":"","background-repeat":"repeat","background-position":"center center","background-size":"auto","background-attachment":"scroll","background-type":"","background-media":"","overlay-type":"","overlay-color":"","overlay-opacity":"","overlay-gradient":""},"mobile":{"background-color":"var(--ast-global-color-5)","background-image":"","background-repeat":"repeat","background-position":"center center","background-size":"auto","background-attachment":"scroll","background-type":"","background-media":"","overlay-type":"","overlay-color":"","overlay-opacity":"","overlay-gradient":""}}},"product_brand":[],"product_cat":[79,39],"product_tag":[],"class_list":{"0":"post-3446","1":"product","2":"type-product","3":"status-publish","4":"has-post-thumbnail","6":"product_cat-macallan","7":"product_cat-scotch-whisky","8":"desktop-align-center","9":"tablet-align-left","10":"mobile-align-left","12":"first","13":"instock","14":"shipping-taxable","15":"purchasable","16":"product-type-simple"},"yoast_head":"<!-- This site is optimized with the Yoast SEO Premium plugin v24.7 (Yoast SEO v27.4) - https:\/\/yoast.com\/product\/yoast-seo-premium-wordpress\/ -->\n<title>Macallan James Bond 60th Anniversary Decade | Buy Now<\/title>\n<meta name=\"description\" content=\"Shop Macallan James Bond 60th Anniversary Decade release. A rare collector\u2019s whisky celebrating 007. Limited and highly sought-after. Order today.\" \/>\n<meta name=\"robots\" content=\"index, follow, max-snippet:-1, max-image-preview:large, max-video-preview:-1\" \/>\n<link rel=\"canonical\" href=\"https:\/\/comprehensiveliquor.com\/pt\/product\/the-macallan-james-bond-60th-anniversary-release-decade\/\" \/>\n<meta property=\"og:locale\" content=\"pt_PT\" \/>\n<meta property=\"og:type\" content=\"article\" \/>\n<meta property=\"og:title\" content=\"The Macallan James Bond 60th Anniversary Release Decade\" \/>\n<meta property=\"og:description\" content=\"Shop Macallan James Bond 60th Anniversary Decade release. A rare collector\u2019s whisky celebrating 007. Limited and highly sought-after. Order today.\" \/>\n<meta property=\"og:url\" content=\"https:\/\/comprehensiveliquor.com\/pt\/product\/the-macallan-james-bond-60th-anniversary-release-decade\/\" \/>\n<meta property=\"og:site_name\" content=\"Comprehensive Liquor\" \/>\n<meta property=\"article:modified_time\" content=\"2025-11-14T10:02:52+00:00\" \/>\n<meta property=\"og:image\" content=\"https:\/\/comprehensiveliquor.com\/wp-content\/uploads\/2023\/05\/image_2023-05-14_090854998.png\" \/>\n\t<meta property=\"og:image:width\" content=\"1001\" \/>\n\t<meta property=\"og:image:height\" content=\"1280\" \/>\n\t<meta property=\"og:image:type\" content=\"image\/png\" \/>\n<meta name=\"twitter:card\" content=\"summary_large_image\" \/>\n<meta name=\"twitter:label1\" content=\"Tempo estimado de leitura\" \/>\n\t<meta name=\"twitter:data1\" content=\"1 minuto\" \/>\n<script type=\"application\/ld+json\" class=\"yoast-schema-graph\">{\"@context\":\"https:\\\/\\\/schema.org\",\"@graph\":[{\"@type\":\"WebPage\",\"@id\":\"https:\\\/\\\/comprehensiveliquor.com\\\/product\\\/the-macallan-james-bond-60th-anniversary-release-decade\\\/\",\"url\":\"https:\\\/\\\/comprehensiveliquor.com\\\/product\\\/the-macallan-james-bond-60th-anniversary-release-decade\\\/\",\"name\":\"Macallan James Bond 60th Anniversary Decade | Buy Now\",\"isPartOf\":{\"@id\":\"https:\\\/\\\/comprehensiveliquor.com\\\/#website\"},\"primaryImageOfPage\":{\"@id\":\"https:\\\/\\\/comprehensiveliquor.com\\\/product\\\/the-macallan-james-bond-60th-anniversary-release-decade\\\/#primaryimage\"},\"image\":{\"@id\":\"https:\\\/\\\/comprehensiveliquor.com\\\/product\\\/the-macallan-james-bond-60th-anniversary-release-decade\\\/#primaryimage\"},\"thumbnailUrl\":\"https:\\\/\\\/comprehensiveliquor.com\\\/wp-content\\\/uploads\\\/2023\\\/05\\\/image_2023-05-14_090854998.png\",\"datePublished\":\"2023-05-14T08:25:06+00:00\",\"dateModified\":\"2025-11-14T10:02:52+00:00\",\"description\":\"Shop Macallan James Bond 60th Anniversary Decade release. A rare collector\u2019s whisky celebrating 007. Limited and highly sought-after. Order today.\",\"breadcrumb\":{\"@id\":\"https:\\\/\\\/comprehensiveliquor.com\\\/product\\\/the-macallan-james-bond-60th-anniversary-release-decade\\\/#breadcrumb\"},\"inLanguage\":\"pt-PT\",\"potentialAction\":[{\"@type\":\"ReadAction\",\"target\":[\"https:\\\/\\\/comprehensiveliquor.com\\\/product\\\/the-macallan-james-bond-60th-anniversary-release-decade\\\/\"]}]},{\"@type\":\"ImageObject\",\"inLanguage\":\"pt-PT\",\"@id\":\"https:\\\/\\\/comprehensiveliquor.com\\\/product\\\/the-macallan-james-bond-60th-anniversary-release-decade\\\/#primaryimage\",\"url\":\"https:\\\/\\\/comprehensiveliquor.com\\\/wp-content\\\/uploads\\\/2023\\\/05\\\/image_2023-05-14_090854998.png\",\"contentUrl\":\"https:\\\/\\\/comprehensiveliquor.com\\\/wp-content\\\/uploads\\\/2023\\\/05\\\/image_2023-05-14_090854998.png\",\"width\":1001,\"height\":1280,\"caption\":\"Macallan James Bond 60th Anniversary Decade bottle\"},{\"@type\":\"BreadcrumbList\",\"@id\":\"https:\\\/\\\/comprehensiveliquor.com\\\/product\\\/the-macallan-james-bond-60th-anniversary-release-decade\\\/#breadcrumb\",\"itemListElement\":[{\"@type\":\"ListItem\",\"position\":1,\"name\":\"Home\",\"item\":\"https:\\\/\\\/comprehensiveliquor.com\\\/\"},{\"@type\":\"ListItem\",\"position\":2,\"name\":\"Shop\",\"item\":\"https:\\\/\\\/comprehensiveliquor.com\\\/shop\\\/\"},{\"@type\":\"ListItem\",\"position\":3,\"name\":\"The Macallan James Bond 60th Anniversary Release Decade\"}]},{\"@type\":\"WebSite\",\"@id\":\"https:\\\/\\\/comprehensiveliquor.com\\\/#website\",\"url\":\"https:\\\/\\\/comprehensiveliquor.com\\\/\",\"name\":\"Comprehensive Liquor\",\"description\":\"Best Liquor Store\",\"publisher\":{\"@id\":\"https:\\\/\\\/comprehensiveliquor.com\\\/#organization\"},\"alternateName\":\"Comprehensive Liquor Store\",\"potentialAction\":[{\"@type\":\"SearchAction\",\"target\":{\"@type\":\"EntryPoint\",\"urlTemplate\":\"https:\\\/\\\/comprehensiveliquor.com\\\/?s={search_term_string}\"},\"query-input\":{\"@type\":\"PropertyValueSpecification\",\"valueRequired\":true,\"valueName\":\"search_term_string\"}}],\"inLanguage\":\"pt-PT\"},{\"@type\":\"Organization\",\"@id\":\"https:\\\/\\\/comprehensiveliquor.com\\\/#organization\",\"name\":\"Comprehensive Liquor\",\"alternateName\":\"Comprehensive Liquor Store\",\"url\":\"https:\\\/\\\/comprehensiveliquor.com\\\/\",\"logo\":{\"@type\":\"ImageObject\",\"inLanguage\":\"pt-PT\",\"@id\":\"https:\\\/\\\/comprehensiveliquor.com\\\/#\\\/schema\\\/logo\\\/image\\\/\",\"url\":\"https:\\\/\\\/comprehensiveliquor.com\\\/wp-content\\\/uploads\\\/2024\\\/03\\\/cropped-image_2024-03-26_131408877.png\",\"contentUrl\":\"https:\\\/\\\/comprehensiveliquor.com\\\/wp-content\\\/uploads\\\/2024\\\/03\\\/cropped-image_2024-03-26_131408877.png\",\"width\":378,\"height\":263,\"caption\":\"Comprehensive Liquor\"},\"image\":{\"@id\":\"https:\\\/\\\/comprehensiveliquor.com\\\/#\\\/schema\\\/logo\\\/image\\\/\"}}]}<\/script>\n<!-- \/ Yoast SEO Premium plugin. -->","yoast_head_json":{"title":"Macallan James Bond 60th Anniversary Decade | Compre agora","description":"Adquira o Macallan James Bond 60th Anniversary Decade, um whisky raro de colecionador que celebra o 007. Edi\u00e7\u00e3o limitada e muito procurada. Encomende hoje mesmo.","robots":{"index":"index","follow":"follow","max-snippet":"max-snippet:-1","max-image-preview":"max-image-preview:large","max-video-preview":"max-video-preview:-1"},"canonical":"https:\/\/comprehensiveliquor.com\/pt\/product\/the-macallan-james-bond-60th-anniversary-release-decade\/","og_locale":"pt_PT","og_type":"article","og_title":"The Macallan James Bond 60th Anniversary Release Decade","og_description":"Shop Macallan James Bond 60th Anniversary Decade release. A rare collector\u2019s whisky celebrating 007. Limited and highly sought-after. Order today.","og_url":"https:\/\/comprehensiveliquor.com\/pt\/product\/the-macallan-james-bond-60th-anniversary-release-decade\/","og_site_name":"Comprehensive Liquor","article_modified_time":"2025-11-14T10:02:52+00:00","og_image":[{"width":1001,"height":1280,"url":"https:\/\/comprehensiveliquor.com\/wp-content\/uploads\/2023\/05\/image_2023-05-14_090854998.png","type":"image\/png"}],"twitter_card":"summary_large_image","twitter_misc":{"Tempo estimado de leitura":"1 minuto"},"schema":{"@context":"https:\/\/schema.org","@graph":[{"@type":"WebPage","@id":"https:\/\/comprehensiveliquor.com\/product\/the-macallan-james-bond-60th-anniversary-release-decade\/","url":"https:\/\/comprehensiveliquor.com\/product\/the-macallan-james-bond-60th-anniversary-release-decade\/","name":"Macallan James Bond 60th Anniversary Decade | Compre agora","isPartOf":{"@id":"https:\/\/comprehensiveliquor.com\/#website"},"primaryImageOfPage":{"@id":"https:\/\/comprehensiveliquor.com\/product\/the-macallan-james-bond-60th-anniversary-release-decade\/#primaryimage"},"image":{"@id":"https:\/\/comprehensiveliquor.com\/product\/the-macallan-james-bond-60th-anniversary-release-decade\/#primaryimage"},"thumbnailUrl":"https:\/\/comprehensiveliquor.com\/wp-content\/uploads\/2023\/05\/image_2023-05-14_090854998.png","datePublished":"2023-05-14T08:25:06+00:00","dateModified":"2025-11-14T10:02:52+00:00","description":"Adquira o Macallan James Bond 60th Anniversary Decade, um whisky raro de colecionador que celebra o 007. Edi\u00e7\u00e3o limitada e muito procurada. Encomende hoje mesmo.","breadcrumb":{"@id":"https:\/\/comprehensiveliquor.com\/product\/the-macallan-james-bond-60th-anniversary-release-decade\/#breadcrumb"},"inLanguage":"pt-PT","potentialAction":[{"@type":"ReadAction","target":["https:\/\/comprehensiveliquor.com\/product\/the-macallan-james-bond-60th-anniversary-release-decade\/"]}]},{"@type":"ImageObject","inLanguage":"pt-PT","@id":"https:\/\/comprehensiveliquor.com\/product\/the-macallan-james-bond-60th-anniversary-release-decade\/#primaryimage","url":"https:\/\/comprehensiveliquor.com\/wp-content\/uploads\/2023\/05\/image_2023-05-14_090854998.png","contentUrl":"https:\/\/comprehensiveliquor.com\/wp-content\/uploads\/2023\/05\/image_2023-05-14_090854998.png","width":1001,"height":1280,"caption":"Macallan James Bond 60th Anniversary Decade bottle"},{"@type":"BreadcrumbList","@id":"https:\/\/comprehensiveliquor.com\/product\/the-macallan-james-bond-60th-anniversary-release-decade\/#breadcrumb","itemListElement":[{"@type":"ListItem","position":1,"name":"Home","item":"https:\/\/comprehensiveliquor.com\/"},{"@type":"ListItem","position":2,"name":"Shop","item":"https:\/\/comprehensiveliquor.com\/shop\/"},{"@type":"ListItem","position":3,"name":"The Macallan James Bond 60th Anniversary Release Decade"}]},{"@type":"WebSite","@id":"https:\/\/comprehensiveliquor.com\/#website","url":"https:\/\/comprehensiveliquor.com\/","name":"Bebidas alco\u00f3licas abrangentes","description":"Best Liquor Store","publisher":{"@id":"https:\/\/comprehensiveliquor.com\/#organization"},"alternateName":"Comprehensive Liquor Store","potentialAction":[{"@type":"SearchAction","target":{"@type":"EntryPoint","urlTemplate":"https:\/\/comprehensiveliquor.com\/?s={search_term_string}"},"query-input":{"@type":"PropertyValueSpecification","valueRequired":true,"valueName":"search_term_string"}}],"inLanguage":"pt-PT"},{"@type":"Organization","@id":"https:\/\/comprehensiveliquor.com\/#organization","name":"Bebidas alco\u00f3licas abrangentes","alternateName":"Comprehensive Liquor Store","url":"https:\/\/comprehensiveliquor.com\/","logo":{"@type":"ImageObject","inLanguage":"pt-PT","@id":"https:\/\/comprehensiveliquor.com\/#\/schema\/logo\/image\/","url":"https:\/\/comprehensiveliquor.com\/wp-content\/uploads\/2024\/03\/cropped-image_2024-03-26_131408877.png","contentUrl":"https:\/\/comprehensiveliquor.com\/wp-content\/uploads\/2024\/03\/cropped-image_2024-03-26_131408877.png","width":378,"height":263,"caption":"Comprehensive Liquor"},"image":{"@id":"https:\/\/comprehensiveliquor.com\/#\/schema\/logo\/image\/"}}]}},"_links":{"self":[{"href":"https:\/\/comprehensiveliquor.com\/pt\/wp-json\/wp\/v2\/product\/3446","targetHints":{"allow":["GET"]}}],"collection":[{"href":"https:\/\/comprehensiveliquor.com\/pt\/wp-json\/wp\/v2\/product"}],"about":[{"href":"https:\/\/comprehensiveliquor.com\/pt\/wp-json\/wp\/v2\/types\/product"}],"replies":[{"embeddable":true,"href":"https:\/\/comprehensiveliquor.com\/pt\/wp-json\/wp\/v2\/comments?post=3446"}],"wp:featuredmedia":[{"embeddable":true,"href":"https:\/\/comprehensiveliquor.com\/pt\/wp-json\/wp\/v2\/media\/3447"}],"wp:attachment":[{"href":"https:\/\/comprehensiveliquor.com\/pt\/wp-json\/wp\/v2\/media?parent=3446"}],"wp:term":[{"taxonomy":"product_brand","embeddable":true,"href":"https:\/\/comprehensiveliquor.com\/pt\/wp-json\/wp\/v2\/product_brand?post=3446"},{"taxonomy":"product_cat","embeddable":true,"href":"https:\/\/comprehensiveliquor.com\/pt\/wp-json\/wp\/v2\/product_cat?post=3446"},{"taxonomy":"product_tag","embeddable":true,"href":"https:\/\/comprehensiveliquor.com\/pt\/wp-json\/wp\/v2\/product_tag?post=3446"}],"curies":[{"name":"wp","href":"https:\/\/api.w.org\/{rel}","templated":true}]}}