{"id":4887,"date":"2025-11-14T13:04:05","date_gmt":"2025-11-14T13:04:05","guid":{"rendered":"https:\/\/comprehensiveliquor.com\/?post_type=product&#038;p=4887"},"modified":"2026-02-05T21:51:38","modified_gmt":"2026-02-05T21:51:38","slug":"macallan-classic-cut-2025-edition","status":"publish","type":"product","link":"https:\/\/comprehensiveliquor.com\/pt\/product\/macallan-classic-cut-2025-edition\/","title":{"rendered":"Macallan Classic Cut Edi\u00e7\u00e3o 2025"},"content":{"rendered":"<h1>Macallan Classic Cut Edi\u00e7\u00e3o 2025 \u2013 Whisky Escoc\u00eas Single Malt de Edi\u00e7\u00e3o Limitada<\/h1>\n<div class=\"section-content\">\n<p>O Macallan Classic Cut 2025 Edition \u00e9 o nono lan\u00e7amento da s\u00e9rie anual limitada, dando continuidade \u00e0 busca constante da destilaria por sabores mais refinados. Cuidadosamente elaborado a partir de barris selecionados no auge de sua matura\u00e7\u00e3o, combina carvalho europeu e americano temperado com xerez com barris de ex-bourbon para criar um whisky de not\u00e1vel riqueza e complexidade. Engarrafado a 50,6% ABV.<\/p>\n<p>O nariz revela \u00f3leo de laranja, a\u00e7\u00facar de cevada, baunilha cremosa e torta de ma\u00e7\u00e3 rec\u00e9m-assada, enquanto o paladar \u00e9 composto por camadas de do\u00e7ura de a\u00e7\u00facar de confeiteiro, tangerina, merengue c\u00edtrico e notas caramelizadas. O final \u00e9 longo e elegante, trazendo toranja, mel\u00e3o e um toque suave de especiarias de carvalho, tudo apresentado em um tom dourado de p\u00f4r do sol.<\/p>\n<\/div>\n<p>&nbsp;<\/p>\n<h3>Atributos<\/h3>\n<table>\n<tbody>\n<tr>\n<td><b>Categoria<\/b><\/td>\n<td><a href=\"https:\/\/comprehensiveliquor.com\/pt\/product-category\/scotch-whisky\/\">Scotch Whiskey<\/a><\/td>\n<\/tr>\n<tr>\n<td><b>Distillery<\/b><\/td>\n<td>The Macallan<\/td>\n<\/tr>\n<tr>\n<td><strong>ABV<\/strong><\/td>\n<td>50.6%<\/td>\n<\/tr>\n<tr>\n<td><strong>Cask Type<\/strong><\/td>\n<td>Single Malt<\/td>\n<\/tr>\n<tr>\n<td><strong>Size<\/strong><\/td>\n<td>70cl<\/td>\n<\/tr>\n<tr>\n<td><strong>Edi\u00e7\u00e3o Limitada<\/strong><\/td>\n<td>Yes<\/td>\n<\/tr>\n<\/tbody>\n<\/table>","protected":false},"excerpt":{"rendered":"<p>Macallan Classic Cut 2025 Edition \u2013 Limited Release Single Malt Scotch Whisky The Macallan Classic Cut 2025 Edition is the ninth release in the limited annual series, continuing the distillery\u2019s ongoing exploration of flavour. Carefully crafted from casks selected at the peak of their maturation, it combines sherry-seasoned European and American oak with ex-bourbon barrels [&hellip;]<\/p>\n","protected":false},"featured_media":4889,"comment_status":"closed","ping_status":"closed","template":"","meta":{"site-sidebar-layout":"default","site-content-layout":"","ast-site-content-layout":"default","site-content-style":"default","site-sidebar-style":"default","ast-global-header-display":"","ast-banner-title-visibility":"","ast-main-header-display":"","ast-hfb-above-header-display":"","ast-hfb-below-header-display":"","ast-hfb-mobile-header-display":"","site-post-title":"","ast-breadcrumbs-content":"","ast-featured-img":"","footer-sml-layout":"","ast-disable-related-posts":"","theme-transparent-header-meta":"default","adv-header-id-meta":"","stick-header-meta":"","header-above-stick-meta":"","header-main-stick-meta":"","header-below-stick-meta":"","astra-migrate-meta-layouts":"set","ast-page-background-enabled":"default","ast-page-background-meta":{"desktop":{"background-color":"","background-image":"","background-repeat":"repeat","background-position":"center center","background-size":"auto","background-attachment":"scroll","background-type":"","background-media":"","overlay-type":"","overlay-color":"","overlay-opacity":"","overlay-gradient":""},"tablet":{"background-color":"","background-image":"","background-repeat":"repeat","background-position":"center center","background-size":"auto","background-attachment":"scroll","background-type":"","background-media":"","overlay-type":"","overlay-color":"","overlay-opacity":"","overlay-gradient":""},"mobile":{"background-color":"","background-image":"","background-repeat":"repeat","background-position":"center center","background-size":"auto","background-attachment":"scroll","background-type":"","background-media":"","overlay-type":"","overlay-color":"","overlay-opacity":"","overlay-gradient":""}},"ast-content-background-meta":{"desktop":{"background-color":"var(--ast-global-color-5)","background-image":"","background-repeat":"repeat","background-position":"center center","background-size":"auto","background-attachment":"scroll","background-type":"","background-media":"","overlay-type":"","overlay-color":"","overlay-opacity":"","overlay-gradient":""},"tablet":{"background-color":"var(--ast-global-color-5)","background-image":"","background-repeat":"repeat","background-position":"center center","background-size":"auto","background-attachment":"scroll","background-type":"","background-media":"","overlay-type":"","overlay-color":"","overlay-opacity":"","overlay-gradient":""},"mobile":{"background-color":"var(--ast-global-color-5)","background-image":"","background-repeat":"repeat","background-position":"center center","background-size":"auto","background-attachment":"scroll","background-type":"","background-media":"","overlay-type":"","overlay-color":"","overlay-opacity":"","overlay-gradient":""}}},"product_brand":[],"product_cat":[39],"product_tag":[],"class_list":{"0":"post-4887","1":"product","2":"type-product","3":"status-publish","4":"has-post-thumbnail","6":"product_cat-scotch-whisky","7":"desktop-align-center","8":"tablet-align-left","9":"mobile-align-left","11":"first","12":"instock","13":"shipping-taxable","14":"purchasable","15":"product-type-simple"},"yoast_head":"<!-- This site is optimized with the Yoast SEO Premium plugin v24.7 (Yoast SEO v27.3) - https:\/\/yoast.com\/product\/yoast-seo-premium-wordpress\/ -->\n<title>Macallan Classic Cut 2025 Edition | Limited Whisky<\/title>\n<meta name=\"description\" content=\"Buy Macallan Classic Cut 2025 Edition, a limited release single malt Scotch whisky with bold flavor and high ABV. Authentic bottle, fast shipping available.\" \/>\n<meta name=\"robots\" content=\"index, follow, max-snippet:-1, max-image-preview:large, max-video-preview:-1\" \/>\n<link rel=\"canonical\" href=\"https:\/\/comprehensiveliquor.com\/pt\/product\/macallan-classic-cut-2025-edition\/\" \/>\n<meta property=\"og:locale\" content=\"pt_PT\" \/>\n<meta property=\"og:type\" content=\"article\" \/>\n<meta property=\"og:title\" content=\"Macallan Classic Cut 2025 Edition\" \/>\n<meta property=\"og:description\" content=\"Buy Macallan Classic Cut 2025 Edition, a limited release single malt Scotch whisky with bold flavor and high ABV. Authentic bottle, fast shipping available.\" \/>\n<meta property=\"og:url\" content=\"https:\/\/comprehensiveliquor.com\/pt\/product\/macallan-classic-cut-2025-edition\/\" \/>\n<meta property=\"og:site_name\" content=\"Comprehensive Liquor\" \/>\n<meta property=\"article:modified_time\" content=\"2026-02-05T21:51:38+00:00\" \/>\n<meta property=\"og:image\" content=\"https:\/\/comprehensiveliquor.com\/wp-content\/uploads\/2025\/11\/macallan_classic_cut_2025_ps-1.jpg\" \/>\n\t<meta property=\"og:image:width\" content=\"700\" \/>\n\t<meta property=\"og:image:height\" content=\"700\" \/>\n\t<meta property=\"og:image:type\" content=\"image\/jpeg\" \/>\n<meta name=\"twitter:card\" content=\"summary_large_image\" \/>\n<meta name=\"twitter:label1\" content=\"Tempo estimado de leitura\" \/>\n\t<meta name=\"twitter:data1\" content=\"1 minuto\" \/>\n<script type=\"application\/ld+json\" class=\"yoast-schema-graph\">{\"@context\":\"https:\\\/\\\/schema.org\",\"@graph\":[{\"@type\":\"WebPage\",\"@id\":\"https:\\\/\\\/comprehensiveliquor.com\\\/product\\\/macallan-classic-cut-2025-edition\\\/\",\"url\":\"https:\\\/\\\/comprehensiveliquor.com\\\/product\\\/macallan-classic-cut-2025-edition\\\/\",\"name\":\"Macallan Classic Cut 2025 Edition | Limited Whisky\",\"isPartOf\":{\"@id\":\"https:\\\/\\\/comprehensiveliquor.com\\\/#website\"},\"primaryImageOfPage\":{\"@id\":\"https:\\\/\\\/comprehensiveliquor.com\\\/product\\\/macallan-classic-cut-2025-edition\\\/#primaryimage\"},\"image\":{\"@id\":\"https:\\\/\\\/comprehensiveliquor.com\\\/product\\\/macallan-classic-cut-2025-edition\\\/#primaryimage\"},\"thumbnailUrl\":\"https:\\\/\\\/comprehensiveliquor.com\\\/wp-content\\\/uploads\\\/2025\\\/11\\\/macallan_classic_cut_2025_ps-1.jpg\",\"datePublished\":\"2025-11-14T13:04:05+00:00\",\"dateModified\":\"2026-02-05T21:51:38+00:00\",\"description\":\"Buy Macallan Classic Cut 2025 Edition, a limited release single malt Scotch whisky with bold flavor and high ABV. Authentic bottle, fast shipping available.\",\"breadcrumb\":{\"@id\":\"https:\\\/\\\/comprehensiveliquor.com\\\/product\\\/macallan-classic-cut-2025-edition\\\/#breadcrumb\"},\"inLanguage\":\"pt-PT\",\"potentialAction\":[{\"@type\":\"ReadAction\",\"target\":[\"https:\\\/\\\/comprehensiveliquor.com\\\/product\\\/macallan-classic-cut-2025-edition\\\/\"]}]},{\"@type\":\"ImageObject\",\"inLanguage\":\"pt-PT\",\"@id\":\"https:\\\/\\\/comprehensiveliquor.com\\\/product\\\/macallan-classic-cut-2025-edition\\\/#primaryimage\",\"url\":\"https:\\\/\\\/comprehensiveliquor.com\\\/wp-content\\\/uploads\\\/2025\\\/11\\\/macallan_classic_cut_2025_ps-1.jpg\",\"contentUrl\":\"https:\\\/\\\/comprehensiveliquor.com\\\/wp-content\\\/uploads\\\/2025\\\/11\\\/macallan_classic_cut_2025_ps-1.jpg\",\"width\":700,\"height\":700,\"caption\":\"Macallan Classic Cut 2025 Edition Bottle\"},{\"@type\":\"BreadcrumbList\",\"@id\":\"https:\\\/\\\/comprehensiveliquor.com\\\/product\\\/macallan-classic-cut-2025-edition\\\/#breadcrumb\",\"itemListElement\":[{\"@type\":\"ListItem\",\"position\":1,\"name\":\"Home\",\"item\":\"https:\\\/\\\/comprehensiveliquor.com\\\/\"},{\"@type\":\"ListItem\",\"position\":2,\"name\":\"Shop\",\"item\":\"https:\\\/\\\/comprehensiveliquor.com\\\/shop\\\/\"},{\"@type\":\"ListItem\",\"position\":3,\"name\":\"Macallan Classic Cut 2025 Edition\"}]},{\"@type\":\"WebSite\",\"@id\":\"https:\\\/\\\/comprehensiveliquor.com\\\/#website\",\"url\":\"https:\\\/\\\/comprehensiveliquor.com\\\/\",\"name\":\"Comprehensive Liquor\",\"description\":\"Best Liquor Store\",\"publisher\":{\"@id\":\"https:\\\/\\\/comprehensiveliquor.com\\\/#organization\"},\"alternateName\":\"Comprehensive Liquor Store\",\"potentialAction\":[{\"@type\":\"SearchAction\",\"target\":{\"@type\":\"EntryPoint\",\"urlTemplate\":\"https:\\\/\\\/comprehensiveliquor.com\\\/?s={search_term_string}\"},\"query-input\":{\"@type\":\"PropertyValueSpecification\",\"valueRequired\":true,\"valueName\":\"search_term_string\"}}],\"inLanguage\":\"pt-PT\"},{\"@type\":\"Organization\",\"@id\":\"https:\\\/\\\/comprehensiveliquor.com\\\/#organization\",\"name\":\"Comprehensive Liquor\",\"alternateName\":\"Comprehensive Liquor Store\",\"url\":\"https:\\\/\\\/comprehensiveliquor.com\\\/\",\"logo\":{\"@type\":\"ImageObject\",\"inLanguage\":\"pt-PT\",\"@id\":\"https:\\\/\\\/comprehensiveliquor.com\\\/#\\\/schema\\\/logo\\\/image\\\/\",\"url\":\"https:\\\/\\\/comprehensiveliquor.com\\\/wp-content\\\/uploads\\\/2024\\\/03\\\/cropped-image_2024-03-26_131408877.png\",\"contentUrl\":\"https:\\\/\\\/comprehensiveliquor.com\\\/wp-content\\\/uploads\\\/2024\\\/03\\\/cropped-image_2024-03-26_131408877.png\",\"width\":378,\"height\":263,\"caption\":\"Comprehensive Liquor\"},\"image\":{\"@id\":\"https:\\\/\\\/comprehensiveliquor.com\\\/#\\\/schema\\\/logo\\\/image\\\/\"}}]}<\/script>\n<!-- \/ Yoast SEO Premium plugin. -->","yoast_head_json":{"title":"Macallan Classic Cut Edi\u00e7\u00e3o 2025 | Whisky de Edi\u00e7\u00e3o Limitada","description":"Compre Macallan Classic Cut 2025 Edition, um whisky escoc\u00eas single malt de edi\u00e7\u00e3o limitada com sabor marcante e alto teor alco\u00f3lico. Garrafa aut\u00eantica, entrega r\u00e1pida dispon\u00edvel.","robots":{"index":"index","follow":"follow","max-snippet":"max-snippet:-1","max-image-preview":"max-image-preview:large","max-video-preview":"max-video-preview:-1"},"canonical":"https:\/\/comprehensiveliquor.com\/pt\/product\/macallan-classic-cut-2025-edition\/","og_locale":"pt_PT","og_type":"article","og_title":"Macallan Classic Cut 2025 Edition","og_description":"Buy Macallan Classic Cut 2025 Edition, a limited release single malt Scotch whisky with bold flavor and high ABV. Authentic bottle, fast shipping available.","og_url":"https:\/\/comprehensiveliquor.com\/pt\/product\/macallan-classic-cut-2025-edition\/","og_site_name":"Comprehensive Liquor","article_modified_time":"2026-02-05T21:51:38+00:00","og_image":[{"width":700,"height":700,"url":"https:\/\/comprehensiveliquor.com\/wp-content\/uploads\/2025\/11\/macallan_classic_cut_2025_ps-1.jpg","type":"image\/jpeg"}],"twitter_card":"summary_large_image","twitter_misc":{"Tempo estimado de leitura":"1 minuto"},"schema":{"@context":"https:\/\/schema.org","@graph":[{"@type":"WebPage","@id":"https:\/\/comprehensiveliquor.com\/product\/macallan-classic-cut-2025-edition\/","url":"https:\/\/comprehensiveliquor.com\/product\/macallan-classic-cut-2025-edition\/","name":"Macallan Classic Cut Edi\u00e7\u00e3o 2025 | Whisky de Edi\u00e7\u00e3o Limitada","isPartOf":{"@id":"https:\/\/comprehensiveliquor.com\/#website"},"primaryImageOfPage":{"@id":"https:\/\/comprehensiveliquor.com\/product\/macallan-classic-cut-2025-edition\/#primaryimage"},"image":{"@id":"https:\/\/comprehensiveliquor.com\/product\/macallan-classic-cut-2025-edition\/#primaryimage"},"thumbnailUrl":"https:\/\/comprehensiveliquor.com\/wp-content\/uploads\/2025\/11\/macallan_classic_cut_2025_ps-1.jpg","datePublished":"2025-11-14T13:04:05+00:00","dateModified":"2026-02-05T21:51:38+00:00","description":"Compre Macallan Classic Cut 2025 Edition, um whisky escoc\u00eas single malt de edi\u00e7\u00e3o limitada com sabor marcante e alto teor alco\u00f3lico. Garrafa aut\u00eantica, entrega r\u00e1pida dispon\u00edvel.","breadcrumb":{"@id":"https:\/\/comprehensiveliquor.com\/product\/macallan-classic-cut-2025-edition\/#breadcrumb"},"inLanguage":"pt-PT","potentialAction":[{"@type":"ReadAction","target":["https:\/\/comprehensiveliquor.com\/product\/macallan-classic-cut-2025-edition\/"]}]},{"@type":"ImageObject","inLanguage":"pt-PT","@id":"https:\/\/comprehensiveliquor.com\/product\/macallan-classic-cut-2025-edition\/#primaryimage","url":"https:\/\/comprehensiveliquor.com\/wp-content\/uploads\/2025\/11\/macallan_classic_cut_2025_ps-1.jpg","contentUrl":"https:\/\/comprehensiveliquor.com\/wp-content\/uploads\/2025\/11\/macallan_classic_cut_2025_ps-1.jpg","width":700,"height":700,"caption":"Macallan Classic Cut 2025 Edition Bottle"},{"@type":"BreadcrumbList","@id":"https:\/\/comprehensiveliquor.com\/product\/macallan-classic-cut-2025-edition\/#breadcrumb","itemListElement":[{"@type":"ListItem","position":1,"name":"Home","item":"https:\/\/comprehensiveliquor.com\/"},{"@type":"ListItem","position":2,"name":"Shop","item":"https:\/\/comprehensiveliquor.com\/shop\/"},{"@type":"ListItem","position":3,"name":"Macallan Classic Cut 2025 Edition"}]},{"@type":"WebSite","@id":"https:\/\/comprehensiveliquor.com\/#website","url":"https:\/\/comprehensiveliquor.com\/","name":"Bebidas alco\u00f3licas abrangentes","description":"Best Liquor Store","publisher":{"@id":"https:\/\/comprehensiveliquor.com\/#organization"},"alternateName":"Comprehensive Liquor Store","potentialAction":[{"@type":"SearchAction","target":{"@type":"EntryPoint","urlTemplate":"https:\/\/comprehensiveliquor.com\/?s={search_term_string}"},"query-input":{"@type":"PropertyValueSpecification","valueRequired":true,"valueName":"search_term_string"}}],"inLanguage":"pt-PT"},{"@type":"Organization","@id":"https:\/\/comprehensiveliquor.com\/#organization","name":"Bebidas alco\u00f3licas abrangentes","alternateName":"Comprehensive Liquor Store","url":"https:\/\/comprehensiveliquor.com\/","logo":{"@type":"ImageObject","inLanguage":"pt-PT","@id":"https:\/\/comprehensiveliquor.com\/#\/schema\/logo\/image\/","url":"https:\/\/comprehensiveliquor.com\/wp-content\/uploads\/2024\/03\/cropped-image_2024-03-26_131408877.png","contentUrl":"https:\/\/comprehensiveliquor.com\/wp-content\/uploads\/2024\/03\/cropped-image_2024-03-26_131408877.png","width":378,"height":263,"caption":"Comprehensive Liquor"},"image":{"@id":"https:\/\/comprehensiveliquor.com\/#\/schema\/logo\/image\/"}}]}},"_links":{"self":[{"href":"https:\/\/comprehensiveliquor.com\/pt\/wp-json\/wp\/v2\/product\/4887","targetHints":{"allow":["GET"]}}],"collection":[{"href":"https:\/\/comprehensiveliquor.com\/pt\/wp-json\/wp\/v2\/product"}],"about":[{"href":"https:\/\/comprehensiveliquor.com\/pt\/wp-json\/wp\/v2\/types\/product"}],"replies":[{"embeddable":true,"href":"https:\/\/comprehensiveliquor.com\/pt\/wp-json\/wp\/v2\/comments?post=4887"}],"wp:featuredmedia":[{"embeddable":true,"href":"https:\/\/comprehensiveliquor.com\/pt\/wp-json\/wp\/v2\/media\/4889"}],"wp:attachment":[{"href":"https:\/\/comprehensiveliquor.com\/pt\/wp-json\/wp\/v2\/media?parent=4887"}],"wp:term":[{"taxonomy":"product_brand","embeddable":true,"href":"https:\/\/comprehensiveliquor.com\/pt\/wp-json\/wp\/v2\/product_brand?post=4887"},{"taxonomy":"product_cat","embeddable":true,"href":"https:\/\/comprehensiveliquor.com\/pt\/wp-json\/wp\/v2\/product_cat?post=4887"},{"taxonomy":"product_tag","embeddable":true,"href":"https:\/\/comprehensiveliquor.com\/pt\/wp-json\/wp\/v2\/product_tag?post=4887"}],"curies":[{"name":"wp","href":"https:\/\/api.w.org\/{rel}","templated":true}]}}