{"id":1968,"date":"2022-10-14T21:20:28","date_gmt":"2022-10-14T21:20:28","guid":{"rendered":"https:\/\/comprehensiveliquor.com\/?page_id=1968"},"modified":"2022-10-23T11:59:30","modified_gmt":"2022-10-23T11:59:30","slug":"shipping-information","status":"publish","type":"page","link":"https:\/\/comprehensiveliquor.com\/sr\/shipping-information\/","title":{"rendered":"\u0418\u043d\u0444\u043e\u0440\u043c\u0430\u0446\u0438\u0458\u0435 \u043e \u0438\u0441\u043f\u043e\u0440\u0443\u0446\u0438"},"content":{"rendered":"<p>\u0414\u0430 \u0431\u0438\u0441\u0442\u0435 \u0441\u0430\u0437\u043d\u0430\u043b\u0438 \u0442\u0440\u043e\u0448\u043a\u043e\u0432\u0435 \u0438\u0441\u043f\u043e\u0440\u0443\u043a\u0435 \u043f\u0440\u0435 \u043a\u0443\u043f\u043e\u0432\u0438\u043d\u0435, \u043a\u043e\u0440\u0438\u0441\u0442\u0438\u0442\u0435 \u043d\u0430\u0448 \u043a\u0430\u043b\u043a\u0443\u043b\u0430\u0442\u043e\u0440 \u0437\u0430 \u0438\u0441\u043f\u043e\u0440\u0443\u043a\u0443 \u043f\u0440\u0438\u043b\u0438\u043a\u043e\u043c \u043f\u043b\u0430\u045b\u0430\u045a\u0430. \u0418\u0437\u0430\u0431\u0435\u0440\u0438\u0442\u0435 \u0430\u0440\u0442\u0438\u043a\u043b\u0435 \u043a\u043e\u0458\u0435 \u0436\u0435\u043b\u0438\u0442\u0435 \u0434\u0430 \u043a\u0443\u043f\u0438\u0442\u0435. \u0421\u0430\u043c\u043e \u0443\u043d\u0435\u0441\u0438\u0442\u0435 \u0441\u0432\u043e\u0458 \u043f\u043e\u0448\u0442\u0430\u043d\u0441\u043a\u0438 \u0431\u0440\u043e\u0458 \u043d\u0430 \u0441\u0442\u0440\u0430\u043d\u0438\u0446\u0438 \u0441\u0430 \u0440\u0435\u0437\u0438\u043c\u0435\u043e\u043c \u043f\u043e\u0440\u0443\u045f\u0431\u0438\u043d\u0435 \u0438 \u043e\u043d \u045b\u0435 \u0438\u0437\u0440\u0430\u0447\u0443\u043d\u0430\u0442\u0438 \u0442\u0440\u043e\u0448\u043a\u043e\u0432\u0435 \u0438\u0441\u043f\u043e\u0440\u0443\u043a\u0435 \u043d\u0430 \u0432\u0430\u0448 \u043f\u043e\u0448\u0442\u0430\u043d\u0441\u043a\u0438 \u0431\u0440\u043e\u0458.<\/p>\n\n\n\n<p><strong>\u041a\u043e\u0440\u0438\u0441\u0442\u0438\u043c\u043e \u043a\u043e\u043c\u0431\u0438\u043d\u0430\u0446\u0438\u0458\u0443 UPS-\u0430 \u0438 FedEx-\u0430<\/strong>&nbsp;\u0434\u0430 \u0438\u0441\u043f\u043e\u0440\u0443\u0447\u0438 \u0441\u0432\u0435 \u043f\u0430\u043a\u0435\u0442\u0435. \u041a\u0443\u0440\u0438\u0440\u0441\u043a\u0430 \u0441\u043b\u0443\u0436\u0431\u0430 \u043d\u0435 \u0432\u0440\u0448\u0438 \u0434\u043e\u0441\u0442\u0430\u0432\u0443 \u043d\u0430 \u043f\u043e\u0448\u0442\u0430\u043d\u0441\u043a\u0435 \u0444\u0430\u0445\u043e\u0432\u0435, \u0430\u043b\u0438 \u0432\u0440\u0448\u0438 \u0434\u043e\u0441\u0442\u0430\u0432\u0443 \u043d\u0430 \u0441\u0432\u0435 \u0441\u0442\u0430\u043c\u0431\u0435\u043d\u0435 \u0438 \u043f\u043e\u0441\u043b\u043e\u0432\u043d\u0435 \u0430\u0434\u0440\u0435\u0441\u0435.<\/p>\n\n\n\n<p><strong>\u0417\u0430\u043a\u043e\u043d\u0441\u043a\u0430 \u0441\u0442\u0430\u0440\u043e\u0441\u043d\u0430 \u0433\u0440\u0430\u043d\u0438\u0446\u0430<\/strong>\u00a0Ka\u017ed\u00e1 z\u00e1silka alkoholu mus\u00ed b\u00fdt podeps\u00e1na dosp\u011blou osobou, kter\u00e1 je <strong>81 \u0433\u043e\u0434\u0438\u043d\u0430 \u0438\u043b\u0438 \u0432\u0438\u0448\u0435.<\/strong>\u00a0\u0411\u0435\u0437 \u0438\u0437\u0443\u0437\u0435\u0442\u0430\u043a\u0430. \u041f\u043e\u0448\u0438\u0459\u043a\u0435 \u0430\u043b\u043a\u043e\u0445\u043e\u043b\u0430 \u0441\u0435 \u0448\u0430\u0459\u0443 \u0441\u0430\u00a0<strong>\u201e\u041f\u043e\u0442\u043f\u0438\u0441 \u043e\u0434\u0440\u0430\u0441\u043b\u0435 \u043e\u0441\u043e\u0431\u0435 \u0458\u0435 \u043f\u043e\u0442\u0440\u0435\u0431\u0430\u043d\u201c<\/strong>\u00a0\u043e\u0434\u0440\u0435\u0434\u0431\u0430, \u0430 \u0437\u0430\u0458\u0435\u0434\u043d\u0438\u0447\u043a\u0438 \u043f\u0440\u0435\u0432\u043e\u0437\u043d\u0438\u043a \u043a\u043e\u0458\u0438 \u0441\u0435 \u043a\u043e\u0440\u0438\u0441\u0442\u0438 \u0437\u0430 \u0438\u0441\u043f\u043e\u0440\u0443\u043a\u0443 \u0458\u0435 \u0434\u0443\u0436\u0430\u043d \u0434\u0430 \u0437\u0430\u0442\u0440\u0430\u0436\u0438 \u0438 \u0432\u0435\u0440\u0438\u0444\u0438\u043a\u0443\u0458\u0435 \u0438\u0434\u0435\u043d\u0442\u0438\u0444\u0438\u043a\u0430\u0446\u0438\u043e\u043d\u0438 \u0434\u043e\u043a\u0443\u043c\u0435\u043d\u0442 \u043f\u0440\u0435 \u0438\u0441\u043f\u043e\u0440\u0443\u043a\u0435 \u0440\u043e\u0431\u0435.<\/p>\n\n\n\n<p><strong>\u041f\u043e\u0442\u0440\u0435\u0431\u0430\u043d \u0458\u0435 \u043f\u043e\u0442\u043f\u0438\u0441 \u043e\u0434\u0440\u0430\u0441\u043b\u0435 \u043e\u0441\u043e\u0431\u0435<\/strong>\u00a0\u041f\u0440\u0438\u043b\u0438\u043a\u043e\u043c \u0438\u0441\u043f\u043e\u0440\u0443\u043a\u0435, \u0441\u0432\u0435 \u043a\u0443\u043f\u043e\u0432\u0438\u043d\u0435 \u043c\u043e\u0440\u0430\u0458\u0443 \u0438\u0437\u0432\u0440\u0448\u0438\u0442\u0438 \u043e\u0441\u043e\u0431\u0435 \u0441\u0442\u0430\u0440\u0438\u0458\u0435 \u043e\u0434 18 \u0433\u043e\u0434\u0438\u043d\u0430. \u0414\u043e\u0441\u0442\u0430\u0432\u0459\u0430\u0447 \u045b\u0435 \u0437\u0430\u0445\u0442\u0435\u0432\u0430\u0442\u0438 \u0434\u043e\u043a\u0430\u0437 \u043e \u0441\u0442\u0430\u0440\u043e\u0441\u0442\u0438, \u0430 \u0437\u0430 \u0441\u0432\u0435 \u0438\u0441\u043f\u043e\u0440\u0443\u043a\u0435 \u0458\u0435 \u043f\u043e\u0442\u0440\u0435\u0431\u0430\u043d \u043f\u043e\u0442\u043f\u0438\u0441. \u0421\u0430\u043c\u043e \u043e\u0441\u043e\u0431\u0435 \u0441\u0442\u0430\u0440\u0438\u0458\u0435 \u043e\u0434 18 \u0433\u043e\u0434\u0438\u043d\u0430 \u043c\u043e\u0433\u0443 \u043f\u0440\u0438\u0445\u0432\u0430\u0442\u0438\u0442\u0438 \u0438\u0441\u043f\u043e\u0440\u0443\u043a\u0443.<\/p>\n\n\n\n<p><a href=\"https:\/\/www.fedex.com\/en-cm\/home.html\" target=\"_blank\" rel=\"noopener\" title=\"\">FedEx<\/a><strong><strong> <\/strong><\/strong>\u0438 <strong>UPS<\/strong> \u041d\u0435\u045b\u0435\u043c\u043e \u0434\u043e\u0441\u0442\u0430\u0432\u0459\u0430\u0442\u0438 \u043f\u0438\u0458\u0430\u043d\u0438\u043c \u043e\u0441\u043e\u0431\u0430\u043c\u0430. \u041c\u043e\u043b\u0438\u043c\u043e \u0432\u0430\u0441 \u0434\u0430 \u043f\u0438\u0458\u0435\u0442\u0435 \u043e\u0434\u0433\u043e\u0432\u043e\u0440\u043d\u043e. \u0423\u043a\u043e\u043b\u0438\u043a\u043e \u043d\u0438\u043a\u043e \u0441\u0442\u0430\u0440\u0438\u0458\u0438 \u043e\u0434 18 \u0433\u043e\u0434\u0438\u043d\u0430 \u043d\u0438\u0458\u0435 \u0434\u043e\u0441\u0442\u0443\u043f\u0430\u043d \u0434\u0430 \u043f\u043e\u0442\u043f\u0438\u0448\u0435 \u043f\u0430\u043a\u0435\u0442, \u043e\u043d \u043d\u0435\u045b\u0435 \u0431\u0438\u0442\u0438 \u043e\u0441\u0442\u0430\u0432\u0459\u0435\u043d. \u0421\u0442\u043e\u0433\u0430 \u0432\u0430\u043c \u043f\u0440\u0435\u043f\u043e\u0440\u0443\u0447\u0443\u0458\u0435\u043c\u043e \u0434\u0430 \u043f\u043e\u0448\u0430\u0459\u0435\u0442\u0435 \u043d\u0430 \u043f\u043e\u0441\u043b\u043e\u0432\u043d\u0443 \u0430\u0434\u0440\u0435\u0441\u0443. \u041d\u0435 \u043c\u043e\u0436\u0435\u043c\u043e \u0434\u043e\u0441\u0442\u0430\u0432\u0459\u0430\u0442\u0438 \u043d\u0430 \u043f\u043e\u0448\u0442\u0430\u043d\u0441\u043a\u0435 \u0444\u0430\u0445\u043e\u0432\u0435, FPO \u0438\u043b\u0438 APO \u0430\u0434\u0440\u0435\u0441\u0435.<\/p>\n\n\n\n<h4 class=\"wp-block-heading\">\u0414\u0430 \u043b\u0438 \u0438\u0441\u043f\u043e\u0440\u0443\u0447\u0443\u0458\u0435\u0442\u0435 \u0443 \u043c\u043e\u0458\u0443 \u0437\u0435\u043c\u0459\u0443 \u0438\u043b\u0438 \u0434\u0440\u0436\u0430\u0432\u0443?<\/h4>\n\n\n\n<p>\u0412\u0440\u0448\u0438\u043c\u043e \u0438\u0441\u043f\u043e\u0440\u0443\u043a\u0443 \u0443 \u0415\u0432\u0440\u043e\u043f\u0443, \u0410\u0437\u0438\u0458\u0443, \u041a\u0430\u043d\u0430\u0434\u0443 \u0438 \u0421\u0410\u0414, \u0430\u043a\u043e \u0437\u0430\u043a\u043e\u043d\u0438 \u0434\u043e\u0437\u0432\u043e\u0459\u0430\u0432\u0430\u0458\u0443 \u0438\u0441\u043f\u043e\u0440\u0443\u043a\u0443 \u0430\u043b\u043a\u043e\u0445\u043e\u043b\u043d\u0438\u0445 \u043f\u0440\u043e\u0438\u0437\u0432\u043e\u0434\u0430 \u0443 \u0432\u0430\u0448\u0443 \u0434\u0440\u0436\u0430\u0432\u0443 \u0438\u043b\u0438 \u043e\u043a\u0440\u0443\u0433.<\/p>\n\n\n\n<h4 class=\"wp-block-heading\">\u0414\u0430 \u043b\u0438 \u043c\u043e\u0458\u0430 \u0430\u0434\u0440\u0435\u0441\u0430 \u0437\u0430 \u0438\u0441\u043f\u043e\u0440\u0443\u043a\u0443 \u043c\u043e\u0436\u0435 \u0431\u0438\u0442\u0438 \u0434\u0440\u0443\u0433\u0430\u0447\u0438\u0458\u0430 \u043e\u0434 \u043c\u043e\u0458\u0435 \u0430\u0434\u0440\u0435\u0441\u0435 \u0437\u0430 \u043f\u043b\u0430\u045b\u0430\u045a\u0435 \u043a\u0430\u0434\u0430 \u043d\u0430\u0440\u0443\u0447\u0443\u0458\u0435\u043c?<\/h4>\n\n\n\n<p>\u0414\u0430, \u043c\u043e\u0436\u0435\u0442\u0435 \u043d\u0430\u0440\u0443\u0447\u0438\u0442\u0438 \u0438 \u043f\u043e\u0441\u043b\u0430\u0442\u0438 \u0458\u0435 \u043d\u0430 \u0430\u0434\u0440\u0435\u0441\u0443 \u043a\u043e\u0458\u0430 \u0441\u0435 \u0440\u0430\u0437\u043b\u0438\u043a\u0443\u0458\u0435 \u043e\u0434 \u0432\u0430\u0448\u0435 \u0430\u0434\u0440\u0435\u0441\u0435 \u0437\u0430 \u043d\u0430\u043f\u043b\u0430\u0442\u0443.<\/p>\n\n\n\n<h4 class=\"wp-block-heading\">When will my order be shipped?<\/h4>\n\n\n\n<p>\u041a\u0430\u0434\u0430 \u043f\u043e\u0442\u0432\u0440\u0434\u0438\u043c\u043e \u0443\u043f\u043b\u0430\u0442\u0443, \u043f\u043e\u0447\u0438\u045a\u0435\u043c\u043e \u0441\u0430 \u043e\u0431\u0440\u0430\u0434\u043e\u043c \u0432\u0430\u0448\u0435 \u043f\u043e\u0440\u0443\u045f\u0431\u0438\u043d\u0435, \u0448\u0442\u043e \u0442\u0440\u0430\u0458\u0435 \u043d\u0430\u0458\u0432\u0438\u0448\u0435 12 \u0441\u0430\u0442\u0438 \u043f\u0440\u0435 \u043d\u0435\u0433\u043e \u0448\u0442\u043e \u0431\u0443\u0434\u0435 \u0441\u043f\u0440\u0435\u043c\u043d\u0430 \u0437\u0430 \u0441\u043b\u0430\u045a\u0435. \u0428\u0430\u0459\u0435\u043c\u043e \u0441\u043b\u0435\u0434\u0435\u045b\u0435\u0433 \u0440\u0430\u0434\u043d\u043e\u0433 \u0434\u0430\u043d\u0430 \u0438 \u0438\u043c\u0430\u043c\u043e \u043f\u043e\u043b\u0438\u0442\u0438\u043a\u0443 \u0432\u0440\u0430\u045b\u0430\u045a\u0430 \u0443 \u0440\u043e\u043a\u0443 \u043e\u0434 14 \u0434\u0430\u043d\u0430 \u0437\u0430 \u0430\u0440\u0442\u0438\u043a\u043b\u0435 \u043a\u0443\u043f\u0459\u0435\u043d\u0435 \u0433\u0440\u0435\u0448\u043a\u043e\u043c. \u041c\u043e\u0440\u0430\u0458\u0443 \u0431\u0438\u0442\u0438 \u0444\u0430\u0431\u0440\u0438\u0447\u043a\u0438 \u0437\u0430\u043f\u0435\u0447\u0430\u045b\u0435\u043d\u0438 \u0438 \u0443 \u043e\u0440\u0438\u0433\u0438\u043d\u0430\u043b\u043d\u043e\u043c \u0441\u0442\u0430\u045a\u0443. \u041a\u0443\u043f\u0430\u0446 \u0441\u0432\u0438\u0445 \u0430\u043b\u043a\u043e\u0445\u043e\u043b\u043d\u0438\u0445 \u043f\u0438\u045b\u0430 \u0438\u0437\u0458\u0430\u0432\u0459\u0443\u0458\u0435 \u0434\u0430 \u043f\u043e\u0441\u0442\u0443\u043f\u0430 \u0443 \u0441\u043a\u043b\u0430\u0434\u0443 \u0441\u0430 \u043b\u043e\u043a\u0430\u043b\u043d\u0438\u043c \u0438 \u0434\u0440\u0436\u0430\u0432\u043d\u0438\u043c \u0437\u0430\u043a\u043e\u043d\u0438\u043c\u0430 \u0443 \u0432\u0435\u0437\u0438 \u0441\u0430 \u043a\u0443\u043f\u043e\u0432\u0438\u043d\u043e\u043c.<\/p>\n\n\n\n<h4 class=\"wp-block-heading\">\u0422\u0440\u0430\u0458\u0430\u045a\u0435 \u0438\u0441\u043f\u043e\u0440\u0443\u043a\u0435.<\/h4>\n\n\n\n<p>\u0420\u043e\u043a \u0438\u0441\u043f\u043e\u0440\u0443\u043a\u0435 \u0443 \u0421\u0410\u0414 (\u0421\u0458\u0435\u0434\u0438\u045a\u0435\u043d\u0435 \u0410\u043c\u0435\u0440\u0438\u0447\u043a\u0435 \u0414\u0440\u0436\u0430\u0432\u0435) \u0458\u0435 3 \u0434\u043e 4 \u0440\u0430\u0434\u043d\u0430 \u0434\u0430\u043d\u0430, \u0430 \u0443...\u00a0<strong>Canada,\u00a0<\/strong>3 \u0434\u043e 5 \u0438\u043d\u0447\u0430\u00a0<strong>Asia<\/strong>, 2 \u0434\u043e 3 \u0443 \u0415\u0432\u0440\u043e\u043f\u0438 \u0438 3 \u0434\u043e 7 \u0434\u0430\u043d\u0430 \u0434\u043e\u00a0<strong>\u0431\u0440\u043e\u0434 \u0437\u0430 \u0410\u0443\u0441\u0442\u0440\u0430\u043b\u0438\u0458\u0443<\/strong>, \u0443 \u0437\u0430\u0432\u0438\u0441\u043d\u043e\u0441\u0442\u0438 \u043e\u0434 \u043b\u043e\u043a\u0430\u0446\u0438\u0458\u0435 \u043a\u0443\u043f\u0446\u0430.<\/p>","protected":false},"excerpt":{"rendered":"<p>To find out your shipping cost before purchasing, please use our shipping calculator at check out. Pick the items you would like to purchase. Just enter your zip code on the order summary page and it will calculate shipping charges to your zip code. We use a combination of UPS and FedEx&nbsp;to deliver all packages. [&hellip;]<\/p>\n","protected":false},"author":1,"featured_media":0,"parent":0,"menu_order":0,"comment_status":"closed","ping_status":"closed","template":"","meta":{"site-sidebar-layout":"default","site-content-layout":"","ast-site-content-layout":"default","site-content-style":"default","site-sidebar-style":"default","ast-global-header-display":"","ast-banner-title-visibility":"","ast-main-header-display":"","ast-hfb-above-header-display":"","ast-hfb-below-header-display":"","ast-hfb-mobile-header-display":"","site-post-title":"","ast-breadcrumbs-content":"","ast-featured-img":"","footer-sml-layout":"","ast-disable-related-posts":"","theme-transparent-header-meta":"","adv-header-id-meta":"","stick-header-meta":"","header-above-stick-meta":"","header-main-stick-meta":"","header-below-stick-meta":"","astra-migrate-meta-layouts":"default","ast-page-background-enabled":"default","ast-page-background-meta":{"desktop":{"background-color":"","background-image":"","background-repeat":"repeat","background-position":"center center","background-size":"auto","background-attachment":"scroll","background-type":"","background-media":"","overlay-type":"","overlay-color":"","overlay-opacity":"","overlay-gradient":""},"tablet":{"background-color":"","background-image":"","background-repeat":"repeat","background-position":"center center","background-size":"auto","background-attachment":"scroll","background-type":"","background-media":"","overlay-type":"","overlay-color":"","overlay-opacity":"","overlay-gradient":""},"mobile":{"background-color":"","background-image":"","background-repeat":"repeat","background-position":"center center","background-size":"auto","background-attachment":"scroll","background-type":"","background-media":"","overlay-type":"","overlay-color":"","overlay-opacity":"","overlay-gradient":""}},"ast-content-background-meta":{"desktop":{"background-color":"var(--ast-global-color-5)","background-image":"","background-repeat":"repeat","background-position":"center center","background-size":"auto","background-attachment":"scroll","background-type":"","background-media":"","overlay-type":"","overlay-color":"","overlay-opacity":"","overlay-gradient":""},"tablet":{"background-color":"var(--ast-global-color-5)","background-image":"","background-repeat":"repeat","background-position":"center center","background-size":"auto","background-attachment":"scroll","background-type":"","background-media":"","overlay-type":"","overlay-color":"","overlay-opacity":"","overlay-gradient":""},"mobile":{"background-color":"var(--ast-global-color-5)","background-image":"","background-repeat":"repeat","background-position":"center center","background-size":"auto","background-attachment":"scroll","background-type":"","background-media":"","overlay-type":"","overlay-color":"","overlay-opacity":"","overlay-gradient":""}},"footnotes":""},"class_list":["post-1968","page","type-page","status-publish","hentry"],"yoast_head":"<!-- This site is optimized with the Yoast SEO Premium plugin v24.7 (Yoast SEO v27.5) - https:\/\/yoast.com\/product\/yoast-seo-premium-wordpress\/ -->\n<title>Shipping Information | Comprehensive Liquor<\/title>\n<meta name=\"description\" content=\"To find out your shipping cost before purchasing, please use our shipping calculator at check out. Pick the items you would like to purchase. Just enter\" \/>\n<meta name=\"robots\" content=\"index, follow, max-snippet:-1, max-image-preview:large, max-video-preview:-1\" \/>\n<link rel=\"canonical\" href=\"https:\/\/comprehensiveliquor.com\/sr\/shipping-information\/\" \/>\n<meta property=\"og:locale\" content=\"sr_RS\" \/>\n<meta property=\"og:type\" content=\"article\" \/>\n<meta property=\"og:title\" content=\"Shipping Information\" \/>\n<meta property=\"og:description\" content=\"To find out your shipping cost before purchasing, please use our shipping calculator at check out. Pick the items you would like to purchase. Just enter\" \/>\n<meta property=\"og:url\" content=\"https:\/\/comprehensiveliquor.com\/sr\/shipping-information\/\" \/>\n<meta property=\"og:site_name\" content=\"Comprehensive Liquor\" \/>\n<meta property=\"article:modified_time\" content=\"2022-10-23T11:59:30+00:00\" \/>\n<meta name=\"twitter:card\" content=\"summary_large_image\" \/>\n<meta name=\"twitter:label1\" content=\"\u041f\u0440\u043e\u0446\u0435\u045a\u0435\u043d\u043e \u0432\u0440\u0435\u043c\u0435 \u0447\u0438\u0442\u0430\u045a\u0430\" \/>\n\t<meta name=\"twitter:data1\" content=\"2 \u043c\u0438\u043d\u0443\u0442\u0430\" \/>\n<script type=\"application\/ld+json\" class=\"yoast-schema-graph\">{\"@context\":\"https:\\\/\\\/schema.org\",\"@graph\":[{\"@type\":\"WebPage\",\"@id\":\"https:\\\/\\\/comprehensiveliquor.com\\\/shipping-information\\\/\",\"url\":\"https:\\\/\\\/comprehensiveliquor.com\\\/shipping-information\\\/\",\"name\":\"Shipping Information | Comprehensive Liquor\",\"isPartOf\":{\"@id\":\"https:\\\/\\\/comprehensiveliquor.com\\\/#website\"},\"datePublished\":\"2022-10-14T21:20:28+00:00\",\"dateModified\":\"2022-10-23T11:59:30+00:00\",\"description\":\"To find out your shipping cost before purchasing, please use our shipping calculator at check out. Pick the items you would like to purchase. Just enter\",\"breadcrumb\":{\"@id\":\"https:\\\/\\\/comprehensiveliquor.com\\\/shipping-information\\\/#breadcrumb\"},\"inLanguage\":\"sr-RS\",\"potentialAction\":[{\"@type\":\"ReadAction\",\"target\":[\"https:\\\/\\\/comprehensiveliquor.com\\\/shipping-information\\\/\"]}]},{\"@type\":\"BreadcrumbList\",\"@id\":\"https:\\\/\\\/comprehensiveliquor.com\\\/shipping-information\\\/#breadcrumb\",\"itemListElement\":[{\"@type\":\"ListItem\",\"position\":1,\"name\":\"Home\",\"item\":\"https:\\\/\\\/comprehensiveliquor.com\\\/\"},{\"@type\":\"ListItem\",\"position\":2,\"name\":\"Shipping Information\"}]},{\"@type\":\"WebSite\",\"@id\":\"https:\\\/\\\/comprehensiveliquor.com\\\/#website\",\"url\":\"https:\\\/\\\/comprehensiveliquor.com\\\/\",\"name\":\"Comprehensive Liquor\",\"description\":\"Best Liquor Store\",\"publisher\":{\"@id\":\"https:\\\/\\\/comprehensiveliquor.com\\\/#organization\"},\"alternateName\":\"Comprehensive Liquor Store\",\"potentialAction\":[{\"@type\":\"SearchAction\",\"target\":{\"@type\":\"EntryPoint\",\"urlTemplate\":\"https:\\\/\\\/comprehensiveliquor.com\\\/?s={search_term_string}\"},\"query-input\":{\"@type\":\"PropertyValueSpecification\",\"valueRequired\":true,\"valueName\":\"search_term_string\"}}],\"inLanguage\":\"sr-RS\"},{\"@type\":\"Organization\",\"@id\":\"https:\\\/\\\/comprehensiveliquor.com\\\/#organization\",\"name\":\"Comprehensive Liquor\",\"alternateName\":\"Comprehensive Liquor Store\",\"url\":\"https:\\\/\\\/comprehensiveliquor.com\\\/\",\"logo\":{\"@type\":\"ImageObject\",\"inLanguage\":\"sr-RS\",\"@id\":\"https:\\\/\\\/comprehensiveliquor.com\\\/#\\\/schema\\\/logo\\\/image\\\/\",\"url\":\"https:\\\/\\\/comprehensiveliquor.com\\\/wp-content\\\/uploads\\\/2024\\\/03\\\/cropped-image_2024-03-26_131408877.png\",\"contentUrl\":\"https:\\\/\\\/comprehensiveliquor.com\\\/wp-content\\\/uploads\\\/2024\\\/03\\\/cropped-image_2024-03-26_131408877.png\",\"width\":378,\"height\":263,\"caption\":\"Comprehensive Liquor\"},\"image\":{\"@id\":\"https:\\\/\\\/comprehensiveliquor.com\\\/#\\\/schema\\\/logo\\\/image\\\/\"}}]}<\/script>\n<!-- \/ Yoast SEO Premium plugin. -->","yoast_head_json":{"title":"Shipping Information | Comprehensive Liquor","description":"\u0414\u0430 \u0431\u0438\u0441\u0442\u0435 \u0441\u0430\u0437\u043d\u0430\u043b\u0438 \u0442\u0440\u043e\u0448\u043a\u043e\u0432\u0435 \u0434\u043e\u0441\u0442\u0430\u0432\u0435 \u043f\u0440\u0435 \u043a\u0443\u043f\u043e\u0432\u0438\u043d\u0435, \u043a\u043e\u0440\u0438\u0441\u0442\u0438\u0442\u0435 \u043d\u0430\u0448 \u043a\u0430\u043b\u043a\u0443\u043b\u0430\u0442\u043e\u0440 \u0434\u043e\u0441\u0442\u0430\u0432\u0435 \u043f\u0440\u0438\u043b\u0438\u043a\u043e\u043c \u043f\u043b\u0430\u045b\u0430\u045a\u0430. \u0418\u0437\u0430\u0431\u0435\u0440\u0438\u0442\u0435 \u0430\u0440\u0442\u0438\u043a\u043b\u0435 \u043a\u043e\u0458\u0435 \u0436\u0435\u043b\u0438\u0442\u0435 \u0434\u0430 \u043a\u0443\u043f\u0438\u0442\u0435. \u0421\u0430\u043c\u043e \u0443\u043d\u0435\u0441\u0438\u0442\u0435","robots":{"index":"index","follow":"follow","max-snippet":"max-snippet:-1","max-image-preview":"max-image-preview:large","max-video-preview":"max-video-preview:-1"},"canonical":"https:\/\/comprehensiveliquor.com\/sr\/shipping-information\/","og_locale":"sr_RS","og_type":"article","og_title":"Shipping Information","og_description":"To find out your shipping cost before purchasing, please use our shipping calculator at check out. Pick the items you would like to purchase. Just enter","og_url":"https:\/\/comprehensiveliquor.com\/sr\/shipping-information\/","og_site_name":"Comprehensive Liquor","article_modified_time":"2022-10-23T11:59:30+00:00","twitter_card":"summary_large_image","twitter_misc":{"\u041f\u0440\u043e\u0446\u0435\u045a\u0435\u043d\u043e \u0432\u0440\u0435\u043c\u0435 \u0447\u0438\u0442\u0430\u045a\u0430":"2 \u043c\u0438\u043d\u0443\u0442\u0430"},"schema":{"@context":"https:\/\/schema.org","@graph":[{"@type":"WebPage","@id":"https:\/\/comprehensiveliquor.com\/shipping-information\/","url":"https:\/\/comprehensiveliquor.com\/shipping-information\/","name":"Shipping Information | Comprehensive Liquor","isPartOf":{"@id":"https:\/\/comprehensiveliquor.com\/#website"},"datePublished":"2022-10-14T21:20:28+00:00","dateModified":"2022-10-23T11:59:30+00:00","description":"\u0414\u0430 \u0431\u0438\u0441\u0442\u0435 \u0441\u0430\u0437\u043d\u0430\u043b\u0438 \u0442\u0440\u043e\u0448\u043a\u043e\u0432\u0435 \u0434\u043e\u0441\u0442\u0430\u0432\u0435 \u043f\u0440\u0435 \u043a\u0443\u043f\u043e\u0432\u0438\u043d\u0435, \u043a\u043e\u0440\u0438\u0441\u0442\u0438\u0442\u0435 \u043d\u0430\u0448 \u043a\u0430\u043b\u043a\u0443\u043b\u0430\u0442\u043e\u0440 \u0434\u043e\u0441\u0442\u0430\u0432\u0435 \u043f\u0440\u0438\u043b\u0438\u043a\u043e\u043c \u043f\u043b\u0430\u045b\u0430\u045a\u0430. \u0418\u0437\u0430\u0431\u0435\u0440\u0438\u0442\u0435 \u0430\u0440\u0442\u0438\u043a\u043b\u0435 \u043a\u043e\u0458\u0435 \u0436\u0435\u043b\u0438\u0442\u0435 \u0434\u0430 \u043a\u0443\u043f\u0438\u0442\u0435. \u0421\u0430\u043c\u043e \u0443\u043d\u0435\u0441\u0438\u0442\u0435","breadcrumb":{"@id":"https:\/\/comprehensiveliquor.com\/shipping-information\/#breadcrumb"},"inLanguage":"sr-RS","potentialAction":[{"@type":"ReadAction","target":["https:\/\/comprehensiveliquor.com\/shipping-information\/"]}]},{"@type":"BreadcrumbList","@id":"https:\/\/comprehensiveliquor.com\/shipping-information\/#breadcrumb","itemListElement":[{"@type":"ListItem","position":1,"name":"Home","item":"https:\/\/comprehensiveliquor.com\/"},{"@type":"ListItem","position":2,"name":"Shipping Information"}]},{"@type":"WebSite","@id":"https:\/\/comprehensiveliquor.com\/#website","url":"https:\/\/comprehensiveliquor.com\/","name":"\u0426\u043e\u043c\u043f\u0440\u0435\u0445\u0435\u043d\u0441\u0438\u0432\u0435 \u041b\u0438\u043a\u0443\u043e\u0440","description":"Best Liquor Store","publisher":{"@id":"https:\/\/comprehensiveliquor.com\/#organization"},"alternateName":"Comprehensive Liquor Store","potentialAction":[{"@type":"SearchAction","target":{"@type":"EntryPoint","urlTemplate":"https:\/\/comprehensiveliquor.com\/?s={search_term_string}"},"query-input":{"@type":"PropertyValueSpecification","valueRequired":true,"valueName":"search_term_string"}}],"inLanguage":"sr-RS"},{"@type":"Organization","@id":"https:\/\/comprehensiveliquor.com\/#organization","name":"\u0426\u043e\u043c\u043f\u0440\u0435\u0445\u0435\u043d\u0441\u0438\u0432\u0435 \u041b\u0438\u043a\u0443\u043e\u0440","alternateName":"Comprehensive Liquor Store","url":"https:\/\/comprehensiveliquor.com\/","logo":{"@type":"ImageObject","inLanguage":"sr-RS","@id":"https:\/\/comprehensiveliquor.com\/#\/schema\/logo\/image\/","url":"https:\/\/comprehensiveliquor.com\/wp-content\/uploads\/2024\/03\/cropped-image_2024-03-26_131408877.png","contentUrl":"https:\/\/comprehensiveliquor.com\/wp-content\/uploads\/2024\/03\/cropped-image_2024-03-26_131408877.png","width":378,"height":263,"caption":"Comprehensive Liquor"},"image":{"@id":"https:\/\/comprehensiveliquor.com\/#\/schema\/logo\/image\/"}}]}},"_links":{"self":[{"href":"https:\/\/comprehensiveliquor.com\/sr\/wp-json\/wp\/v2\/pages\/1968","targetHints":{"allow":["GET"]}}],"collection":[{"href":"https:\/\/comprehensiveliquor.com\/sr\/wp-json\/wp\/v2\/pages"}],"about":[{"href":"https:\/\/comprehensiveliquor.com\/sr\/wp-json\/wp\/v2\/types\/page"}],"author":[{"embeddable":true,"href":"https:\/\/comprehensiveliquor.com\/sr\/wp-json\/wp\/v2\/users\/1"}],"replies":[{"embeddable":true,"href":"https:\/\/comprehensiveliquor.com\/sr\/wp-json\/wp\/v2\/comments?post=1968"}],"version-history":[{"count":0,"href":"https:\/\/comprehensiveliquor.com\/sr\/wp-json\/wp\/v2\/pages\/1968\/revisions"}],"wp:attachment":[{"href":"https:\/\/comprehensiveliquor.com\/sr\/wp-json\/wp\/v2\/media?parent=1968"}],"curies":[{"name":"wp","href":"https:\/\/api.w.org\/{rel}","templated":true}]}}