{"id":1968,"date":"2022-10-14T21:20:28","date_gmt":"2022-10-14T21:20:28","guid":{"rendered":"https:\/\/comprehensiveliquor.com\/?page_id=1968"},"modified":"2022-10-23T11:59:30","modified_gmt":"2022-10-23T11:59:30","slug":"fraktinformation","status":"publish","type":"page","link":"https:\/\/comprehensiveliquor.com\/sv\/fraktinformation\/","title":{"rendered":"Fraktinformation"},"content":{"rendered":"<p>F\u00f6r att ta reda p\u00e5 din fraktkostnad innan du k\u00f6per, anv\u00e4nd v\u00e5r fraktkalkylator i kassan. V\u00e4lj de varor du vill k\u00f6pa. Ange bara ditt postnummer p\u00e5 order\u00f6versiktssidan s\u00e5 ber\u00e4knas fraktkostnaderna till ditt postnummer.<\/p>\n\n\n\n<p><strong>Vi anv\u00e4nder en kombination av UPS och FedEx<\/strong>&nbsp;att leverera alla paket. Fraktf\u00f6retaget skickar inte till postboxar, men skickar till alla bostads- och f\u00f6retagsadresser.<\/p>\n\n\n\n<p><strong>Lagligt \u00e5lderskrav<\/strong>\u00a0All alkoholleverans m\u00e5ste kvitteras av en vuxen som \u00e4r <strong>81 \u00e5r eller \u00e4ldre.<\/strong>\u00a0Inga undantag. Alkoholleveranser skickas med en\u00a0<strong>\"Vuxen underskrift kr\u00e4vs\"<\/strong>\u00a0best\u00e4mmelse, och den gemensamma transport\u00f6ren som anv\u00e4nds f\u00f6r leverans \u00e4r skyldig att beg\u00e4ra och verifiera ID innan varor levereras.<\/p>\n\n\n\n<p><strong>Vuxensignatur kr\u00e4vs<\/strong>\u00a0Vid leverans m\u00e5ste alla k\u00f6p g\u00f6ras av personer som \u00e4r 18 \u00e5r eller \u00e4ldre. Leveransf\u00f6retaget kr\u00e4ver \u00e5ldersbevis och en underskrift kr\u00e4vs f\u00f6r alla leveranser. Endast personer som \u00e4r 18 \u00e5r eller \u00e4ldre kan acceptera leverans.<\/p>\n\n\n\n<p><a href=\"https:\/\/www.fedex.com\/en-cm\/home.html\" target=\"_blank\" rel=\"noopener\" title=\"\">FedEx<\/a><strong><strong> <\/strong><\/strong>och <strong>UPS<\/strong> Levererar inte till berusade personer. Var v\u00e4nlig drick ansvarsfullt. Om ingen \u00f6ver 18 \u00e5r finns tillg\u00e4nglig f\u00f6r att skriva under f\u00f6r paketet kommer det inte att l\u00e4mnas. D\u00e4rf\u00f6r rekommenderar vi att du skickar till en arbets- eller f\u00f6retagsadress. Vi kan inte skicka till postboxadresser, FPO-adresser eller APO-adresser.<\/p>\n\n\n\n<h4 class=\"wp-block-heading\">Skickar ni till mitt land eller min delstat?<\/h4>\n\n\n\n<p>Vi skickar till Europa, Asien, Kanada och USA, om lagar till\u00e5ter att alkoholprodukter skickas till din delstat eller l\u00e4n.<\/p>\n\n\n\n<h4 class=\"wp-block-heading\">Kan min leveransadress skilja sig fr\u00e5n min faktureringsadress n\u00e4r jag best\u00e4ller?<\/h4>\n\n\n\n<p>Ja, du kan g\u00f6ra en best\u00e4llning och f\u00e5 den skickad till en annan adress \u00e4n din faktureringsadress.<\/p>\n\n\n\n<h4 class=\"wp-block-heading\">When will my order be shipped?<\/h4>\n\n\n\n<p>N\u00e4r vi bekr\u00e4ftar betalningen b\u00f6rjar vi behandla din best\u00e4llning, vilket tar maximalt 12 timmar innan din best\u00e4llning \u00e4r klar att skickas. Vi skickar n\u00e4sta arbetsdag och har 14 dagars returr\u00e4tt p\u00e5 varor som k\u00f6pts felaktigt. De m\u00e5ste vara fabriksf\u00f6rseglade och i originalskick. K\u00f6paren av alla alkoholhaltiga drycker f\u00f6rs\u00e4krar att han\/hon agerar i enlighet med lokala och nationella lagar g\u00e4llande k\u00f6pet.<\/p>\n\n\n\n<h4 class=\"wp-block-heading\">Leveranstiden.<\/h4>\n\n\n\n<p>Vi anv\u00e4nder 3 till 4 arbetsdagar f\u00f6r leverans inom USA (F\u00f6renta staterna), 3 till 4 dagar\u00a0<strong>Canada,\u00a0<\/strong>3 till 5 tum\u00a0<strong>Asia<\/strong>, 2 till 3 i Europa och 3 till 7 dagar till\u00a0<strong>fartyg till Australien<\/strong>, beroende p\u00e5 kundens plats.<\/p>","protected":false},"excerpt":{"rendered":"<p>To find out your shipping cost before purchasing, please use our shipping calculator at check out. Pick the items you would like to purchase. Just enter your zip code on the order summary page and it will calculate shipping charges to your zip code. We use a combination of UPS and FedEx&nbsp;to deliver all packages. [&hellip;]<\/p>\n","protected":false},"author":1,"featured_media":0,"parent":0,"menu_order":0,"comment_status":"closed","ping_status":"closed","template":"","meta":{"site-sidebar-layout":"default","site-content-layout":"","ast-site-content-layout":"default","site-content-style":"default","site-sidebar-style":"default","ast-global-header-display":"","ast-banner-title-visibility":"","ast-main-header-display":"","ast-hfb-above-header-display":"","ast-hfb-below-header-display":"","ast-hfb-mobile-header-display":"","site-post-title":"","ast-breadcrumbs-content":"","ast-featured-img":"","footer-sml-layout":"","ast-disable-related-posts":"","theme-transparent-header-meta":"","adv-header-id-meta":"","stick-header-meta":"","header-above-stick-meta":"","header-main-stick-meta":"","header-below-stick-meta":"","astra-migrate-meta-layouts":"default","ast-page-background-enabled":"default","ast-page-background-meta":{"desktop":{"background-color":"","background-image":"","background-repeat":"repeat","background-position":"center center","background-size":"auto","background-attachment":"scroll","background-type":"","background-media":"","overlay-type":"","overlay-color":"","overlay-opacity":"","overlay-gradient":""},"tablet":{"background-color":"","background-image":"","background-repeat":"repeat","background-position":"center center","background-size":"auto","background-attachment":"scroll","background-type":"","background-media":"","overlay-type":"","overlay-color":"","overlay-opacity":"","overlay-gradient":""},"mobile":{"background-color":"","background-image":"","background-repeat":"repeat","background-position":"center center","background-size":"auto","background-attachment":"scroll","background-type":"","background-media":"","overlay-type":"","overlay-color":"","overlay-opacity":"","overlay-gradient":""}},"ast-content-background-meta":{"desktop":{"background-color":"var(--ast-global-color-5)","background-image":"","background-repeat":"repeat","background-position":"center center","background-size":"auto","background-attachment":"scroll","background-type":"","background-media":"","overlay-type":"","overlay-color":"","overlay-opacity":"","overlay-gradient":""},"tablet":{"background-color":"var(--ast-global-color-5)","background-image":"","background-repeat":"repeat","background-position":"center center","background-size":"auto","background-attachment":"scroll","background-type":"","background-media":"","overlay-type":"","overlay-color":"","overlay-opacity":"","overlay-gradient":""},"mobile":{"background-color":"var(--ast-global-color-5)","background-image":"","background-repeat":"repeat","background-position":"center center","background-size":"auto","background-attachment":"scroll","background-type":"","background-media":"","overlay-type":"","overlay-color":"","overlay-opacity":"","overlay-gradient":""}},"footnotes":""},"class_list":["post-1968","page","type-page","status-publish","hentry"],"yoast_head":"<!-- This site is optimized with the Yoast SEO Premium plugin v24.7 (Yoast SEO v27.3) - https:\/\/yoast.com\/product\/yoast-seo-premium-wordpress\/ -->\n<title>Shipping Information | Comprehensive Liquor<\/title>\n<meta name=\"description\" content=\"To find out your shipping cost before purchasing, please use our shipping calculator at check out. Pick the items you would like to purchase. Just enter\" \/>\n<meta name=\"robots\" content=\"index, follow, max-snippet:-1, max-image-preview:large, max-video-preview:-1\" \/>\n<link rel=\"canonical\" href=\"https:\/\/comprehensiveliquor.com\/sv\/fraktinformation\/\" \/>\n<meta property=\"og:locale\" content=\"sv_SE\" \/>\n<meta property=\"og:type\" content=\"article\" \/>\n<meta property=\"og:title\" content=\"Shipping Information\" \/>\n<meta property=\"og:description\" content=\"To find out your shipping cost before purchasing, please use our shipping calculator at check out. Pick the items you would like to purchase. Just enter\" \/>\n<meta property=\"og:url\" content=\"https:\/\/comprehensiveliquor.com\/sv\/fraktinformation\/\" \/>\n<meta property=\"og:site_name\" content=\"Comprehensive Liquor\" \/>\n<meta property=\"article:modified_time\" content=\"2022-10-23T11:59:30+00:00\" \/>\n<meta name=\"twitter:card\" content=\"summary_large_image\" \/>\n<meta name=\"twitter:label1\" content=\"Ber\u00e4knad l\u00e4stid\" \/>\n\t<meta name=\"twitter:data1\" content=\"2 minuter\" \/>\n<script type=\"application\/ld+json\" class=\"yoast-schema-graph\">{\"@context\":\"https:\\\/\\\/schema.org\",\"@graph\":[{\"@type\":\"WebPage\",\"@id\":\"https:\\\/\\\/comprehensiveliquor.com\\\/shipping-information\\\/\",\"url\":\"https:\\\/\\\/comprehensiveliquor.com\\\/shipping-information\\\/\",\"name\":\"Shipping Information | Comprehensive Liquor\",\"isPartOf\":{\"@id\":\"https:\\\/\\\/comprehensiveliquor.com\\\/#website\"},\"datePublished\":\"2022-10-14T21:20:28+00:00\",\"dateModified\":\"2022-10-23T11:59:30+00:00\",\"description\":\"To find out your shipping cost before purchasing, please use our shipping calculator at check out. Pick the items you would like to purchase. Just enter\",\"breadcrumb\":{\"@id\":\"https:\\\/\\\/comprehensiveliquor.com\\\/shipping-information\\\/#breadcrumb\"},\"inLanguage\":\"sv-SE\",\"potentialAction\":[{\"@type\":\"ReadAction\",\"target\":[\"https:\\\/\\\/comprehensiveliquor.com\\\/shipping-information\\\/\"]}]},{\"@type\":\"BreadcrumbList\",\"@id\":\"https:\\\/\\\/comprehensiveliquor.com\\\/shipping-information\\\/#breadcrumb\",\"itemListElement\":[{\"@type\":\"ListItem\",\"position\":1,\"name\":\"Home\",\"item\":\"https:\\\/\\\/comprehensiveliquor.com\\\/\"},{\"@type\":\"ListItem\",\"position\":2,\"name\":\"Shipping Information\"}]},{\"@type\":\"WebSite\",\"@id\":\"https:\\\/\\\/comprehensiveliquor.com\\\/#website\",\"url\":\"https:\\\/\\\/comprehensiveliquor.com\\\/\",\"name\":\"Comprehensive Liquor\",\"description\":\"Best Liquor Store\",\"publisher\":{\"@id\":\"https:\\\/\\\/comprehensiveliquor.com\\\/#organization\"},\"alternateName\":\"Comprehensive Liquor Store\",\"potentialAction\":[{\"@type\":\"SearchAction\",\"target\":{\"@type\":\"EntryPoint\",\"urlTemplate\":\"https:\\\/\\\/comprehensiveliquor.com\\\/?s={search_term_string}\"},\"query-input\":{\"@type\":\"PropertyValueSpecification\",\"valueRequired\":true,\"valueName\":\"search_term_string\"}}],\"inLanguage\":\"sv-SE\"},{\"@type\":\"Organization\",\"@id\":\"https:\\\/\\\/comprehensiveliquor.com\\\/#organization\",\"name\":\"Comprehensive Liquor\",\"alternateName\":\"Comprehensive Liquor Store\",\"url\":\"https:\\\/\\\/comprehensiveliquor.com\\\/\",\"logo\":{\"@type\":\"ImageObject\",\"inLanguage\":\"sv-SE\",\"@id\":\"https:\\\/\\\/comprehensiveliquor.com\\\/#\\\/schema\\\/logo\\\/image\\\/\",\"url\":\"https:\\\/\\\/comprehensiveliquor.com\\\/wp-content\\\/uploads\\\/2024\\\/03\\\/cropped-image_2024-03-26_131408877.png\",\"contentUrl\":\"https:\\\/\\\/comprehensiveliquor.com\\\/wp-content\\\/uploads\\\/2024\\\/03\\\/cropped-image_2024-03-26_131408877.png\",\"width\":378,\"height\":263,\"caption\":\"Comprehensive Liquor\"},\"image\":{\"@id\":\"https:\\\/\\\/comprehensiveliquor.com\\\/#\\\/schema\\\/logo\\\/image\\\/\"}}]}<\/script>\n<!-- \/ Yoast SEO Premium plugin. -->","yoast_head_json":{"title":"Shipping Information | Comprehensive Liquor","description":"F\u00f6r att ta reda p\u00e5 din fraktkostnad innan du k\u00f6per, anv\u00e4nd v\u00e5r fraktkalkylator i kassan. V\u00e4lj de varor du vill k\u00f6pa. Ange bara","robots":{"index":"index","follow":"follow","max-snippet":"max-snippet:-1","max-image-preview":"max-image-preview:large","max-video-preview":"max-video-preview:-1"},"canonical":"https:\/\/comprehensiveliquor.com\/sv\/fraktinformation\/","og_locale":"sv_SE","og_type":"article","og_title":"Shipping Information","og_description":"To find out your shipping cost before purchasing, please use our shipping calculator at check out. Pick the items you would like to purchase. Just enter","og_url":"https:\/\/comprehensiveliquor.com\/sv\/fraktinformation\/","og_site_name":"Comprehensive Liquor","article_modified_time":"2022-10-23T11:59:30+00:00","twitter_card":"summary_large_image","twitter_misc":{"Ber\u00e4knad l\u00e4stid":"2 minuter"},"schema":{"@context":"https:\/\/schema.org","@graph":[{"@type":"WebPage","@id":"https:\/\/comprehensiveliquor.com\/shipping-information\/","url":"https:\/\/comprehensiveliquor.com\/shipping-information\/","name":"Shipping Information | Comprehensive Liquor","isPartOf":{"@id":"https:\/\/comprehensiveliquor.com\/#website"},"datePublished":"2022-10-14T21:20:28+00:00","dateModified":"2022-10-23T11:59:30+00:00","description":"F\u00f6r att ta reda p\u00e5 din fraktkostnad innan du k\u00f6per, anv\u00e4nd v\u00e5r fraktkalkylator i kassan. V\u00e4lj de varor du vill k\u00f6pa. Ange bara","breadcrumb":{"@id":"https:\/\/comprehensiveliquor.com\/shipping-information\/#breadcrumb"},"inLanguage":"sv-SE","potentialAction":[{"@type":"ReadAction","target":["https:\/\/comprehensiveliquor.com\/shipping-information\/"]}]},{"@type":"BreadcrumbList","@id":"https:\/\/comprehensiveliquor.com\/shipping-information\/#breadcrumb","itemListElement":[{"@type":"ListItem","position":1,"name":"Home","item":"https:\/\/comprehensiveliquor.com\/"},{"@type":"ListItem","position":2,"name":"Shipping Information"}]},{"@type":"WebSite","@id":"https:\/\/comprehensiveliquor.com\/#website","url":"https:\/\/comprehensiveliquor.com\/","name":"Omfattande sprit","description":"Best Liquor Store","publisher":{"@id":"https:\/\/comprehensiveliquor.com\/#organization"},"alternateName":"Comprehensive Liquor Store","potentialAction":[{"@type":"SearchAction","target":{"@type":"EntryPoint","urlTemplate":"https:\/\/comprehensiveliquor.com\/?s={search_term_string}"},"query-input":{"@type":"PropertyValueSpecification","valueRequired":true,"valueName":"search_term_string"}}],"inLanguage":"sv-SE"},{"@type":"Organization","@id":"https:\/\/comprehensiveliquor.com\/#organization","name":"Omfattande sprit","alternateName":"Comprehensive Liquor Store","url":"https:\/\/comprehensiveliquor.com\/","logo":{"@type":"ImageObject","inLanguage":"sv-SE","@id":"https:\/\/comprehensiveliquor.com\/#\/schema\/logo\/image\/","url":"https:\/\/comprehensiveliquor.com\/wp-content\/uploads\/2024\/03\/cropped-image_2024-03-26_131408877.png","contentUrl":"https:\/\/comprehensiveliquor.com\/wp-content\/uploads\/2024\/03\/cropped-image_2024-03-26_131408877.png","width":378,"height":263,"caption":"Comprehensive Liquor"},"image":{"@id":"https:\/\/comprehensiveliquor.com\/#\/schema\/logo\/image\/"}}]}},"_links":{"self":[{"href":"https:\/\/comprehensiveliquor.com\/sv\/wp-json\/wp\/v2\/pages\/1968","targetHints":{"allow":["GET"]}}],"collection":[{"href":"https:\/\/comprehensiveliquor.com\/sv\/wp-json\/wp\/v2\/pages"}],"about":[{"href":"https:\/\/comprehensiveliquor.com\/sv\/wp-json\/wp\/v2\/types\/page"}],"author":[{"embeddable":true,"href":"https:\/\/comprehensiveliquor.com\/sv\/wp-json\/wp\/v2\/users\/1"}],"replies":[{"embeddable":true,"href":"https:\/\/comprehensiveliquor.com\/sv\/wp-json\/wp\/v2\/comments?post=1968"}],"version-history":[{"count":0,"href":"https:\/\/comprehensiveliquor.com\/sv\/wp-json\/wp\/v2\/pages\/1968\/revisions"}],"wp:attachment":[{"href":"https:\/\/comprehensiveliquor.com\/sv\/wp-json\/wp\/v2\/media?parent=1968"}],"curies":[{"name":"wp","href":"https:\/\/api.w.org\/{rel}","templated":true}]}}