{"id":2819,"date":"2022-10-22T20:57:53","date_gmt":"2022-10-22T20:57:53","guid":{"rendered":"https:\/\/comprehensiveliquor.com\/?post_type=product&#038;p=2819"},"modified":"2025-11-13T14:19:49","modified_gmt":"2025-11-13T14:19:49","slug":"johnnie-walker-blue-label-chinese-year-of-the-tiger","status":"publish","type":"product","link":"https:\/\/comprehensiveliquor.com\/sv\/product\/johnnie-walker-blue-label-chinese-year-of-the-tiger\/","title":{"rendered":"Johnnie Walker Blue Label | Kinesiska tigerns \u00e5r"},"content":{"rendered":"<h2 class=\"product-single__title\" style=\"color: #252525;\">Johnnie Walker Blue Label | Kinesiska tigerns \u00e5r<\/h2>\n<p style=\"color: #252525;\">Johnnie Walker Blue Label The Chinese Year of the Tiger sl\u00e4pptes i slutet av 2021 som en del av m\u00e4rkets Zodiac Collection, som hyllade de 12 kinesiska astrologiska konstellationerna. Tigerns \u00e5r l\u00f6per fr\u00e5n <span style=\"color: #252525;\">February 1st,<\/span><span style=\"color: #252525;\"> 2022, fram till den 21 januari,<\/span><span style=\"color: #252525;\">\u00a02023.<\/span><\/p>\n<p>&nbsp;<\/p>\n<h3><strong>Officiella smaknoteringar<\/strong><\/h3>\n<p><strong>N\u00e4sa:\u00a0<\/strong>V\u00e5gor av krydda ger vika f\u00f6r vanilj och honung.<\/p>\n<p><strong>Gom<\/strong>Karamell och hasseln\u00f6tter r\u00f6r sig genom m\u00f6rk choklad.<\/p>\n<p><strong>Avsluta<\/strong>Lyxigt l\u00e5ng, v\u00e4rmande och r\u00f6kig avslutning.<\/p>\n<p>&nbsp;<\/p>\n<h4>Attribut<\/h4>\n<table>\n<tbody>\n<tr>\n<td><strong>St\u00e4mpla<\/strong><\/td>\n<td><a href=\"https:\/\/comprehensiveliquor.com\/sv\/johnnie-walker-whiskey\/\">Johnnie Walker<\/a><\/td>\n<\/tr>\n<tr>\n<td><strong>Series<\/strong><\/td>\n<td><a title=\"Chinese New Year - Year Of The Tiger\" href=\"http:\/\/Johnnie Walker Blue Label 200th Anniversary Limited Edition\" target=\"_blank\" rel=\"noopener\">Chinese New Year &#8211; Year Of The Tiger<\/a><\/td>\n<\/tr>\n<tr>\n<td><strong>Country<\/strong><\/td>\n<td>Scotland<\/td>\n<\/tr>\n<tr>\n<td><strong>Begr\u00e4nsad upplaga<\/strong><\/td>\n<td>Yes<\/td>\n<\/tr>\n<tr>\n<td><strong>Bottle Size<\/strong><\/td>\n<td>70cl<\/td>\n<\/tr>\n<tr>\n<td><strong>ABV<\/strong><\/td>\n<td>40%<\/td>\n<\/tr>\n<\/tbody>\n<\/table>","protected":false},"excerpt":{"rendered":"<p><span style=\"color: #252525;\">Johnnie Walker Blue Label-kollektionen Year of the Tiger har dekorerats av konstn\u00e4ren Shan Jiang med livfulla m\u00e5nkalenderbilder som f\u00f6rest\u00e4ller tigern, som s\u00e4gs ge styrka, mod och visdom \u2013 alla egenskaper som 2022 definitivt skulle kunna beh\u00f6va lite mer av.<\/span><\/p>","protected":false},"featured_media":2820,"comment_status":"open","ping_status":"closed","template":"","meta":{"site-sidebar-layout":"default","site-content-layout":"default","ast-site-content-layout":"default","site-content-style":"default","site-sidebar-style":"default","ast-global-header-display":"","ast-banner-title-visibility":"","ast-main-header-display":"","ast-hfb-above-header-display":"","ast-hfb-below-header-display":"","ast-hfb-mobile-header-display":"","site-post-title":"","ast-breadcrumbs-content":"","ast-featured-img":"","footer-sml-layout":"","ast-disable-related-posts":"","theme-transparent-header-meta":"default","adv-header-id-meta":"","stick-header-meta":"","header-above-stick-meta":"","header-main-stick-meta":"","header-below-stick-meta":"","astra-migrate-meta-layouts":"set","ast-page-background-enabled":"default","ast-page-background-meta":{"desktop":{"background-color":"","background-image":"","background-repeat":"repeat","background-position":"center center","background-size":"auto","background-attachment":"scroll","background-type":"","background-media":"","overlay-type":"","overlay-color":"","overlay-opacity":"","overlay-gradient":""},"tablet":{"background-color":"","background-image":"","background-repeat":"repeat","background-position":"center center","background-size":"auto","background-attachment":"scroll","background-type":"","background-media":"","overlay-type":"","overlay-color":"","overlay-opacity":"","overlay-gradient":""},"mobile":{"background-color":"","background-image":"","background-repeat":"repeat","background-position":"center center","background-size":"auto","background-attachment":"scroll","background-type":"","background-media":"","overlay-type":"","overlay-color":"","overlay-opacity":"","overlay-gradient":""}},"ast-content-background-meta":{"desktop":{"background-color":"var(--ast-global-color-5)","background-image":"","background-repeat":"repeat","background-position":"center center","background-size":"auto","background-attachment":"scroll","background-type":"","background-media":"","overlay-type":"","overlay-color":"","overlay-opacity":"","overlay-gradient":""},"tablet":{"background-color":"var(--ast-global-color-5)","background-image":"","background-repeat":"repeat","background-position":"center center","background-size":"auto","background-attachment":"scroll","background-type":"","background-media":"","overlay-type":"","overlay-color":"","overlay-opacity":"","overlay-gradient":""},"mobile":{"background-color":"var(--ast-global-color-5)","background-image":"","background-repeat":"repeat","background-position":"center center","background-size":"auto","background-attachment":"scroll","background-type":"","background-media":"","overlay-type":"","overlay-color":"","overlay-opacity":"","overlay-gradient":""}}},"product_brand":[],"product_cat":[28,58,24,39],"product_tag":[104,106],"class_list":{"0":"post-2819","1":"product","2":"type-product","3":"status-publish","4":"has-post-thumbnail","6":"product_cat-blended-whisky","7":"product_cat-limited-edition","8":"product_cat-new-arrivals","9":"product_cat-scotch-whisky","10":"product_tag-buy-scotch-whisky-online","11":"product_tag-johnnie-walker-whiskey","12":"desktop-align-center","13":"tablet-align-left","14":"mobile-align-left","16":"first","17":"instock","18":"shipping-taxable","19":"purchasable","20":"product-type-simple"},"yoast_head":"<!-- This site is optimized with the Yoast SEO Premium plugin v24.7 (Yoast SEO v27.5) - https:\/\/yoast.com\/product\/yoast-seo-premium-wordpress\/ -->\n<title>Johnnie Walker Blue Year of Tiger | Limited Edition | Buy<\/title>\n<meta name=\"description\" content=\"Buy Johnnie Walker Blue Label Year of the Tiger Limited Edition. Rare Chinese zodiac collectible. Premium Scotch whisky. Authentic bottle. Order now.\" \/>\n<meta name=\"robots\" content=\"index, follow, max-snippet:-1, max-image-preview:large, max-video-preview:-1\" \/>\n<link rel=\"canonical\" href=\"https:\/\/comprehensiveliquor.com\/sv\/product\/johnnie-walker-blue-label-chinese-year-of-the-tiger\/\" \/>\n<meta property=\"og:locale\" content=\"sv_SE\" \/>\n<meta property=\"og:type\" content=\"article\" \/>\n<meta property=\"og:title\" content=\"Johnnie Walker Blue Label | Chinese Year Of The Tiger\" \/>\n<meta property=\"og:description\" content=\"Buy Johnnie Walker Blue Label Year of the Tiger Limited Edition. Rare Chinese zodiac collectible. Premium Scotch whisky. Authentic bottle. Order now.\" \/>\n<meta property=\"og:url\" content=\"https:\/\/comprehensiveliquor.com\/sv\/product\/johnnie-walker-blue-label-chinese-year-of-the-tiger\/\" \/>\n<meta property=\"og:site_name\" content=\"Comprehensive Liquor\" \/>\n<meta property=\"article:modified_time\" content=\"2025-11-13T14:19:49+00:00\" \/>\n<meta property=\"og:image\" content=\"https:\/\/comprehensiveliquor.com\/wp-content\/uploads\/2022\/10\/image_2022-10-22_215309006.png\" \/>\n\t<meta property=\"og:image:width\" content=\"360\" \/>\n\t<meta property=\"og:image:height\" content=\"541\" \/>\n\t<meta property=\"og:image:type\" content=\"image\/png\" \/>\n<meta name=\"twitter:card\" content=\"summary_large_image\" \/>\n<meta name=\"twitter:label1\" content=\"Ber\u00e4knad l\u00e4stid\" \/>\n\t<meta name=\"twitter:data1\" content=\"1 minut\" \/>\n<script type=\"application\/ld+json\" class=\"yoast-schema-graph\">{\"@context\":\"https:\\\/\\\/schema.org\",\"@graph\":[{\"@type\":\"WebPage\",\"@id\":\"https:\\\/\\\/comprehensiveliquor.com\\\/product\\\/johnnie-walker-blue-label-chinese-year-of-the-tiger\\\/\",\"url\":\"https:\\\/\\\/comprehensiveliquor.com\\\/product\\\/johnnie-walker-blue-label-chinese-year-of-the-tiger\\\/\",\"name\":\"Johnnie Walker Blue Year of Tiger | Limited Edition | Buy\",\"isPartOf\":{\"@id\":\"https:\\\/\\\/comprehensiveliquor.com\\\/#website\"},\"primaryImageOfPage\":{\"@id\":\"https:\\\/\\\/comprehensiveliquor.com\\\/product\\\/johnnie-walker-blue-label-chinese-year-of-the-tiger\\\/#primaryimage\"},\"image\":{\"@id\":\"https:\\\/\\\/comprehensiveliquor.com\\\/product\\\/johnnie-walker-blue-label-chinese-year-of-the-tiger\\\/#primaryimage\"},\"thumbnailUrl\":\"https:\\\/\\\/comprehensiveliquor.com\\\/wp-content\\\/uploads\\\/2022\\\/10\\\/image_2022-10-22_215309006.png\",\"datePublished\":\"2022-10-22T20:57:53+00:00\",\"dateModified\":\"2025-11-13T14:19:49+00:00\",\"description\":\"Buy Johnnie Walker Blue Label Year of the Tiger Limited Edition. Rare Chinese zodiac collectible. Premium Scotch whisky. Authentic bottle. Order now.\",\"breadcrumb\":{\"@id\":\"https:\\\/\\\/comprehensiveliquor.com\\\/product\\\/johnnie-walker-blue-label-chinese-year-of-the-tiger\\\/#breadcrumb\"},\"inLanguage\":\"sv-SE\",\"potentialAction\":[{\"@type\":\"ReadAction\",\"target\":[\"https:\\\/\\\/comprehensiveliquor.com\\\/product\\\/johnnie-walker-blue-label-chinese-year-of-the-tiger\\\/\"]}]},{\"@type\":\"ImageObject\",\"inLanguage\":\"sv-SE\",\"@id\":\"https:\\\/\\\/comprehensiveliquor.com\\\/product\\\/johnnie-walker-blue-label-chinese-year-of-the-tiger\\\/#primaryimage\",\"url\":\"https:\\\/\\\/comprehensiveliquor.com\\\/wp-content\\\/uploads\\\/2022\\\/10\\\/image_2022-10-22_215309006.png\",\"contentUrl\":\"https:\\\/\\\/comprehensiveliquor.com\\\/wp-content\\\/uploads\\\/2022\\\/10\\\/image_2022-10-22_215309006.png\",\"width\":360,\"height\":541,\"caption\":\"Johnnie Walker Blue\"},{\"@type\":\"BreadcrumbList\",\"@id\":\"https:\\\/\\\/comprehensiveliquor.com\\\/product\\\/johnnie-walker-blue-label-chinese-year-of-the-tiger\\\/#breadcrumb\",\"itemListElement\":[{\"@type\":\"ListItem\",\"position\":1,\"name\":\"Home\",\"item\":\"https:\\\/\\\/comprehensiveliquor.com\\\/\"},{\"@type\":\"ListItem\",\"position\":2,\"name\":\"Shop\",\"item\":\"https:\\\/\\\/comprehensiveliquor.com\\\/shop\\\/\"},{\"@type\":\"ListItem\",\"position\":3,\"name\":\"Johnnie Walker Blue Label | Chinese Year Of The Tiger\"}]},{\"@type\":\"WebSite\",\"@id\":\"https:\\\/\\\/comprehensiveliquor.com\\\/#website\",\"url\":\"https:\\\/\\\/comprehensiveliquor.com\\\/\",\"name\":\"Comprehensive Liquor\",\"description\":\"Best Liquor Store\",\"publisher\":{\"@id\":\"https:\\\/\\\/comprehensiveliquor.com\\\/#organization\"},\"alternateName\":\"Comprehensive Liquor Store\",\"potentialAction\":[{\"@type\":\"SearchAction\",\"target\":{\"@type\":\"EntryPoint\",\"urlTemplate\":\"https:\\\/\\\/comprehensiveliquor.com\\\/?s={search_term_string}\"},\"query-input\":{\"@type\":\"PropertyValueSpecification\",\"valueRequired\":true,\"valueName\":\"search_term_string\"}}],\"inLanguage\":\"sv-SE\"},{\"@type\":\"Organization\",\"@id\":\"https:\\\/\\\/comprehensiveliquor.com\\\/#organization\",\"name\":\"Comprehensive Liquor\",\"alternateName\":\"Comprehensive Liquor Store\",\"url\":\"https:\\\/\\\/comprehensiveliquor.com\\\/\",\"logo\":{\"@type\":\"ImageObject\",\"inLanguage\":\"sv-SE\",\"@id\":\"https:\\\/\\\/comprehensiveliquor.com\\\/#\\\/schema\\\/logo\\\/image\\\/\",\"url\":\"https:\\\/\\\/comprehensiveliquor.com\\\/wp-content\\\/uploads\\\/2024\\\/03\\\/cropped-image_2024-03-26_131408877.png\",\"contentUrl\":\"https:\\\/\\\/comprehensiveliquor.com\\\/wp-content\\\/uploads\\\/2024\\\/03\\\/cropped-image_2024-03-26_131408877.png\",\"width\":378,\"height\":263,\"caption\":\"Comprehensive Liquor\"},\"image\":{\"@id\":\"https:\\\/\\\/comprehensiveliquor.com\\\/#\\\/schema\\\/logo\\\/image\\\/\"}}]}<\/script>\n<!-- \/ Yoast SEO Premium plugin. -->","yoast_head_json":{"title":"Johnnie Walker Bl\u00e5 Tigerns \u00c5r | Begr\u00e4nsad upplaga | K\u00f6p","description":"K\u00f6p Johnnie Walker Blue Label Year of the Tiger Limited Edition. S\u00e4llsynt samlarobjekt fr\u00e5n den kinesiska zodiaken. Premium skotsk whisky. Autentisk flaska. Best\u00e4ll nu.","robots":{"index":"index","follow":"follow","max-snippet":"max-snippet:-1","max-image-preview":"max-image-preview:large","max-video-preview":"max-video-preview:-1"},"canonical":"https:\/\/comprehensiveliquor.com\/sv\/product\/johnnie-walker-blue-label-chinese-year-of-the-tiger\/","og_locale":"sv_SE","og_type":"article","og_title":"Johnnie Walker Blue Label | Chinese Year Of The Tiger","og_description":"Buy Johnnie Walker Blue Label Year of the Tiger Limited Edition. Rare Chinese zodiac collectible. Premium Scotch whisky. Authentic bottle. Order now.","og_url":"https:\/\/comprehensiveliquor.com\/sv\/product\/johnnie-walker-blue-label-chinese-year-of-the-tiger\/","og_site_name":"Comprehensive Liquor","article_modified_time":"2025-11-13T14:19:49+00:00","og_image":[{"width":360,"height":541,"url":"https:\/\/comprehensiveliquor.com\/wp-content\/uploads\/2022\/10\/image_2022-10-22_215309006.png","type":"image\/png"}],"twitter_card":"summary_large_image","twitter_misc":{"Ber\u00e4knad l\u00e4stid":"1 minut"},"schema":{"@context":"https:\/\/schema.org","@graph":[{"@type":"WebPage","@id":"https:\/\/comprehensiveliquor.com\/product\/johnnie-walker-blue-label-chinese-year-of-the-tiger\/","url":"https:\/\/comprehensiveliquor.com\/product\/johnnie-walker-blue-label-chinese-year-of-the-tiger\/","name":"Johnnie Walker Bl\u00e5 Tigerns \u00c5r | Begr\u00e4nsad upplaga | K\u00f6p","isPartOf":{"@id":"https:\/\/comprehensiveliquor.com\/#website"},"primaryImageOfPage":{"@id":"https:\/\/comprehensiveliquor.com\/product\/johnnie-walker-blue-label-chinese-year-of-the-tiger\/#primaryimage"},"image":{"@id":"https:\/\/comprehensiveliquor.com\/product\/johnnie-walker-blue-label-chinese-year-of-the-tiger\/#primaryimage"},"thumbnailUrl":"https:\/\/comprehensiveliquor.com\/wp-content\/uploads\/2022\/10\/image_2022-10-22_215309006.png","datePublished":"2022-10-22T20:57:53+00:00","dateModified":"2025-11-13T14:19:49+00:00","description":"K\u00f6p Johnnie Walker Blue Label Year of the Tiger Limited Edition. S\u00e4llsynt samlarobjekt fr\u00e5n den kinesiska zodiaken. Premium skotsk whisky. Autentisk flaska. Best\u00e4ll nu.","breadcrumb":{"@id":"https:\/\/comprehensiveliquor.com\/product\/johnnie-walker-blue-label-chinese-year-of-the-tiger\/#breadcrumb"},"inLanguage":"sv-SE","potentialAction":[{"@type":"ReadAction","target":["https:\/\/comprehensiveliquor.com\/product\/johnnie-walker-blue-label-chinese-year-of-the-tiger\/"]}]},{"@type":"ImageObject","inLanguage":"sv-SE","@id":"https:\/\/comprehensiveliquor.com\/product\/johnnie-walker-blue-label-chinese-year-of-the-tiger\/#primaryimage","url":"https:\/\/comprehensiveliquor.com\/wp-content\/uploads\/2022\/10\/image_2022-10-22_215309006.png","contentUrl":"https:\/\/comprehensiveliquor.com\/wp-content\/uploads\/2022\/10\/image_2022-10-22_215309006.png","width":360,"height":541,"caption":"Johnnie Walker Blue"},{"@type":"BreadcrumbList","@id":"https:\/\/comprehensiveliquor.com\/product\/johnnie-walker-blue-label-chinese-year-of-the-tiger\/#breadcrumb","itemListElement":[{"@type":"ListItem","position":1,"name":"Home","item":"https:\/\/comprehensiveliquor.com\/"},{"@type":"ListItem","position":2,"name":"Shop","item":"https:\/\/comprehensiveliquor.com\/shop\/"},{"@type":"ListItem","position":3,"name":"Johnnie Walker Blue Label | Chinese Year Of The Tiger"}]},{"@type":"WebSite","@id":"https:\/\/comprehensiveliquor.com\/#website","url":"https:\/\/comprehensiveliquor.com\/","name":"Omfattande sprit","description":"Best Liquor Store","publisher":{"@id":"https:\/\/comprehensiveliquor.com\/#organization"},"alternateName":"Comprehensive Liquor Store","potentialAction":[{"@type":"SearchAction","target":{"@type":"EntryPoint","urlTemplate":"https:\/\/comprehensiveliquor.com\/?s={search_term_string}"},"query-input":{"@type":"PropertyValueSpecification","valueRequired":true,"valueName":"search_term_string"}}],"inLanguage":"sv-SE"},{"@type":"Organization","@id":"https:\/\/comprehensiveliquor.com\/#organization","name":"Omfattande sprit","alternateName":"Comprehensive Liquor Store","url":"https:\/\/comprehensiveliquor.com\/","logo":{"@type":"ImageObject","inLanguage":"sv-SE","@id":"https:\/\/comprehensiveliquor.com\/#\/schema\/logo\/image\/","url":"https:\/\/comprehensiveliquor.com\/wp-content\/uploads\/2024\/03\/cropped-image_2024-03-26_131408877.png","contentUrl":"https:\/\/comprehensiveliquor.com\/wp-content\/uploads\/2024\/03\/cropped-image_2024-03-26_131408877.png","width":378,"height":263,"caption":"Comprehensive Liquor"},"image":{"@id":"https:\/\/comprehensiveliquor.com\/#\/schema\/logo\/image\/"}}]}},"_links":{"self":[{"href":"https:\/\/comprehensiveliquor.com\/sv\/wp-json\/wp\/v2\/product\/2819","targetHints":{"allow":["GET"]}}],"collection":[{"href":"https:\/\/comprehensiveliquor.com\/sv\/wp-json\/wp\/v2\/product"}],"about":[{"href":"https:\/\/comprehensiveliquor.com\/sv\/wp-json\/wp\/v2\/types\/product"}],"replies":[{"embeddable":true,"href":"https:\/\/comprehensiveliquor.com\/sv\/wp-json\/wp\/v2\/comments?post=2819"}],"wp:featuredmedia":[{"embeddable":true,"href":"https:\/\/comprehensiveliquor.com\/sv\/wp-json\/wp\/v2\/media\/2820"}],"wp:attachment":[{"href":"https:\/\/comprehensiveliquor.com\/sv\/wp-json\/wp\/v2\/media?parent=2819"}],"wp:term":[{"taxonomy":"product_brand","embeddable":true,"href":"https:\/\/comprehensiveliquor.com\/sv\/wp-json\/wp\/v2\/product_brand?post=2819"},{"taxonomy":"product_cat","embeddable":true,"href":"https:\/\/comprehensiveliquor.com\/sv\/wp-json\/wp\/v2\/product_cat?post=2819"},{"taxonomy":"product_tag","embeddable":true,"href":"https:\/\/comprehensiveliquor.com\/sv\/wp-json\/wp\/v2\/product_tag?post=2819"}],"curies":[{"name":"wp","href":"https:\/\/api.w.org\/{rel}","templated":true}]}}