{"id":80,"date":"2019-01-23T12:20:04","date_gmt":"2019-01-23T12:20:04","guid":{"rendered":"https:\/\/comprehensiveliquor.com\/index.php\/product\/star-cactus\/"},"modified":"2025-06-15T07:39:37","modified_gmt":"2025-06-15T07:39:37","slug":"eagle-rare-10-year-old-bourbon-70cl","status":"publish","type":"product","link":"https:\/\/comprehensiveliquor.com\/sv\/product\/eagle-rare-10-year-old-bourbon-70cl\/","title":{"rendered":"Eagle Rare 10 \u00e5r gammal Bourbon 70cl"},"content":{"rendered":"<h2><strong>Eagle Rare 70cl\/45% Single Barrel Kentucky Straight Bourbon Whisky\u00a0<\/strong><\/h2>\n<p>Eagle rare 10 \u00e5r En spektakul\u00e4r Kentucky straight Bourbon whiskey, den mognade i minst ett decennium innan den fann sin v\u00e4g till sina distinkta flaskor med 45 % alkoholhalt. Vad \u00e4r s\u00e5 distinkt med flaskorna, undrar du? Tja, vi kommer att s\u00e4ga att det \u00e4r den massiva vith\u00f6vdade \u00f6rnen, med utstr\u00e4ckta vingar, som ser ut som om den \u00e4r p\u00e5 v\u00e4g att sno lite middag. Distinkt, eller hur? Whiskyn \u00e4r ocks\u00e5 ganska distinkt, med fylliga toner av askakola, apelsinskal och sm\u00f6rig majs.<\/p>\n<p>&nbsp;<\/p>\n<h3 style=\"color: #252525;\">Smakanteckningar<\/h3>\n<div id=\"ContentPlaceHolder1_ctl00_ctl04_TastingNoteBox_ctl00_productTastingNote2\" style=\"color: #252525;\">\n<div id=\"ContentPlaceHolder1_ctl00_ctl04_TastingNoteBox_ctl00_breakDownTastingNote\" style=\"color: #252525;\">\n<p id=\"ContentPlaceHolder1_ctl00_ctl04_TastingNoteBox_ctl00_noseTastingNote\" class=\"pageCopy\" style=\"color: #252525;\"><strong style=\"color: #252525;\">N\u00e4sa:<\/strong>\u00a0Rostad ek ger vika f\u00f6r flammig apelsinskal och l\u00f6nnsirap.<\/p>\n<p id=\"ContentPlaceHolder1_ctl00_ctl04_TastingNoteBox_ctl00_palateTastingNote\" class=\"pageCopy\" style=\"color: #252525;\"><strong style=\"color: #252525;\">Palate:<\/strong> honung, sm\u00f6rat br\u00f6d, oljiga valn\u00f6tter och en touch av r\u00f6d frukt.<\/p>\n<p id=\"ContentPlaceHolder1_ctl00_ctl04_TastingNoteBox_ctl00_finishTastingNote\" class=\"pageCopy\" style=\"color: #252525;\"><strong style=\"color: #252525;\">Finish:<\/strong> vanilj, ekkrydda och lite gammalt l\u00e4der<\/p>\n<p>&nbsp;<\/p>\n<\/div>\n<\/div>\n<h5>Attribut<\/h5>\n<table>\n<tbody>\n<tr>\n<td><b>Kategori<\/b><\/td>\n<td><a href=\"https:\/\/comprehensiveliquor.com\/sv\/product-category\/bourbon-whiskey\/\">Bourbon Whiskey<\/a><\/td>\n<\/tr>\n<tr>\n<td><strong><span class=\"selectable-text copyable-text\">Brand \/ Distillery<\/span><\/strong><\/td>\n<td><a href=\"https:\/\/www.buffalotracedistillery.com\/our-brands\/eagle-rare.html\"><span class=\"selectable-text copyable-text\">Eagle Rare \/ Buffalo Trace<\/span><\/a><\/td>\n<\/tr>\n<tr>\n<td><b>ABV<\/b><\/td>\n<td><span class=\"selectable-text copyable-text\">45%<\/span><\/td>\n<\/tr>\n<\/tbody>\n<\/table>","protected":false},"excerpt":{"rendered":"<p><span style=\"color: #252525;\">Eagle Rare Bourbon Whiskey <\/span><span style=\"color: #252525;\">S\u00e4llsyntheten hos denna fantastiska bourbonsort framg\u00e5r av dess komplexa arom s\u00e5v\u00e4l som dess lena och l\u00e5ngvariga smak. Ett m\u00e5ste i varje amerikansk whiskyk\u00e4nnares k\u00e4llare.<\/span><\/p>","protected":false},"featured_media":1839,"comment_status":"open","ping_status":"closed","template":"","meta":{"site-sidebar-layout":"default","site-content-layout":"default","ast-site-content-layout":"default","site-content-style":"default","site-sidebar-style":"default","ast-global-header-display":"","ast-banner-title-visibility":"","ast-main-header-display":"","ast-hfb-above-header-display":"","ast-hfb-below-header-display":"","ast-hfb-mobile-header-display":"","site-post-title":"","ast-breadcrumbs-content":"","ast-featured-img":"","footer-sml-layout":"","ast-disable-related-posts":"","theme-transparent-header-meta":"default","adv-header-id-meta":"","stick-header-meta":"","header-above-stick-meta":"","header-main-stick-meta":"","header-below-stick-meta":"","astra-migrate-meta-layouts":"set","ast-page-background-enabled":"default","ast-page-background-meta":{"desktop":{"background-color":"","background-image":"","background-repeat":"repeat","background-position":"center center","background-size":"auto","background-attachment":"scroll","background-type":"","background-media":"","overlay-type":"","overlay-color":"","overlay-opacity":"","overlay-gradient":""},"tablet":{"background-color":"","background-image":"","background-repeat":"repeat","background-position":"center center","background-size":"auto","background-attachment":"scroll","background-type":"","background-media":"","overlay-type":"","overlay-color":"","overlay-opacity":"","overlay-gradient":""},"mobile":{"background-color":"","background-image":"","background-repeat":"repeat","background-position":"center center","background-size":"auto","background-attachment":"scroll","background-type":"","background-media":"","overlay-type":"","overlay-color":"","overlay-opacity":"","overlay-gradient":""}},"ast-content-background-meta":{"desktop":{"background-color":"var(--ast-global-color-5)","background-image":"","background-repeat":"repeat","background-position":"center center","background-size":"auto","background-attachment":"scroll","background-type":"","background-media":"","overlay-type":"","overlay-color":"","overlay-opacity":"","overlay-gradient":""},"tablet":{"background-color":"var(--ast-global-color-5)","background-image":"","background-repeat":"repeat","background-position":"center center","background-size":"auto","background-attachment":"scroll","background-type":"","background-media":"","overlay-type":"","overlay-color":"","overlay-opacity":"","overlay-gradient":""},"mobile":{"background-color":"var(--ast-global-color-5)","background-image":"","background-repeat":"repeat","background-position":"center center","background-size":"auto","background-attachment":"scroll","background-type":"","background-media":"","overlay-type":"","overlay-color":"","overlay-opacity":"","overlay-gradient":""}}},"product_brand":[],"product_cat":[17,63,62],"product_tag":[],"class_list":{"0":"post-80","1":"product","2":"type-product","3":"status-publish","4":"has-post-thumbnail","6":"product_cat-american-whiskey","7":"product_cat-bourbon-whiskey","8":"product_cat-kentucky-straight-bourbon-whiskey","9":"desktop-align-center","10":"tablet-align-left","11":"mobile-align-left","13":"first","14":"instock","15":"featured","16":"shipping-taxable","17":"purchasable","18":"product-type-simple"},"yoast_head":"<!-- This site is optimized with the Yoast SEO Premium plugin v24.7 (Yoast SEO v27.4) - https:\/\/yoast.com\/product\/yoast-seo-premium-wordpress\/ -->\n<title>Eagle Rare 10 Year Old Bourbon 70cl<\/title>\n<meta name=\"description\" content=\"Eagle Rare Bourbon Whiskey The rarity of this great breed of 10-year-old eagle is evident in its complex aroma as well as its smooth and lingering taste.\" \/>\n<meta name=\"robots\" content=\"index, follow, max-snippet:-1, max-image-preview:large, max-video-preview:-1\" \/>\n<link rel=\"canonical\" href=\"https:\/\/comprehensiveliquor.com\/sv\/product\/eagle-rare-10-year-old-bourbon-70cl\/\" \/>\n<meta property=\"og:locale\" content=\"sv_SE\" \/>\n<meta property=\"og:type\" content=\"article\" \/>\n<meta property=\"og:title\" content=\"Eagle Rare 10 Year Old Bourbon 70cl\" \/>\n<meta property=\"og:description\" content=\"Eagle Rare Bourbon Whiskey The rarity of this great breed of 10-year-old eagle is evident in its complex aroma as well as its smooth and lingering taste.\" \/>\n<meta property=\"og:url\" content=\"https:\/\/comprehensiveliquor.com\/sv\/product\/eagle-rare-10-year-old-bourbon-70cl\/\" \/>\n<meta property=\"og:site_name\" content=\"Comprehensive Liquor\" \/>\n<meta property=\"article:modified_time\" content=\"2025-06-15T07:39:37+00:00\" \/>\n<meta property=\"og:image\" content=\"https:\/\/comprehensiveliquor.com\/wp-content\/uploads\/2019\/01\/image_2022-10-13_082752319.png\" \/>\n\t<meta property=\"og:image:width\" content=\"360\" \/>\n\t<meta property=\"og:image:height\" content=\"539\" \/>\n\t<meta property=\"og:image:type\" content=\"image\/png\" \/>\n<meta name=\"twitter:card\" content=\"summary_large_image\" \/>\n<meta name=\"twitter:label1\" content=\"Ber\u00e4knad l\u00e4stid\" \/>\n\t<meta name=\"twitter:data1\" content=\"1 minut\" \/>\n<script type=\"application\/ld+json\" class=\"yoast-schema-graph\">{\"@context\":\"https:\\\/\\\/schema.org\",\"@graph\":[{\"@type\":\"WebPage\",\"@id\":\"https:\\\/\\\/comprehensiveliquor.com\\\/product\\\/eagle-rare-10-year-old-bourbon-70cl\\\/\",\"url\":\"https:\\\/\\\/comprehensiveliquor.com\\\/product\\\/eagle-rare-10-year-old-bourbon-70cl\\\/\",\"name\":\"Eagle Rare 10 Year Old Bourbon 70cl\",\"isPartOf\":{\"@id\":\"https:\\\/\\\/comprehensiveliquor.com\\\/#website\"},\"primaryImageOfPage\":{\"@id\":\"https:\\\/\\\/comprehensiveliquor.com\\\/product\\\/eagle-rare-10-year-old-bourbon-70cl\\\/#primaryimage\"},\"image\":{\"@id\":\"https:\\\/\\\/comprehensiveliquor.com\\\/product\\\/eagle-rare-10-year-old-bourbon-70cl\\\/#primaryimage\"},\"thumbnailUrl\":\"https:\\\/\\\/comprehensiveliquor.com\\\/wp-content\\\/uploads\\\/2019\\\/01\\\/image_2022-10-13_082752319.png\",\"datePublished\":\"2019-01-23T12:20:04+00:00\",\"dateModified\":\"2025-06-15T07:39:37+00:00\",\"description\":\"Eagle Rare Bourbon Whiskey The rarity of this great breed of 10-year-old eagle is evident in its complex aroma as well as its smooth and lingering taste.\",\"breadcrumb\":{\"@id\":\"https:\\\/\\\/comprehensiveliquor.com\\\/product\\\/eagle-rare-10-year-old-bourbon-70cl\\\/#breadcrumb\"},\"inLanguage\":\"sv-SE\",\"potentialAction\":[{\"@type\":\"ReadAction\",\"target\":[\"https:\\\/\\\/comprehensiveliquor.com\\\/product\\\/eagle-rare-10-year-old-bourbon-70cl\\\/\"]}]},{\"@type\":\"ImageObject\",\"inLanguage\":\"sv-SE\",\"@id\":\"https:\\\/\\\/comprehensiveliquor.com\\\/product\\\/eagle-rare-10-year-old-bourbon-70cl\\\/#primaryimage\",\"url\":\"https:\\\/\\\/comprehensiveliquor.com\\\/wp-content\\\/uploads\\\/2019\\\/01\\\/image_2022-10-13_082752319.png\",\"contentUrl\":\"https:\\\/\\\/comprehensiveliquor.com\\\/wp-content\\\/uploads\\\/2019\\\/01\\\/image_2022-10-13_082752319.png\",\"width\":360,\"height\":539,\"caption\":\"Getting Eagle Rare 10 Year Old Bourbon, Eagle Rare Single Barrel Bourbon online, where to buy eagle rare bourbon\"},{\"@type\":\"BreadcrumbList\",\"@id\":\"https:\\\/\\\/comprehensiveliquor.com\\\/product\\\/eagle-rare-10-year-old-bourbon-70cl\\\/#breadcrumb\",\"itemListElement\":[{\"@type\":\"ListItem\",\"position\":1,\"name\":\"Home\",\"item\":\"https:\\\/\\\/comprehensiveliquor.com\\\/\"},{\"@type\":\"ListItem\",\"position\":2,\"name\":\"Shop\",\"item\":\"https:\\\/\\\/comprehensiveliquor.com\\\/shop\\\/\"},{\"@type\":\"ListItem\",\"position\":3,\"name\":\"Eagle Rare 10 Year Old Bourbon 70cl\"}]},{\"@type\":\"WebSite\",\"@id\":\"https:\\\/\\\/comprehensiveliquor.com\\\/#website\",\"url\":\"https:\\\/\\\/comprehensiveliquor.com\\\/\",\"name\":\"Comprehensive Liquor\",\"description\":\"Best Liquor Store\",\"publisher\":{\"@id\":\"https:\\\/\\\/comprehensiveliquor.com\\\/#organization\"},\"alternateName\":\"Comprehensive Liquor Store\",\"potentialAction\":[{\"@type\":\"SearchAction\",\"target\":{\"@type\":\"EntryPoint\",\"urlTemplate\":\"https:\\\/\\\/comprehensiveliquor.com\\\/?s={search_term_string}\"},\"query-input\":{\"@type\":\"PropertyValueSpecification\",\"valueRequired\":true,\"valueName\":\"search_term_string\"}}],\"inLanguage\":\"sv-SE\"},{\"@type\":\"Organization\",\"@id\":\"https:\\\/\\\/comprehensiveliquor.com\\\/#organization\",\"name\":\"Comprehensive Liquor\",\"alternateName\":\"Comprehensive Liquor Store\",\"url\":\"https:\\\/\\\/comprehensiveliquor.com\\\/\",\"logo\":{\"@type\":\"ImageObject\",\"inLanguage\":\"sv-SE\",\"@id\":\"https:\\\/\\\/comprehensiveliquor.com\\\/#\\\/schema\\\/logo\\\/image\\\/\",\"url\":\"https:\\\/\\\/comprehensiveliquor.com\\\/wp-content\\\/uploads\\\/2024\\\/03\\\/cropped-image_2024-03-26_131408877.png\",\"contentUrl\":\"https:\\\/\\\/comprehensiveliquor.com\\\/wp-content\\\/uploads\\\/2024\\\/03\\\/cropped-image_2024-03-26_131408877.png\",\"width\":378,\"height\":263,\"caption\":\"Comprehensive Liquor\"},\"image\":{\"@id\":\"https:\\\/\\\/comprehensiveliquor.com\\\/#\\\/schema\\\/logo\\\/image\\\/\"}}]}<\/script>\n<!-- \/ Yoast SEO Premium plugin. -->","yoast_head_json":{"title":"Eagle Rare 10 \u00e5r gammal Bourbon 70cl","description":"Eagle Rare Bourbon Whiskey S\u00e4llsyntheten hos denna fantastiska ras av 10-\u00e5rig \u00f6rn \u00e4r tydlig i dess komplexa arom s\u00e5v\u00e4l som dess lena och kvarh\u00e5llande smak.","robots":{"index":"index","follow":"follow","max-snippet":"max-snippet:-1","max-image-preview":"max-image-preview:large","max-video-preview":"max-video-preview:-1"},"canonical":"https:\/\/comprehensiveliquor.com\/sv\/product\/eagle-rare-10-year-old-bourbon-70cl\/","og_locale":"sv_SE","og_type":"article","og_title":"Eagle Rare 10 Year Old Bourbon 70cl","og_description":"Eagle Rare Bourbon Whiskey The rarity of this great breed of 10-year-old eagle is evident in its complex aroma as well as its smooth and lingering taste.","og_url":"https:\/\/comprehensiveliquor.com\/sv\/product\/eagle-rare-10-year-old-bourbon-70cl\/","og_site_name":"Comprehensive Liquor","article_modified_time":"2025-06-15T07:39:37+00:00","og_image":[{"width":360,"height":539,"url":"https:\/\/comprehensiveliquor.com\/wp-content\/uploads\/2019\/01\/image_2022-10-13_082752319.png","type":"image\/png"}],"twitter_card":"summary_large_image","twitter_misc":{"Ber\u00e4knad l\u00e4stid":"1 minut"},"schema":{"@context":"https:\/\/schema.org","@graph":[{"@type":"WebPage","@id":"https:\/\/comprehensiveliquor.com\/product\/eagle-rare-10-year-old-bourbon-70cl\/","url":"https:\/\/comprehensiveliquor.com\/product\/eagle-rare-10-year-old-bourbon-70cl\/","name":"Eagle Rare 10 \u00e5r gammal Bourbon 70cl","isPartOf":{"@id":"https:\/\/comprehensiveliquor.com\/#website"},"primaryImageOfPage":{"@id":"https:\/\/comprehensiveliquor.com\/product\/eagle-rare-10-year-old-bourbon-70cl\/#primaryimage"},"image":{"@id":"https:\/\/comprehensiveliquor.com\/product\/eagle-rare-10-year-old-bourbon-70cl\/#primaryimage"},"thumbnailUrl":"https:\/\/comprehensiveliquor.com\/wp-content\/uploads\/2019\/01\/image_2022-10-13_082752319.png","datePublished":"2019-01-23T12:20:04+00:00","dateModified":"2025-06-15T07:39:37+00:00","description":"Eagle Rare Bourbon Whiskey S\u00e4llsyntheten hos denna fantastiska ras av 10-\u00e5rig \u00f6rn \u00e4r tydlig i dess komplexa arom s\u00e5v\u00e4l som dess lena och kvarh\u00e5llande smak.","breadcrumb":{"@id":"https:\/\/comprehensiveliquor.com\/product\/eagle-rare-10-year-old-bourbon-70cl\/#breadcrumb"},"inLanguage":"sv-SE","potentialAction":[{"@type":"ReadAction","target":["https:\/\/comprehensiveliquor.com\/product\/eagle-rare-10-year-old-bourbon-70cl\/"]}]},{"@type":"ImageObject","inLanguage":"sv-SE","@id":"https:\/\/comprehensiveliquor.com\/product\/eagle-rare-10-year-old-bourbon-70cl\/#primaryimage","url":"https:\/\/comprehensiveliquor.com\/wp-content\/uploads\/2019\/01\/image_2022-10-13_082752319.png","contentUrl":"https:\/\/comprehensiveliquor.com\/wp-content\/uploads\/2019\/01\/image_2022-10-13_082752319.png","width":360,"height":539,"caption":"Getting Eagle Rare 10 Year Old Bourbon, Eagle Rare Single Barrel Bourbon online, where to buy eagle rare bourbon"},{"@type":"BreadcrumbList","@id":"https:\/\/comprehensiveliquor.com\/product\/eagle-rare-10-year-old-bourbon-70cl\/#breadcrumb","itemListElement":[{"@type":"ListItem","position":1,"name":"Home","item":"https:\/\/comprehensiveliquor.com\/"},{"@type":"ListItem","position":2,"name":"Shop","item":"https:\/\/comprehensiveliquor.com\/shop\/"},{"@type":"ListItem","position":3,"name":"Eagle Rare 10 Year Old Bourbon 70cl"}]},{"@type":"WebSite","@id":"https:\/\/comprehensiveliquor.com\/#website","url":"https:\/\/comprehensiveliquor.com\/","name":"Omfattande sprit","description":"Best Liquor Store","publisher":{"@id":"https:\/\/comprehensiveliquor.com\/#organization"},"alternateName":"Comprehensive Liquor Store","potentialAction":[{"@type":"SearchAction","target":{"@type":"EntryPoint","urlTemplate":"https:\/\/comprehensiveliquor.com\/?s={search_term_string}"},"query-input":{"@type":"PropertyValueSpecification","valueRequired":true,"valueName":"search_term_string"}}],"inLanguage":"sv-SE"},{"@type":"Organization","@id":"https:\/\/comprehensiveliquor.com\/#organization","name":"Omfattande sprit","alternateName":"Comprehensive Liquor Store","url":"https:\/\/comprehensiveliquor.com\/","logo":{"@type":"ImageObject","inLanguage":"sv-SE","@id":"https:\/\/comprehensiveliquor.com\/#\/schema\/logo\/image\/","url":"https:\/\/comprehensiveliquor.com\/wp-content\/uploads\/2024\/03\/cropped-image_2024-03-26_131408877.png","contentUrl":"https:\/\/comprehensiveliquor.com\/wp-content\/uploads\/2024\/03\/cropped-image_2024-03-26_131408877.png","width":378,"height":263,"caption":"Comprehensive Liquor"},"image":{"@id":"https:\/\/comprehensiveliquor.com\/#\/schema\/logo\/image\/"}}]}},"_links":{"self":[{"href":"https:\/\/comprehensiveliquor.com\/sv\/wp-json\/wp\/v2\/product\/80","targetHints":{"allow":["GET"]}}],"collection":[{"href":"https:\/\/comprehensiveliquor.com\/sv\/wp-json\/wp\/v2\/product"}],"about":[{"href":"https:\/\/comprehensiveliquor.com\/sv\/wp-json\/wp\/v2\/types\/product"}],"replies":[{"embeddable":true,"href":"https:\/\/comprehensiveliquor.com\/sv\/wp-json\/wp\/v2\/comments?post=80"}],"wp:featuredmedia":[{"embeddable":true,"href":"https:\/\/comprehensiveliquor.com\/sv\/wp-json\/wp\/v2\/media\/1839"}],"wp:attachment":[{"href":"https:\/\/comprehensiveliquor.com\/sv\/wp-json\/wp\/v2\/media?parent=80"}],"wp:term":[{"taxonomy":"product_brand","embeddable":true,"href":"https:\/\/comprehensiveliquor.com\/sv\/wp-json\/wp\/v2\/product_brand?post=80"},{"taxonomy":"product_cat","embeddable":true,"href":"https:\/\/comprehensiveliquor.com\/sv\/wp-json\/wp\/v2\/product_cat?post=80"},{"taxonomy":"product_tag","embeddable":true,"href":"https:\/\/comprehensiveliquor.com\/sv\/wp-json\/wp\/v2\/product_tag?post=80"}],"curies":[{"name":"wp","href":"https:\/\/api.w.org\/{rel}","templated":true}]}}